{"id":8167,"date":"2026-04-15T04:52:11","date_gmt":"2026-04-15T02:52:11","guid":{"rendered":"https:\/\/fengchashop.com\/sk\/product\/kurkumin-c3-kompleks-v-tekocini-150-ml\/"},"modified":"2026-04-16T21:50:15","modified_gmt":"2026-04-16T19:50:15","slug":"kurkumin-c3-komplex-v-tekutej-forme","status":"publish","type":"product","link":"https:\/\/fengchashop.com\/sk\/product\/kurkumin-c3-komplex-v-tekutej-forme\/","title":{"rendered":"Kurkum\u00edn C3 Komplex v tekutej forme 150 ml"},"content":{"rendered":"<h2><strong>Kurkum\u00edn C3 Komplex v tekutej forme<\/strong><\/h2>\n<p><strong>Kurkum\u00edn C3 Komplex v tekutej forme<\/strong> je modern\u00fd v\u00fd\u017eivov\u00fd doplnok ur\u010den\u00fd na podporu organizmu, ochranu buniek a celkov\u00fa vitalitu. Obsahuje vysoko kvalitn\u00fd kurkum\u00edn v pokro\u010dilej forme, ktor\u00e1 umo\u017e\u0148uje dobr\u00fa vyu\u017eite\u013enos\u0165 a \u00fa\u010dinn\u00e9 p\u00f4sobenie v tele.<\/p>\n<p>Kurkum\u00edn p\u00f4sob\u00ed ako antioxidant a pom\u00e1ha chr\u00e1ni\u0165 bunky pred oxida\u010dn\u00fdm stresom, z\u00e1rove\u0148 podporuje imunitn\u00fd syst\u00e9m a celkov\u00fa rovnov\u00e1hu v tele. Pridan\u00fd vitam\u00edn C dodato\u010dne prispieva k fungovaniu imunitn\u00e9ho syst\u00e9mu a zlep\u0161uje vstreb\u00e1vanie \u017eeleza.<\/p>\n<p>Tekut\u00e1 forma umo\u017e\u0148uje jednoduch\u00e9 pou\u017eitie a dobr\u00e9 vstreb\u00e1vanie, pr\u00edjemn\u00e1 jablkov\u00e1 pr\u00edchu\u0165 zais\u0165uje pr\u00edjemn\u00e9 ka\u017edodenn\u00e9 u\u017e\u00edvanie.<\/p>\n<h2><strong>Ako to funguje?<\/strong><\/h2>\n<p>Kurkum\u00edn sa podie\u013ea na ochrane buniek pred vo\u013en\u00fdmi radik\u00e1lmi a podporuje prirodzen\u00e9 procesy v tele. V kombin\u00e1cii s vitam\u00ednom C prispieva k lep\u0161iemu pocitu, podporuje imunitn\u00fd syst\u00e9m a chr\u00e1ni organizmus.<\/p>\n<h2><strong>\u010co obsahuje?<\/strong><\/h2>\n<p><strong><span class=\"ml-1\"><span style=\"color: #000000;\">\ud83d\udc9a <\/span><\/span>Kurkum\u00edn C3 Komplex\u00ae<\/strong><\/p>\n<p><strong><span class=\"ml-1\"><span style=\"color: #000000;\">\ud83d\udc9a <\/span><\/span>Vitam\u00edn C<\/strong><\/p>\n<ul>\n<li>prispieva k norm\u00e1lnej \u010dinnosti imunitn\u00e9ho syst\u00e9mu<\/li>\n<li>prispieva k ochrane buniek pred oxida\u010dn\u00fdm stresom<\/li>\n<li>prispieva k zn\u00ed\u017eeniu \u00fanavy a vy\u010derpania<\/li>\n<li>prispieva k norm\u00e1lnemu metabolizmu na z\u00edskavanie energie<\/li>\n<li>prispieva k norm\u00e1lnej \u010dinnosti nervov\u00e9ho syst\u00e9mu<\/li>\n<li>prispieva k norm\u00e1lnej psychickej \u010dinnosti<\/li>\n<li>prispieva k norm\u00e1lnej funkcii imunitn\u00e9ho syst\u00e9mu po\u010das a po intenz\u00edvnej fyzickej z\u00e1\u0165a\u017ei<\/li>\n<li>prispieva k norm\u00e1lnej tvorbe kolag\u00e9nu pre<\/li>\n<li>prispieva k obnoveniu redukovanej formy vitam\u00ednu E<\/li>\n<li>zvy\u0161uje vstreb\u00e1vanie \u017eeleza<\/li>\n<\/ul>\n<p><strong><span class=\"ml-1\"><span style=\"color: #000000;\">\ud83d\udc9a <\/span><\/span>Vitam\u00edn D3<\/strong><\/p>\n<ul>\n<li>prispieva k norm\u00e1lnemu vstreb\u00e1vaniu\/vyu\u017e\u00edvaniu v\u00e1pnika a fosforu<\/li>\n<li>prispieva k norm\u00e1lnej hladine v\u00e1pnika v krvi<\/li>\n<li>prispieva k udr\u017eaniu zdrav\u00fdch kost\u00ed<\/li>\n<li>prispieva k udr\u017eaniu norm\u00e1lnej funkcie svalov<\/li>\n<li>prispieva k udr\u017eaniu zdrav\u00fdch zubov<\/li>\n<li>prispieva k norm\u00e1lnej funkcii imunitn\u00e9ho syst\u00e9mu<\/li>\n<li>hr\u00e1 \u00falohu pri delen\u00ed buniek<\/li>\n<\/ul>\n<h2><strong>Pre\u010do si vybra\u0165 tekut\u00fd kurkum\u00edn C3 komplex?<\/strong><\/h2>\n<ul>\n<li>pokro\u010dil\u00e1 forma pre dobr\u00fa vyu\u017eite\u013enos\u0165<\/li>\n<li>prispieva k norm\u00e1lnej funkcii imunitn\u00e9ho syst\u00e9mu<\/li>\n<li>podpora imunitn\u00e9ho syst\u00e9mu a ochrany buniek<\/li>\n<li>obsahuje pridan\u00fd vitam\u00edn C<\/li>\n<li>tekut\u00e1 forma pre jednoduch\u00e9 pou\u017eitie<\/li>\n<li>pr\u00edjemn\u00e1 jablkov\u00e1 pr\u00edchu\u0165<\/li>\n<li>vhodn\u00e9 pre veg\u00e1nov<\/li>\n<li>bez lepku, lakt\u00f3zy a GMO<\/li>\n<\/ul>\n<h2 style=\"text-align: justify;\"><span style=\"color: #000000;\">Skladovanie a upozornenia<\/span><\/h2>\n<p>Skladujte na suchom a tmavom mieste pri teplote do 25 \u00b0C. Po otvoren\u00ed skladujte v chladni\u010dke.<\/p>\n<p>Nezab\u00fadajte na d\u00f4le\u017eitos\u0165 pestrej stravy a zdrav\u00e9ho \u017eivotn\u00e9ho \u0161t\u00fdlu. Doplnok stravy nenahr\u00e1dza vyv\u00e1\u017een\u00fa a pestr\u00fa stravu. Odpor\u00fa\u010dan\u00e9 denn\u00e9 d\u00e1vky sa nesm\u00fa prekro\u010di\u0165. Uchov\u00e1vajte mimo dosahu det\u00ed!<\/p>\n<h2><span style=\"color: #000000;\">Balenie<\/span><\/h2>\n<p>Kvalitn\u00e1 tmav\u00e1 plastov\u00e1 f\u013ea\u0161a je navrhnut\u00e1 tak, aby maxim\u00e1lne chr\u00e1nila tekut\u00e9 vitam\u00edny a miner\u00e1ly. Chr\u00e1ni obsah pred svetlom, vzduchom a vonkaj\u0161\u00edmi vplyvmi a pom\u00e1ha zachova\u0165 \u010derstvos\u0165, stabilitu a \u00fa\u010dinnos\u0165 po\u010das cel\u00e9ho obdobia pou\u017e\u00edvania.<\/p>\n<p>Obal je ve\u013emi praktick\u00fd a umo\u017e\u0148uje recykl\u00e1ciu.<\/p>\n<h2>P\u00f4vod<\/h2>\n<p>E\u00da<\/p>\n","protected":false},"excerpt":{"rendered":"<p><strong>Kurkum\u00edn C3 Komplex v tekutej forme<\/strong> je modern\u00fd v\u00fd\u017eivov\u00fd doplnok s vysoko biologicky dostupnou formou kurkum\u00ednu, ur\u010den\u00fd na podporu ochrany buniek, imunitn\u00e9ho syst\u00e9mu a celkovej pohody.<\/p>\n<p><span class=\"ml-1\"><span style=\"color: #000000;\">\ud83d\udc9a <\/span><\/span>vysok\u00e1 biologick\u00e1 dostupnos\u0165 pre \u00fa\u010dinn\u00e9 p\u00f4sobenie<\/p>\n<p><span class=\"ml-1\"><span style=\"color: #000000;\">\ud83d\udc9a <\/span><\/span>prispieva k norm\u00e1lnej \u010dinnosti imunitn\u00e9ho syst\u00e9mu<\/p>\n<p><span class=\"ml-1\"><span style=\"color: #000000;\">\ud83d\udc9a <\/span><\/span>prispieva k ochrane buniek pred oxida\u010dn\u00fdm stresom<\/p>\n<p><span class=\"ml-1\"><span style=\"color: #000000;\">\ud83d\udc9a <\/span><\/span>tekut\u00e1 forma pre jednoduch\u00e9 pou\u017eitie a dobr\u00fa vstrebate\u013enos\u0165<\/p>\n<p><span class=\"ml-1\"><span style=\"color: #000000;\">\ud83d\udc9a <\/span><\/span>vhodn\u00fd pre veg\u00e1nov<\/p>\n<p><span class=\"ml-1\"><span style=\"color: #000000;\">\ud83d\udc9a <\/span><\/span>bez lepku, lakt\u00f3zy a GMO<\/p>\n","protected":false},"featured_media":8166,"comment_status":"open","ping_status":"closed","template":"","meta":{"_acf_changed":false},"product_brand":[],"product_cat":[15,203,235,224,225],"product_tag":[],"class_list":{"0":"post-8167","1":"product","2":"type-product","3":"status-publish","4":"has-post-thumbnail","6":"product_cat-uncategorized","7":"product_cat-mineraly-vitaminy","8":"product_cat-nove","9":"product_cat-ponuka","10":"product_cat-vsetky-produkty","12":"first","13":"instock","14":"sale","15":"taxable","16":"shipping-taxable","17":"purchasable","18":"product-type-simple"},"acf":[],"_links":{"self":[{"href":"https:\/\/fengchashop.com\/sk\/wp-json\/wp\/v2\/product\/8167","targetHints":{"allow":["GET"]}}],"collection":[{"href":"https:\/\/fengchashop.com\/sk\/wp-json\/wp\/v2\/product"}],"about":[{"href":"https:\/\/fengchashop.com\/sk\/wp-json\/wp\/v2\/types\/product"}],"replies":[{"embeddable":true,"href":"https:\/\/fengchashop.com\/sk\/wp-json\/wp\/v2\/comments?post=8167"}],"wp:featuredmedia":[{"embeddable":true,"href":"https:\/\/fengchashop.com\/sk\/wp-json\/wp\/v2\/media\/8166"}],"wp:attachment":[{"href":"https:\/\/fengchashop.com\/sk\/wp-json\/wp\/v2\/media?parent=8167"}],"wp:term":[{"taxonomy":"product_brand","embeddable":true,"href":"https:\/\/fengchashop.com\/sk\/wp-json\/wp\/v2\/product_brand?post=8167"},{"taxonomy":"product_cat","embeddable":true,"href":"https:\/\/fengchashop.com\/sk\/wp-json\/wp\/v2\/product_cat?post=8167"},{"taxonomy":"product_tag","embeddable":true,"href":"https:\/\/fengchashop.com\/sk\/wp-json\/wp\/v2\/product_tag?post=8167"}],"curies":[{"name":"wp","href":"https:\/\/api.w.org\/{rel}","templated":true}]}}