{"id":8165,"date":"2026-04-15T04:37:10","date_gmt":"2026-04-15T02:37:10","guid":{"rendered":"https:\/\/fengchashop.com\/sk\/product\/selen-v-tekocini-150-ml\/"},"modified":"2026-04-16T21:50:02","modified_gmt":"2026-04-16T19:50:02","slug":"selen-v-tekutine","status":"publish","type":"product","link":"https:\/\/fengchashop.com\/sk\/product\/selen-v-tekutine\/","title":{"rendered":"Selen v tekutine 150 ml"},"content":{"rendered":"<h2><strong>Selen v tekutine<\/strong><\/h2>\n<p><strong>Tekut\u00fd sel\u00e9n <\/strong>je modern\u00fd v\u00fd\u017eivov\u00fd doplnok ur\u010den\u00fd na podporu imunitn\u00e9ho syst\u00e9mu, \u0161t\u00edtnej \u017e\u013eazy a ochranu buniek. Obsahuje esenci\u00e1lny mikroelement sel\u00e9n, ktor\u00fd sa podie\u013ea na d\u00f4le\u017eit\u00fdch procesoch v tele \u2013 od fungovania imunitn\u00e9ho syst\u00e9mu a\u017e po ochranu pred oxida\u010dn\u00fdm stresom.<\/p>\n<p>Sel\u00e9n prispieva k norm\u00e1lnej funkcii \u0161t\u00edtnej \u017e\u013eazy, udr\u017eaniu zdrav\u00fdch vlasov a nechtov a ochrane buniek pred vo\u013en\u00fdmi radik\u00e1lmi.<\/p>\n<p>Tekut\u00e1 forma umo\u017e\u0148uje jednoduch\u00e9 pou\u017eitie a dobr\u00fa vstrebate\u013enos\u0165, pr\u00edjemn\u00e1 chu\u0165 manga zais\u0165uje pr\u00edjemn\u00e9 ka\u017edodenn\u00e9 u\u017e\u00edvanie.<\/p>\n<h2><strong>Ako to funguje?<\/strong><\/h2>\n<p>Selen m\u00e1 d\u00f4le\u017eit\u00fa \u00falohu pri obrane organizmu pred oxida\u010dn\u00fdm stresom a podporuje norm\u00e1lnu \u010dinnos\u0165 imunitn\u00e9ho syst\u00e9mu. Podie\u013ea sa tie\u017e na \u010dinnosti \u0161t\u00edtnej \u017e\u013eazy, ktor\u00e1 reguluje mnoh\u00e9 procesy v tele.<\/p>\n<h2><strong>\u010co obsahuje?<\/strong><\/h2>\n<p><strong><span class=\"ml-1\"><span style=\"color: #000000;\">\ud83d\udc9a <\/span><\/span>Selen<\/strong><\/p>\n<ul>\n<li>prispieva k <strong>norm\u00e1lnej spermatogen\u00e9ze<\/strong><\/li>\n<li>prispieva k <strong>udr\u017eaniu zdrav\u00fdch vlasov<\/strong><\/li>\n<li>prispieva k <strong>udr\u017eaniu zdrav\u00fdch nechtov<\/strong><\/li>\n<li>prispieva k <strong>norm\u00e1lnej funkcii imunitn\u00e9ho syst\u00e9mu<\/strong><\/li>\n<li>prispieva k <strong>norm\u00e1lnej funkcii \u0161t\u00edtnej \u017e\u013eazy<\/strong><\/li>\n<li>prispieva k <strong>ochrane buniek pred oxida\u010dn\u00fdm stresom<\/strong><\/li>\n<\/ul>\n<h2><strong>Pre\u010do si vybra\u0165 tekut\u00fd sel\u00e9n?<\/strong><\/h2>\n<ul>\n<li>prispieva k norm\u00e1lnej funkcii imunitn\u00e9ho syst\u00e9mu a \u0161t\u00edtnej \u017e\u013eazy<\/li>\n<li>prispieva k ochrane buniek pred oxida\u010dn\u00fdm stresom<\/li>\n<li>prispieva k udr\u017eaniu zdrav\u00fdch vlasov a nechtov<\/li>\n<li>tekut\u00e1 forma pre jednoduch\u00e9 pou\u017eitie<\/li>\n<li>pr\u00edjemn\u00e1 chu\u0165 manga<\/li>\n<li>vhodn\u00e9 pre veg\u00e1nov<\/li>\n<li>bez lepku, lakt\u00f3zy a GMO<\/li>\n<\/ul>\n<h2 style=\"text-align: justify;\"><span style=\"color: #000000;\">Skladovanie a upozornenia<\/span><\/h2>\n<p>Skladujte na suchom a tmavom mieste pri teplote do 25 \u00b0C. Po otvoren\u00ed skladujte v chladni\u010dke.<\/p>\n<p>Nezab\u00fadajte na d\u00f4le\u017eitos\u0165 pestrej stravy a zdrav\u00e9ho \u017eivotn\u00e9ho \u0161t\u00fdlu. Doplnok stravy nenahr\u00e1dza vyv\u00e1\u017een\u00fa a pestr\u00fa stravu. Odpor\u00fa\u010dan\u00e9 denn\u00e9 d\u00e1vky sa nesm\u00fa prekro\u010di\u0165. Uchov\u00e1vajte mimo dosahu det\u00ed!<\/p>\n<h2><span style=\"color: #000000;\">Balenie<\/span><\/h2>\n<p>Kvalitn\u00e1 tmav\u00e1 plastov\u00e1 f\u013ea\u0161a je navrhnut\u00e1 tak, aby maxim\u00e1lne chr\u00e1nila tekut\u00e9 vitam\u00edny a miner\u00e1ly. Chr\u00e1ni obsah pred svetlom, vzduchom a vonkaj\u0161\u00edmi vplyvmi a pom\u00e1ha zachova\u0165 \u010derstvos\u0165, stabilitu a \u00fa\u010dinnos\u0165 po\u010das cel\u00e9ho obdobia pou\u017e\u00edvania.<\/p>\n<p>Obal je ve\u013emi praktick\u00fd a umo\u017e\u0148uje recykl\u00e1ciu.<\/p>\n<h2>P\u00f4vod<\/h2>\n<p>E\u00da<\/p>\n","protected":false},"excerpt":{"rendered":"<p><strong>Tekut\u00fd sel\u00e9n s pr\u00edchu\u0165ou manga<\/strong> je v\u00fd\u017eivov\u00fd doplnok s vysok\u00fdm obsahom sel\u00e9nu (182 % RDA), ktor\u00fd podporuje \u0161t\u00edtnu \u017e\u013eazu, imunitn\u00fd syst\u00e9m a ochranu buniek.<\/p>\n<p><span class=\"ml-1\"><span style=\"color: #000000;\">\ud83d\udc9a <\/span><\/span>prispieva k norm\u00e1lnej \u010dinnosti imunitn\u00e9ho syst\u00e9mu a \u0161t\u00edtnej \u017e\u013eazy<\/p>\n<p><span class=\"ml-1\"><span style=\"color: #000000;\">\ud83d\udc9a <\/span><\/span>ochrana buniek pred oxida\u010dn\u00fdm stresom<\/p>\n<p><span class=\"ml-1\"><span style=\"color: #000000;\">\ud83d\udc9a <\/span><\/span>prispieva k udr\u017eaniu zdrav\u00fdch vlasov a nechtov a k plodnosti<\/p>\n<p><span class=\"ml-1\"><span style=\"color: #000000;\">\ud83d\udc9a <\/span><\/span>tekut\u00e1 forma pre jednoduch\u00e9 u\u017e\u00edvanie a dobr\u00fa vstrebate\u013enos\u0165<\/p>\n<p><span class=\"ml-1\"><span style=\"color: #000000;\">\ud83d\udc9a <\/span><\/span>pr\u00edjemn\u00e1 chu\u0165 manga,<\/p>\n<p><span class=\"ml-1\"><span style=\"color: #000000;\">\ud83d\udc9a <\/span><\/span>vhodn\u00fd pre veg\u00e1nov<\/p>\n<p><span class=\"ml-1\"><span style=\"color: #000000;\">\ud83d\udc9a <\/span><\/span>bez lepku, lakt\u00f3zy a GMO<\/p>\n","protected":false},"featured_media":8164,"comment_status":"open","ping_status":"closed","template":"","meta":{"_acf_changed":false},"product_brand":[],"product_cat":[15,203,235,224,225],"product_tag":[],"class_list":{"0":"post-8165","1":"product","2":"type-product","3":"status-publish","4":"has-post-thumbnail","6":"product_cat-uncategorized","7":"product_cat-mineraly-vitaminy","8":"product_cat-nove","9":"product_cat-ponuka","10":"product_cat-vsetky-produkty","12":"first","13":"instock","14":"sale","15":"taxable","16":"shipping-taxable","17":"purchasable","18":"product-type-simple"},"acf":[],"_links":{"self":[{"href":"https:\/\/fengchashop.com\/sk\/wp-json\/wp\/v2\/product\/8165","targetHints":{"allow":["GET"]}}],"collection":[{"href":"https:\/\/fengchashop.com\/sk\/wp-json\/wp\/v2\/product"}],"about":[{"href":"https:\/\/fengchashop.com\/sk\/wp-json\/wp\/v2\/types\/product"}],"replies":[{"embeddable":true,"href":"https:\/\/fengchashop.com\/sk\/wp-json\/wp\/v2\/comments?post=8165"}],"wp:featuredmedia":[{"embeddable":true,"href":"https:\/\/fengchashop.com\/sk\/wp-json\/wp\/v2\/media\/8164"}],"wp:attachment":[{"href":"https:\/\/fengchashop.com\/sk\/wp-json\/wp\/v2\/media?parent=8165"}],"wp:term":[{"taxonomy":"product_brand","embeddable":true,"href":"https:\/\/fengchashop.com\/sk\/wp-json\/wp\/v2\/product_brand?post=8165"},{"taxonomy":"product_cat","embeddable":true,"href":"https:\/\/fengchashop.com\/sk\/wp-json\/wp\/v2\/product_cat?post=8165"},{"taxonomy":"product_tag","embeddable":true,"href":"https:\/\/fengchashop.com\/sk\/wp-json\/wp\/v2\/product_tag?post=8165"}],"curies":[{"name":"wp","href":"https:\/\/api.w.org\/{rel}","templated":true}]}}