{"id":8163,"date":"2026-04-15T04:27:17","date_gmt":"2026-04-15T02:27:17","guid":{"rendered":"https:\/\/fengchashop.com\/sk\/product\/zelezo-v-tekocini-250-ml\/"},"modified":"2026-04-16T21:49:38","modified_gmt":"2026-04-16T19:49:38","slug":"zelezo-v-tekutine","status":"publish","type":"product","link":"https:\/\/fengchashop.com\/sk\/product\/zelezo-v-tekutine\/","title":{"rendered":"\u017delezo v tekutine 250 ml"},"content":{"rendered":"<h2><strong>\u017delezo v tekutej forme<\/strong><\/h2>\n<p><strong>Tekut\u00e9 \u017eelezo <\/strong>je modern\u00fd v\u00fd\u017eivov\u00fd doplnok ur\u010den\u00fd na podporu energie, krvi a celkovej kond\u00edcie. Obsahuje \u017eelezo a starostlivo vybran\u00fa kombin\u00e1ciu vitam\u00ednov, ktor\u00e9 sa podie\u013eaj\u00fa na d\u00f4le\u017eit\u00fdch procesoch v tele \u2013 od tvorby \u010derven\u00fdch krviniek a\u017e po uvo\u013e\u0148ovanie energie pri metabolizme.<\/p>\n<p>Pokro\u010dil\u00e1 formula kombinuje \u017eelezo s vitam\u00ednom C a vitam\u00ednmi skupiny B (B1, B2, B6 a B12), ktor\u00e9 prispievaj\u00fa k lep\u0161iemu vyu\u017eitiu \u017eeleza, zni\u017eovaniu \u00fanavy a podpore imunitn\u00e9ho syst\u00e9mu.<\/p>\n<p>Tekut\u00e1 forma umo\u017e\u0148uje jednoduch\u00e9 u\u017e\u00edvanie a dobr\u00fa vstrebate\u013enos\u0165, \u010do je obzvl\u00e1\u0161\u0165 vhodn\u00e9 pre \u013eud\u00ed, ktor\u00ed maj\u00fa \u0165a\u017ekosti s u\u017e\u00edvan\u00edm kaps\u00fal alebo tabliet.<\/p>\n<h2><strong>Ako to funguje?<\/strong><\/h2>\n<p>\u017delezo m\u00e1 k\u013e\u00fa\u010dov\u00fa \u00falohu pri tvorbe \u010derven\u00fdch krviniek a hemoglob\u00ednu, ktor\u00e9 umo\u017e\u0148uj\u00fa transport kysl\u00edka v tele. Spolu s vitam\u00ednmi prispieva k uvo\u013e\u0148ovaniu energie, zni\u017eovaniu \u00fanavy a norm\u00e1lnej \u010dinnosti imunitn\u00e9ho syst\u00e9mu.<\/p>\n<h2><strong>\u010co obsahuje?<\/strong><\/h2>\n<p><span class=\"ml-1\"><span style=\"color: #000000;\">\ud83d\udc9a <\/span><\/span><strong>\u017delezo<\/strong><\/p>\n<ul>\n<li>prispieva k tvorbe \u010derven\u00fdch krviniek a hemoglob\u00ednu a k zni\u017eovaniu \u00fanavy<\/li>\n<li>zohr\u00e1va \u00falohu v kognit\u00edvnych funkci\u00e1ch.<\/li>\n<li>prispieva k uvo\u013e\u0148ovaniu energie pri metabolizme<\/li>\n<li>zohr\u00e1va \u00falohu pri tvorbe \u010derven\u00fdch krviniek a hemoglob\u00ednu.<\/li>\n<li>zohr\u00e1va \u00falohu pri prenose kysl\u00edka v tele.<\/li>\n<li>podie\u013ea sa na fungovan\u00ed imunitn\u00e9ho syst\u00e9mu<\/li>\n<li>prispieva k zni\u017eovaniu \u00fanavy a vy\u010derpania, podie\u013ea sa na delen\u00ed buniek<\/li>\n<\/ul>\n<p><span class=\"ml-1\"><span style=\"color: #000000;\">\ud83d\udc9a <\/span><\/span><strong>Vitam\u00edn C<\/strong> \u2013 zvy\u0161uje vstreb\u00e1vanie \u017eeleza<\/p>\n<p><span class=\"ml-1\"><span style=\"color: #000000;\">\ud83d\udc9a <\/span><\/span><strong>Vitam\u00edn B1 (tiam\u00edn)<\/strong> \u2013 prispieva k norm\u00e1lnemu metabolizmu na z\u00edskavanie energie<\/p>\n<p><span class=\"ml-1\"><span style=\"color: #000000;\">\ud83d\udc9a <\/span><\/span><strong>Vitam\u00edn B2 (riboflav\u00edn)<\/strong> \u2013 prispieva k ochrane buniek pred oxida\u010dn\u00fdm stresom<\/p>\n<p><span class=\"ml-1\"><span style=\"color: #000000;\">\ud83d\udc9a <\/span><\/span><strong>Vitam\u00edn B6<\/strong> \u2013 prispieva k tvorbe \u010derven\u00fdch krviniek<\/p>\n<p><span class=\"ml-1\"><span style=\"color: #000000;\">\ud83d\udc9a <\/span><\/span><strong>Vitam\u00edn B12<\/strong> \u2013 prispieva k zn\u00ed\u017eeniu \u00fanavy a k fungovaniu nervov\u00e9ho syst\u00e9mu<\/p>\n<h2><strong>Pre\u010do si vybra\u0165 tekut\u00e9 \u017eelezo?<\/strong><\/h2>\n<ul>\n<li>prispieva k norm\u00e1lnej \u010dinnosti imunitn\u00e9ho syst\u00e9mu<\/li>\n<li>kombin\u00e1cia \u017eeleza a vitam\u00ednov pre lep\u0161ie vyu\u017eitie<\/li>\n<li>tekut\u00e1 forma pre \u013eah\u0161ie u\u017e\u00edvanie<\/li>\n<li>pr\u00edjemn\u00e1 jablkov\u00e1 pr\u00edchu\u0165<\/li>\n<li>vhodn\u00e9 pre veg\u00e1nov<\/li>\n<li>bez lepku, lakt\u00f3zy a GMO<\/li>\n<\/ul>\n<h2 style=\"text-align: justify;\"><span style=\"color: #000000;\">Skladovanie a upozornenia<\/span><\/h2>\n<p>Skladujte na suchom a tmavom mieste pri teplote do 25 \u00b0C. Po otvoren\u00ed skladujte v chladni\u010dke.<\/p>\n<p>Nezab\u00fadajte na d\u00f4le\u017eitos\u0165 pestrej stravy a zdrav\u00e9ho \u017eivotn\u00e9ho \u0161t\u00fdlu. Doplnok stravy nenahr\u00e1dza vyv\u00e1\u017een\u00fa a pestr\u00fa stravu. Odpor\u00fa\u010dan\u00e9 denn\u00e9 d\u00e1vky sa nesm\u00fa prekro\u010di\u0165. Uchov\u00e1vajte mimo dosahu det\u00ed!<\/p>\n<h2><span style=\"color: #000000;\">Balenie<\/span><\/h2>\n<p>Kvalitn\u00e1 tmav\u00e1 plastov\u00e1 f\u013ea\u0161a je navrhnut\u00e1 tak, aby maxim\u00e1lne chr\u00e1nila tekut\u00e9 vitam\u00edny a miner\u00e1ly. Chr\u00e1ni obsah pred svetlom, vzduchom a vonkaj\u0161\u00edmi vplyvmi a pom\u00e1ha zachova\u0165 \u010derstvos\u0165, stabilitu a \u00fa\u010dinnos\u0165 po\u010das cel\u00e9ho obdobia pou\u017e\u00edvania.<\/p>\n<p>Obal je ve\u013emi praktick\u00fd a umo\u017e\u0148uje recykl\u00e1ciu.<\/p>\n<h2>P\u00f4vod<\/h2>\n<p>E\u00da<\/p>\n","protected":false},"excerpt":{"rendered":"<p><strong>Tekut\u00e9 \u017eelezo <\/strong>s vitam\u00ednmi je navrhnut\u00e9 na podporu tvorby \u010derven\u00fdch krviniek, prenosu kysl\u00edka v tele a zmiernenie \u00fanavy a vy\u010derpania.<\/p>\n<p><span class=\"ml-1\"><span style=\"color: #000000;\">\ud83d\udc9a <\/span><\/span>tekut\u00e1 forma pre jednoduch\u00e9 u\u017e\u00edvanie<\/p>\n<p><span class=\"ml-1\"><span style=\"color: #000000;\">\ud83d\udc9a <\/span><\/span>dobr\u00e1 absorpcia a vyu\u017eitie \u017eiv\u00edn<\/p>\n<p><span class=\"ml-1\"><span style=\"color: #000000;\">\ud83d\udc9a <\/span><\/span>pom\u00e1ha zmier\u0148ova\u0165 \u00fanavu a vy\u010derpanie<\/p>\n<p><span class=\"ml-1\"><span style=\"color: #000000;\">\ud83d\udc9a<\/span><\/span>prispieva k norm\u00e1lnej \u010dinnosti imunitn\u00e9ho syst\u00e9mu<\/p>\n<p><span class=\"ml-1\"><span style=\"color: #000000;\">\ud83d\udc9a<\/span><\/span>kombin\u00e1cia \u017eeleza a vitam\u00ednov pre lep\u0161ie vyu\u017eitie<\/p>\n<p><span class=\"ml-1\"><span style=\"color: #000000;\">\ud83d\udc9a <\/span><\/span>vhodn\u00fd pre veg\u00e1nov<\/p>\n<p><span class=\"ml-1\"><span style=\"color: #000000;\">\ud83d\udc9a <\/span><\/span>bez lepku, lakt\u00f3zy a GMO<\/p>\n","protected":false},"featured_media":8162,"comment_status":"open","ping_status":"closed","template":"","meta":{"_acf_changed":false},"product_brand":[],"product_cat":[15,203,235,224,225],"product_tag":[],"class_list":{"0":"post-8163","1":"product","2":"type-product","3":"status-publish","4":"has-post-thumbnail","6":"product_cat-uncategorized","7":"product_cat-mineraly-vitaminy","8":"product_cat-nove","9":"product_cat-ponuka","10":"product_cat-vsetky-produkty","12":"first","13":"instock","14":"sale","15":"taxable","16":"shipping-taxable","17":"purchasable","18":"product-type-simple"},"acf":[],"_links":{"self":[{"href":"https:\/\/fengchashop.com\/sk\/wp-json\/wp\/v2\/product\/8163","targetHints":{"allow":["GET"]}}],"collection":[{"href":"https:\/\/fengchashop.com\/sk\/wp-json\/wp\/v2\/product"}],"about":[{"href":"https:\/\/fengchashop.com\/sk\/wp-json\/wp\/v2\/types\/product"}],"replies":[{"embeddable":true,"href":"https:\/\/fengchashop.com\/sk\/wp-json\/wp\/v2\/comments?post=8163"}],"wp:featuredmedia":[{"embeddable":true,"href":"https:\/\/fengchashop.com\/sk\/wp-json\/wp\/v2\/media\/8162"}],"wp:attachment":[{"href":"https:\/\/fengchashop.com\/sk\/wp-json\/wp\/v2\/media?parent=8163"}],"wp:term":[{"taxonomy":"product_brand","embeddable":true,"href":"https:\/\/fengchashop.com\/sk\/wp-json\/wp\/v2\/product_brand?post=8163"},{"taxonomy":"product_cat","embeddable":true,"href":"https:\/\/fengchashop.com\/sk\/wp-json\/wp\/v2\/product_cat?post=8163"},{"taxonomy":"product_tag","embeddable":true,"href":"https:\/\/fengchashop.com\/sk\/wp-json\/wp\/v2\/product_tag?post=8163"}],"curies":[{"name":"wp","href":"https:\/\/api.w.org\/{rel}","templated":true}]}}