{"id":8161,"date":"2026-04-15T04:21:19","date_gmt":"2026-04-15T02:21:19","guid":{"rendered":"https:\/\/fengchashop.com\/sk\/product\/vitamin-b12-v-tekocini-150-ml\/"},"modified":"2026-04-16T21:49:22","modified_gmt":"2026-04-16T19:49:22","slug":"vitamin-b12-v-tekutej-forme","status":"publish","type":"product","link":"https:\/\/fengchashop.com\/sk\/product\/vitamin-b12-v-tekutej-forme\/","title":{"rendered":"Vitam\u00edn B12 v tekutej forme 150 ml"},"content":{"rendered":"<h2><strong>Vitam\u00edn B12 v tekutine<\/strong><\/h2>\n<p><strong>Tekut\u00fd vitam\u00edn B12 <\/strong>je modern\u00fd v\u00fd\u017eivov\u00fd doplnok ur\u010den\u00fd na podporu energie, nervov\u00e9ho syst\u00e9mu a celkovej pohody. Obsahuje vysok\u00fd obsah vitam\u00ednu B12, ktor\u00fd sa podie\u013ea na d\u00f4le\u017eit\u00fdch procesoch v tele \u2013 od tvorby \u010derven\u00fdch krviniek a\u017e po fungovanie nervov\u00e9ho syst\u00e9mu.<\/p>\n<p>Vitam\u00edn B12 prispieva k zn\u00ed\u017eeniu \u00fanavy a vy\u010derpania a podporuje norm\u00e1lnu \u010dinnos\u0165 imunitn\u00e9ho syst\u00e9mu.<\/p>\n<p>Tekut\u00e1 forma umo\u017e\u0148uje jednoduch\u00e9 u\u017e\u00edvanie a dobr\u00e9 vstreb\u00e1vanie \u017eiv\u00edn, \u010do je obzvl\u00e1\u0161\u0165 vhodn\u00e9 pre \u013eud\u00ed, ktor\u00ed maj\u00fa \u0165a\u017ekosti s u\u017e\u00edvan\u00edm kaps\u00fal alebo tabliet.<\/p>\n<h2><strong>Ako to funguje?<\/strong><\/h2>\n<p>Vitam\u00edn B12 zohr\u00e1va k\u013e\u00fa\u010dov\u00fa \u00falohu pri uvo\u013e\u0148ovan\u00ed energie v metabolizme a prispieva k norm\u00e1lnej \u010dinnosti nervov\u00e9ho syst\u00e9mu. Pom\u00e1ha tie\u017e pri tvorbe \u010derven\u00fdch krviniek a m\u00f4\u017ee prispieva\u0165 k v\u00e4\u010d\u0161ej vitalite a zni\u017eovaniu \u00fanavy.<\/p>\n<h2><strong>\u010co obsahuje?<\/strong><\/h2>\n<p><strong><span class=\"ml-1\"><span style=\"color: #000000;\">\ud83d\udc9a <\/span><\/span>Vitam\u00edn B12 (cyanokobalam\u00edn)<\/strong><\/p>\n<ul>\n<li>prispieva k norm\u00e1lnemu metabolizmu na z\u00edskavanie energie<\/li>\n<li>prispieva k norm\u00e1lnej \u010dinnosti nervov\u00e9ho syst\u00e9mu<\/li>\n<li>prispieva k norm\u00e1lnej psychickej \u010dinnosti<\/li>\n<li>prispieva k norm\u00e1lnej tvorbe \u010derven\u00fdch krviniek<\/li>\n<li>prispieva k norm\u00e1lnej \u010dinnosti imunitn\u00e9ho syst\u00e9mu<\/li>\n<li>prispieva k zn\u00ed\u017eeniu \u00fanavy a vy\u010derpania<\/li>\n<li>podie\u013ea sa na delen\u00ed buniek<\/li>\n<\/ul>\n<h2><strong>Pre\u010do si vybra\u0165 tekut\u00fd komplex vitam\u00ednov B?<\/strong><\/h2>\n<ul>\n<li>tekut\u00e1 forma pre jednoduch\u00e9 u\u017e\u00edvanie<\/li>\n<li>dobr\u00e1 absorpcia a vyu\u017eitie \u017eiv\u00edn<\/li>\n<li>vhodn\u00fd pre veg\u00e1nov<\/li>\n<li>bez lepku, lakt\u00f3zy a GMO<\/li>\n<li>praktick\u00fd pre ka\u017edodenn\u00e9 pou\u017eitie<\/li>\n<\/ul>\n<h2 style=\"text-align: justify;\"><span style=\"color: #000000;\">Skladovanie a upozornenia<\/span><\/h2>\n<p>Skladujte na suchom a tmavom mieste pri teplote do 25 \u00b0C. Po otvoren\u00ed skladujte v chladni\u010dke.<\/p>\n<p>Nezab\u00fadajte na d\u00f4le\u017eitos\u0165 pestrej stravy a zdrav\u00e9ho \u017eivotn\u00e9ho \u0161t\u00fdlu. Doplnok stravy nenahr\u00e1dza vyv\u00e1\u017een\u00fa a pestr\u00fa stravu. Odpor\u00fa\u010dan\u00e9 denn\u00e9 d\u00e1vky sa nesm\u00fa prekro\u010di\u0165. Uchov\u00e1vajte mimo dosahu det\u00ed!<\/p>\n<h2><span style=\"color: #000000;\">Balenie<\/span><\/h2>\n<p>Kvalitn\u00e1 tmav\u00e1 plastov\u00e1 f\u013ea\u0161a je navrhnut\u00e1 tak, aby maxim\u00e1lne chr\u00e1nila tekut\u00e9 vitam\u00edny a miner\u00e1ly. Chr\u00e1ni obsah pred svetlom, vzduchom a vonkaj\u0161\u00edmi vplyvmi a pom\u00e1ha zachova\u0165 \u010derstvos\u0165, stabilitu a \u00fa\u010dinnos\u0165 po\u010das cel\u00e9ho obdobia pou\u017e\u00edvania.<\/p>\n<p>Obal je ve\u013emi praktick\u00fd a umo\u017e\u0148uje recykl\u00e1ciu.<\/p>\n<h2>P\u00f4vod<\/h2>\n<p>E\u00da<\/p>\n","protected":false},"excerpt":{"rendered":"<p><strong>Tekut\u00fd vitam\u00edn B12 <\/strong>je v\u00fd\u017eivov\u00fd doplnok ur\u010den\u00fd na zmiernenie \u00fanavy, podporu imunitn\u00e9ho syst\u00e9mu a norm\u00e1lnu \u010dinnos\u0165 nervov\u00e9ho syst\u00e9mu a psychick\u00fdch funkci\u00ed. Jedna f\u013ea\u0161a obsahuje 150 ml tekutiny, \u010do vysta\u010d\u00ed pribli\u017ene na 60 dn\u00ed pravideln\u00e9ho u\u017e\u00edvania.<\/p>\n<p><span class=\"ml-1\"><span style=\"color: #000000;\">\ud83d\udc9a <\/span><\/span>tekut\u00e1 forma pre jednoduch\u00e9 u\u017e\u00edvanie<br \/>\n<span class=\"ml-1\"><span style=\"color: #000000;\">\ud83d\udc9a <\/span><\/span>dobr\u00e1 absorpcia a vyu\u017eitie \u017eiv\u00edn<br \/>\n<span class=\"ml-1\"><span style=\"color: #000000;\">\ud83d\udc9a <\/span><\/span>prispieva k norm\u00e1lnemu metabolizmu na z\u00edskavanie energie a zn\u00ed\u017eenie \u00fanavy<br \/>\n<span class=\"ml-1\"><span style=\"color: #000000;\">\ud83d\udc9a <\/span><\/span>vhodn\u00fd pre veg\u00e1nov<br \/>\n<span class=\"ml-1\"><span style=\"color: #000000;\">\ud83d\udc9a <\/span><\/span>bez lepku, lakt\u00f3zy a GMO<br \/>\n<span class=\"ml-1\"><span style=\"color: #000000;\">\ud83d\udc9a <\/span><\/span>vhodn\u00fd na ka\u017edodenn\u00e9 pou\u017eitie<\/p>\n","protected":false},"featured_media":8160,"comment_status":"open","ping_status":"closed","template":"","meta":{"_acf_changed":false},"product_brand":[],"product_cat":[15,203,235,224,225],"product_tag":[],"class_list":{"0":"post-8161","1":"product","2":"type-product","3":"status-publish","4":"has-post-thumbnail","6":"product_cat-uncategorized","7":"product_cat-mineraly-vitaminy","8":"product_cat-nove","9":"product_cat-ponuka","10":"product_cat-vsetky-produkty","12":"first","13":"instock","14":"sale","15":"taxable","16":"shipping-taxable","17":"purchasable","18":"product-type-simple"},"acf":[],"_links":{"self":[{"href":"https:\/\/fengchashop.com\/sk\/wp-json\/wp\/v2\/product\/8161","targetHints":{"allow":["GET"]}}],"collection":[{"href":"https:\/\/fengchashop.com\/sk\/wp-json\/wp\/v2\/product"}],"about":[{"href":"https:\/\/fengchashop.com\/sk\/wp-json\/wp\/v2\/types\/product"}],"replies":[{"embeddable":true,"href":"https:\/\/fengchashop.com\/sk\/wp-json\/wp\/v2\/comments?post=8161"}],"wp:featuredmedia":[{"embeddable":true,"href":"https:\/\/fengchashop.com\/sk\/wp-json\/wp\/v2\/media\/8160"}],"wp:attachment":[{"href":"https:\/\/fengchashop.com\/sk\/wp-json\/wp\/v2\/media?parent=8161"}],"wp:term":[{"taxonomy":"product_brand","embeddable":true,"href":"https:\/\/fengchashop.com\/sk\/wp-json\/wp\/v2\/product_brand?post=8161"},{"taxonomy":"product_cat","embeddable":true,"href":"https:\/\/fengchashop.com\/sk\/wp-json\/wp\/v2\/product_cat?post=8161"},{"taxonomy":"product_tag","embeddable":true,"href":"https:\/\/fengchashop.com\/sk\/wp-json\/wp\/v2\/product_tag?post=8161"}],"curies":[{"name":"wp","href":"https:\/\/api.w.org\/{rel}","templated":true}]}}