{"id":7289,"date":"2025-12-09T08:20:22","date_gmt":"2025-12-09T07:20:22","guid":{"rendered":"https:\/\/fengchashop.com\/sk\/?post_type=product&#038;p=7289"},"modified":"2026-04-18T00:51:48","modified_gmt":"2026-04-17T22:51:48","slug":"cordyceps-husenica-cinska-bio-2","status":"publish","type":"product","link":"https:\/\/fengchashop.com\/sk\/product\/cordyceps-husenica-cinska-bio-2\/","title":{"rendered":"Cordyceps (h\u00fasenica \u010d\u00ednska) BIO 125 g"},"content":{"rendered":"<h2><span style=\"color: #000000\">Cordyceps (h\u00fasenica \u010d\u00ednska)<\/span><\/h2>\n<p><span style=\"color: #000000\">Huba cordyceps je <strong>v tradi\u010dnej medic\u00edne zn\u00e1ma u\u017e tis\u00edcky rokov<\/strong> a v\u010faka svojim pozit\u00edvnym vlastnostiam sa minim\u00e1lne rovnako dlho pou\u017e\u00edva aj na lie\u010debn\u00e9 \u00fa\u010dely. T\u00e1to huba spont\u00e1nne rastie vo vysokohorsk\u00fdch oblastiach a je v\u00fd\u017eivov\u00fdm doplnkom zn\u00e1mym svojou<strong> schopnos\u0165ou revitalizova\u0165 organizmus a posil\u0148ova\u0165 imunitn\u00fd syst\u00e9m<\/strong>. Na \u010ealekom v\u00fdchode sa zbiera vo svojom prirodzenom prostred\u00ed, ktor\u00e9 je ve\u013emi \u0165a\u017eko dostupn\u00e9. Jej mal\u00e1 ve\u013ekos\u0165 (jedna such\u00e1 huba v\u00e1\u017ei pribli\u017ene 0,3 g), skuto\u010dnos\u0165, \u017ee rastie len 14 dn\u00ed v roku, akt\u00edvne zlo\u017eky, ktor\u00e9 obsahuje, a jej v\u0161eobecn\u00e1 u\u017eito\u010dnos\u0165 v tradi\u010dnej medic\u00edne sp\u00f4sobuj\u00fa, \u017ee jej cena dosahuje a\u017e 50 000 EUR\/kg. Doned\u00e1vna bola preto vyhraden\u00e1 len pre \u010d\u00ednskych cis\u00e1rov a vl\u00e1dcov.<\/span><br \/>\n<span style=\"color: #000000\">Cordyceps <strong>sa pova\u017euje za najdokonalej\u0161\u00ed nutri\u010dn\u00fd objav tohto tis\u00edcro\u010dia<\/strong>. Obnovuje energiu a imunitn\u00fd syst\u00e9m a predch\u00e1dza (degenerat\u00edvnym) ochoreniam. Niekedy sa naz\u00fdva superoxidantom, ke\u010f\u017ee zvy\u0161uje mno\u017estvo kysl\u00edka v krvi, obnovuje organizmus a predch\u00e1dza prekysleniu.<\/span><br \/>\n<span style=\"color: #000000\">Pestovanie tejto huby je ve\u013emi n\u00e1ro\u010dn\u00e9, najm\u00e4 v Eur\u00f3pe. Sme v\u0161ak hrd\u00ed na to, \u017ee sme to zvl\u00e1dli.\u00a0<\/span><br \/>\n<span style=\"color: #000000\">Cordyceps je parazitick\u00e1 huba, ktor\u00e1 rastie vo vo\u013enej pr\u00edrode ako parazit na hmyze, v\u00e4\u010d\u0161inou na h\u00faseniciach, \u010do vysvet\u013euje jej slovensk\u00fd n\u00e1zov \u2013 h\u00fasenica \u010d\u00ednska. Na\u0161e pestovan\u00e9 huby nie s\u00fa chovan\u00e9 na zvierac\u00edch hostite\u013eoch, a preto s\u00fa vhodn\u00e9 aj pre vegetari\u00e1nov alebo veg\u00e1nov.<\/span><br \/>\n<span style=\"color: #000000\">V\u00fdroba na\u0161ej huby cordyceps je pr\u00edsne kontrolovan\u00e1, bez pou\u017eitia chemik\u00e1li\u00ed alebo pestic\u00eddov a <strong>100% ekologick\u00e1<\/strong>.\u00a0<\/span><\/p>\n<h2><span style=\"color: #000000\">\u010co obsahuje a pre koho je ur\u010den\u00e1?<\/span><\/h2>\n<p><span style=\"color: #000000\">Cordyceps sa sklad\u00e1 z komplexn\u00fdch lipidov, bielkov\u00edn, oligoelementov, polysacharidov a vitam\u00ednov. V\u0161etky prvky s\u00fa v hub\u00e1ch pr\u00edtomn\u00e9 vo ve\u013ek\u00fdch mno\u017estv\u00e1ch a maj\u00fa ve\u013emi pozit\u00edvny vplyv na n\u00e1\u0161 organizmus. Obsahuje <strong>betakarot\u00e9n, vitam\u00edny<\/strong> E a C, taktie\u017e <strong>miner\u00e1lne l\u00e1tky<\/strong> ako zinok a sel\u00e9n, aj 77<strong> mikro- a makro\u017eiv\u00edn a jedine\u010dn\u00e9 l\u00e1tky<\/strong> ako kordycep\u00edn (adenoz\u00edn), kyselinu kordycep\u00ednov\u00fa (D-manitol) a imunomodula\u010dn\u00fd polysacharid (beta-D-gluk\u00e1n).<\/span><br \/>\n<span style=\"color: #000000\">Pr\u00e1\u0161ok z cordycepsu obsahuje mnoho \u017eiv\u00edn, ktor\u00fdch priazniv\u00e9 \u00fa\u010dinky boli vedecky dok\u00e1zan\u00e9. \u0160t\u00fadie v r\u00f4znych krajin\u00e1ch po celom svete na\u0161li mnoh\u00e9 priazniv\u00e9 \u00fa\u010dinky pravidelnej konzum\u00e1cie cordycepsu. Lie\u010div\u00e9 \u00fa\u010dinky cordycepsu s\u00fa v skuto\u010dnosti prospe\u0161n\u00e9 \u00fa\u010dinky uzn\u00e1van\u00e9 aj tradi\u010dnou medic\u00ednou a boli preuk\u00e1zan\u00e9 aj modern\u00fdm v\u00fdskumom, a s\u00fa teda nasledovn\u00e9:<\/span><br \/>\n<span style=\"color: #000000\">\ud83d\udc9a stimuluje<strong> imunitn\u00fd syst\u00e9m<\/strong>, <\/span><br \/>\n<span style=\"color: #000000\">\ud83d\udc9a zlep\u0161uje<strong> fyzick\u00fa kond\u00edciu<\/strong>, <\/span><br \/>\n<span style=\"color: #000000\">\ud83d\udc9a zvy\u0161uje <strong>energiu tela<\/strong>, <\/span><br \/>\n<span style=\"color: #000000\">\ud83d\udc9a m\u00e1 <strong>antistresov\u00fd \u00fa\u010dinok<\/strong>, <\/span><br \/>\n<span style=\"color: #000000\">\ud83d\udc9a zvy\u0161uje<strong> sexu\u00e1lnu aktivitu<\/strong>, <\/span><br \/>\n<span style=\"color: #000000\">\ud83d\udc9a pom\u00e1ha pri <strong>vysokom HDL cholesterole, nadv\u00e1he a cukrovke<\/strong>, <\/span><br \/>\n<span style=\"color: #000000\">\ud83d\udc9a m\u00e1 za \u00falohu udr\u017eiava\u0165<strong> srdce a cievny syst\u00e9m zdrav\u00e9<\/strong>. <\/span><br \/>\n<span style=\"color: #000000\">\u00a0<\/span><br \/>\n<span style=\"color: #000000\">Cordyceps sa odpor\u00fa\u010da najm\u00e4 <strong>\u0161portovcom<\/strong> a in\u00fdm akt\u00edvnym \u013eu\u010fom po dlh\u0161ej fyzickej n\u00e1mahe a \u013eu\u010fom, ktor\u00ed chc\u00fa akt\u00edvnej\u0161ie tempo v ich ka\u017edodennom \u017eivote. Odpor\u00fa\u010da sa aj pri <strong>zv\u00fd\u0161enej \u00fanave , nedostatku energie a strese<\/strong>. Je tie\u017e prostriedkom na <strong>zv\u00fd\u0161enie sexu\u00e1lnej sily a posil\u0148uje telo aj myse\u013e<\/strong>. Pom\u00e1ha n\u00e1m \u00faspe\u0161ne zvl\u00e1da\u0165 <strong>stres<\/strong>, ktor\u00fd je naj\u010dastej\u0161ie sp\u00f4soben\u00fd v\u00fdzvami ka\u017edodenn\u00e9ho \u017eivota. \u010casto sa odpor\u00fa\u010da aj <strong>diabetikom, pacientom s rakovinou<\/strong> a pacientom s<strong> kardiovaskul\u00e1rnymi ochoreniami<\/strong>, vr\u00e1tane srdcov\u00e9ho zlyhania a arytmie. Cordyceps je prospe\u0161n\u00fd aj pre d\u00fdchacie cesty a lie\u010di ochorenia d\u00fdchac\u00edch ciest, ako je napr\u00edklad astma. Jeho antiv\u00edrusov\u00e9 vlastnosti p\u00f4sobia na v\u00edrusov\u00e9 infekcie, ako je chr\u00edpka.<\/span><br \/>\n<span style=\"color: #000000\">A mimoriadne d\u00f4le\u017eit\u00e9 je, \u017ee cordyceps je 100% pr\u00edrodn\u00fd produkt, ktor\u00fd n\u00e1m m\u00f4\u017ee pom\u00f4c\u0165 prirodzen\u00fdm sp\u00f4sobom. Zmier\u0148uje pr\u00edznaky na\u0161ich ochoren\u00ed a m\u00e1 pozit\u00edvny vplyv na na\u0161u celkov\u00fa pohodu.<\/span><\/p>\n<h2><span style=\"color: #000000\">Pre\u010do huby?<\/span><\/h2>\n<p><span style=\"color: #000000\">Huby s\u00fa ve\u013emi zauj\u00edmav\u00e9. Nie s\u00fa to ani rastliny, ani \u017eivo\u010d\u00edchy, ale ur\u010dite s\u00fa to \u00fa\u017easn\u00e9 organizmy, ktor\u00e9 dok\u00e1zali pre\u017ei\u0165 u\u017e takmer od po\u010diatku sveta. Vyvinuli si \u0161pecifick\u00fa strat\u00e9giu pre\u017eitia, ktor\u00fa si zachovali dodnes. No tieto v\u00fdhody m\u00f4\u017eu vyu\u017e\u00edva\u0165 aj \u013eudia, a to konzum\u00e1ciou lie\u010div\u00fdch h\u00fab. Prin\u00e1\u0161aj\u00fa n\u00e1m rovnov\u00e1hu na fyzickej \u00farovni a chr\u00e1nia n\u00e1s pred mnoh\u00fdmi chorobami. M\u00f4\u017eu p\u00f4sobi\u0165 prevent\u00edvne, ale aj ako podporn\u00e1 lie\u010dba popri konven\u010dnej alebo inej nekonven\u010dnej lie\u010dbe mnoh\u00fdch (modern\u00fdch) ochoren\u00ed. Tradi\u010dne sa hub\u00e1m pripisuj\u00fa \u00fa\u010dinky v pr\u00edpadoch rakoviny, autoimunitn\u00fdch ochoren\u00ed aj alergi\u00ed. S\u00fa tie\u017e oso\u017en\u00e9 pre zdrav\u00fa a siln\u00fa imunitn\u00fa odpove\u010f. Lek\u00e1rsky v\u00fdskum uskuto\u010dnen\u00fd v posledn\u00fdch desa\u0165ro\u010diach, ke\u010f sa huby stali predmetom z\u00e1ujmu z\u00e1padn\u00e9ho sveta, v\u0161ak potvrdil mnoh\u00e9 ich lie\u010div\u00e9 \u00fa\u010dinky.<\/span><br \/>\n<span style=\"color: #000000\">Ke\u010f\u017ee niektor\u00e9 pr\u00edrodn\u00e9 akt\u00edvne zlo\u017eky s\u00fa pre n\u00e1s nestr\u00e1vite\u013en\u00e9 alebo \u0165a\u017eko str\u00e1vite\u013en\u00e9, je ve\u013emi d\u00f4le\u017eit\u00e9 konzumova\u0165 len tie najlep\u0161ie hubov\u00e9 pr\u00e1\u0161ky. Huby sa musia spr\u00e1vne pestova\u0165, su\u0161i\u0165 a pripravova\u0165. Musia sa rozomlie\u0165 na jemn\u00fd pr\u00e1\u0161ok bez hrudiek. Farba pr\u00e1\u0161ku je svetlej\u0161ia, ale z\u00e1vis\u00ed aj od druhu huby, ktor\u00fa u\u017e\u00edvate.\u00a0Ke\u010f\u017ee s\u00fa huby tak\u00e9 \u00fa\u010dinn\u00e9 pr\u00e1ve preto, \u017ee maj\u00fa schopnos\u0165 absorbova\u0165 v\u0161etko \u2013 dobr\u00e9 aj zl\u00e9 \u2013 z okolit\u00e9ho prostredia, je d\u00f4le\u017eit\u00e9 pou\u017e\u00edva\u0165 bio huby.<\/span><\/p>\n<h2><span style=\"color: #000000\">Balenie<\/span><\/h2>\n<p><span style=\"color: #000000\">Nepriepustn\u00e9 vrecko so zipsom, v ktorom si produkt zachov\u00e1va svoju \u010derstvos\u0165 a v\u00f4\u0148u. Obal chr\u00e1ni pred svetlom a vzduchom, ke\u010f\u017ee sa sklad\u00e1 z nieko\u013ek\u00fdch ochrann\u00fdch vrstiev, ktor\u00e9 uchov\u00e1vaj\u00fa vlastnosti obsahu vn\u00fatri.<\/span><br \/>\n<span style=\"color: #000000\">Obal je ve\u013emi praktick\u00fd a recyklovate\u013en\u00fd.<\/span><\/p>\n<h2><span style=\"color: #000000\">Skladovanie a upozornenia<\/span><\/h2>\n<p><span style=\"color: #000000\">Skladujte na chladnom a suchom mieste. V\u00fd\u017eivov\u00fd doplnok uchov\u00e1vajte mimo dosahu det\u00ed!<\/span><br \/>\n<span style=\"color: #000000\">Pam\u00e4tajte na d\u00f4le\u017eitos\u0165 pestrej stravy a zdrav\u00e9ho \u017eivotn\u00e9ho \u0161t\u00fdlu, v\u00fd\u017eivov\u00fd doplnok nie je n\u00e1hradou vyv\u00e1\u017eenej a pestrej stravy. Odpor\u00fa\u010dan\u00e9 denn\u00e9 mno\u017estvo alebo d\u00e1vka by sa nemali prekro\u010di\u0165. Tehotn\u00fdm a doj\u010diacim \u017een\u00e1m sa odpor\u00fa\u010da, aby sa v\u017edy pred pou\u017eit\u00edm poradili s lek\u00e1rom.<\/span><br \/>\n<span style=\"color: #000000\">Neodpor\u00fa\u010da sa u\u017e\u00edva\u0165 u det\u00ed a os\u00f4b lie\u010den\u00fdch antikoagulantmi a u os\u00f4b u\u017e\u00edvaj\u00facich imunosupres\u00edva.<\/span><\/p>\n<h2><span style=\"color: #000000\">Je dobr\u00e9 vedie\u0165<\/span><\/h2>\n<p><span style=\"color: #000000\">Produkt je vhodn\u00fd aj pre zvierat\u00e1. Vo v\u00e4\u010d\u0161ine pr\u00edpadov sa lie\u010div\u00e9 huby ukazuj\u00fa ako mimoriadne \u00fa\u010dinn\u00e9 pri posil\u0148ovan\u00ed imunitn\u00e9ho syst\u00e9mu, lie\u010dbe alergi\u00ed a ko\u017en\u00fdch ochoren\u00ed, ako aj v\u00edrusov\u00fdch a bakteri\u00e1lnych infekci\u00ed. Pred pou\u017eit\u00edm sa pora\u010fte so svoj\u00edm veterin\u00e1rom, aby ur\u010dil vhodnos\u0165 pod\u00e1vania a odpor\u00fa\u010dan\u00e9 denn\u00e9 mno\u017estvo.<\/span><\/p>\n<h2><span style=\"color: #000000\">P\u00f4vod<\/span><\/h2>\n<div class=\"n4sEPd\">\n<div class=\"FFpbKc\">\n<div class=\"xMmqsf\">\n<div class=\"nidPne\">\n<div id=\"ow14\" data-show-delay-ms=\"250\" data-append-to-body=\"true\" data-propagate-tooltip-mouseover-events=\"true\" data-anchor-corner=\"bottom-left\" data-enable-skip-handler=\"true\" data-popup-corner=\"top-left\">\n<div class=\"dig2sb\">\n<div class=\"scLCMd\">\n<div id=\"itamenu\">\u010c\u00edna<\/div>\n<\/div>\n<\/div>\n<\/div>\n<\/div>\n<\/div>\n<\/div>\n<\/div>\n<div class=\"QcsUad BDJ8fb BLojaf sMVRZe hCXDsb wneUed\">\n<div class=\"usGWQd\">\n<div class=\"KkbLmb\">\n<div dir=\"ltr\"><\/div>\n<div class=\"lRu31\" dir=\"ltr\"><span class=\"HwtZe\" lang=\"sk\"><span class=\"jCAhz ChMk0b\"><span class=\"ryNqvb\">M\u00e1me ve\u013emi spo\u013eahliv\u00fdch dod\u00e1vate\u013eov, ktor\u00ed n\u00e1m pre ka\u017ed\u00fa \u0161ar\u017eu posielaj\u00fa podrobn\u00fa chemick\u00fa anal\u00fdzu potraviny.<\/span><\/span> <span class=\"jCAhz ChMk0b\"><span class=\"ryNqvb\">Za viac ako desa\u0165 rokov sme nemali \u017eiadne stiahnutia z trhu ani \u017eiadne in\u00e9 probl\u00e9my s t\u00fdmto produktom, ani s in\u00fdmi produktmi od toho ist\u00e9ho dod\u00e1vate\u013ea.<\/span><\/span> <\/span><\/div>\n<div class=\"lRu31\" dir=\"ltr\"><span class=\"HwtZe\" lang=\"sk\"><span class=\"jCAhz ChMk0b\"><span class=\"ryNqvb\">Tento produkt m\u00e1 100% organick\u00fd certifik\u00e1t.<\/span><\/span><\/span><\/div>\n<\/div>\n<\/div>\n<\/div>\n","protected":false},"excerpt":{"rendered":"<p align=\"JUSTIFY\">Huba cordyceps je v tradi\u010dnej medic\u00edne zn\u00e1ma u\u017e tis\u00edcky rokov a v\u010faka svojim pozit\u00edvnym vlastnostiam sa minim\u00e1lne rovnako dlho pou\u017e\u00edva aj na lie\u010debn\u00e9 \u00fa\u010dely. T\u00e1to huba spont\u00e1nne rastie vo vysokohorsk\u00fdch oblastiach a je v\u00fd\u017eivov\u00fdm doplnkom zn\u00e1mym svojou schopnos\u0165ou revitalizova\u0165 organizmus a posil\u0148ova\u0165 imunitn\u00fd syst\u00e9m.<\/p>\n<p align=\"JUSTIFY\">\ud83d\udc9a Stimuluje imunitn\u00fd syst\u00e9m.<br \/>\n\ud83d\udc9a Zlep\u0161uje fyzick\u00fa kond\u00edciu.<br \/>\n\ud83d\udc9a Zvy\u0161uje energiu tela.<br \/>\n\ud83d\udc9a M\u00e1 antistresov\u00fd \u00fa\u010dinok.<br \/>\n\ud83d\udc9a M\u00e1 za \u00falohu udr\u017eiava\u0165 srdce a cievny syst\u00e9m zdrav\u00e9.<\/p>\n","protected":false},"featured_media":5843,"comment_status":"open","ping_status":"closed","template":"","meta":{"_acf_changed":false},"product_brand":[],"product_cat":[15,229,228,224,225],"product_tag":[],"class_list":{"0":"post-7289","1":"product","2":"type-product","3":"status-publish","4":"has-post-thumbnail","6":"product_cat-uncategorized","7":"product_cat-liecive-huby","8":"product_cat-najpredavanejsie","9":"product_cat-ponuka","10":"product_cat-vsetky-produkty","12":"first","13":"instock","14":"sale","15":"taxable","16":"shipping-taxable","17":"purchasable","18":"product-type-simple"},"acf":[],"_links":{"self":[{"href":"https:\/\/fengchashop.com\/sk\/wp-json\/wp\/v2\/product\/7289","targetHints":{"allow":["GET"]}}],"collection":[{"href":"https:\/\/fengchashop.com\/sk\/wp-json\/wp\/v2\/product"}],"about":[{"href":"https:\/\/fengchashop.com\/sk\/wp-json\/wp\/v2\/types\/product"}],"replies":[{"embeddable":true,"href":"https:\/\/fengchashop.com\/sk\/wp-json\/wp\/v2\/comments?post=7289"}],"wp:featuredmedia":[{"embeddable":true,"href":"https:\/\/fengchashop.com\/sk\/wp-json\/wp\/v2\/media\/5843"}],"wp:attachment":[{"href":"https:\/\/fengchashop.com\/sk\/wp-json\/wp\/v2\/media?parent=7289"}],"wp:term":[{"taxonomy":"product_brand","embeddable":true,"href":"https:\/\/fengchashop.com\/sk\/wp-json\/wp\/v2\/product_brand?post=7289"},{"taxonomy":"product_cat","embeddable":true,"href":"https:\/\/fengchashop.com\/sk\/wp-json\/wp\/v2\/product_cat?post=7289"},{"taxonomy":"product_tag","embeddable":true,"href":"https:\/\/fengchashop.com\/sk\/wp-json\/wp\/v2\/product_tag?post=7289"}],"curies":[{"name":"wp","href":"https:\/\/api.w.org\/{rel}","templated":true}]}}