{"id":6986,"date":"2025-10-07T17:41:25","date_gmt":"2025-10-07T15:41:25","guid":{"rendered":"https:\/\/fengchashop.com\/sk\/?post_type=product&#038;p=6986"},"modified":"2026-04-18T11:59:19","modified_gmt":"2026-04-18T09:59:19","slug":"bachove-kvapky-strach","status":"publish","type":"product","link":"https:\/\/fengchashop.com\/sk\/product\/bachove-kvapky-strach\/","title":{"rendered":"Bachove kvapky Strach"},"content":{"rendered":"<div class=\"wpb-content-wrapper\"><p>[vc_row][vc_column][vc_column_text css=&#8220;&#8220;]<\/p>\n<h2 style=\"text-align: justify;\"><span style=\"color: #000000;\">Bachove kvapky proti strachu<\/span><\/h2>\n<p><span style=\"color: #000000;\"><strong>Strach<\/strong> je prirodzen\u00e1 em\u00f3cia, ktor\u00e1 n\u00e1s varuje pred nebezpe\u010denstvom a pripravuje n\u00e1s na reakciu \u201ebojuj alebo ute\u010d\u201c. Niekedy v\u0161ak m\u00f4\u017ee by\u0165 nadmern\u00fd alebo dlhotrvaj\u00faci, \u010do negat\u00edvne ovplyv\u0148uje na\u0161u pohodu, s\u00fastredenie a ka\u017edodenn\u00fd \u017eivot. \u013dudia ho \u010dasto pre\u017e\u00edvaj\u00fa ako nap\u00e4tie, nepokoj, \u00fazkos\u0165 alebo pocit ohrozenia, aj ke\u010f neexistuje \u017eiadne skuto\u010dn\u00e9 nebezpe\u010denstvo. Preto je d\u00f4le\u017eit\u00e9 <strong>nau\u010di\u0165 sa zvl\u00e1da\u0165 strach a udr\u017eiava\u0165 vn\u00fatorn\u00fa rovnov\u00e1hu<\/strong>. Bachove kvapky pon\u00fakaj\u00fa jemn\u00fa podporu, pom\u00e1haj\u00fa upokoji\u0165 emocion\u00e1lne nap\u00e4tie a obnovi\u0165 pocit bezpe\u010dia a vn\u00fatornej sily.<\/span><\/p>\n<p><span style=\"color: #000000;\">Prv\u00e9 v\u00fdsledky m\u00f4\u017eete vidie\u0165 po nieko\u013ek\u00fdch d\u0148och alebo t\u00fd\u017ed\u0148och, preto\u017ee to z\u00e1vis\u00ed od ka\u017ed\u00e9ho jednotlivca. Pripraven\u00e1 zmes vysta\u010d\u00ed na 30 dn\u00ed a kvapky sa daj\u00fa jednoducho aplikova\u0165 priamo do \u00fast alebo prida\u0165 do poh\u00e1ra vody.<\/span><\/p>\n<p><span style=\"color: #000000;\"><strong>Naj\u010dastej\u0161ie pr\u00ed\u010diny strachu s\u00fa:<\/strong><\/span><\/p>\n<ul>\n<li><span style=\"color: #000000;\">nezn\u00e1me alebo neist\u00e9,<\/span><\/li>\n<li><span style=\"color: #000000;\">stres a pre\u0165a\u017eenie,<\/span><\/li>\n<li><span style=\"color: #000000;\">v\u00fdznamn\u00e9 \u017eivotn\u00e9 zmeny (napr. s\u0165ahovanie, nov\u00e1 pr\u00e1ca),<\/span><\/li>\n<li><span style=\"color: #000000;\">pocit straty kontroly alebo bezmocnosti,<\/span><\/li>\n<li><span style=\"color: #000000;\">trauma z minulosti alebo nepr\u00edjemn\u00e9 z\u00e1\u017eitky.<\/span><\/li>\n<\/ul>\n<p><span style=\"color: #000000;\"><strong>Terapia Bachov\u00fdmi kvapkami proti strachu v\u00e1m pom\u00f4\u017ee:<\/strong><\/span><\/p>\n<ul>\n<li><span style=\"color: #000000;\">zn\u00ed\u017ei\u0165 pocity \u00fazkosti a ob\u00e1v,<\/span><\/li>\n<li><span style=\"color: #000000;\">\u013eah\u0161ie zvl\u00e1da\u0165 stresov\u00e9 situ\u00e1cie,<\/span><\/li>\n<li><span style=\"color: #000000;\">obnovi\u0165 pocit vn\u00fatornej sily a bezpe\u010dia,<\/span><\/li>\n<li><span style=\"color: #000000;\">uvo\u013eni\u0165 nap\u00e4tie a upokoji\u0165 my\u0161lienky,<\/span><\/li>\n<li><span style=\"color: #000000;\">znovu z\u00edska\u0165 vn\u00fatorn\u00fa rovnov\u00e1hu a vit\u00e1lnu energiu.<\/span><\/li>\n<\/ul>\n<h2 style=\"text-align: justify;\"><span style=\"color: #000000;\">\u00da\u010dinok Bachov\u00fdch kvapiek<\/span><\/h2>\n<p>Bachove kvapky podporuj\u00fa emocion\u00e1lnu rovnov\u00e1hu a m\u00f4\u017eu by\u0165 u\u017eito\u010dn\u00e9 pri zvl\u00e1dan\u00ed strachu, ktor\u00fd \u010dasto ovplyv\u0148uje koncentr\u00e1ciu, energiu a ka\u017edodenn\u00e9 fungovanie. Bachove kvapky n\u00e1m tie\u017e pom\u00e1haj\u00fa v r\u00f4znych kr\u00edzach a \u0165a\u017ek\u00fdch \u017eivotn\u00fdch situ\u00e1ci\u00e1ch, sk\u00fa\u0161kach. S nimi sa upokoj\u00edme a zachov\u00e1me si pokojn\u00fa hlavu, preto\u017ee ovplyv\u0148uj\u00fa n\u00e1\u0161 emocion\u00e1lny stav a pom\u00e1haj\u00fa ho harmonizova\u0165. S pomocou Bachov\u00fdch kvapiek preber\u00e1me kontrolu nad svojimi em\u00f3ciami, \u010d\u00edm vytv\u00e1rame harm\u00f3niu a t\u00fdm nach\u00e1dzame svoj vn\u00fatorn\u00fd pokoj.<\/p>\n<p style=\"text-align: justify;\"><span style=\"color: #000000;\">Bachova terapia podporuje samolie\u010denie a duchovn\u00fa relax\u00e1ciu. Pod\u013ea te\u00f3rie Dr. Bacha pr\u00ed\u010dina choroby spo\u010d\u00edva v disharmonickom stave alebo nedostatku harm\u00f3nie medzi telom a du\u0161ou. Pomocou kvetov\u00fdch esenci\u00ed sa sna\u017e\u00edme vylie\u010di\u0165 chorobu vyu\u017e\u00edvan\u00edm <b>pozit\u00edvnych vlastnost\u00ed kvetov<\/b>, a to t\u00fdm, \u017ee n\u00e1m pom\u00e1haj\u00fa obnovi\u0165 rovnov\u00e1hu v n\u00e1s sam\u00fdch.<\/span><\/p>\n<p><span style=\"color: #000000;\">Bachova terapia podporuje samolie\u010dbu a duchovn\u00e9 uvo\u013enenie. Pod\u013ea te\u00f3rie doktora Bacha spo\u010d\u00edva pr\u00ed\u010dina choroby v neharmonickom stave alebo v nedostatku harm\u00f3nie medzi telom a du\u0161ou. Pomocou kvetinov\u00fdch esenci\u00ed sa sna\u017e\u00edme lie\u010di\u0165 choroby vyu\u017e\u00edvan\u00edm pozit\u00edvnych vlastnost\u00ed kvetov, ktor\u00e9 n\u00e1m pom\u00e1haj\u00fa obnovi\u0165 vn\u00fatorn\u00fa rovnov\u00e1hu.<\/span><\/p>\n<p><span style=\"color: #000000;\">Bachove kvapky s\u00fa pripraven\u00e9 pod\u013ea met\u00f3dy Dr. Bacha, pri\u010dom sa pou\u017e\u00edvaj\u00fa len origin\u00e1lne Bachove esencie.<\/span><\/p>\n<p><span style=\"color: #000000;\">Bachove kvapky sa d\u00e1vkuj\u00fa z f\u013ea\u0161ti\u010dky s prilo\u017eenou pipetou, v\u010faka \u010domu je d\u00e1vkovanie ve\u013emi jednoduch\u00e9. U\u017e\u00edvajte 4 kvapky 4-kr\u00e1t denne, rozlo\u017een\u00e9 po\u010das d\u0148a. F\u013ea\u0161ti\u010dka, ktor\u00fa dostanete, vysta\u010d\u00ed na 1 mesiac lie\u010dby.<\/span><\/p>\n<p><span style=\"color: #000000;\">Ka\u017ed\u00e1 f\u013ea\u0161a vybranej zmesi sa pripravuje ru\u010dne a v re\u00e1lnom \u010dase. Aby zmes zostala dlh\u0161ie \u010derstv\u00e1, pou\u017eijeme trochu alkoholu (ko\u0148aku). Zmes m\u00e1 trvanlivos\u0165 1 mesiac od d\u00e1tumu n\u00e1kupu.<\/span><\/p>\n<p><span style=\"color: #000000;\">Ke\u010f\u017ee Bachove kvapky nemaj\u00fa \u017eiadne ved\u013eaj\u0161ie \u00fa\u010dinky, nemo\u017eno sa nimi pred\u00e1vkova\u0165 a nie s\u00fa n\u00e1vykov\u00e9. S\u00fa vhodn\u00e9 pre v\u0161etk\u00fdch &#8211; tehotn\u00e9 \u017eeny, doj\u010diace matky, star\u0161\u00edch \u013eud\u00ed, deti aj zvierat\u00e1.<\/span><\/p>\n<p><span style=\"color: #000000;\">Neinteraguj\u00fa s in\u00fdmi liekmi.<\/span><\/p>\n<h2><span style=\"color: #000000;\">Skladovanie<\/span><\/h2>\n<p><span style=\"color: #000000;\">Skladujte na suchom a tmavom mieste pri teplote do +25 \u00b0C.<\/span><\/p>\n<h2><span style=\"color: #000000;\">Mno\u017estvo<\/span><\/h2>\n<p><span style=\"color: #000000;\">30 ml (posta\u010duje na 30 dn\u00ed pravideln\u00e9ho pou\u017e\u00edvania)<\/span>[\/vc_column_text][\/vc_column][\/vc_row]<\/p>\n<\/div>","protected":false},"excerpt":{"rendered":"<p>Bachove kvapky s\u00fa \u00fa\u010dinn\u00e9 pri r\u00f4znych emocion\u00e1lnych \u0165a\u017ekostiach. Pom\u00e1haj\u00fa v r\u00f4znych kr\u00edzach a \u0165a\u017ek\u00fdch \u017eivotn\u00fdch situ\u00e1ci\u00e1ch. Pom\u00e1haj\u00fa sa upokoji\u0165 a zachova\u0165 si pokojn\u00fa hlavu. P\u00f4sobia na n\u00e1\u0161 emocion\u00e1lny stav a pom\u00e1haj\u00fa ho harmonizova\u0165.<\/p>\n<p>\ud83d\udc9a Kvapky sa balia ru\u010dne v de\u0148 exped\u00edcie.<br \/>\n\ud83d\udc9a S\u00fa vhodn\u00e9 pre v\u0161etk\u00fdch \u013eud\u00ed (tehotn\u00e9 \u017eeny, star\u0161\u00edch \u013eud\u00ed, deti&#8230;) a zvierat\u00e1.<br \/>\n\ud83d\udc9a Nemaj\u00fa \u017eiadne ved\u013eaj\u0161ie \u00fa\u010dinky, nie s\u00fa n\u00e1vykov\u00e9 a nemo\u017eno sa nimi pred\u00e1vkova\u0165.<br \/>\n\ud83d\udc9a Prv\u00e9 v\u00fdsledky si m\u00f4\u017eete v\u0161imn\u00fa\u0165 po nieko\u013ek\u00fdch d\u0148och alebo t\u00fd\u017ed\u0148och, to z\u00e1vis\u00ed od ka\u017ed\u00e9ho jednotlivca.<br \/>\n\ud83d\udc9a Neinteraguj\u00fa s in\u00fdmi liekmi.<\/p>\n","protected":false},"featured_media":6487,"comment_status":"open","ping_status":"closed","template":"","meta":{"_acf_changed":false},"product_brand":[],"product_cat":[15,241,224,225],"product_tag":[],"class_list":{"0":"post-6986","1":"product","2":"type-product","3":"status-publish","4":"has-post-thumbnail","6":"product_cat-uncategorized","7":"product_cat-bachove-kvapky","8":"product_cat-ponuka","9":"product_cat-vsetky-produkty","11":"first","12":"instock","13":"sale","14":"taxable","15":"shipping-taxable","16":"purchasable","17":"product-type-simple"},"acf":[],"_links":{"self":[{"href":"https:\/\/fengchashop.com\/sk\/wp-json\/wp\/v2\/product\/6986","targetHints":{"allow":["GET"]}}],"collection":[{"href":"https:\/\/fengchashop.com\/sk\/wp-json\/wp\/v2\/product"}],"about":[{"href":"https:\/\/fengchashop.com\/sk\/wp-json\/wp\/v2\/types\/product"}],"replies":[{"embeddable":true,"href":"https:\/\/fengchashop.com\/sk\/wp-json\/wp\/v2\/comments?post=6986"}],"wp:featuredmedia":[{"embeddable":true,"href":"https:\/\/fengchashop.com\/sk\/wp-json\/wp\/v2\/media\/6487"}],"wp:attachment":[{"href":"https:\/\/fengchashop.com\/sk\/wp-json\/wp\/v2\/media?parent=6986"}],"wp:term":[{"taxonomy":"product_brand","embeddable":true,"href":"https:\/\/fengchashop.com\/sk\/wp-json\/wp\/v2\/product_brand?post=6986"},{"taxonomy":"product_cat","embeddable":true,"href":"https:\/\/fengchashop.com\/sk\/wp-json\/wp\/v2\/product_cat?post=6986"},{"taxonomy":"product_tag","embeddable":true,"href":"https:\/\/fengchashop.com\/sk\/wp-json\/wp\/v2\/product_tag?post=6986"}],"curies":[{"name":"wp","href":"https:\/\/api.w.org\/{rel}","templated":true}]}}