{"id":6985,"date":"2025-10-07T12:27:17","date_gmt":"2025-10-07T10:27:17","guid":{"rendered":"https:\/\/fengchashop.com\/sk\/?post_type=product&#038;p=6985"},"modified":"2026-04-17T09:13:35","modified_gmt":"2026-04-17T07:13:35","slug":"bachove-kvapky-smutok","status":"publish","type":"product","link":"https:\/\/fengchashop.com\/sk\/product\/bachove-kvapky-smutok\/","title":{"rendered":"Bachove kvapky Sm\u00fatok"},"content":{"rendered":"<div class=\"wpb-content-wrapper\"><p>[vc_row][vc_column][vc_column_text css=&#8220;&#8220;]<\/p>\n<h2 style=\"text-align: justify;\"><span style=\"color: #000000;\">Bachove recepty na sm\u00fatok<\/span><\/h2>\n<p><strong>Sm\u00fatok<\/strong> je prirodzen\u00e1 em\u00f3cia, ktor\u00e1 sa m\u00f4\u017ee vyskytn\u00fa\u0165 <strong>v pr\u00edpade straty, sklamania, osamelosti alebo jednoducho pocitu pr\u00e1zdnoty<\/strong>. Hoci je s\u00fa\u010das\u0165ou \u017eivota, dlhotrvaj\u00faci alebo nadmern\u00fd sm\u00fatok m\u00f4\u017ee ovplyvni\u0165 na\u0161e du\u0161evn\u00e9 a fyzick\u00e9 zdravie. \u013dudia ho \u010dasto pre\u017e\u00edvaj\u00fa ako <strong>pocit \u0165a\u017ekosti v srdci, apatiu, nedostatok energie alebo zn\u00ed\u017eenie motiv\u00e1cie.<\/strong> Preto je obzvl\u00e1\u0161\u0165 d\u00f4le\u017eit\u00e9 nau\u010di\u0165 sa s n\u00edm vyrovna\u0165 a n\u00e1js\u0165 sp\u00f4soby, ako dosiahnu\u0165 vn\u00fatorn\u00fa rovnov\u00e1hu. Bachove recepty n\u00e1m s t\u00fdm m\u00f4\u017eu pom\u00f4c\u0165, preto\u017ee <strong>pon\u00fakaj\u00fa jemn\u00fa podporu pri emocion\u00e1lnych v\u00fdzvach a ved\u00fa n\u00e1s k v\u00e4\u010d\u0161iemu pokoju a vitalite<\/strong>.<\/p>\n<p>Prv\u00e9 v\u00fdsledky m\u00f4\u017eete vidie\u0165 po nieko\u013ek\u00fdch d\u0148och alebo t\u00fd\u017ed\u0148och, preto\u017ee to z\u00e1vis\u00ed od ka\u017ed\u00e9ho jednotlivca. Pripraven\u00e1 zmes vydr\u017e\u00ed 30 dn\u00ed a kvapky sa daj\u00fa \u013eahko aplikova\u0165 priamo do \u00fast alebo nakvapka\u0165 do poh\u00e1ra s vodou.<\/p>\n<p><strong>Naj\u010dastej\u0161ie pr\u00ed\u010diny sm\u00fatku s\u00fa:<\/strong><\/p>\n<ul>\n<li>strata milovanej osoby alebo rozpad vz\u0165ahu,<\/li>\n<li>pocit osamelosti alebo nepochopenia,<\/li>\n<li>nesplnen\u00e9 o\u010dak\u00e1vania,<\/li>\n<li>\u017eivotn\u00e9 zmeny (s\u0165ahovanie, zmena zamestnania at\u010f.),<\/li>\n<li>dlhodob\u00fd stres a vy\u010derpanie.<\/li>\n<\/ul>\n<p><strong>Terapia Bachov\u00fdmi kvapkami na sm\u00fatok v\u00e1m pom\u00f4\u017ee:<\/strong><\/p>\n<ul>\n<li>\u013eah\u0161ie spracova\u0165 emocion\u00e1lne straty,<\/li>\n<li>obnovi\u0165 pocit vn\u00fatornej sily,<\/li>\n<li>zn\u00ed\u017eenie pocitu \u0165a\u017ekosti a letargie,<\/li>\n<li>otvoren\u00fd priestor pre nov\u00fa n\u00e1dej a rados\u0165,<\/li>\n<li>znova c\u00edti\u0165 rovnov\u00e1hu a \u017eivotn\u00fa energiu.<\/li>\n<\/ul>\n<h2 style=\"text-align: justify;\"><span style=\"color: #000000;\">\u00da\u010dinok Bachov\u00fdch kvapiek<\/span><\/h2>\n<p>Bachove kvapky podporuj\u00fa<strong>emocion\u00e1lnu rovnov\u00e1hu a m\u00f4\u017eu by\u0165 n\u00e1pomocn\u00e9 pri zvl\u00e1dan\u00ed sm\u00fatku, ktor\u00fd \u010dasto ovplyv\u0148uje energiu, motiv\u00e1ciu a celkov\u00fa pohodu<\/strong>. Bachove kvapky n\u00e1m tie\u017e pom\u00e1haj\u00fa v r\u00f4znych kr\u00edzach a \u0165a\u017ek\u00fdch \u017eivotn\u00fdch situ\u00e1ci\u00e1ch, sk\u00fa\u0161kach. Pom\u00e1haj\u00fa n\u00e1m upokoji\u0165 sa a zachova\u0165 si pokojn\u00fa hlavu, preto\u017ee ovplyv\u0148uj\u00fa n\u00e1\u0161 emocion\u00e1lny stav a pom\u00e1haj\u00fa ho harmonizova\u0165. Pomocou Bachov\u00fdch kvapiek <strong>prevezmeme kontrolu nad svojimi em\u00f3ciami<\/strong>a len tak vytvor\u00edme harm\u00f3niu a n\u00e1jdeme tak svoj vn\u00fatorn\u00fd pokoj.<\/p>\n<p style=\"text-align: justify;\"><span style=\"color: #000000;\">Bachova terapia podporuje samolie\u010denie a duchovn\u00fa relax\u00e1ciu. Pod\u013ea te\u00f3rie Dr. Bacha pr\u00ed\u010dina choroby spo\u010d\u00edva v disharmonickom stave alebo nedostatku harm\u00f3nie medzi telom a du\u0161ou. Pomocou kvetov\u00fdch esenci\u00ed sa sna\u017e\u00edme vylie\u010di\u0165 chorobu vyu\u017e\u00edvan\u00edm <b>pozit\u00edvnych vlastnost\u00ed kvetov<\/b>, a to t\u00fdm, \u017ee n\u00e1m pom\u00e1haj\u00fa obnovi\u0165 rovnov\u00e1hu v n\u00e1s sam\u00fdch.<\/span><\/p>\n<p><span style=\"color: #000000;\">Bachova terapia podporuje samolie\u010dbu a duchovn\u00e9 uvo\u013enenie. Pod\u013ea te\u00f3rie doktora Bacha spo\u010d\u00edva pr\u00ed\u010dina choroby v neharmonickom stave alebo v nedostatku harm\u00f3nie medzi telom a du\u0161ou. Pomocou kvetinov\u00fdch esenci\u00ed sa sna\u017e\u00edme lie\u010di\u0165 choroby vyu\u017e\u00edvan\u00edm pozit\u00edvnych vlastnost\u00ed kvetov, ktor\u00e9 n\u00e1m pom\u00e1haj\u00fa obnovi\u0165 vn\u00fatorn\u00fa rovnov\u00e1hu.<\/span><\/p>\n<p><span style=\"color: #000000;\">Bachove kvapky s\u00fa pripraven\u00e9 pod\u013ea met\u00f3dy Dr. Bacha, pri\u010dom sa pou\u017e\u00edvaj\u00fa len origin\u00e1lne Bachove esencie.<\/span><\/p>\n<p><span style=\"color: #000000;\">Bachove kvapky sa d\u00e1vkuj\u00fa z f\u013ea\u0161ti\u010dky s prilo\u017eenou pipetou, v\u010faka \u010domu je d\u00e1vkovanie ve\u013emi jednoduch\u00e9. U\u017e\u00edvajte 4 kvapky 4-kr\u00e1t denne, rozlo\u017een\u00e9 po\u010das d\u0148a. F\u013ea\u0161ti\u010dka, ktor\u00fa dostanete, vysta\u010d\u00ed na 1 mesiac lie\u010dby.<\/span><\/p>\n<p><span style=\"color: #000000;\">Ka\u017ed\u00e1 f\u013ea\u0161a vybranej zmesi sa pripravuje ru\u010dne a v re\u00e1lnom \u010dase. Aby zmes zostala dlh\u0161ie \u010derstv\u00e1, pou\u017eijeme trochu alkoholu (ko\u0148aku). Zmes m\u00e1 trvanlivos\u0165 1 mesiac od d\u00e1tumu n\u00e1kupu.<\/span><\/p>\n<p><span style=\"color: #000000;\">Ke\u010f\u017ee Bachove kvapky nemaj\u00fa \u017eiadne ved\u013eaj\u0161ie \u00fa\u010dinky, nemo\u017eno sa nimi pred\u00e1vkova\u0165 a nie s\u00fa n\u00e1vykov\u00e9. S\u00fa vhodn\u00e9 pre v\u0161etk\u00fdch &#8211; tehotn\u00e9 \u017eeny, doj\u010diace matky, star\u0161\u00edch \u013eud\u00ed, deti aj zvierat\u00e1.<\/span><\/p>\n<p><span style=\"color: #000000;\">Neinteraguj\u00fa s in\u00fdmi liekmi.<\/span><\/p>\n<h2><span style=\"color: #000000;\">Skladovanie<\/span><\/h2>\n<p><span style=\"color: #000000;\">Skladujte na suchom a tmavom mieste pri teplote do +25 \u00b0C.<\/span><\/p>\n<h2><span style=\"color: #000000;\">Mno\u017estvo<\/span><\/h2>\n<p><span style=\"color: #000000;\">30 ml (posta\u010duje na 30 dn\u00ed pravideln\u00e9ho pou\u017e\u00edvania)<\/span>[\/vc_column_text][\/vc_column][\/vc_row]<\/p>\n<\/div>","protected":false},"excerpt":{"rendered":"<p>Bachove kvapky s\u00fa \u00fa\u010dinn\u00e9 pri r\u00f4znych emocion\u00e1lnych \u0165a\u017ekostiach. Pom\u00e1haj\u00fa v r\u00f4znych kr\u00edzach a \u0165a\u017ek\u00fdch \u017eivotn\u00fdch situ\u00e1ci\u00e1ch. Pom\u00e1haj\u00fa sa upokoji\u0165 a zachova\u0165 si pokojn\u00fa hlavu. P\u00f4sobia na n\u00e1\u0161 emocion\u00e1lny stav a pom\u00e1haj\u00fa ho harmonizova\u0165.<\/p>\n<p>\ud83d\udc9a Kvapky sa balia ru\u010dne v de\u0148 exped\u00edcie.<br \/>\n\ud83d\udc9a S\u00fa vhodn\u00e9 pre v\u0161etk\u00fdch \u013eud\u00ed (tehotn\u00e9 \u017eeny, star\u0161\u00edch \u013eud\u00ed, deti&#8230;) a zvierat\u00e1.<br \/>\n\ud83d\udc9a Nemaj\u00fa \u017eiadne ved\u013eaj\u0161ie \u00fa\u010dinky, nie s\u00fa n\u00e1vykov\u00e9 a nemo\u017eno sa nimi pred\u00e1vkova\u0165.<br \/>\n\ud83d\udc9a Prv\u00e9 v\u00fdsledky si m\u00f4\u017eete v\u0161imn\u00fa\u0165 po nieko\u013ek\u00fdch d\u0148och alebo t\u00fd\u017ed\u0148och, to z\u00e1vis\u00ed od ka\u017ed\u00e9ho jednotlivca.<br \/>\n\ud83d\udc9a Neinteraguj\u00fa s in\u00fdmi liekmi.<\/p>\n","protected":false},"featured_media":6487,"comment_status":"open","ping_status":"closed","template":"","meta":{"_acf_changed":false},"product_brand":[],"product_cat":[15,241,224,225],"product_tag":[],"class_list":{"0":"post-6985","1":"product","2":"type-product","3":"status-publish","4":"has-post-thumbnail","6":"product_cat-uncategorized","7":"product_cat-bachove-kvapky","8":"product_cat-ponuka","9":"product_cat-vsetky-produkty","11":"first","12":"instock","13":"sale","14":"taxable","15":"shipping-taxable","16":"purchasable","17":"product-type-simple"},"acf":[],"_links":{"self":[{"href":"https:\/\/fengchashop.com\/sk\/wp-json\/wp\/v2\/product\/6985","targetHints":{"allow":["GET"]}}],"collection":[{"href":"https:\/\/fengchashop.com\/sk\/wp-json\/wp\/v2\/product"}],"about":[{"href":"https:\/\/fengchashop.com\/sk\/wp-json\/wp\/v2\/types\/product"}],"replies":[{"embeddable":true,"href":"https:\/\/fengchashop.com\/sk\/wp-json\/wp\/v2\/comments?post=6985"}],"wp:featuredmedia":[{"embeddable":true,"href":"https:\/\/fengchashop.com\/sk\/wp-json\/wp\/v2\/media\/6487"}],"wp:attachment":[{"href":"https:\/\/fengchashop.com\/sk\/wp-json\/wp\/v2\/media?parent=6985"}],"wp:term":[{"taxonomy":"product_brand","embeddable":true,"href":"https:\/\/fengchashop.com\/sk\/wp-json\/wp\/v2\/product_brand?post=6985"},{"taxonomy":"product_cat","embeddable":true,"href":"https:\/\/fengchashop.com\/sk\/wp-json\/wp\/v2\/product_cat?post=6985"},{"taxonomy":"product_tag","embeddable":true,"href":"https:\/\/fengchashop.com\/sk\/wp-json\/wp\/v2\/product_tag?post=6985"}],"curies":[{"name":"wp","href":"https:\/\/api.w.org\/{rel}","templated":true}]}}