{"id":6984,"date":"2025-10-07T08:54:55","date_gmt":"2025-10-07T06:54:55","guid":{"rendered":"https:\/\/fengchashop.com\/sk\/?post_type=product&#038;p=6984"},"modified":"2026-04-17T09:13:52","modified_gmt":"2026-04-17T07:13:52","slug":"bachove-kvapky-hnev","status":"publish","type":"product","link":"https:\/\/fengchashop.com\/sk\/product\/bachove-kvapky-hnev\/","title":{"rendered":"Bachove kvapky Hnev"},"content":{"rendered":"<div class=\"wpb-content-wrapper\"><p>[vc_row][vc_column][vc_column_text css=&#8220;&#8220;]<\/p>\n<h2 style=\"text-align: justify;\"><span style=\"color: #000000;\">Bachovy recepty na hn\u011bv<\/span><\/h2>\n<p><strong>Hn\u011bv<\/strong> je siln\u00e1 emoce, kter\u00e1 se m\u016f\u017ee objevit, kdy\u017e se c\u00edt\u00edme uk\u0159ivd\u011bni, bezmocn\u00ed nebo zahlceni. P\u0159esto\u017ee je to zcela p\u0159irozen\u00e1 reakce, nadm\u011brn\u00fd a nekontrolovan\u00fd hn\u011bv m\u016f\u017ee negativn\u011b ovlivnit na\u0161e vztahy, zdrav\u00ed a celkovou pohodu. Kdy\u017e se v n\u00e1s hromad\u00ed, \u010dasto ho doprov\u00e1z\u00ed nap\u011bt\u00ed, neklid, nespokojenost nebo dokonce pocit vyho\u0159en\u00ed. Proto je d\u016fle\u017eit\u00e9 <strong>nau\u010dit se zvl\u00e1dat hn\u011bv zdrav\u00fdm a vyv\u00e1\u017een\u00fdm zp\u016fsobem<\/strong>. Bachovy recepty n\u00e1m s t\u00edm mohou pomoci, proto\u017ee <strong>podporuj\u00ed emo\u010dn\u00ed rovnov\u00e1hu a vnit\u0159n\u00ed klid<\/strong>.<\/p>\n<p>Prvn\u00ed zm\u011bny lze poc\u00edtit ji\u017e po n\u011bkolika dnech nebo t\u00fddnech \u2013 z\u00e1le\u017e\u00ed na ka\u017ed\u00e9m jednotlivci. P\u0159ipraven\u00e1 sm\u011bs vysta\u010d\u00ed na p\u0159ibli\u017en\u011b 30 dn\u00ed a kapky lze jednodu\u0161e aplikovat p\u0159\u00edmo do \u00fast nebo p\u0159idat do sklenice vody.<\/p>\n<p><strong>Nej\u010dast\u011bj\u0161\u00ed p\u0159\u00ed\u010diny hn\u011bvu jsou:<\/strong><\/p>\n<ul>\n<li>pocit nespravedlnosti nebo ne\u00facty,<\/li>\n<li>p\u0159et\u00ed\u017een\u00ed a stres,<\/li>\n<li>nespln\u011bn\u00e1 o\u010dek\u00e1v\u00e1n\u00ed<\/li>\n<li>zadr\u017eov\u00e1n\u00ed emoc\u00ed a nevyj\u00e1d\u0159en\u00fdch pot\u0159eb,<\/li>\n<li>pocit bezmoci nebo nedostatku kontroly.<\/li>\n<\/ul>\n<p><strong>Terapia Bachov\u00fdmi kvetov\u00fdmi kvapkami proti hnevu v\u00e1m pom\u00f4\u017ee:<\/strong><\/p>\n<ul>\n<li>najd\u011bte vnit\u0159n\u00ed klid,<\/li>\n<li>sn\u00e1ze zvl\u00e1dat vypjat\u00e9 situace,<\/li>\n<li>uvoln\u011bte nahromad\u011bn\u00e9 emoce,<\/li>\n<li>sn\u00ed\u017eit podr\u00e1\u017ed\u011bnost a impulzivitu,<\/li>\n<li>obnovit pocit rovnov\u00e1hy.<\/li>\n<\/ul>\n<h2 style=\"text-align: justify;\"><span style=\"color: #000000;\">\u00da\u010dinek Bachov\u00fdch kapek<\/span><\/h2>\n<p>Bachovy kapky \u00fa\u010dinn\u011b podporuj\u00ed<strong>emocion\u00e1ln\u00ed rovnov\u00e1hu a mohou b\u00fdt n\u00e1pomocn\u00e9 p\u0159i zvl\u00e1d\u00e1n\u00ed vzteku, kter\u00fd \u010dasto vede k nap\u011bt\u00ed, neklidu a dal\u0161\u00edmu emo\u010dn\u00edmu str\u00e1d\u00e1n\u00ed<\/strong>. Bachovy kapky n\u00e1m tak\u00e9 pom\u00e1haj\u00ed v r\u016fzn\u00fdch kriz\u00edch a obt\u00ed\u017en\u00fdch \u017eivotn\u00edch situac\u00edch, zkou\u0161k\u00e1ch. Pom\u00e1haj\u00ed n\u00e1m uklidnit se a zachovat si klidnou hlavu, proto\u017ee ovliv\u0148uj\u00ed n\u00e1\u0161 emo\u010dn\u00ed stav a pom\u00e1haj\u00ed jej harmonizovat. Pomoc\u00ed Bachov\u00fdch kapek <strong>p\u0159eb\u00edr\u00e1me kontrolu nad sv\u00fdmi emocemi<\/strong>, jen tak vytv\u00e1\u0159\u00edme harmonii a nach\u00e1z\u00edme tak sv\u016fj vnit\u0159n\u00ed klid.<\/p>\n<p><span style=\"color: #000000;\">Bachova terapia podporuje samolie\u010dbu a duchovn\u00e9 uvo\u013enenie. Pod\u013ea te\u00f3rie doktora Bacha spo\u010d\u00edva pr\u00ed\u010dina choroby v neharmonickom stave alebo v nedostatku harm\u00f3nie medzi telom a du\u0161ou. Pomocou kvetinov\u00fdch esenci\u00ed sa sna\u017e\u00edme lie\u010di\u0165 choroby vyu\u017e\u00edvan\u00edm pozit\u00edvnych vlastnost\u00ed kvetov, ktor\u00e9 n\u00e1m pom\u00e1haj\u00fa obnovi\u0165 vn\u00fatorn\u00fa rovnov\u00e1hu.<\/span><\/p>\n<p><span style=\"color: #000000;\">Bachove kvapky s\u00fa pripraven\u00e9 pod\u013ea met\u00f3dy Dr. Bacha, pri\u010dom sa pou\u017e\u00edvaj\u00fa len origin\u00e1lne Bachove esencie.<\/span><\/p>\n<p><span style=\"color: #000000;\">Bachove kvapky sa d\u00e1vkuj\u00fa z f\u013ea\u0161ti\u010dky s prilo\u017eenou pipetou, v\u010faka \u010domu je d\u00e1vkovanie ve\u013emi jednoduch\u00e9. U\u017e\u00edvajte 4 kvapky 4-kr\u00e1t denne, rozlo\u017een\u00e9 po\u010das d\u0148a. F\u013ea\u0161ti\u010dka, ktor\u00fa dostanete, vysta\u010d\u00ed na 1 mesiac lie\u010dby.<\/span><\/p>\n<p><span style=\"color: #000000;\">Ka\u017ed\u00e1 f\u013ea\u0161a vybranej zmesi sa pripravuje ru\u010dne a v re\u00e1lnom \u010dase. Aby zmes zostala dlh\u0161ie \u010derstv\u00e1, pou\u017eijeme trochu alkoholu (ko\u0148aku). Zmes m\u00e1 trvanlivos\u0165 1 mesiac od d\u00e1tumu n\u00e1kupu.<\/span><\/p>\n<p><span style=\"color: #000000;\">Ke\u010f\u017ee Bachove kvapky nemaj\u00fa \u017eiadne ved\u013eaj\u0161ie \u00fa\u010dinky, nemo\u017eno sa nimi pred\u00e1vkova\u0165 a nie s\u00fa n\u00e1vykov\u00e9. S\u00fa vhodn\u00e9 pre v\u0161etk\u00fdch &#8211; tehotn\u00e9 \u017eeny, doj\u010diace matky, star\u0161\u00edch \u013eud\u00ed, deti aj zvierat\u00e1.<\/span><\/p>\n<p><span style=\"color: #000000;\">Neinteraguj\u00fa s in\u00fdmi liekmi.<\/span><\/p>\n<h2><span style=\"color: #000000;\">Skladovanie<\/span><\/h2>\n<p><span style=\"color: #000000;\">Skladujte na suchom a tmavom mieste pri teplote do +25 \u00b0C.<\/span><\/p>\n<h2><span style=\"color: #000000;\">Mno\u017estvo<\/span><\/h2>\n<p><span style=\"color: #000000;\">30 ml (posta\u010duje na 30 dn\u00ed pravideln\u00e9ho pou\u017e\u00edvania)<\/span>[\/vc_column_text][\/vc_column][\/vc_row]<\/p>\n<\/div>","protected":false},"excerpt":{"rendered":"<p>Bachove kvapky s\u00fa \u00fa\u010dinn\u00e9 pri r\u00f4znych emocion\u00e1lnych \u0165a\u017ekostiach. Pom\u00e1haj\u00fa v r\u00f4znych kr\u00edzach a \u0165a\u017ek\u00fdch \u017eivotn\u00fdch situ\u00e1ci\u00e1ch. Pom\u00e1haj\u00fa sa upokoji\u0165 a zachova\u0165 si pokojn\u00fa hlavu. P\u00f4sobia na n\u00e1\u0161 emocion\u00e1lny stav a pom\u00e1haj\u00fa ho harmonizova\u0165.<\/p>\n<p>\ud83d\udc9a Kvapky sa balia ru\u010dne v de\u0148 exped\u00edcie.<br \/>\n\ud83d\udc9a S\u00fa vhodn\u00e9 pre v\u0161etk\u00fdch \u013eud\u00ed (tehotn\u00e9 \u017eeny, star\u0161\u00edch \u013eud\u00ed, deti&#8230;) a zvierat\u00e1.<br \/>\n\ud83d\udc9a Nemaj\u00fa \u017eiadne ved\u013eaj\u0161ie \u00fa\u010dinky, nie s\u00fa n\u00e1vykov\u00e9 a nemo\u017eno sa nimi pred\u00e1vkova\u0165.<br \/>\n\ud83d\udc9a Prv\u00e9 v\u00fdsledky si m\u00f4\u017eete v\u0161imn\u00fa\u0165 po nieko\u013ek\u00fdch d\u0148och alebo t\u00fd\u017ed\u0148och, to z\u00e1vis\u00ed od ka\u017ed\u00e9ho jednotlivca.<br \/>\n\ud83d\udc9a Neinteraguj\u00fa s in\u00fdmi liekmi.<\/p>\n","protected":false},"featured_media":6487,"comment_status":"open","ping_status":"closed","template":"","meta":{"_acf_changed":false},"product_brand":[],"product_cat":[15,241,224,225],"product_tag":[],"class_list":{"0":"post-6984","1":"product","2":"type-product","3":"status-publish","4":"has-post-thumbnail","6":"product_cat-uncategorized","7":"product_cat-bachove-kvapky","8":"product_cat-ponuka","9":"product_cat-vsetky-produkty","11":"first","12":"instock","13":"sale","14":"taxable","15":"shipping-taxable","16":"purchasable","17":"product-type-simple"},"acf":[],"_links":{"self":[{"href":"https:\/\/fengchashop.com\/sk\/wp-json\/wp\/v2\/product\/6984","targetHints":{"allow":["GET"]}}],"collection":[{"href":"https:\/\/fengchashop.com\/sk\/wp-json\/wp\/v2\/product"}],"about":[{"href":"https:\/\/fengchashop.com\/sk\/wp-json\/wp\/v2\/types\/product"}],"replies":[{"embeddable":true,"href":"https:\/\/fengchashop.com\/sk\/wp-json\/wp\/v2\/comments?post=6984"}],"wp:featuredmedia":[{"embeddable":true,"href":"https:\/\/fengchashop.com\/sk\/wp-json\/wp\/v2\/media\/6487"}],"wp:attachment":[{"href":"https:\/\/fengchashop.com\/sk\/wp-json\/wp\/v2\/media?parent=6984"}],"wp:term":[{"taxonomy":"product_brand","embeddable":true,"href":"https:\/\/fengchashop.com\/sk\/wp-json\/wp\/v2\/product_brand?post=6984"},{"taxonomy":"product_cat","embeddable":true,"href":"https:\/\/fengchashop.com\/sk\/wp-json\/wp\/v2\/product_cat?post=6984"},{"taxonomy":"product_tag","embeddable":true,"href":"https:\/\/fengchashop.com\/sk\/wp-json\/wp\/v2\/product_tag?post=6984"}],"curies":[{"name":"wp","href":"https:\/\/api.w.org\/{rel}","templated":true}]}}