{"id":6970,"date":"2025-10-06T14:03:30","date_gmt":"2025-10-06T12:03:30","guid":{"rendered":"https:\/\/fengchashop.com\/sk\/?post_type=product&#038;p=6970"},"modified":"2026-04-18T12:24:46","modified_gmt":"2026-04-18T10:24:46","slug":"chaga-inonotus-obliquus-bio","status":"publish","type":"product","link":"https:\/\/fengchashop.com\/sk\/product\/chaga-inonotus-obliquus-bio\/","title":{"rendered":"Chaga (Inonotus obliquus) BIO 125 g"},"content":{"rendered":"<div class=\"wpb-content-wrapper\"><p>[vc_row][vc_column][vc_column_text css=&#8220;&#8220;]<\/p>\n<h2><span style=\"color: #000000\">\u010caga \u2013 Inonotus obliquus BIO pr\u00e1\u0161ok<\/span><\/h2>\n<p><span style=\"color: #000000\">\u010caga, alebo Inonotus obliquus, je <strong>jednou z najd\u00f4le\u017eitej\u0161\u00edch lie\u010div\u00fdch h\u00fab v tradi\u010dnej \u010d\u00ednskej medic\u00edne. <\/strong>Poch\u00e1dza zo Sib\u00edri, kde sa jej dar\u00ed aj pri teplot\u00e1ch a\u017e do &#8211; 40 \u00b0C, a pova\u017euje sa za najsilnej\u0161\u00ed antioxidant spomedzi v\u0161etk\u00fdch zn\u00e1mych lie\u010div\u00fdch h\u00fab. \u010caga je parazitick\u00e1 huba, ktor\u00e1 rastie na \u017eiv\u00fdch stromoch (v\u00e4\u010d\u0161inou na brez\u00e1ch) a \u017eiv\u00ed sa ich miazgou.\u00a0 \u010caga je adaptog\u00e9nna huba a pova\u017euje sa za jeden z<strong> najsilnej\u0161\u00edch antioxidantov.<\/strong> Rusk\u00ed a japonsk\u00ed vedci ju dokonca uprednost\u0148uj\u00fa pred zn\u00e1mou hubou Ganoderma lucidum (reishi).<\/span><br \/>\n<span style=\"color: #000000\">V pr\u00e1\u0161kovej forme je \u010daga bohat\u00e1 na \u017eiviny a jej priazniv\u00e9 \u00fa\u010dinky boli vedecky dok\u00e1zan\u00e9. \u0160t\u00fadie v r\u00f4znych krajin\u00e1ch po celom svete identifikovali mno\u017estvo priazniv\u00fdch \u00fa\u010dinkov spojen\u00fdch s pravidelnou konzum\u00e1ciou tejto huby. P\u00f4sob\u00ed najm\u00e4<strong> proti stresu, posil\u0148uje imunitn\u00fd syst\u00e9m, zlep\u0161uje ment\u00e1lne schopnosti, reguluje funkciu svalov a nervov\u00fa funkciu a m\u00e1 vlastnosti p\u00f4sobiace proti starnutiu.<\/strong><\/span><br \/>\n<span style=\"color: #000000\">O niektor\u00fdch \u00fa\u010dinn\u00fdch l\u00e1tkach huby \u010daga sa dokonca hovor\u00ed, \u017ee s\u00fa jedine\u010dn\u00e9.<\/span><br \/>\n<span style=\"color: #000000\">V\u00fdroba na\u0161ej huby \u010daga je pr\u00edsne kontrolovan\u00e1, bez pou\u017eitia chemik\u00e1li\u00ed alebo pestic\u00eddov a 100% ekologick\u00e1. Kvalitu h\u00fab pravidelne kontroluj\u00fa nez\u00e1visl\u00e9 laborat\u00f3ri\u00e1 v Slovinsku a USA.<\/span><\/p>\n<h2><span style=\"color: #000000\">\u010co obsahuje a pre koho je ur\u010den\u00e1?<\/span><\/h2>\n<p><span style=\"color: #000000\">\u010caga sa sklad\u00e1 z kyseliny betul\u00ednovej, polysacharidov, beta-gluk\u00e1nov, lanosterolov, vitam\u00ednov a miner\u00e1lov. Kyselina betul\u00ednov\u00e1 sa pova\u017euje za inhib\u00edtor melan\u00f3mov. Z\u00e1rove\u0148 zni\u017euje z\u00e1pal v tele, ktor\u00fd m\u00f4\u017ee by\u0165 pr\u00ed\u010dinou r\u00f4znych ochoren\u00ed. Kyselina betul\u00ednov\u00e1 zohr\u00e1va d\u00f4le\u017eit\u00fa \u00falohu aj pri dosahovan\u00ed n\u00edzkej hladiny zl\u00e9ho LDL cholesterolu. V literat\u00fare sa dokonca uv\u00e1dza, \u017ee huba chaga <strong>p\u00f4sob\u00ed proti bolesti.<\/strong><\/span><br \/>\n<span style=\"color: #000000\">V\u0161etky prvky s\u00fa v hub\u00e1ch pr\u00edtomn\u00e9 vo ve\u013ek\u00fdch mno\u017estv\u00e1ch a maj\u00fa ve\u013emi pozit\u00edvny vplyv na n\u00e1\u0161 organizmus.<\/span><br \/>\n<span style=\"color: #000000\">V tradi\u010dnej \u010d\u00ednskej medic\u00edne sa pou\u017e\u00edva u\u017e tis\u00edcky rokov a v s\u00fa\u010dasnosti je jednou z <strong>najob\u013e\u00fabenej\u0161\u00edch h\u00fab<\/strong> v modernom svete. Mnoh\u00e9 \u0161t\u00fadie potvrdili s\u00favislosti medzi \u00fa\u010dinn\u00fdmi l\u00e1tkami v hube \u010daga a prevenciou alebo lie\u010dbou rakoviny. Predpoklad\u00e1 sa, \u017ee ni\u010d\u00ed chor\u00e9 rakovinov\u00e9 bunky, zatia\u013e \u010do nepo\u0161kodzuje zdrav\u00e9 bunky. Jej pozit\u00edvne \u00fa\u010dinky zah\u0155\u0148aj\u00fa:<\/span><br \/>\n<span style=\"color: #000000\">\ud83d\udc9a p\u00f4sob\u00ed proti v\u0161etk\u00fdm form\u00e1m rakoviny a posil\u0148uje imunitn\u00fd syst\u00e9m, <\/span><br \/>\n<span style=\"color: #000000\">\ud83d\udc9a p\u00f4sob\u00ed proti stresu a jeho n\u00e1sledkom, <\/span><br \/>\n<span style=\"color: #000000\">\ud83d\udc9a je analgetick\u00e1 a protiz\u00e1palov\u00e1, <\/span><br \/>\n<span style=\"color: #000000\">\ud83d\udc9a je to antioxidant, <\/span><br \/>\n<span style=\"color: #000000\">\ud83d\udc9a zlep\u0161uje my\u0161lienkov\u00e9 procesy, <\/span><br \/>\n<span style=\"color: #000000\">\ud83d\udc9a p\u00f4sob\u00ed proti starnutiu, <\/span><br \/>\n<span style=\"color: #000000\">\ud83d\udc9a m\u00f4\u017ee tie\u017e regulova\u0165 funkciu svalov a nervov, \u010d\u00edm zvy\u0161uje fyzick\u00fa v\u00fdkonnos\u0165, <\/span><br \/>\n<span style=\"color: #000000\">\ud83d\udc9a tie\u017e zni\u017euje \u00fanavu, zlep\u0161uje imunitu a pom\u00e1ha lep\u0161ie spa\u0165. <\/span><br \/>\n<span style=\"color: #000000\">\u00a0<\/span><br \/>\n<span style=\"color: #000000\">Odpor\u00fa\u010da sa najm\u00e4 ako doplnok stravy s vysok\u00fdm obsahom antioxidantov, ktor\u00e9 pom\u00e1haj\u00fa udr\u017eiava\u0165 na\u0161e zdravie. Chr\u00e1ni n\u00e1s pred chorobami a posil\u0148uje imunitn\u00fd syst\u00e9m. Z\u00e1rove\u0148 spoma\u013euje proces starnutia.<\/span><br \/>\n<span style=\"color: #000000\">A mimoriadne d\u00f4le\u017eit\u00e9 je, \u017ee \u010daga je 100% pr\u00edrodn\u00fd produkt, ktor\u00fd n\u00e1m m\u00f4\u017ee pom\u00f4c\u0165 prirodzen\u00fdm sp\u00f4sobom. Zmier\u0148uje pr\u00edznaky na\u0161ich ochoren\u00ed a m\u00e1 pozit\u00edvny vplyv na na\u0161u celkov\u00fa pohodu.<\/span><\/p>\n<h2><span style=\"color: #000000\">Pre\u010do huby?<\/span><\/h2>\n<p><span style=\"color: #000000\">Huby s\u00fa ve\u013emi zauj\u00edmav\u00e9. Nie s\u00fa to ani rastliny, ani \u017eivo\u010d\u00edchy, ale ur\u010dite s\u00fa to <strong>\u00fa\u017easn\u00e9 organizmy<\/strong>, ktor\u00e9 dok\u00e1zali pre\u017ei\u0165 takmer od po\u010diatku sveta. Vyvinuli si \u0161pecifick\u00fa strat\u00e9giu pre\u017eitia, ktor\u00fa si zachovali dodnes. No tieto v\u00fdhody m\u00f4\u017eu vyu\u017e\u00edva\u0165 aj \u013eudia, a to konzum\u00e1ciou lie\u010div\u00fdch h\u00fab. Prin\u00e1\u0161aj\u00fa n\u00e1m rovnov\u00e1hu na fyzickej \u00farovni a chr\u00e1nia n\u00e1s pred mnoh\u00fdmi chorobami. M\u00f4\u017eu p\u00f4sobi\u0165 <strong>prevent\u00edvne<\/strong>, ale m\u00f4\u017eu by\u0165 aj <strong>podpornou lie\u010dbou<\/strong> popri konven\u010dnej alebo inej nekonven\u010dnej lie\u010dbe mnoh\u00fdch (modern\u00fdch) ochoren\u00ed. Tradi\u010dne sa hub\u00e1m pripisuj\u00fa \u00fa\u010dinky v pr\u00edpadoch rakoviny, autoimunitn\u00fdch ochoren\u00ed aj alergi\u00ed. S\u00fa tie\u017e oso\u017en\u00e9 pre zdrav\u00fa a siln\u00fa imunitn\u00fa odpove\u010f. Lek\u00e1rsky v\u00fdskum uskuto\u010dnen\u00fd v posledn\u00fdch desa\u0165ro\u010diach, ke\u010f sa huby stali predmetom z\u00e1ujmu z\u00e1padn\u00e9ho sveta, v\u0161ak potvrdil mnoh\u00e9 ich lie\u010div\u00e9 \u00fa\u010dinky.<\/span><br \/>\n<span style=\"color: #000000\">Ke\u010f\u017ee niektor\u00e9 pr\u00edrodn\u00e9 akt\u00edvne zlo\u017eky s\u00fa pre n\u00e1s nestr\u00e1vite\u013en\u00e9 alebo \u0165a\u017eko str\u00e1vite\u013en\u00e9, je ve\u013emi d\u00f4le\u017eit\u00e9 konzumova\u0165 len tie najlep\u0161ie hubov\u00e9 pr\u00e1\u0161ky. Huby sa musia spr\u00e1vne pestova\u0165, su\u0161i\u0165 a pripravova\u0165. Musia sa rozomlie\u0165 na jemn\u00fd pr\u00e1\u0161ok bez hrudiek. Farba pr\u00e1\u0161ku je svetlej\u0161ia, ale z\u00e1vis\u00ed aj od druhu huby, ktor\u00fa u\u017e\u00edvate.\u00a0Ke\u010f\u017ee s\u00fa huby tak\u00e9 \u00fa\u010dinn\u00e9 pr\u00e1ve preto, \u017ee maj\u00fa schopnos\u0165 absorbova\u0165 v\u0161etko \u2013 dobr\u00e9 aj zl\u00e9 \u2013 z okolit\u00e9ho prostredia, je d\u00f4le\u017eit\u00e9 pou\u017e\u00edva\u0165 bio huby.<\/span><\/p>\n<h2><span style=\"color: #000000\">Balenie<\/span><\/h2>\n<p><span style=\"color: #000000\">Nepriepustn\u00e9 vrecko so zipsom, v ktorom si produkt zachov\u00e1va svoju \u010derstvos\u0165 a v\u00f4\u0148u. Obal chr\u00e1ni pred svetlom a vzduchom, ke\u010f\u017ee sa sklad\u00e1 z nieko\u013ek\u00fdch ochrann\u00fdch vrstiev, ktor\u00e9 uchov\u00e1vaj\u00fa vlastnosti obsahu vn\u00fatri.<\/span><br \/>\n<span style=\"color: #000000\">Obal je ve\u013emi praktick\u00fd a recyklovate\u013en\u00fd.<\/span><\/p>\n<h2><span style=\"color: #000000\">Skladovanie a upozornenia<\/span><\/h2>\n<p><span style=\"color: #000000\">Skladujte na chladnom a suchom mieste. V\u00fd\u017eivov\u00fd doplnok uchov\u00e1vajte mimo dosahu det\u00ed!<\/span><br \/>\n<span style=\"color: #000000\">Pam\u00e4tajte na d\u00f4le\u017eitos\u0165 pestrej stravy a zdrav\u00e9ho \u017eivotn\u00e9ho \u0161t\u00fdlu, v\u00fd\u017eivov\u00fd doplnok nie je n\u00e1hradou vyv\u00e1\u017eenej a pestrej stravy. Odpor\u00fa\u010dan\u00e9 denn\u00e9 mno\u017estvo alebo d\u00e1vka by sa nemali prekro\u010di\u0165. Tehotn\u00fdm a doj\u010diacim \u017een\u00e1m sa odpor\u00fa\u010da, aby sa v\u017edy pred pou\u017eit\u00edm poradili s lek\u00e1rom.<\/span><\/p>\n<h2><span style=\"color: #000000\">Je dobr\u00e9 vedie\u0165<\/span><\/h2>\n<p><span style=\"color: #000000\">Produkt je vhodn\u00fd aj pre zvierat\u00e1. Vo v\u00e4\u010d\u0161ine pr\u00edpadov sa lie\u010div\u00e9 huby ukazuj\u00fa ako mimoriadne \u00fa\u010dinn\u00e9 pri posil\u0148ovan\u00ed imunitn\u00e9ho syst\u00e9mu, lie\u010dbe alergi\u00ed a ko\u017en\u00fdch ochoren\u00ed, ako aj v\u00edrusov\u00fdch a bakteri\u00e1lnych infekci\u00ed. Pred pou\u017eit\u00edm sa pora\u010fte so svoj\u00edm veterin\u00e1rom, aby ur\u010dil vhodnos\u0165 pod\u00e1vania a odpor\u00fa\u010dan\u00e9 denn\u00e9 mno\u017estvo.<\/span><\/p>\n<h2><span style=\"color: #000000\">P\u00f4vod<\/span><\/h2>\n<p>\u010c\u00edna<\/p>\n<p>M\u00e1me ve\u013emi spo\u013eahliv\u00fdch dod\u00e1vate\u013eov, ktor\u00ed n\u00e1m posielaj\u00fa podrobn\u00fa chemick\u00fa anal\u00fdzu potrav\u00edn pre ka\u017ed\u00fa \u0161ar\u017eu. Za viac ako desa\u0165 rokov sme nemali \u017eiadne stiahnutia z trhu ani \u017eiadne in\u00e9 probl\u00e9my s t\u00fdmto produktom, ani s in\u00fdmi produktmi od toho ist\u00e9ho dod\u00e1vate\u013ea.<\/p>\n<p>Tento produkt je 100 % certifikovan\u00fd ako organick\u00fd.[\/vc_column_text][\/vc_column][\/vc_row]<\/p>\n<\/div>","protected":false},"excerpt":{"rendered":"<p align=\"JUSTIFY\">\u010caga, alebo Inonotus obliquus, je jednou z najd\u00f4le\u017eitej\u0161\u00edch lie\u010div\u00fdch h\u00fab v tradi\u010dnej \u010d\u00ednskej medic\u00edne. Poch\u00e1dza zo Sib\u00edri, kde sa jej dar\u00ed aj pri teplot\u00e1ch a\u017e do &#8211; 40 \u00b0C, a pova\u017euje sa za najsilnej\u0161\u00ed antioxidant spomedzi v\u0161etk\u00fdch zn\u00e1mych lie\u010div\u00fdch h\u00fab<\/p>\n<p>\ud83d\udc9a P\u00f4sob\u00ed proti v\u0161etk\u00fdm form\u00e1m rakoviny a posil\u0148uje imunitn\u00fd syst\u00e9m.<br \/>\n\ud83d\udc9a P\u00f4sob\u00ed proti stresu a jeho n\u00e1sledkom.<br \/>\n\ud83d\udc9a Je analgetick\u00e1 a protiz\u00e1palov\u00e1.<br \/>\n\ud83d\udc9a Je to antioxidant.<\/p>\n","protected":false},"featured_media":5849,"comment_status":"open","ping_status":"closed","template":"","meta":{"_acf_changed":false},"product_brand":[],"product_cat":[15,229,224,225],"product_tag":[],"class_list":{"0":"post-6970","1":"product","2":"type-product","3":"status-publish","4":"has-post-thumbnail","6":"product_cat-uncategorized","7":"product_cat-liecive-huby","8":"product_cat-ponuka","9":"product_cat-vsetky-produkty","11":"first","12":"instock","13":"sale","14":"taxable","15":"shipping-taxable","16":"purchasable","17":"product-type-simple"},"acf":[],"_links":{"self":[{"href":"https:\/\/fengchashop.com\/sk\/wp-json\/wp\/v2\/product\/6970","targetHints":{"allow":["GET"]}}],"collection":[{"href":"https:\/\/fengchashop.com\/sk\/wp-json\/wp\/v2\/product"}],"about":[{"href":"https:\/\/fengchashop.com\/sk\/wp-json\/wp\/v2\/types\/product"}],"replies":[{"embeddable":true,"href":"https:\/\/fengchashop.com\/sk\/wp-json\/wp\/v2\/comments?post=6970"}],"wp:featuredmedia":[{"embeddable":true,"href":"https:\/\/fengchashop.com\/sk\/wp-json\/wp\/v2\/media\/5849"}],"wp:attachment":[{"href":"https:\/\/fengchashop.com\/sk\/wp-json\/wp\/v2\/media?parent=6970"}],"wp:term":[{"taxonomy":"product_brand","embeddable":true,"href":"https:\/\/fengchashop.com\/sk\/wp-json\/wp\/v2\/product_brand?post=6970"},{"taxonomy":"product_cat","embeddable":true,"href":"https:\/\/fengchashop.com\/sk\/wp-json\/wp\/v2\/product_cat?post=6970"},{"taxonomy":"product_tag","embeddable":true,"href":"https:\/\/fengchashop.com\/sk\/wp-json\/wp\/v2\/product_tag?post=6970"}],"curies":[{"name":"wp","href":"https:\/\/api.w.org\/{rel}","templated":true}]}}