{"id":6669,"date":"2025-07-18T08:49:40","date_gmt":"2025-07-18T06:49:40","guid":{"rendered":"https:\/\/fengchashop.com\/sk\/?post_type=product&#038;p=6669"},"modified":"2025-07-31T08:53:51","modified_gmt":"2025-07-31T06:53:51","slug":"dracia-krv-sangre-de-grado-drago-kvapky","status":"publish","type":"product","link":"https:\/\/fengchashop.com\/sk\/product\/dracia-krv-sangre-de-grado-drago-kvapky\/","title":{"rendered":"Dra\u010dia krv (Sangre de Grado \/ Drago) kvapky 30 ml"},"content":{"rendered":"<h2><strong>\u010co je Dra\u010dia krv?<\/strong><\/h2>\n<p><strong>\u00a0<\/strong>Dra\u010dia krv, tie\u017e zn\u00e1ma ako <strong>Sangre de Grado alebo Drago<\/strong>, je vz\u00e1cna <strong>\u010dervenohned\u00e1 \u017eivica<\/strong> extrahovan\u00e1 z k\u00f4ry peru\u00e1nskeho dra\u010dieho stromu (Croton lechleri). Je to mimoriadne cenn\u00fd pr\u00edrodn\u00fd pr\u00edpravok, ktor\u00fd domorod\u00e9 obyvate\u013estvo v Ju\u017enej Amerike pou\u017e\u00edva u\u017e st\u00e1ro\u010dia ako v\u0161estrann\u00fd pr\u00edrodn\u00fd liek na mnoh\u00e9 neduhy \u2013 vonkaj\u0161ie aj vn\u00fatorn\u00e9. Z\u00edskava sa jemn\u00fdm rezan\u00edm k\u00f4ry stromu bez zni\u010denia rastliny.<\/p>\n<p>N\u00e1\u0161 produkt poch\u00e1dza z udr\u017eate\u013en\u00e9ho a ekologicky zodpovedn\u00e9ho pestovania v srdci peru\u00e1nskeho amazonsk\u00e9ho da\u017e\u010fov\u00e9ho pralesa. \u017divicu ru\u010dne zbieraj\u00fa miestni domorod\u00ed obyvatelia, ktor\u00ed si tak zachov\u00e1vaj\u00fa svoje tradi\u010dn\u00e9 vedomosti a za svoju pr\u00e1cu s\u00fa spravodlivo platen\u00ed. \u017divica sa extrahuje bez ni\u010denia stromov, \u010d\u00edm sa zabezpe\u010duje dlhodob\u00e1 ochrana pr\u00edrodn\u00e9ho prostredia.<\/p>\n<p>Dra\u010dia krv, ktor\u00fa pon\u00fakame, je <strong>100 % \u010dist\u00e1 rastlinn\u00e1 \u017eivica \u2013 bez alkoholu, konzerva\u010dn\u00fdch l\u00e1tok, farb\u00edv a umel\u00fdch pr\u00edsad<\/strong>. Ide o pr\u00edrodn\u00fd extrakt priamo z rastliny, ktor\u00fd si zachov\u00e1va v\u0161etky svoje p\u00f4vodn\u00e9 vlastnosti a terapeutick\u00fd potenci\u00e1l. M\u00e1 intenz\u00edvnu tmavo\u010derven\u00fa farbu, charakteristick\u00fa pre pr\u00edtomnos\u0165 pr\u00edrodn\u00fdch antioxidantov a trieslov\u00edn, preto je pri jeho pou\u017e\u00edvan\u00ed potrebn\u00e9 dba\u0165 na opatrnos\u0165, aby sa zabr\u00e1nilo kontaktu s oble\u010den\u00edm, preto\u017ee m\u00f4\u017ee zanecha\u0165 trval\u00e9 \u0161kvrny.<\/p>\n<h2><strong>\u00da\u010dinky a pr\u00ednosy dra\u010dej krvi<\/strong><\/h2>\n<p>V\u010faka svojmu jedine\u010dn\u00e9mu chemick\u00e9mu zlo\u017eeniu \u2013 vysok\u00e9mu obsahu trieslov\u00edn, alkaloidov (ako je tasp\u00edn), fenolick\u00fdch zl\u00fa\u010den\u00edn a antioxidantov \u2013 m\u00e1 dra\u010dia krv po\u010detn\u00e9 potvrden\u00e9 tradi\u010dn\u00e9 \u00fa\u010dinky:<\/p>\n<p><strong>\ud83d\udc9a Vonkaj\u0161ie pou\u017eitie \u2013 <em>prirodzen\u00e1 ochrana poko\u017eky<\/em>:<\/strong><\/p>\n<ul>\n<li><strong>R\u00fdchle hojenie r\u00e1n a poranen\u00ed<\/strong> \u2013 p\u00f4sob\u00ed ako pr\u00edrodn\u00e9 antiseptikum a hemostatikum (zastavuje krv\u00e1canie), podporuje regener\u00e1ciu tkan\u00edv<\/li>\n<li><strong>Zni\u017euje z\u00e1paly a svrbenie<\/strong> \u2013 vhodn\u00e9 pri akn\u00e9, u\u0161tipnut\u00ed hmyzom, ekz\u00e9moch, psori\u00e1ze a in\u00fdch ko\u017en\u00fdch probl\u00e9moch<\/li>\n<li><strong>\u00da\u010dinn\u00e9 proti ples\u0148ov\u00fdm a bakteri\u00e1lnym infekci\u00e1m<\/strong><\/li>\n<li><strong>Upokojuje pop\u00e1leniny vr\u00e1tane sp\u00e1len\u00edn od slnka<\/strong> \u2013 m\u00e1 chladiv\u00fd a regenera\u010dn\u00fd \u00fa\u010dinok<\/li>\n<li><strong>Pr\u00edrodn\u00fd \u201ein\u00fd\u201c obv\u00e4z<\/strong> \u2013 pri aplik\u00e1cii vytv\u00e1ra tenk\u00fa ochrann\u00fa vrstvu na poko\u017eke poko\u017eka<\/li>\n<\/ul>\n<p><strong>\ud83d\udc9a Vn\u00fatorn\u00e9 pou\u017eitie \u2013 <em>s opatrnos\u0165ou a s vhodn\u00fdm odpor\u00fa\u010dan\u00edm<\/em>:<\/strong><\/p>\n<ul>\n<li><strong>Podpora tr\u00e1viaceho syst\u00e9mu<\/strong> \u2013 zmier\u0148uje probl\u00e9my, ako s\u00fa \u017eal\u00fado\u010dn\u00e9 vredy, z\u00e1paly slizn\u00edc, hna\u010dka, syndr\u00f3m dr\u00e1\u017ediv\u00e9ho \u010dreva<\/li>\n<li><strong>Protiz\u00e1palov\u00fd \u00fa\u010dinok<\/strong> \u2013 pom\u00e1ha pri vn\u00fatorn\u00fdch z\u00e1paloch, vr\u00e1tane z\u00e1palov v \u00fastnej dutine a hrdle<\/li>\n<li><strong>Posilnenie imunitn\u00e9ho syst\u00e9mu<\/strong> \u2013 pom\u00e1ha telu br\u00e1ni\u0165 sa proti v\u00edrusom a bakt\u00e9ri\u00e1m<\/li>\n<li><strong>Antioxida\u010dn\u00e1 sila<\/strong> \u2013 podporuje obnovu buniek a detoxik\u00e1ciu tela<\/li>\n<\/ul>\n<h2><strong>Mno\u017estvo<\/strong><\/h2>\n<p>30 ml<\/p>\n<h2><strong>Balenie<\/strong><\/h2>\n<p>V sklenenom obale s kvapkadlom pre jednoduch\u0161ie d\u00e1vkovanie.<\/p>\n<h2><strong>Upozornenia<\/strong><\/h2>\n<p>Len na vonkaj\u0161ie pou\u017eitie, pokia\u013e lek\u00e1r nepredp\u00ed\u0161e inak. Vn\u00fatorn\u00e9 pou\u017eitie je povolen\u00e9 len po pora\u010fte sa s lek\u00e1rom. Zabr\u00e1\u0148te kontaktu s o\u010dami a sliznicami. Nepou\u017e\u00edvajte u det\u00ed, tehotn\u00fdch alebo doj\u010diacich \u017eien bez lek\u00e1rskej rady. M\u00f4\u017ee zanecha\u0165 trval\u00e9 \u0161kvrny na tkanin\u00e1ch. Uchov\u00e1vajte mimo dosahu det\u00ed na suchom a tmavom mieste.<\/p>\n<h2><strong>P\u00f4vod<\/strong><\/h2>\n<p>Ekv\u00e1dor<\/p>\n","protected":false},"excerpt":{"rendered":"<p>Dra\u010dia krv je pr\u00edrodn\u00e1 \u017eivica zo stromu Croton lechleri, ktor\u00e1 je zn\u00e1ma svojimi v\u00fdnimo\u010dn\u00fdmi regenera\u010dn\u00fdmi a ochrann\u00fdmi vlastnos\u0165ami pre poko\u017eku. V\u010faka vysok\u00e9mu obsahu antioxidantov chr\u00e1ni poko\u017eku pred vo\u013en\u00fdmi radik\u00e1lmi a pred\u010dasn\u00fdm starnut\u00edm. Pou\u017e\u00edva sa tie\u017e ako pr\u00edrodn\u00e1 lie\u010dba akn\u00e9, jaziev a citlivej poko\u017eky.<\/p>\n<p>\ud83d\udc9a pr\u00edrodn\u00e9 antiseptikum,<br \/>\n\ud83d\udc9a zni\u017euje z\u00e1pal,<br \/>\n\ud83d\udc9a ur\u00fdch\u013euje hojenie r\u00e1n a<br \/>\n\ud83d\udc9a upokojuje podr\u00e1\u017edenie.<\/p>\n","protected":false},"featured_media":6670,"comment_status":"open","ping_status":"closed","template":"","meta":{"_acf_changed":false},"product_brand":[],"product_cat":[15,224,225],"product_tag":[],"class_list":{"0":"post-6669","1":"product","2":"type-product","3":"status-publish","4":"has-post-thumbnail","6":"product_cat-uncategorized","7":"product_cat-ponuka","8":"product_cat-vsetky-produkty","10":"first","11":"instock","12":"taxable","13":"shipping-taxable","14":"purchasable","15":"product-type-simple"},"acf":[],"_links":{"self":[{"href":"https:\/\/fengchashop.com\/sk\/wp-json\/wp\/v2\/product\/6669","targetHints":{"allow":["GET"]}}],"collection":[{"href":"https:\/\/fengchashop.com\/sk\/wp-json\/wp\/v2\/product"}],"about":[{"href":"https:\/\/fengchashop.com\/sk\/wp-json\/wp\/v2\/types\/product"}],"replies":[{"embeddable":true,"href":"https:\/\/fengchashop.com\/sk\/wp-json\/wp\/v2\/comments?post=6669"}],"wp:featuredmedia":[{"embeddable":true,"href":"https:\/\/fengchashop.com\/sk\/wp-json\/wp\/v2\/media\/6670"}],"wp:attachment":[{"href":"https:\/\/fengchashop.com\/sk\/wp-json\/wp\/v2\/media?parent=6669"}],"wp:term":[{"taxonomy":"product_brand","embeddable":true,"href":"https:\/\/fengchashop.com\/sk\/wp-json\/wp\/v2\/product_brand?post=6669"},{"taxonomy":"product_cat","embeddable":true,"href":"https:\/\/fengchashop.com\/sk\/wp-json\/wp\/v2\/product_cat?post=6669"},{"taxonomy":"product_tag","embeddable":true,"href":"https:\/\/fengchashop.com\/sk\/wp-json\/wp\/v2\/product_tag?post=6669"}],"curies":[{"name":"wp","href":"https:\/\/api.w.org\/{rel}","templated":true}]}}