{"id":6654,"date":"2025-02-25T09:41:56","date_gmt":"2025-02-25T08:41:56","guid":{"rendered":"https:\/\/fengchashop.com\/sk\/?post_type=product&#038;p=6654"},"modified":"2026-04-17T03:46:50","modified_gmt":"2026-04-17T01:46:50","slug":"cistus-creticus-zistrose-bio","status":"publish","type":"product","link":"https:\/\/fengchashop.com\/sk\/product\/cistus-creticus-zistrose-bio\/","title":{"rendered":"Cistus creticus (Zistrose) BIO 100 g"},"content":{"rendered":"<h2><strong>Cistus creticus (Zistrose) BIO<\/strong><\/h2>\n<p><strong>Cistus creticus alebo zistrose<\/strong> je aromatick\u00e1, kr\u00edkovit\u00e1 rastlina, ktor\u00e1 poch\u00e1dza preva\u017ene zo Stredomoria &#8211; najm\u00e4 z gr\u00e9ckeho ostrova Kr\u00e9ta, kde sa jej dar\u00ed v suchom, skalnatom prostred\u00ed. Listy rastliny s\u00fa pokryt\u00e9 lepkav\u00fdmi \u017eivicami (labdanum), ktor\u00e9 maj\u00fa vysok\u00fd obsah polyfenolov &#8211; pr\u00edrodn\u00fdch antioxidantov.<\/p>\n<p>Pou\u017e\u00edva sa ako \u010daj. Cistus creticus je zn\u00e1my <strong>ako pr\u00edrodn\u00e1 bylina na podporu imunitn\u00e9ho syst\u00e9mu<\/strong>.<\/p>\n<h2><strong>\u010caj z Cistus creticus je cenen\u00fd pre nasleduj\u00face vlastnosti:<\/strong><\/h2>\n<p><strong>\ud83d\udc9a Siln\u00fd antioxidant<\/strong>: Bohat\u00fd zdroj polyfenolov, ktor\u00e9 pom\u00e1haj\u00fa chr\u00e1ni\u0165 bunky pred vo\u013en\u00fdmi radik\u00e1lmi.<\/p>\n<p><strong>\ud83d\udc9a Podpora imunitn\u00e9ho syst\u00e9mu<\/strong>: Prirodzene posil\u0148uje odolnos\u0165 tela, najm\u00e4 po\u010das obdobia prechladnutia a chr\u00edpky.<\/p>\n<p><strong>\ud83d\udc9a Antibakteri\u00e1lny a antiv\u00edrusov\u00fd \u00fa\u010dinok<\/strong>: Tradi\u010dne sa pou\u017e\u00edva na ochranu pred infekciami.<\/p>\n<p><strong>\ud83d\udc9a Protiz\u00e1palov\u00fd \u00fa\u010dinok<\/strong>: Pom\u00e1ha zmierni\u0165 z\u00e1pal v tele.<\/p>\n<p><strong>\ud83d\udc9a Vplyv na tr\u00e1venie<\/strong>: Pom\u00e1ha zmierni\u0165 probl\u00e9my, ako je nad\u00favanie a \u017eal\u00fado\u010dn\u00e9 \u0165a\u017ekosti.<\/p>\n<p><strong>\ud83d\udc9a Pou\u017eitie na poko\u017eku<\/strong>: Pou\u017e\u00edva sa aj vo forme obkladov alebo k\u00fape\u013eov pri ko\u017en\u00fdch probl\u00e9moch (napr. akn\u00e9, ekz\u00e9m).<\/p>\n<h2><strong>Skladovanie a upozornenia<\/strong><\/h2>\n<p>Skladujte na suchom, tmavom a chladnom mieste. Su\u0161en\u00e9 listy by sa mali skladova\u0165 vo vzduchotesnom vrecku alebo n\u00e1dobe a\u017e do pou\u017eitia. Takto si zachovaj\u00fa svoju silu a ar\u00f3mu a\u017e 1 rok. Neskladujte v bl\u00edzkosti siln\u00fdch pachov (napr. koren\u00edn), preto\u017ee bylina m\u00f4\u017ee absorbova\u0165 cudzie pachy. Po otvoren\u00ed v\u017edy obal pevne uzavrite.<\/p>\n<p>Vo v\u0161eobecnosti bezpe\u010dn\u00e9 na pou\u017eitie, aj pri dlhodobom u\u017e\u00edvan\u00ed. V zriedkav\u00fdch pr\u00edpadoch m\u00f4\u017ee sp\u00f4sobi\u0165 miernu z\u00e1pchu alebo podr\u00e1\u017edenie \u017eal\u00fadka. Tehotn\u00e9 a doj\u010diace matky by sa mali pred pou\u017eit\u00edm poradi\u0165 s lek\u00e1rom.<\/p>\n<p>Pam\u00e4tajte na d\u00f4le\u017eitos\u0165 pestrej stravy a zdrav\u00e9ho \u017eivotn\u00e9ho \u0161t\u00fdlu, preto doplnok stravy nie je n\u00e1hradou vyv\u00e1\u017eenej a pestrej stravy. Odpor\u00fa\u010dan\u00e9 denn\u00e9 mno\u017estvo alebo d\u00e1vka by sa nemala prekro\u010di\u0165.<\/p>\n<h2>Balenie<\/h2>\n<p>Vzdu\u0161ne uzatv\u00e1rate\u013en\u00e9 vrecko so zipsom, kde si produkt zachov\u00e1va v\u0161etku svoju \u010derstvos\u0165 a ar\u00f3mu. Obal chr\u00e1ni pred svetlom a vzduchom, preto\u017ee pozost\u00e1va z nieko\u013ek\u00fdch ochrann\u00fdch vrstiev, ktor\u00e9 zachov\u00e1vaj\u00fa vlastnosti obsahu.<\/p>\n<p>Balenie je ve\u013emi praktick\u00e9 a umo\u017e\u0148uje recykl\u00e1ciu.<\/p>\n<h2>P\u00f4vod<\/h2>\n<p>Gr\u00e9cko<\/p>\n","protected":false},"excerpt":{"rendered":"<p><strong>Cistus creticus<\/strong> je zn\u00e1my ako pr\u00edrodn\u00e1 bylina na podporu imunitn\u00e9ho syst\u00e9mu a m\u00e1 siln\u00e9 <strong>antiv\u00edrusov\u00e9, antibakteri\u00e1lne a antioxida\u010dn\u00e9 \u00fa\u010dinky.<\/strong> Okrem toho m\u00e1 \u010fal\u0161ie pozit\u00edvne vlastnosti:<\/p>\n<p data-start=\"173\" data-end=\"215\">\ud83d\udc9a Zmier\u0148uje z\u00e1paly (protiz\u00e1palov\u00fd \u00fa\u010dinok)<\/p>\n<p data-start=\"219\" data-end=\"258\">\ud83d\udc9a Podporuje tr\u00e1venie a detoxik\u00e1ciu<\/p>\n<p data-start=\"262\" data-end=\"313\">\ud83d\udc9a Pom\u00e1ha pri ko\u017en\u00fdch probl\u00e9moch (napr. akn\u00e9, ekz\u00e9m)<\/p>\n<p data-start=\"317\" data-end=\"350\">\ud83d\udc9a Zni\u017euje riziko infekci\u00ed d\u00fdchac\u00edch ciest<\/p>\n","protected":false},"featured_media":6655,"comment_status":"open","ping_status":"closed","template":"","meta":{"_acf_changed":false},"product_brand":[],"product_cat":[15,239,205,224,225],"product_tag":[],"class_list":{"0":"post-6654","1":"product","2":"type-product","3":"status-publish","4":"has-post-thumbnail","6":"product_cat-uncategorized","7":"product_cat-caj","8":"product_cat-caj-jedlo-a-koreniny","9":"product_cat-ponuka","10":"product_cat-vsetky-produkty","12":"first","13":"instock","14":"taxable","15":"shipping-taxable","16":"purchasable","17":"product-type-simple"},"acf":[],"_links":{"self":[{"href":"https:\/\/fengchashop.com\/sk\/wp-json\/wp\/v2\/product\/6654","targetHints":{"allow":["GET"]}}],"collection":[{"href":"https:\/\/fengchashop.com\/sk\/wp-json\/wp\/v2\/product"}],"about":[{"href":"https:\/\/fengchashop.com\/sk\/wp-json\/wp\/v2\/types\/product"}],"replies":[{"embeddable":true,"href":"https:\/\/fengchashop.com\/sk\/wp-json\/wp\/v2\/comments?post=6654"}],"wp:featuredmedia":[{"embeddable":true,"href":"https:\/\/fengchashop.com\/sk\/wp-json\/wp\/v2\/media\/6655"}],"wp:attachment":[{"href":"https:\/\/fengchashop.com\/sk\/wp-json\/wp\/v2\/media?parent=6654"}],"wp:term":[{"taxonomy":"product_brand","embeddable":true,"href":"https:\/\/fengchashop.com\/sk\/wp-json\/wp\/v2\/product_brand?post=6654"},{"taxonomy":"product_cat","embeddable":true,"href":"https:\/\/fengchashop.com\/sk\/wp-json\/wp\/v2\/product_cat?post=6654"},{"taxonomy":"product_tag","embeddable":true,"href":"https:\/\/fengchashop.com\/sk\/wp-json\/wp\/v2\/product_tag?post=6654"}],"curies":[{"name":"wp","href":"https:\/\/api.w.org\/{rel}","templated":true}]}}