{"id":6607,"date":"2025-06-09T09:58:05","date_gmt":"2025-06-09T07:58:05","guid":{"rendered":"https:\/\/fengchashop.com\/sk\/product\/caj-chanca-piedra\/"},"modified":"2026-04-18T17:51:22","modified_gmt":"2026-04-18T15:51:22","slug":"caj-chanca-piedra","status":"publish","type":"product","link":"https:\/\/fengchashop.com\/sk\/product\/caj-chanca-piedra\/","title":{"rendered":"\u010caj Chanca Piedra 100g"},"content":{"rendered":"<h2><span style=\"color: #000000\">\u010caj Chanca Piedra<\/span><\/h2>\n<p><span style=\"color: #000000\">Chanca Piedra (Phyllanthus niruri) je tropick\u00e1 rastlina p\u00f4vodom z Amaz\u00f3nie a \u010fal\u0161\u00edch \u010dast\u00ed Ju\u017enej Ameriky, Indie a juhov\u00fdchodnej \u00c1zie. N\u00e1zov doslovne znamen\u00e1 \u201el\u00e1ma\u010d kame\u0148ov\u201c \u2013 poch\u00e1dza zo \u0161panielskeho v\u00fdrazu, ktor\u00fd ozna\u010duje jeho tradi\u010dn\u00e9 pou\u017eitie pri \u201el\u00e1man\u00ed obli\u010dkov\u00fdch a \u017el\u010dov\u00fdch kame\u0148ov\u201c. Chanca Piedra poch\u00e1dza z <strong>kontrolovanej organickej produkcie<\/strong> v <strong>lesn\u00fdch z\u00e1hrad\u00e1ch (\u010dakra)<\/strong> a pestuj\u00fa ju domorod\u00ed obyvatelia Kichwa v z\u00e1hrad\u00e1ch amazonsk\u00e9ho da\u017e\u010fov\u00e9ho pralesa v Ekv\u00e1dore.<\/span><\/p>\n<h2><span style=\"color: #000000\"><strong>Hlavn\u00e9 akt\u00edvne zlo\u017eky<\/strong><\/span><\/h2>\n<p><span style=\"color: #000000\">Rastlina obsahuje ve\u013ea <strong>bioakt\u00edvnych zl\u00fa\u010den\u00edn<\/strong>, z ktor\u00fdch najd\u00f4le\u017eitej\u0161ie s\u00fa:<\/span><\/p>\n<ul>\n<li><span style=\"color: #000000\"><strong>Lignany:<\/strong> fylant\u00edn, hypofylant\u00edn<\/span><\/li>\n<li><span style=\"color: #000000\"><strong>Flavonoidy:<\/strong> kvercet\u00edn, kyselina rut\u00ednov\u00e1<\/span><\/li>\n<li><span style=\"color: #000000\"><strong>triterp\u00e9ny<\/strong><\/span><\/li>\n<li><span style=\"color: #000000\"><strong>Tan\u00edny<\/strong><\/span><\/li>\n<li><span style=\"color: #000000\"><strong>Alkaloidy<\/strong><\/span><\/li>\n<li><span style=\"color: #000000\"><strong>Polyfenoly<\/strong><\/span><\/li>\n<\/ul>\n<p><span style=\"color: #000000\">Tieto zl\u00fa\u010deniny maj\u00fa<strong>protiz\u00e1palov\u00e9, antimikrobi\u00e1lne, antioxida\u010dn\u00e9, diuretick\u00e9<\/strong>a<strong>hepatoprotekt\u00edvne<\/strong>\u00fa\u010dinky.<\/span><\/p>\n<h2><span style=\"color: #000000\"><strong>\u00da\u010dinky a v\u00fdhody Chanca Piedra<\/strong><\/span><\/h2>\n<p><span style=\"color: #000000\"><strong>\ud83d\udc9a Rozp\u00fa\u0161\u0165anie a prevencia obli\u010dkov\u00fdch kame\u0148ov: <\/strong>Je zn\u00e1my svojou schopnos\u0165ou pom\u00e1ha\u0165 rozklada\u0165 existuj\u00face <strong>obli\u010dkov\u00e9 a \u017el\u010dn\u00edkov\u00e9 kamene<\/strong> a zni\u017eova\u0165 mo\u017enos\u0165 ich op\u00e4tovnej tvorby.<\/span><\/p>\n<p><span style=\"color: #000000\"><strong>\ud83d\udc9a Podpora funkcie pe\u010dene: <\/strong>P\u00f4sob\u00ed ako <strong>hepatoprotekt\u00edv<\/strong> (chr\u00e1ni pe\u010de\u0148), najm\u00e4 pri probl\u00e9moch sp\u00f4soben\u00fdch tox\u00ednmi, alkoholom alebo infekciami (napr. hepatit\u00edda B).<\/span><\/p>\n<p><span style=\"color: #000000\"><strong>\ud83d\udc9a Protiz\u00e1palov\u00e1 a antioxida\u010dn\u00e1 aktivita: <\/strong>Obsahuje bioakt\u00edvne l\u00e1tky, ktor\u00e9 pom\u00e1haj\u00fa <strong>zni\u017eova\u0165 z\u00e1pal<\/strong> a <strong>chr\u00e1ni\u0165 bunky pred oxida\u010dn\u00fdm stresom<\/strong>.<\/span><\/p>\n<p><span style=\"color: #000000\"><strong>\ud83d\udc9a Diuretick\u00fd \u00fa\u010dinok: <\/strong>Stimuluje <strong>vylu\u010dovanie mo\u010du<\/strong>, \u010do m\u00f4\u017ee pom\u00f4c\u0165 vy\u010disti\u0165 mo\u010dov\u00e9 cesty a zabr\u00e1ni\u0165 infekci\u00e1m alebo zadr\u017eiavaniu tekut\u00edn.<\/span><\/p>\n<p><span style=\"color: #000000\"><strong>\ud83d\udc9a Antiv\u00edrusov\u00e1 aktivita: <\/strong>Niektor\u00e9 \u0161t\u00fadie preuk\u00e1zali \u00fa\u010dinky proti <strong>hepatit\u00edde B<\/strong> a in\u00fdm v\u00edrusom, hoci to e\u0161te nebolo klinicky potvrden\u00e9.<\/span><\/p>\n<p><span style=\"color: #000000\"><strong>\ud83d\udc9a Zn\u00ed\u017eenie hladiny cukru v krvi: <\/strong>Tradi\u010dne sa pou\u017e\u00edva aj na <strong>podporu regul\u00e1cie hladiny cukru v krvi<\/strong>.<\/span><\/p>\n<h2><span style=\"color: #000000\"><strong>Skladovanie a upozornenia<\/strong><\/span><\/h2>\n<p><span style=\"color: #000000\">Skladujte na suchom a chladnom mieste pri teplote do 25 \u00b0C. V\u00fd\u017eivov\u00fd doplnok uchov\u00e1vajte mimo dosahu det\u00ed!<\/span><\/p>\n<p><span style=\"color: #000000\">Neodpor\u00fa\u010da sa tehotn\u00fdm alebo doj\u010diacim matk\u00e1m. M\u00f4\u017ee ovplyvni\u0165 krvn\u00fd tlak alebo hladinu cukru v krvi \u2013 opatrnos\u0165 u \u013eud\u00ed s kardiovaskul\u00e1rnymi ochoreniami alebo cukrovkou. M\u00f4\u017ee tie\u017e ovplyvni\u0165 \u00fa\u010dinok niektor\u00fdch liekov, najm\u00e4 diuret\u00edk alebo liekov na pe\u010de\u0148.<\/span><\/p>\n<p><span style=\"color: #000000\">Odpor\u00fa\u010dan\u00e9 u\u017e\u00edvanie: kr\u00e1tke \u010dasov\u00e9 obdobie (napr. 2\u20134 t\u00fd\u017edne), potom prest\u00e1vka.<\/span><\/p>\n<p><span style=\"color: #000000\">Nezab\u00fadajte na d\u00f4le\u017eitos\u0165 pestrej stravy a zdrav\u00e9ho \u017eivotn\u00e9ho \u0161t\u00fdlu, preto doplnok stravy nie je n\u00e1hradou vyv\u00e1\u017eenej a pestrej stravy. Odpor\u00fa\u010dan\u00e9 denn\u00e9 mno\u017estvo alebo d\u00e1vkovanie by sa nemalo prekro\u010di\u0165.<\/span><\/p>\n<h2><span style=\"color: #000000\">Balenie<\/span><\/h2>\n<p><span style=\"color: #000000\">Vzduchotesn\u00e9 vrecko so zipsom, kde si produkt zachov\u00e1 v\u0161etku svoju \u010derstvos\u0165 a ar\u00f3mu. Obal chr\u00e1ni pred svetlom a vzduchom, preto\u017ee pozost\u00e1va z nieko\u013ek\u00fdch ochrann\u00fdch vrstiev, ktor\u00e9 zachov\u00e1vaj\u00fa vlastnosti obsahu.<\/span><\/p>\n<p><span style=\"color: #000000\">Obal je ve\u013emi praktick\u00fd a recyklovate\u013en\u00fd.<\/span><\/p>\n<h2><span style=\"color: #000000\">P\u00f4vod<\/span><\/h2>\n<p><span style=\"color: #000000\">Ekv\u00e1dor<\/span><\/p>\n","protected":false},"excerpt":{"rendered":"<p>\u010caj Chanca Piedra je ob\u013e\u00faben\u00fd pre svoju prirodzen\u00fa podporu pri obli\u010dkov\u00fdch kame\u0148och, detoxik\u00e1ciu tela a ochranu pe\u010dene. Medzi najd\u00f4le\u017eitej\u0161ie \u00fa\u010dinn\u00e9 l\u00e1tky patria <strong data-start=\"156\" data-end=\"169\">fylant\u00edn<\/strong> a <strong data-start=\"173\" data-end=\"186\">kvercet\u00edn<\/strong>, ktor\u00e9 maj\u00fa protiz\u00e1palov\u00e9 a antiv\u00edrusov\u00e9 \u00fa\u010dinky.<\/p>\n<p>\u010caj je ob\u013e\u00faben\u00fd pre svoje \u00fa\u010dinky na:<\/p>\n<p><strong data-start=\"70\" data-end=\"103\">\ud83d\udc9a rozp\u00fa\u0161\u0165anie obli\u010dkov\u00fdch kame\u0148ov<\/strong> a<\/p>\n<p><strong data-start=\"107\" data-end=\"125\">\ud83d\udc9a \u010distenie pe\u010dene.<\/strong><\/p>\n","protected":false},"featured_media":6608,"comment_status":"open","ping_status":"closed","template":"","meta":{"_acf_changed":false},"product_brand":[],"product_cat":[15,239,205,224,225],"product_tag":[],"class_list":{"0":"post-6607","1":"product","2":"type-product","3":"status-publish","4":"has-post-thumbnail","6":"product_cat-uncategorized","7":"product_cat-caj","8":"product_cat-caj-jedlo-a-koreniny","9":"product_cat-ponuka","10":"product_cat-vsetky-produkty","12":"first","13":"instock","14":"taxable","15":"shipping-taxable","16":"purchasable","17":"product-type-simple"},"acf":[],"_links":{"self":[{"href":"https:\/\/fengchashop.com\/sk\/wp-json\/wp\/v2\/product\/6607","targetHints":{"allow":["GET"]}}],"collection":[{"href":"https:\/\/fengchashop.com\/sk\/wp-json\/wp\/v2\/product"}],"about":[{"href":"https:\/\/fengchashop.com\/sk\/wp-json\/wp\/v2\/types\/product"}],"replies":[{"embeddable":true,"href":"https:\/\/fengchashop.com\/sk\/wp-json\/wp\/v2\/comments?post=6607"}],"wp:featuredmedia":[{"embeddable":true,"href":"https:\/\/fengchashop.com\/sk\/wp-json\/wp\/v2\/media\/6608"}],"wp:attachment":[{"href":"https:\/\/fengchashop.com\/sk\/wp-json\/wp\/v2\/media?parent=6607"}],"wp:term":[{"taxonomy":"product_brand","embeddable":true,"href":"https:\/\/fengchashop.com\/sk\/wp-json\/wp\/v2\/product_brand?post=6607"},{"taxonomy":"product_cat","embeddable":true,"href":"https:\/\/fengchashop.com\/sk\/wp-json\/wp\/v2\/product_cat?post=6607"},{"taxonomy":"product_tag","embeddable":true,"href":"https:\/\/fengchashop.com\/sk\/wp-json\/wp\/v2\/product_tag?post=6607"}],"curies":[{"name":"wp","href":"https:\/\/api.w.org\/{rel}","templated":true}]}}