{"id":6601,"date":"2025-05-30T12:55:44","date_gmt":"2025-05-30T10:55:44","guid":{"rendered":"https:\/\/fengchashop.com\/sk\/product\/teplomer-na-potraviny\/"},"modified":"2026-03-29T14:24:21","modified_gmt":"2026-03-29T12:24:21","slug":"teplomer-na-potraviny","status":"publish","type":"product","link":"https:\/\/fengchashop.com\/sk\/product\/teplomer-na-potraviny\/","title":{"rendered":"Teplomer na potraviny"},"content":{"rendered":"<h2 style=\"text-align: justify;\"><span style=\"color: #000000;\">N\u00e1zov<\/span><\/h2>\n<p style=\"text-align: justify;\"><span style=\"color: #000000;\">teplomer na potraviny<\/span><\/p>\n<h2 style=\"text-align: justify;\"><span style=\"color: #000000;\">Popis<\/span><\/h2>\n<p style=\"text-align: justify;\"><span style=\"color: #000000;\">Digit\u00e1lny teplomer s tak\u00fdm \u0161irok\u00fdm rozsahom merania je nevyhnutn\u00fdm doplnkom v ka\u017edej dom\u00e1cnosti. Teplomer m\u00e1 **4 funk\u010dn\u00e9 tla\u010didl\u00e1**, ktor\u00e9 sa \u00faplne jednoducho pou\u017e\u00edvaj\u00fa. Pomocou tla\u010didla <strong>\u2460 ZAP.\/VYP.<\/strong> teplomer zapnete alebo vypnete. Pomocou tla\u010didla <strong>\u2461 \u00b0C \/\u00b0F<\/strong> nastavte mern\u00fa jednotku. Stla\u010den\u00edm tla\u010didla <strong>\u2462 HOLD<\/strong> sa meranie zastav\u00ed, aby sa teplota \u013eah\u0161ie od\u010d\u00edtala. Op\u00e4tovn\u00fdm stla\u010den\u00edm tla\u010didla HOLD je teplomer pripraven\u00fd na \u010fal\u0161ie meranie. Stla\u010den\u00edm tla\u010didla <strong>\u2463 MAX\/MIN<\/strong> sa najprv zobraz\u00ed najvy\u0161\u0161ia nameran\u00e1 teplota a op\u00e4tovn\u00fdm stla\u010den\u00edm sa zobraz\u00ed najni\u017e\u0161ia nameran\u00e1 teplota. \u00dadaje sa vyma\u017e\u00fa tret\u00edm stla\u010den\u00edm tla\u010didla MAX\/MIN.<\/span><\/p>\n<p style=\"text-align: justify;\"><span style=\"color: #000000;\">Teplota meranej l\u00e1tky sa zobraz\u00ed<strong>za 4\u20137 sek\u00fand<\/strong>.<\/span><\/p>\n<h2 style=\"text-align: justify;\"><span style=\"color: #000000;\">Pou\u017eitie<\/span><\/h2>\n<p style=\"text-align: justify;\"><span style=\"color: #000000;\">Vhodn\u00e9 na <strong>presn\u00e9 meranie teploty potrav\u00edn a tekut\u00edn v kuchyni a dom\u00e1cnosti<\/strong>.<\/span><\/p>\n<p style=\"text-align: justify;\"><span style=\"color: #000000;\">Tie\u017e u\u017eito\u010dn\u00e9 na meranie teploty detskej v\u00fd\u017eivy pri zav\u00e1dzan\u00ed pr\u00edkrmu, meranie teploty mlieka alebo teploty vody vo vani. Taktie\u017e presne meria teplotu oleja na vypr\u00e1\u017eanie, m\u00e4sa v r\u00fare alebo na grile a teplotu \u010dokol\u00e1dy pri v\u00fdrobe \u010dokol\u00e1dov\u00fdch poch\u00fa\u0165ok, kde je teplota ve\u013emi d\u00f4le\u017eit\u00e1. M\u00f4\u017eete ho tie\u017e pou\u017ei\u0165 na kontrolu, \u010di je v\u00e1\u0161 alkoholick\u00fd n\u00e1poj spr\u00e1vne vychladen\u00fd na pitie.<\/span><\/p>\n<p style=\"text-align: justify;\"><span style=\"color: #000000;\">Po pou\u017eit\u00ed jednoducho utrite v\u00fdrobok vlhkou handri\u010dkou.<\/span><\/p>\n<h2 style=\"text-align: justify;\"><span style=\"color: #000000;\">V\u00fdhody<\/span><\/h2>\n<ul style=\"text-align: justify;\">\n<li><span style=\"color: #000000;\">R\u00fdchlo meria teplotu.<\/span><\/li>\n<li><span style=\"color: #000000;\">M\u00e1 \u0161irok\u00fd rozsah merania.<\/span><\/li>\n<li><span style=\"color: #000000;\">Automaticky sa vypne po 10 min\u00fatach nepou\u017e\u00edvania.<\/span><\/li>\n<li><span style=\"color: #000000;\">Zobrazuje sa v \u00b0C alebo \u00b0F.<\/span><\/li>\n<li><span style=\"color: #000000;\">Je v\u0161estrann\u00fd.<\/span><\/li>\n<li><span style=\"color: #000000;\">Jednoduch\u00e9 pou\u017e\u00edvanie a \u00fadr\u017eba.<\/span><\/li>\n<li><span style=\"color: #000000;\">V praktickom balen\u00ed so \u0161n\u00farkou na zavesenie.<\/span><\/li>\n<\/ul>\n<h2 style=\"text-align: justify;\"><span style=\"color: #000000;\">Vzh\u013ead a rozmery<\/span><\/h2>\n<p style=\"text-align: justify;\"><span style=\"color: #000000;\">Produkt je vyroben\u00fd z nehrdzavej\u00facej ocele (hrot alebo teplotn\u00e1 sonda) a plastov\u00e9ho puzdra s LCD obrazovkou. Ve\u013ekos\u0165 teplomeru je 22,7 cm a meracie hroty maj\u00fa 14,8 cm.<\/span><\/p>\n<p style=\"text-align: justify;\"><span style=\"color: #000000;\">Produkt vy\u017eaduje na prev\u00e1dzku bat\u00e9riu RL44, ktor\u00fa m\u00f4\u017eete zohna\u0165 takmer v ka\u017edom dobre z\u00e1sobenom obchode.<\/span><\/p>\n","protected":false},"excerpt":{"rendered":"<p align=\"JUSTIFY\">Digit\u00e1lny teplomer s tak\u00fdm \u0161irok\u00fdm rozsahom merania je nevyhnutn\u00fdm doplnkom v ka\u017edej dom\u00e1cnosti. Teplomer m\u00e1 **4 funk\u010dn\u00e9 tla\u010didl\u00e1**, ktor\u00e9 sa \u00faplne jednoducho pou\u017e\u00edvaj\u00fa. Teplota meranej l\u00e1tky sa zobraz\u00ed do 4\u20137 sek\u00fand. Je vhodn\u00fd na *presn\u00e9 meranie teploty potrav\u00edn a tekut\u00edn v kuchyni a dom\u00e1cnosti*.<\/p>\n<p align=\"JUSTIFY\"><span class=\"jCAhz ChMk0b\"><span class=\"ryNqvb\">&#x1F49A; <\/span><\/span>R\u00fdchle meranie teploty.<\/p>\n<p><span class=\"jCAhz ChMk0b\"><span class=\"ryNqvb\">&#x1F49A; <\/span><\/span>M\u00e1 \u0161irok\u00fd rozsah merania.<\/p>\n<p><span class=\"jCAhz ChMk0b\"><span class=\"ryNqvb\">&#x1F49A; <\/span><\/span>Automaticky sa vypne po 10 min\u00fatach nepou\u017e\u00edvania.<\/p>\n<p><span class=\"jCAhz ChMk0b\"><span class=\"ryNqvb\">&#x1F49A; <\/span><\/span>Zobrazuje sa v \u00b0C alebo \u00b0F.<\/p>\n<p><span class=\"jCAhz ChMk0b\"><span class=\"ryNqvb\">&#x1F49A; <\/span><\/span>Je v\u0161estrann\u00fd.<\/p>\n<p><span class=\"jCAhz ChMk0b\"><span class=\"ryNqvb\">&#x1F49A;<\/span><\/span>Jednoduch\u00e9 pou\u017e\u00edvanie a \u00fadr\u017eba.<\/p>\n<p><span class=\"jCAhz ChMk0b\"><span class=\"ryNqvb\">&#x1F49A; <\/span><\/span>V praktickom balen\u00ed so \u0161n\u00farkou na zavesenie.<\/p>\n","protected":false},"featured_media":6602,"comment_status":"open","ping_status":"open","template":"","meta":{"_acf_changed":false},"product_brand":[],"product_cat":[15,194,224,225],"product_tag":[],"class_list":{"0":"post-6601","1":"product","2":"type-product","3":"status-publish","4":"has-post-thumbnail","6":"product_cat-uncategorized","7":"product_cat-ajurveda","8":"product_cat-ponuka","9":"product_cat-vsetky-produkty","11":"first","12":"outofstock","13":"sale","14":"taxable","15":"shipping-taxable","16":"purchasable","17":"product-type-simple"},"acf":[],"_links":{"self":[{"href":"https:\/\/fengchashop.com\/sk\/wp-json\/wp\/v2\/product\/6601","targetHints":{"allow":["GET"]}}],"collection":[{"href":"https:\/\/fengchashop.com\/sk\/wp-json\/wp\/v2\/product"}],"about":[{"href":"https:\/\/fengchashop.com\/sk\/wp-json\/wp\/v2\/types\/product"}],"replies":[{"embeddable":true,"href":"https:\/\/fengchashop.com\/sk\/wp-json\/wp\/v2\/comments?post=6601"}],"wp:featuredmedia":[{"embeddable":true,"href":"https:\/\/fengchashop.com\/sk\/wp-json\/wp\/v2\/media\/6602"}],"wp:attachment":[{"href":"https:\/\/fengchashop.com\/sk\/wp-json\/wp\/v2\/media?parent=6601"}],"wp:term":[{"taxonomy":"product_brand","embeddable":true,"href":"https:\/\/fengchashop.com\/sk\/wp-json\/wp\/v2\/product_brand?post=6601"},{"taxonomy":"product_cat","embeddable":true,"href":"https:\/\/fengchashop.com\/sk\/wp-json\/wp\/v2\/product_cat?post=6601"},{"taxonomy":"product_tag","embeddable":true,"href":"https:\/\/fengchashop.com\/sk\/wp-json\/wp\/v2\/product_tag?post=6601"}],"curies":[{"name":"wp","href":"https:\/\/api.w.org\/{rel}","templated":true}]}}