{"id":6594,"date":"2024-11-04T15:10:46","date_gmt":"2024-11-04T14:10:46","guid":{"rendered":"https:\/\/fengchashop.com\/sk\/product\/tremella-fuciformis-bio-v-prasku-125-g\/"},"modified":"2026-04-17T07:59:23","modified_gmt":"2026-04-17T05:59:23","slug":"tremella-fuciformis-bio-v-prasku","status":"publish","type":"product","link":"https:\/\/fengchashop.com\/sk\/product\/tremella-fuciformis-bio-v-prasku\/","title":{"rendered":"Tremella Fuciformis BIO v pr\u00e1\u0161ku 125 g"},"content":{"rendered":"<h2 style=\"text-align: justify\"><span style=\"color: #000000\">\u010co je BIO pr\u00e1\u0161ok Tremella fuciformis?<\/span><\/h2>\n<p style=\"text-align: justify\"><span style=\"color: #000000\"><b>Tremella Fuciformis<\/b>, zn\u00e1ma aj ako <i>biela tremella <\/i>alebo <i>sne\u017en\u00e1 huba<\/i>, je huba, ktor\u00e1 je u\u017e po st\u00e1ro\u010dia pova\u017eovan\u00e1 za jednu z najcennej\u0161\u00edch lie\u010div\u00fdch h\u00fab v tradi\u010dnej \u010d\u00ednskej medic\u00edne. V modernej dobe si z\u00edskal ob\u013eubu ako doplnok stravy, najm\u00e4 v pr\u00e1\u0161kovej forme, pre mno\u017estvo priazniv\u00fdch \u00fa\u010dinkov na zdravie a kr\u00e1su.<\/span><\/p>\n<h2 style=\"text-align: justify\"><span style=\"color: #000000\">Pre\u010do je Tremella fuciformis tak\u00e1 v\u00fdnimo\u010dn\u00e1 a tak\u00e1 odli\u0161n\u00e1?<\/span><\/h2>\n<p class=\"Standard\" style=\"text-align: justify\"><span style=\"color: #000000\">Tremella fuciformis sa vyzna\u010duje jedine\u010dnou g\u00e9lovou \u0161trukt\u00farou a prieh\u013eadnou farbou, v\u010faka \u010domu je vizu\u00e1lne atrakt\u00edvna . Pou\u017e\u00edva sa v \u00e1zijskej kuchyni a tradi\u010dnej medic\u00edne, preto\u017ee sa o \u0148om hovor\u00ed, \u017ee m\u00e1 lie\u010div\u00e9 vlastnosti, ako je posilnenie imunitn\u00e9ho syst\u00e9mu a zlep\u0161enie zdravia poko\u017eky. Okrem toho je bohat\u00fd na \u017eiviny, hydratuje poko\u017eku a zohr\u00e1va d\u00f4le\u017eit\u00fa ekologick\u00fa \u00falohu ako prirodzen\u00fd rozklada\u010d.<\/span><\/p>\n<h2 style=\"text-align: justify\"><span style=\"color: #000000\">Tremella fuciformis m\u00e1 nieko\u013eko potenci\u00e1lnych \u00fa\u010dinkov<\/span><\/h2>\n<p><span style=\"color: #000000\">\ud83d\udc9a stimul\u00e1cia<strong> imunitn\u00e9ho syst\u00e9mu<\/strong>,<\/span><\/p>\n<p><span style=\"color: #000000\">\ud83d\udc9a zlep\u0161enie <strong>zdravia poko\u017eky<\/strong>,<\/span><\/p>\n<p><span style=\"color: #000000\">\ud83d\udc9a zvlh\u010denie poko\u017eky,<\/span><\/p>\n<p><span style=\"color: #000000\"><strong>\ud83d\udc9a antioxida\u010dn\u00e9<\/strong> vlastnosti,<\/span><\/p>\n<p><span style=\"color: #000000\">\ud83d\udc9a bojujte <strong>proti starnutiu<\/strong>,<\/span><\/p>\n<p><span style=\"color: #000000\">\ud83d\udc9a pom\u00e1ha s<strong>hydrat\u00e1ciou<\/strong>,<\/span><\/p>\n<p><span style=\"color: #000000\">\ud83d\udc9a podporuje<strong> tr\u00e1venie<\/strong> (v\u010faka obsahu vl\u00e1kniny),<\/span><\/p>\n<p><span style=\"color: #000000\">\ud83d\udc9a zn\u00ed\u017eenie <strong>z\u00e1palu<\/strong>,<\/span><\/p>\n<p><span style=\"color: #000000\">\ud83d\udc9a posilnenie <strong>zdravia d\u00fdchac\u00edch ciest<\/strong>,<\/span><\/p>\n<p><span style=\"color: #000000\">\ud83d\udc9a potenci\u00e1lne zlep\u0161enie<strong> kognit\u00edvnych funkci\u00ed<\/strong>.<\/span><\/p>\n<h2 style=\"text-align: justify\"><span style=\"color: #000000\">Ukladac\u00ed priestor a upozornenia<\/span><\/h2>\n<p style=\"text-align: justify\"><span style=\"color: #000000\">Skladujte na suchom a chladnom mieste pri teplote do 25 \u00b0C. V\u00fd\u017eivov\u00fd doplnok by mal by\u0165 pre deti nepr\u00edstupn\u00fd!<\/span><\/p>\n<p style=\"text-align: justify\"><span style=\"color: #000000\">Nezab\u00fadajte na d\u00f4le\u017eitos\u0165 pestrej stravy a zdrav\u00e9ho \u017eivotn\u00e9ho \u0161t\u00fdlu, v\u00fd\u017eivov\u00fd doplnok preto nenahr\u00e1dza vyv\u00e1\u017een\u00e1 a pestr\u00e1 strava. Odpor\u00fa\u010dan\u00e9 denn\u00e9 mno\u017estvo alebo d\u00e1vka sa nesmie prekro\u010di\u0165.<\/span><\/p>\n<p style=\"text-align: justify\"><span style=\"color: #000000\">Tremella fuciformis sa neodpor\u00fa\u010da \u013eu\u010fom s alergiami na huby, osob\u00e1m s oslabenou imunitou a osob\u00e1m so z\u00e1va\u017en\u00fdmi zdravotn\u00fdmi probl\u00e9mami, ako je napr\u00edklad ochorenie obli\u010diek . Tehotn\u00e9 a doj\u010diace matky a osoby, ktor\u00e9 u\u017e\u00edvaj\u00fa lieky, by sa mali pred pou\u017eit\u00edm poradi\u0165 so svoj\u00edm lek\u00e1rom.<\/span><\/p>\n<h2 style=\"text-align: justify\"><span style=\"color: #000000\">Balenie<\/span><\/h2>\n<p style=\"text-align: justify\"><span style=\"color: #000000\">Vzduchotesn\u00e9 vrecko so zipsom, kde si produkt zachov\u00e1 v\u0161etku svoju \u010derstvos\u0165 a v\u00f4\u0148u. Obal chr\u00e1ni pred svetlom a vzduchom, ke\u010f\u017ee pozost\u00e1va z nieko\u013ek\u00fdch vrstiev ochrany, ktor\u00e9 zachov\u00e1vaj\u00fa vlastnosti obsahu.<\/span><\/p>\n<p style=\"text-align: justify\"><span style=\"color: #000000\">Obal je ve\u013emi praktick\u00fd a umo\u017e\u0148uje recykl\u00e1ciu.<\/span><\/p>\n<h2 style=\"text-align: justify\"><span style=\"color: #000000\">P\u00f4vod<\/span><\/h2>\n<p style=\"text-align: justify\"><span style=\"color: #000000\">\u010c\u00edna. M\u00e1me ve\u013emi spo\u013eahliv\u00fdch dod\u00e1vate\u013eov, ktor\u00ed n\u00e1m ku ka\u017edej \u0161ar\u017ei posielaj\u00fa podrobn\u00fd chemick\u00fd rozbor potrav\u00edn. Za viac ako desa\u0165 rokov sme nemali \u017eiadne s\u0165ahovanie ani in\u00e9 probl\u00e9my s touto polo\u017ekou, ani s in\u00fdmi polo\u017ekami od rovnak\u00e9ho dod\u00e1vate\u013ea.<\/span><\/p>\n<p style=\"text-align: justify\"><span style=\"color: #000000\">\u010cl\u00e1nok m\u00e1 100 % organick\u00fd certifik\u00e1t.<\/span><\/p>\n","protected":false},"excerpt":{"rendered":"<p>Tremella Fuciformis, zn\u00e1ma aj ako <strong>vrejsek biely alebo sne\u017en\u00e1 huba<\/strong>. M\u00e1 lie\u010div\u00e9 vlastnosti, ako je <strong>posilnenie imunitn\u00e9ho syst\u00e9mu<\/strong> a <strong>zlep\u0161enie zdravia poko\u017eky<\/strong>, a je tie\u017e bohat\u00e9 na \u017eiviny. Je zn\u00e1my svojimi mnoh\u00fdmi \u00fa\u010dinkami na zdravie a kr\u00e1su.<\/p>\n<p>\ud83d\udc9a Stimuluje a posil\u0148uje imunitn\u00fd syst\u00e9m.<br \/>\n\ud83d\udc9a Zlep\u0161uje zdravie poko\u017eky.<br \/>\n\ud83d\udc9aVynikaj\u00faci zdroj antioxidantov.<br \/>\n\ud83d\udc9a Podporuje tr\u00e1venie.<\/p>\n","protected":false},"featured_media":6595,"comment_status":"open","ping_status":"closed","template":"","meta":{"_acf_changed":false},"product_brand":[],"product_cat":[15,229,224,225],"product_tag":[],"class_list":{"0":"post-6594","1":"product","2":"type-product","3":"status-publish","4":"has-post-thumbnail","6":"product_cat-uncategorized","7":"product_cat-liecive-huby","8":"product_cat-ponuka","9":"product_cat-vsetky-produkty","11":"first","12":"instock","13":"taxable","14":"shipping-taxable","15":"purchasable","16":"product-type-simple"},"acf":[],"_links":{"self":[{"href":"https:\/\/fengchashop.com\/sk\/wp-json\/wp\/v2\/product\/6594","targetHints":{"allow":["GET"]}}],"collection":[{"href":"https:\/\/fengchashop.com\/sk\/wp-json\/wp\/v2\/product"}],"about":[{"href":"https:\/\/fengchashop.com\/sk\/wp-json\/wp\/v2\/types\/product"}],"replies":[{"embeddable":true,"href":"https:\/\/fengchashop.com\/sk\/wp-json\/wp\/v2\/comments?post=6594"}],"wp:featuredmedia":[{"embeddable":true,"href":"https:\/\/fengchashop.com\/sk\/wp-json\/wp\/v2\/media\/6595"}],"wp:attachment":[{"href":"https:\/\/fengchashop.com\/sk\/wp-json\/wp\/v2\/media?parent=6594"}],"wp:term":[{"taxonomy":"product_brand","embeddable":true,"href":"https:\/\/fengchashop.com\/sk\/wp-json\/wp\/v2\/product_brand?post=6594"},{"taxonomy":"product_cat","embeddable":true,"href":"https:\/\/fengchashop.com\/sk\/wp-json\/wp\/v2\/product_cat?post=6594"},{"taxonomy":"product_tag","embeddable":true,"href":"https:\/\/fengchashop.com\/sk\/wp-json\/wp\/v2\/product_tag?post=6594"}],"curies":[{"name":"wp","href":"https:\/\/api.w.org\/{rel}","templated":true}]}}