{"id":6591,"date":"2025-05-30T12:55:35","date_gmt":"2025-05-30T10:55:35","guid":{"rendered":"https:\/\/fengchashop.com\/sk\/product\/opierka-noh-a-wc-doska\/"},"modified":"2026-01-16T12:47:38","modified_gmt":"2026-01-16T11:47:38","slug":"opierka-noh-a-wc-doska","status":"publish","type":"product","link":"https:\/\/fengchashop.com\/sk\/product\/opierka-noh-a-wc-doska\/","title":{"rendered":"Opierka n\u00f4h a WC doska"},"content":{"rendered":"<h2><span style=\"color: #000000;\">N\u00e1zov<\/span><\/h2>\n<p><span style=\"color: #000000;\">Opierka n\u00f4h a WC doska <\/span><\/p>\n<h2><span style=\"color: #000000;\">Popis<\/span><\/h2>\n<p><span style=\"color: #000000;\">Toaletn\u00e9 sedadlo je \u013eahk\u00fd, dobre navrhnut\u00fd produkt, ktor\u00fd v\u00e1m umo\u017en\u00ed naplni\u0165 va\u0161e potreby zdrav\u00fdm sp\u00f4sobom.<\/span><\/p>\n<h2><span style=\"color: #000000;\">Ak\u00fd v\u00fdznam m\u00e1 z\u00e1chodov\u00e1 doska?<\/span><\/h2>\n<p><span style=\"color: #000000;\">\ud83d\udc9a WC ty\u010d je prisp\u00f4soben\u00e1 v\u0161etk\u00fdm z\u00e1chodov\u00fdm mis\u00e1m.<\/span><\/p>\n<p><span style=\"color: #000000;\">\ud83d\udc9a Ty\u010dinkou zaist\u00edme ide\u00e1lnu polohu pre zdrav\u0161ie vypr\u00e1zd\u0148ovanie.<\/span><\/p>\n<p><span style=\"color: #000000;\">\ud83d\udc9a Poloha, ktor\u00fa zvy\u010dajne pou\u017e\u00edvame pri vypr\u00e1zd\u0148ovan\u00ed, je nezdrav\u00e1, preto\u017ee vyv\u00edja tlak na hrub\u00e9 \u010drevo a s\u0165a\u017euje vypr\u00e1zd\u0148ovanie. Najvhodnej\u0161ia poloha na defek\u00e1ciu je podrep.<\/span><\/p>\n<p><span style=\"color: #000000;\">\ud83d\udc9a Pou\u017e\u00edvanie toaletnej ty\u010dinky n\u00e1m pom\u00e1ha pri z\u00e1pche a nap\u00e4t\u00ed, z\u00e1rove\u0148 odstra\u0148uje hemoroidy a pom\u00e1ha pri in\u00fdch probl\u00e9moch s hrub\u00fdm \u010drevom.<\/span><\/p>\n<p><span style=\"color: #000000;\">\ud83d\udc9a Dizajn je jednoduch\u00fd, produkt je bezpe\u010dn\u00fd, pohodln\u00fd, \u013eahk\u00fd a prenosn\u00fd.<\/span><\/p>\n<h2><span style=\"color: #000000;\">\u0160pecifik\u00e1cia produktu<\/span><\/h2>\n<p><span style=\"color: #000000;\">Materi\u00e1l: Polypropyl\u00e9n<\/span><br \/>\n<span style=\"color: #000000;\">Ve\u013ekos\u0165: 40 x 25 x 17,5 cm<\/span><br \/>\n<span style=\"color: #000000;\">Farba: biela<\/span><\/p>\n","protected":false},"excerpt":{"rendered":"<p>Opierka n\u00f4h a WC doska je prisp\u00f4soben\u00e1 v\u0161etk\u00fdm z\u00e1chodov\u00fdm mis\u00e1m.<\/p>\n<p>\ud83d\udc9a Ty\u010dinkou zaist\u00edme ide\u00e1lnu polohu pre zdrav\u0161ie vypr\u00e1zd\u0148ovanie.<\/p>\n<p>\ud83d\udc9a Pou\u017e\u00edvanie toaletnej ty\u010dinky n\u00e1m pom\u00e1ha pri z\u00e1pche.<\/p>\n<p>\ud83d\udc9a Dizajn je jednoduch\u00fd, produkt je bezpe\u010dn\u00fd, pohodln\u00fd, \u013eahk\u00fd a prenosn\u00fd.<\/p>\n","protected":false},"featured_media":6592,"comment_status":"open","ping_status":"closed","template":"","meta":{"_acf_changed":false},"product_brand":[],"product_cat":[15,194,224,225],"product_tag":[],"class_list":{"0":"post-6591","1":"product","2":"type-product","3":"status-publish","4":"has-post-thumbnail","6":"product_cat-uncategorized","7":"product_cat-ajurveda","8":"product_cat-ponuka","9":"product_cat-vsetky-produkty","11":"first","12":"outofstock","13":"sale","14":"taxable","15":"shipping-taxable","16":"purchasable","17":"product-type-simple"},"acf":[],"_links":{"self":[{"href":"https:\/\/fengchashop.com\/sk\/wp-json\/wp\/v2\/product\/6591","targetHints":{"allow":["GET"]}}],"collection":[{"href":"https:\/\/fengchashop.com\/sk\/wp-json\/wp\/v2\/product"}],"about":[{"href":"https:\/\/fengchashop.com\/sk\/wp-json\/wp\/v2\/types\/product"}],"replies":[{"embeddable":true,"href":"https:\/\/fengchashop.com\/sk\/wp-json\/wp\/v2\/comments?post=6591"}],"wp:featuredmedia":[{"embeddable":true,"href":"https:\/\/fengchashop.com\/sk\/wp-json\/wp\/v2\/media\/6592"}],"wp:attachment":[{"href":"https:\/\/fengchashop.com\/sk\/wp-json\/wp\/v2\/media?parent=6591"}],"wp:term":[{"taxonomy":"product_brand","embeddable":true,"href":"https:\/\/fengchashop.com\/sk\/wp-json\/wp\/v2\/product_brand?post=6591"},{"taxonomy":"product_cat","embeddable":true,"href":"https:\/\/fengchashop.com\/sk\/wp-json\/wp\/v2\/product_cat?post=6591"},{"taxonomy":"product_tag","embeddable":true,"href":"https:\/\/fengchashop.com\/sk\/wp-json\/wp\/v2\/product_tag?post=6591"}],"curies":[{"name":"wp","href":"https:\/\/api.w.org\/{rel}","templated":true}]}}