{"id":6585,"date":"2022-08-19T05:47:44","date_gmt":"2022-08-19T03:47:44","guid":{"rendered":"https:\/\/fengchashop.com\/sk\/product\/guayusa-bio-100-g\/"},"modified":"2026-04-17T23:55:05","modified_gmt":"2026-04-17T21:55:05","slug":"guayusa-bio","status":"publish","type":"product","link":"https:\/\/fengchashop.com\/sk\/product\/guayusa-bio\/","title":{"rendered":"Guayusa BIO 100 g"},"content":{"rendered":"<h2><span style=\"color: #000000\">Guayusa BIO<\/span><\/h2>\n<p><span style=\"color: #000000\">Vyslovuje sa ghwy-you-sa vo fr\u00e1ze, Guayusa znamen\u00e1 \u201eno\u010dn\u00fd str\u00e1\u017eca\u201c, preto\u017ee sa ob\u010das pou\u017e\u00edva na to, aby \u013eudia v noci nesp\u00e1vali. Tak naz\u00fdvaj\u00fa obyvatelia Kichwa v\u017edyzelen\u00fd strom, ktor\u00e9ho listy sa pou\u017e\u00edvaj\u00fa na pr\u00edpravu \u010daju. Stromy Guayusa, naz\u00fdvan\u00e9 aj Ilex guayusa, s\u00fa vysok\u00e9 6 a\u017e 30 metrov a maj\u00fa podlhovast\u00e9, leskl\u00e9 zelen\u00e9 listy.<\/span><\/p>\n<p><span style=\"color: #000000\">Najstar\u0161ie objavy dokazuj\u00fa, \u017ee domorod\u00ed obyvatelia Kichwa za\u010dali pestova\u0165 Guayusu pred 1000 rokmi. Guayusa je pravdepodobne najviac kofe\u00ednov\u00fd \u010dajov\u00fd list na svete, obsahuje a\u017e 7,6 percent kofe\u00ednu!<\/span><\/p>\n<p><span style=\"color: #000000\">Guayusa je roz\u0161\u00edren\u00e1 v amazonskej d\u017eungli, no naj\u010dastej\u0161ie sa pestuje v Ekv\u00e1dore. Jeho listy sa tradi\u010dne zbieraj\u00fa, su\u0161ia a pou\u017e\u00edvaj\u00fa sa na v\u00fdrobu bylinkov\u00e9ho \u010daju, ktor\u00fd je cenen\u00fd pre vysok\u00fd obsah kofe\u00ednu a antioxidantov.<\/span><\/p>\n<p><span style=\"color: #000000\">Niektor\u00ed veria, \u017ee guayusa m\u00e1 \u010fal\u0161ie v\u00fdhody. Je bohat\u00fd na vitam\u00edny, aminokyseliny a antioxidanty. Okrem toho m\u00e1 zl\u00fa\u010deniny, ako je teobrom\u00edn, ktor\u00fd je tie\u017e pr\u00edtomn\u00fd v kakau a je zn\u00e1my svojimi vlastnos\u0165ami, ktor\u00e9 zlep\u0161uj\u00fa n\u00e1ladu.<\/span><\/p>\n<h2><span style=\"color: #000000\">\u010co je \u010daj guayusa<\/span><\/h2>\n<p><span style=\"color: #000000\">Guayusa je bylinn\u00fd n\u00e1poj, ktor\u00fd sa \u010dasto pon\u00faka ako zdrav\u0161\u00ed zdroj energie ako k\u00e1va a energetick\u00e9 n\u00e1poje.<\/span><\/p>\n<p><span style=\"color: #000000\">Domorod\u00ed obyvatelia Kichwa, ktor\u00ed hovoria domorod\u00fdm jazykom \u0161pecifick\u00fdm pre amazonsk\u00fd da\u017e\u010fov\u00fd prales, pij\u00fa \u010daj guayusa u\u017e stovky rokov ako s\u00fa\u010das\u0165 ritu\u00e1lnych loveck\u00fdch obradov, aby z\u00edskali duchovn\u00fa jasnos\u0165 a fyzicky sa pripravili na fyzicky n\u00e1ro\u010dn\u00fd \u017eivot v da\u017e\u010fovom pralese. Domorod\u00ed obyvatelia Ekv\u00e1doru ho pou\u017e\u00edvaj\u00fa najm\u00e4 pred span\u00edm, aby sa spojili s vy\u0161\u0161\u00edmi stavmi vedomia.<\/span><\/p>\n<p><span style=\"color: #000000\">Nem\u00e1 ani horkos\u0165 a ostr\u00fa chu\u0165, ke\u010f\u017ee je takmer \u00faplne bez trieslov\u00edn, \u010do umo\u017e\u0148uje aj viacn\u00e1sobn\u00e9 nam\u00e1\u010danie listov. Namiesto toho m\u00e1 chrumkav\u00fa, sladk\u00fa chu\u0165, ktor\u00e1 je \u00fa\u017easn\u00e1 sama o sebe alebo v kombin\u00e1cii so s\u00f3jov\u00fdm, ry\u017eov\u00fdm alebo orechov\u00fdm mliekom.<\/span><\/p>\n<h2><span style=\"color: #000000\">\u00da\u010dinky guayusy<\/span><\/h2>\n<p><span style=\"color: #000000\">Guayusa \u010daj m\u00e1 zauj\u00edmav\u00fd \u00fa\u010dinok: na jednej strane povzbudzuje pre vysok\u00fd obsah kofe\u00ednu a na druhej strane poskytuje pr\u00edjemn\u00fd pokoj a rovnov\u00e1hu, pravdepodobne v\u010faka sprievodn\u00fdm zl\u00fa\u010denin\u00e1m ako L-thean\u00edn a teobrom\u00edn.<\/span><\/p>\n<p><span style=\"color: #000000\">Guayusa m\u00f4\u017ee zlep\u0161i\u0165 v\u00e1\u0161 du\u0161evn\u00fd stav a s\u00fastredenie. Obsahuje ve\u013ea kofe\u00ednu, ktor\u00fd je zn\u00e1my ako stimulant. Pr\u00edtomn\u00fd je aj teobrom\u00edn, alkaloid \u0161truktur\u00e1lne podobn\u00fd kofe\u00ednu. Okrem toho sa teobrom\u00edn nach\u00e1dza v potravin\u00e1ch, ako je \u010dokol\u00e1da a kakaov\u00fd pr\u00e1\u0161ok. Uk\u00e1zalo sa, \u017ee kombin\u00e1cia k\u00e1vy a teobrom\u00ednu zlep\u0161uje n\u00e1ladu, bdelos\u0165 a koncentr\u00e1ciu a m\u00f4\u017ee tie\u017e kr\u00e1tkodobo zlep\u0161i\u0165 funkciu mozgu.<\/span><\/p>\n<p><span style=\"color: #000000\">Guayusa obsahuje ve\u013ea antioxidantov. Bojom s vo\u013en\u00fdmi radik\u00e1lmi, ktor\u00e9 s\u00fa nestabiln\u00fdmi chemik\u00e1liami v tele, zni\u017euj\u00fa oxida\u010dn\u00fd stres. M\u00f4\u017eu tak zn\u00ed\u017ei\u0165 riziko vzniku mnoh\u00fdch chronick\u00fdch ochoren\u00ed. Guayas m\u00e1 vysok\u00fd obsah polyfenolick\u00fdch antioxidantov naz\u00fdvan\u00fdch katech\u00edny, o ktor\u00fdch sa predpoklad\u00e1, \u017ee chr\u00e1nia pred srdcov\u00fdmi chorobami, rakovinou, cukrovkou 2. typu, obezitou, bakteri\u00e1lnymi infekciami a chorobami, ako aj zni\u017euj\u00fa hladinu cholesterolu a reguluj\u00fa pH.<\/span><\/p>\n<p><span style=\"color: #000000\">Ak va\u0161e telo nedok\u00e1\u017ee efekt\u00edvne transportova\u0165 cukor z krvi do buniek, m\u00f4\u017ee d\u00f4js\u0165 k vysokej hladine cukru v krvi. Toto ochorenie m\u00f4\u017ee nakoniec vies\u0165 k cukrovke 2. typu, ak sa nelie\u010di. Guayusa m\u00f4\u017ee pom\u00f4c\u0165 zn\u00ed\u017ei\u0165 hladinu cukru v krvi.<\/span><\/p>\n<p><span style=\"color: #000000\">Siln\u00e1 koncentr\u00e1cia kofe\u00ednu v Guayuse m\u00f4\u017ee pom\u00f4c\u0165 pri chudnut\u00ed. Pr\u00edrodn\u00e9 stimulanty, ako je kofe\u00edn, m\u00f4\u017eu zv\u00fd\u0161i\u0165 v\u00e1\u0161 metabolizmus a zv\u00fd\u0161i\u0165 mno\u017estvo kal\u00f3ri\u00ed, ktor\u00e9 va\u0161e telo sp\u00e1li.<\/span><\/p>\n<h2><span style=\"color: #000000\">Skladovanie a upozornenia<\/span><\/h2>\n<p><span style=\"color: #000000\">Skladujte na suchom, tmavom a chladnom mieste. Su\u0161en\u00e9 listy by sa mali a\u017e do pou\u017eitia skladova\u0165 vo vzduchotesnom vrecku alebo n\u00e1dobe.<\/span><\/p>\n<p><span style=\"color: #000000\">Guayusa obsahuje prirodzene sa vyskytuj\u00faci kofe\u00edn.<\/span><\/p>\n<h2><span style=\"color: #000000\">Balenie<\/span><\/h2>\n<p><span style=\"color: #000000\">Vzduchotesn\u00e9 vrecko so zipsom, kde si produkt zachov\u00e1 v\u0161etku svoju \u010derstvos\u0165 a v\u00f4\u0148u. Obal chr\u00e1ni pred svetlom a vzduchom. Sklad\u00e1 sa z nieko\u013ek\u00fdch vrstiev ochrany, ktor\u00e9 zachov\u00e1vaj\u00fa vlastnosti produktu.<\/span><\/p>\n<p><span style=\"color: #000000\">Obal je ve\u013emi praktick\u00fd a umo\u017e\u0148uje recykl\u00e1ciu.<\/span><\/p>\n<h2><span style=\"color: #000000\">P\u00f4vod<\/span><\/h2>\n<p><span style=\"color: #000000\">Ekv\u00e1dor<\/span><\/p>\n","protected":false},"excerpt":{"rendered":"<p>Bylinn\u00fd \u010daj s mno\u017estvom \u00fa\u010dinn\u00fdch l\u00e1tok pre dlh\u00fd, zdrav\u00fd a vit\u00e1lny \u017eivot. Vyslovuje sa ghwy-you-sa vo fr\u00e1ze, Guayusa znamen\u00e1 \u201eno\u010dn\u00fd str\u00e1\u017eca\u201c, preto\u017ee sa ob\u010das pou\u017e\u00edva na to, aby \u013eudia v noci nesp\u00e1vali. Je to pravdepodobne najviac kofe\u00ednov\u00fd \u010dajov\u00fd list na celom svete, ktor\u00fd obsahuje a\u017e 7,6 percent kofe\u00ednu!<\/p>\n<p>\ud83d\udc9a Zdvihne n\u00e1ladu.<br \/>\n\ud83d\udc9a M\u00e1 ve\u013ea vitam\u00ednov, aminokysel\u00edn a antioxidantov.<br \/>\n\ud83d\udc9a Zdrav\u0161ia d\u00e1vka energie ako k\u00e1va a energetick\u00e9 n\u00e1poje.<br \/>\n\ud83d\udc9a Zlep\u0161uje v\u00e1\u0161 du\u0161evn\u00fd stav a s\u00fastredenie.<\/p>\n","protected":false},"featured_media":6204,"comment_status":"open","ping_status":"closed","template":"","meta":{"_acf_changed":false},"product_brand":[],"product_cat":[15,239,205,224,225],"product_tag":[],"class_list":{"0":"post-6585","1":"product","2":"type-product","3":"status-publish","4":"has-post-thumbnail","6":"product_cat-uncategorized","7":"product_cat-caj","8":"product_cat-caj-jedlo-a-koreniny","9":"product_cat-ponuka","10":"product_cat-vsetky-produkty","12":"first","13":"instock","14":"sale","15":"taxable","16":"shipping-taxable","17":"purchasable","18":"product-type-simple"},"acf":[],"_links":{"self":[{"href":"https:\/\/fengchashop.com\/sk\/wp-json\/wp\/v2\/product\/6585","targetHints":{"allow":["GET"]}}],"collection":[{"href":"https:\/\/fengchashop.com\/sk\/wp-json\/wp\/v2\/product"}],"about":[{"href":"https:\/\/fengchashop.com\/sk\/wp-json\/wp\/v2\/types\/product"}],"replies":[{"embeddable":true,"href":"https:\/\/fengchashop.com\/sk\/wp-json\/wp\/v2\/comments?post=6585"}],"wp:featuredmedia":[{"embeddable":true,"href":"https:\/\/fengchashop.com\/sk\/wp-json\/wp\/v2\/media\/6204"}],"wp:attachment":[{"href":"https:\/\/fengchashop.com\/sk\/wp-json\/wp\/v2\/media?parent=6585"}],"wp:term":[{"taxonomy":"product_brand","embeddable":true,"href":"https:\/\/fengchashop.com\/sk\/wp-json\/wp\/v2\/product_brand?post=6585"},{"taxonomy":"product_cat","embeddable":true,"href":"https:\/\/fengchashop.com\/sk\/wp-json\/wp\/v2\/product_cat?post=6585"},{"taxonomy":"product_tag","embeddable":true,"href":"https:\/\/fengchashop.com\/sk\/wp-json\/wp\/v2\/product_tag?post=6585"}],"curies":[{"name":"wp","href":"https:\/\/api.w.org\/{rel}","templated":true}]}}