{"id":6574,"date":"2024-09-09T13:13:00","date_gmt":"2024-09-09T11:13:00","guid":{"rendered":"https:\/\/fengchashop.com\/sk\/product\/mini-vaha-200-g-001-g\/"},"modified":"2025-07-18T12:07:25","modified_gmt":"2025-07-18T10:07:25","slug":"mini-vaha","status":"publish","type":"product","link":"https:\/\/fengchashop.com\/sk\/product\/mini-vaha\/","title":{"rendered":"Mini v\u00e1ha 200 g \/ 0,01 g"},"content":{"rendered":"<h2><span style=\"color: #000000;\">N\u00e1zov<\/span><\/h2>\n<p><span style=\"color: #000000;\">Mini v\u00e1ha 200 g \/ 0,01 g<\/span><\/p>\n<h2><span style=\"color: #000000;\">Popis<\/span><\/h2>\n<p><span style=\"color: #000000;\"><strong>Digit\u00e1lna mini v\u00e1ha<\/strong> je vynikaj\u00face zariadenie na meranie superpotrav\u00edn a doplnkov stravy <em>ako m\u00e1me v na\u0161om sortimente<\/em>.<\/span><\/p>\n<p><span style=\"color: #000000;\">Je to prec\u00edzne a high-tech zariadenie ur\u010den\u00e9 pre \u013eud\u00ed, ktor\u00ed chc\u00fa presne d\u00e1vkova\u0165 men\u0161ie mno\u017estv\u00e1 \u017eiv\u00edn. Tak\u00e1to v\u00e1ha umo\u017e\u0148uje pou\u017e\u00edvate\u013eom presne v\u00e1\u017ei\u0165 doplnky stravy, ako s\u00fa pr\u00e1\u0161ky, semen\u00e1, tablety, kapsuly alebo tekutiny, a superpotraviny, ako s\u00fa chia semienka, spirulina, maca at\u010f.<\/span><\/p>\n<h2><span style=\"color: #000000;\"><strong>K\u013e\u00fa\u010dov\u00e9 vlastnosti digit\u00e1lnej v\u00e1hy<\/strong><\/span><\/h2>\n<p><span style=\"color: #000000;\"><strong>\ud83d\udc9a Vysok\u00e1 presnos\u0165:<\/strong> V\u00e1ha je navrhnut\u00e1 s extr\u00e9mnou presnos\u0165ou, a\u017e do 0,01 g, \u010do je ve\u013emi d\u00f4le\u017eit\u00e9 pri meran\u00ed mal\u00fdch mno\u017estiev superpotrav\u00edn a doplnkov stravy, kde sa neodpor\u00fa\u010da pred\u00e1vkovanie.<\/span><\/p>\n<p><span style=\"color: #000000;\"><strong>\ud83d\udc9a Viacer\u00e9 jednotky merania:<\/strong> Pou\u017e\u00edvatelia v\u00e1h m\u00f4\u017eu prep\u00edna\u0165 medzi r\u00f4znymi jednotkami merania, \u010do umo\u017e\u0148uje jednoduch\u00e9 nastavenie pod\u013ea typu meran\u00fdch l\u00e1tok.<\/span><\/p>\n<p><span style=\"color: #000000;\"><strong>\ud83d\udc9a Funkcia tarovania:<\/strong> Funkcia tarovania umo\u017e\u0148uje v\u00e1he zoh\u013eadni\u0165 hmotnos\u0165 n\u00e1doby alebo balenia, \u010do umo\u017e\u0148uje presn\u00e9 meranie iba obsahu bez dodato\u010dnej hmotnosti.<\/span><\/p>\n<p><span style=\"color: #000000;\"><strong>\ud83d\udc9a Jednoduch\u00e9 pou\u017e\u00edvanie:<\/strong> V\u00e1ha je vybaven\u00e1 LCD obrazovkou, ktor\u00e1 jasne a \u010ditate\u013ene zobrazuje hmotnos\u0165. Jednoduch\u00e9 ovl\u00e1danie pomocou tla\u010didiel umo\u017e\u0148uje r\u00fdchle v\u00e1\u017eenie, prep\u00ednanie jednotiek merania a pou\u017eitie tary.<\/span><\/p>\n<p><span style=\"color: #000000;\"><strong>\ud83d\udc9a Kompaktn\u00e1 a prenosn\u00e1:<\/strong> Mini digit\u00e1lna v\u00e1ha na doplnky stravy a superpotraviny je mal\u00e1 a \u013eahk\u00e1, \u010do znamen\u00e1, \u017ee ju mo\u017eno \u013eahko pren\u00e1\u0161a\u0165 a pou\u017e\u00edva\u0165 na r\u00f4znych miestach.<\/span><\/p>\n<p><span style=\"color: #000000;\"><strong>\ud83d\udc9a Pokro\u010dil\u00e9 funkcie:<\/strong> Na\u0161a v\u00e1ha m\u00e1 \u010fal\u0161ie funkcie, ako je automatick\u00e9 vypnutie na \u00fasporu energie a zobrazenie slabej bat\u00e9rie.<\/span><\/p>\n<p><span style=\"color: #000000;\"><strong>\ud83d\udc9a Hygienick\u00e9 materi\u00e1ly:<\/strong> Povrch v\u00e1hy je vyroben\u00fd z nehrdzavej\u00facej ocele, \u010do je d\u00f4le\u017eit\u00e9 pri pou\u017eit\u00ed v potravin\u00e1ch a v\u00fd\u017eivov\u00fdch doplnkoch.<\/span><\/p>\n<p><span style=\"color: #000000;\"><span style=\"font-size: 12px;\"><br \/>\n<\/span>Tieto mini digit\u00e1lne v\u00e1hy s\u00fa ide\u00e1lne <strong>pre \u0161\u0161portovcov, odborn\u00edkov na v\u00fd\u017eivu, \u013eud\u00ed so \u0161peci\u00e1lnou di\u00e9tou a ka\u017ed\u00e9ho, kto chce presn\u00e9 kontrolujte mno\u017estvo skonzumovan\u00fdch superpotrav\u00edn alebo doplnkov<\/strong>a, aby ste zabezpe\u010dili optim\u00e1lne v\u00fdsledky pre svoje zdravie.<\/span><\/p>\n<h2><span style=\"color: #000000;\">Technick\u00e9 podrobnosti<\/span><\/h2>\n<ul>\n<li><span style=\"color: #000000;\">Nosnos\u0165: 200 g<\/span><\/li>\n<li><span style=\"color: #000000;\">Presnos\u0165 merania: 0,01 g<\/span><\/li>\n<li><span style=\"color: #000000;\">Volite\u013en\u00e9 jednotky (g\/ml\/oz)<\/span><\/li>\n<li><span style=\"color: #000000;\">Automatick\u00e9 vypnutie<\/span><\/li>\n<li><span style=\"color: #000000;\">Jasn\u00fd LCD displej<\/span><\/li>\n<\/ul>\n<p><span style=\"color: #000000;\"><strong>Pr\u00edslu\u0161enstvo:<\/strong> Bat\u00e9rie AAA 1,5 V s\u00fa s\u00fa\u010das\u0165ou balenia.<\/span><\/p>\n","protected":false},"excerpt":{"rendered":"<p align=\"JUSTIFY\"><span class=\"jCAhz ChMk0b\"><span class=\"ryNqvb\">Digit\u00e1lna mini v\u00e1ha je vynikaj\u00face zariadenie <strong>na meranie superpotrav\u00edn a v\u00fd\u017eivov\u00fdch doplnkov<\/strong>, ako napr. pon\u00faknu\u0165. <\/span><\/span><span class=\"jCAhz ChMk0b\"><span class=\"ryNqvb\">Je to presn\u00e9 a technicky vyspel\u00e9 zariadenie.<\/span><\/span> <span class=\"jCAhz ChMk0b \">Tak\u00e1to v\u00e1ha umo\u017e\u0148uje pou\u017e\u00edvate\u013eom presne v\u00e1\u017ei\u0165 v\u00fd\u017eivov\u00e9 doplnky, ako s\u00fa pr\u00e1\u0161ky, semienka, tablety, kapsuly alebo tekutiny. <\/span><\/p>\n<p align=\"JUSTIFY\"><span class=\"jCAhz ChMk0b\"><span class=\"ryNqvb\">\ud83d\udc9a V\u00fdnimo\u010dn\u00e1 presnos\u0165 a\u017e 0,01 g. <\/span><\/span><\/p>\n<p align=\"JUSTIFY\"><span class=\"jCAhz ChMk0b\"><span class=\"ryNqvb\">\ud83d\udc9a Mo\u017enos\u0165 merania mal\u00fdch a stredn\u00fdch mno\u017estiev (do 500g). <\/span><\/span><\/p>\n<p align=\"JUSTIFY\"><span class=\"jCAhz\"><span class=\"ryNqvb\">\ud83d\udc9a Mo\u017enos\u0165 prep\u00edna\u0165 medzi r\u00f4znymi jednotkami merania. <\/span><\/span><\/p>\n<p align=\"JUSTIFY\"><span class=\"jCAhz ChMk0b\"><span class=\"ryNqvb\">\ud83d\udc9a Funkcia Tara. <\/span><\/span><\/p>\n<p align=\"JUSTIFY\"><span class=\"jCAhz ChMk0b\"><span class=\"ryNqvb\">\ud83d\udc9a Jednoduch\u00e9 pou\u017eitie s LCD displejom, ktor\u00fd jasne a \u010ditate\u013ene zobrazuje hmotnos\u0165.<\/span><\/span><\/p>\n<p align=\"JUSTIFY\"><span class=\"jCAhz ChMk0b\"><span class=\"ryNqvb\">\ud83d\udc9a Je mal\u00fd a \u013eahk\u00fd, \u013eahko prenosn\u00fd. <\/span><\/span><\/p>\n<p align=\"JUSTIFY\"><span class=\"jCAhz ChMk0b\"><span class=\"ryNqvb\">\ud83d\udc9a \u010eal\u0161ie funkcie pre automatick\u00e9 vypnutie na \u00fasporu energie a zobrazenie n\u00edzkej \u00farovne bat\u00e9rie.<\/span><\/span><\/p>\n","protected":false},"featured_media":6575,"comment_status":"open","ping_status":"closed","template":"","meta":{"_acf_changed":false},"product_brand":[],"product_cat":[15,194,224,225],"product_tag":[],"class_list":{"0":"post-6574","1":"product","2":"type-product","3":"status-publish","4":"has-post-thumbnail","6":"product_cat-uncategorized","7":"product_cat-ajurveda","8":"product_cat-ponuka","9":"product_cat-vsetky-produkty","11":"first","12":"outofstock","13":"taxable","14":"shipping-taxable","15":"purchasable","16":"product-type-simple"},"acf":[],"_links":{"self":[{"href":"https:\/\/fengchashop.com\/sk\/wp-json\/wp\/v2\/product\/6574","targetHints":{"allow":["GET"]}}],"collection":[{"href":"https:\/\/fengchashop.com\/sk\/wp-json\/wp\/v2\/product"}],"about":[{"href":"https:\/\/fengchashop.com\/sk\/wp-json\/wp\/v2\/types\/product"}],"replies":[{"embeddable":true,"href":"https:\/\/fengchashop.com\/sk\/wp-json\/wp\/v2\/comments?post=6574"}],"wp:featuredmedia":[{"embeddable":true,"href":"https:\/\/fengchashop.com\/sk\/wp-json\/wp\/v2\/media\/6575"}],"wp:attachment":[{"href":"https:\/\/fengchashop.com\/sk\/wp-json\/wp\/v2\/media?parent=6574"}],"wp:term":[{"taxonomy":"product_brand","embeddable":true,"href":"https:\/\/fengchashop.com\/sk\/wp-json\/wp\/v2\/product_brand?post=6574"},{"taxonomy":"product_cat","embeddable":true,"href":"https:\/\/fengchashop.com\/sk\/wp-json\/wp\/v2\/product_cat?post=6574"},{"taxonomy":"product_tag","embeddable":true,"href":"https:\/\/fengchashop.com\/sk\/wp-json\/wp\/v2\/product_tag?post=6574"}],"curies":[{"name":"wp","href":"https:\/\/api.w.org\/{rel}","templated":true}]}}