{"id":6572,"date":"2022-10-01T10:40:23","date_gmt":"2022-10-01T08:40:23","guid":{"rendered":"https:\/\/fengchashop.com\/sk\/product\/rakytnikovy-prasok-bio-250-g\/"},"modified":"2026-04-18T19:45:58","modified_gmt":"2026-04-18T17:45:58","slug":"rakytnikovy-prasok-bio","status":"publish","type":"product","link":"https:\/\/fengchashop.com\/sk\/product\/rakytnikovy-prasok-bio\/","title":{"rendered":"Rakytn\u00edkov\u00fd pr\u00e1\u0161ok BIO 250 g"},"content":{"rendered":"<h2><span style=\"color: #000000\">Rakytn\u00edk BIO v pr\u00e1\u0161ku<\/span><\/h2>\n<p><span style=\"color: #000000\">Rakytn\u00edk re\u0161etliakov\u00fd alebo takzvan\u00fd ps\u00ed t\u0155\u0148 je opadav\u00fd ker s t\u0155\u0148mi, ktor\u00fd rastie po celom svete, najm\u00e4 v\u0161ak v oblasti strednej a z\u00e1padnej \u00c1zie (\u010c\u00edna, Sib\u00edr, India&#8230;) a v okol\u00ed severnej a strednej Eur\u00f3py (F\u00ednsko, Anglicko, Nemecko, Po\u013esko, &#8230;). Je to rastlina, ktor\u00e1 nevy\u017eaduje \u0161peci\u00e1lne podmienky pre rast, dar\u00ed sa jej ako vo vysokohorsk\u00fdch oblastiach, tak aj pri mori.<\/span><\/p>\n<p><span style=\"color: #000000\">Tvar a vzh\u013ead listov rakytn\u00edka pripom\u00ednaj\u00fa olivov\u00e9 listy. Plody dozrievaj\u00fa na kr\u00edku a s\u00fa \u017eltooran\u017eovej farby. Zber ovocia resp Bobule rakytn\u00edka s\u00fa najpriaznivej\u0161ie na za\u010diatku jesenn\u00fdch mesiacov. Plody treba z kon\u00e1ra opatrne odstr\u00e1ni\u0165, preto\u017ee plody rakytn\u00edka s\u00fa ve\u013emi d\u00f4le\u017eit\u00e9, preto\u017ee obsahuj\u00fa lie\u010div\u00fa \u0161\u0165avu s mno\u017estvom vitam\u00ednu C. Jeho chu\u0165 je \u0161\u0165avnat\u00e1 a jemne kysl\u00e1. Cel\u00e1 rastlina m\u00e1 pozit\u00edvne vlastnosti pre zdravie a v\u0161eobecn\u00e9 vyu\u017eitie, dokonca aj v kozmetike s\u00fa u\u017eito\u010dn\u00e9 listy, plody, kon\u00e1re a tie\u017e kore\u0148.<\/span><\/p>\n<p><span style=\"color: #000000\">Hist\u00f3ria jeho lie\u010div\u00fdch \u00fa\u010dinkov siaha a\u017e do starovek\u00e9ho Gr\u00e9cka, kde kone pod\u00e1vali kon\u00e1re rakytn\u00edka, aby ich udr\u017eali vo forme. Okrem toho rakytn\u00edk konzumovali vojaci kv\u00f4li v\u00fddr\u017ei po\u010das bojov. \u201erGyud Bzi\u201c je tibetsk\u00e1 lek\u00e1rska kniha nap\u00edsan\u00e1 v 8. storo\u010d\u00ed, ktor\u00e1 obsahuje prv\u00e9 z\u00e1znamy o lie\u010div\u00fdch \u00fa\u010dinkoch rakytn\u00edka. Neskor\u0161\u00ed v\u00fdskum uskuto\u010dnen\u00fd v Rusku \u010falej potvrdil jeho lie\u010div\u00e9 \u00fa\u010dinky.<\/span><\/p>\n<h2><span style=\"color: #000000\">Ak\u00e9 k\u013e\u00fa\u010dov\u00e9 vlastnosti n\u00e1m rakytn\u00edk pon\u00faka?<\/span><\/h2>\n<p><span style=\"color: #000000\">V\u0161etku slne\u010dn\u00fa energiu uklad\u00e1 rakytn\u00edk do svojich plodov, ktor\u00e9 obsahuj\u00fa nespo\u010detn\u00e9 mno\u017estvo bioakt\u00edvnych l\u00e1tok, ako s\u00fa esenci\u00e1lne mastn\u00e9 kyseliny, vitam\u00edny, karotenoidy, fytosteroly, flavonoidy a tokotrienoly.<\/span><\/p>\n<p><span style=\"color: #000000\">Spomedzi esenci\u00e1lnych mastn\u00fdch kysel\u00edn sa najlep\u0161\u00ed zdroj nach\u00e1dza v rastlin\u00e1ch, a to omega-7 (kyselina palmitov\u00e1) mastn\u00e9 kyseliny. Z plodov rakytn\u00edka sa \u0161peci\u00e1lnymi met\u00f3dami z\u00edskavaj\u00fa aj \u010fal\u0161ie pre n\u00e1s ve\u013emi d\u00f4le\u017eit\u00e9 mastn\u00e9 kyseliny, a to omega-3 (kyselina \u03b1-iinol\u00e9nov\u00e1), omega-6 (kyselina linol\u00e9nov\u00e1) a omega-9 (kyselina olejov\u00e1) mastn\u00e9 kyseliny .<\/span><\/p>\n<p><span style=\"color: #000000\">Rakytn\u00edk je obohaten\u00fd o vitam\u00edny, najm\u00e4 vitam\u00edn C, ktor\u00e9ho je 10-kr\u00e1t viac ako v citr\u00f3ne. Vo fet\u00e1lnej membr\u00e1ne sa tvor\u00ed ve\u013ea vitam\u00ednu B-12, nach\u00e1dzaj\u00fa sa aj vitam\u00edny B, B1, B2, B3 a B9. D\u00f4le\u017eit\u00e9 s\u00fa aj vitam\u00edny A a E, ktor\u00e9 chr\u00e1nia poko\u017eku pred nebezpe\u010dn\u00fdmi vo\u013en\u00fdmi radik\u00e1lmi. Olej nach\u00e1dzaj\u00faci sa v ovoc\u00ed m\u00e1 tie\u017e pozit\u00edvne \u00fa\u010dinky na na\u0161e zdravie, preto\u017ee obsahuje mno\u017estvo aminokysel\u00edn, miner\u00e1lov, esenci\u00e1lnych mastn\u00fdch kysel\u00edn a fotsterolu.<\/span><\/p>\n<p><span style=\"color: #000000\">Najd\u00f4le\u017eitej\u0161ou zlo\u017ekou rakytn\u00edka je kvecert\u00edn, \u010do je flavonoid, pr\u00edrodn\u00e1 polyfenolov\u00e1 zl\u00fa\u010denina nach\u00e1dzaj\u00faca sa v ovoc\u00ed a zelenine. Je to siln\u00fd antioxidant a m\u00e1 protiz\u00e1palov\u00e9 a protin\u00e1dorov\u00e9 \u00fa\u010dinky a zvy\u0161uje silu srdcov\u00e9ho svalu a z\u00e1rove\u0148 zlep\u0161uje prietok krvi.<\/span><\/p>\n<p><span style=\"color: #000000\">\u010eal\u0161\u00edmi nemenej d\u00f4le\u017eit\u00fdmi zlo\u017ekami rakytn\u00edka s\u00fa miner\u00e1lne l\u00e1tky, fosfor, drasl\u00edk a \u017eelezo, najm\u00e4 hor\u010d\u00edk a v\u00e1pnik.<\/span><\/p>\n<p><span style=\"color: #000000\">N\u00e1\u0161 pr\u00e1\u0161ok z rakytn\u00edka je organicky pestovan\u00fd a je pr\u00edrodn\u00fdm antioxidantom. Je skuto\u010dn\u00fdm zdrojom sily, ke\u010f\u017ee posil\u0148uje organizmus, najm\u00e4 nervov\u00fd syst\u00e9m.<\/span><\/p>\n<h2><span style=\"color: #000000\">Ak\u00e9 s\u00fa zdravotn\u00e9 pr\u00ednosy rakytn\u00edka?<\/span><\/h2>\n<p><span style=\"color: #000000\">V\u00fd\u0165a\u017eky z plodov rakytn\u00edka v\u010faka vysok\u00e9mu obsahu antioxidantov pom\u00e1haj\u00fa posil\u0148ova\u0165 imunitn\u00fd syst\u00e9m, lie\u010dia krv\u00e1canie \u010fasien, obnovuj\u00fa po\u0161koden\u00e9 bunky, pom\u00e1haj\u00fa pri ko\u017en\u00fdch ochoreniach, chr\u00e1nia poko\u017eku pred pop\u00e1leninami a ekz\u00e9mami a pred UV \u017eiaren\u00edm a pom\u00e1haj\u00fa pri poraneniach,&#8230;<\/span><\/p>\n<p><span style=\"color: #000000\">Omega-7 mastn\u00e1 kyselina je mimoriadne d\u00f4le\u017eit\u00e1 pre regener\u00e1ciu tkan\u00edv, ako s\u00fa sliznice a poko\u017eka, preto\u017ee poko\u017eku hydratuje a spoma\u013euje starnutie. Omega-7 tie\u017e chr\u00e1ni \u010drev\u00e1 a \u017eal\u00fadok pred po\u0161koden\u00edm sliznice, ako je z\u00e1pal \u017eal\u00fadka, kolit\u00edda a vredy, a tie\u017e pom\u00e1ha zvlh\u010dova\u0165 such\u00fa sliznicu vag\u00edny.<\/span><\/p>\n<p><em><strong><span style=\"color: #000000\">\u00da\u010dinky, ktor\u00e9 maj\u00fa pozit\u00edvny vplyv na na\u0161e zdravie a telo:<\/span><\/strong><\/em><\/p>\n<p><span style=\"color: #000000\">\ud83d\udc9a je siln\u00fd antioxidant,<\/span><\/p>\n<p><span style=\"color: #000000\">\ud83d\udc9a posil\u0148uje imunitn\u00fd syst\u00e9m,<\/span><\/p>\n<p><span style=\"color: #000000\">\ud83d\udc9a p\u00f4sob\u00ed protiz\u00e1palovo,<\/span><\/p>\n<p><span style=\"color: #000000\">\ud83d\udc9areguluje krvn\u00fd tlak, cholesterol a cukor v krvi,<\/span><\/p>\n<p><span style=\"color: #000000\">\ud83d\udc9a lie\u010di ko\u017en\u00e9 ochorenia (z\u00e1paly, pop\u00e1leniny, ekz\u00e9my, psori\u00e1za, dermatit\u00edda&#8230;),<\/span><\/p>\n<p><span style=\"color: #000000\">\ud83d\udc9a lie\u010di po\u0161kodenie ko\u017ee (lie\u010di rany a zni\u017euje boles\u0165),<\/span><\/p>\n<p><span style=\"color: #000000\">\ud83d\udc9am\u00e1 omladzuj\u00faci \u00fa\u010dinok,<\/span><\/p>\n<p><span style=\"color: #000000\">\ud83d\udc9a obnovuje po\u0161koden\u00e9 bunky,<\/span><\/p>\n<p><span style=\"color: #000000\">\ud83d\udc9a pom\u00e1ha pri opuchoch n\u00f4h,<\/span><\/p>\n<p><span style=\"color: #000000\">\ud83d\udc9a chr\u00e1ni pe\u010de\u0148 a tr\u00e1viaci syst\u00e9m,<\/span><\/p>\n<p><span style=\"color: #000000\">\ud83d\udc9a m\u00e1 funkciu udr\u017eiava\u0165 zdrav\u00e9 srdce a cievny syst\u00e9m,<\/span><\/p>\n<p><span style=\"color: #000000\">\ud83d\udc9a chr\u00e1ni pred krv\u00e1can\u00edm \u010fasien,<\/span><\/p>\n<p><span style=\"color: #000000\">\ud83d\udc9a pom\u00e1ha pri chr\u00edpke, z\u00e1pale p\u013e\u00fac, z\u00e1\u0161krtu,&#8230;<\/span><\/p>\n<p><span style=\"color: #000000\">\ud83d\udc9a chr\u00e1ni such\u00e9 a podr\u00e1\u017eden\u00e9 o\u010di,<\/span><\/p>\n<p><span style=\"color: #000000\">\ud83d\udc9a zmier\u0148uje pr\u00edznaky chronickej \u00fanavy,<\/span><\/p>\n<p><span style=\"color: #000000\">\ud83d\udc9a zlep\u0161uje sexualitu,<\/span><\/p>\n<p><span style=\"color: #000000\">\ud83d\udc9a zmier\u0148uje pr\u00edznaky menopauzy,<\/span><\/p>\n<p><span style=\"color: #000000\">\ud83d\udc9a odstra\u0148uje stres a \u00fazkos\u0165,<\/span><\/p>\n<p><span style=\"color: #000000\">\ud83d\udc9a m\u00e1 protin\u00e1dorov\u00fd \u00fa\u010dinok.<\/span><\/p>\n<h2><span style=\"color: #000000\">Skladovanie a upozornenia<\/span><\/h2>\n<p><span style=\"color: #000000\">Skladujte na suchom a chladnom mieste pri teplote do 25 \u00b0C. V\u00fd\u017eivov\u00fd doplnok by mal by\u0165 mimo dosahu det\u00ed!<\/span><br \/>\n<span style=\"color: #000000\">Nezab\u00fadajte na d\u00f4le\u017eitos\u0165 pestrej stravy a zdrav\u00e9ho \u017eivotn\u00e9ho \u0161t\u00fdlu, v\u00fd\u017eivov\u00fd doplnok preto nie je n\u00e1hradou vyv\u00e1\u017eenej a pestrej stravy. Odpor\u00fa\u010dan\u00e9 denn\u00e9 mno\u017estvo alebo d\u00e1vka sa nesmie prekro\u010di\u0165.<\/span><\/p>\n<p><span style=\"color: #000000\">Rakytn\u00edkov\u00fd sirup a \u0161\u0165ava m\u00f4\u017eu p\u00f4sobi\u0165 ako stimulant, preto neodpor\u00fa\u010dame jeho u\u017e\u00edvanie ve\u010der.<\/span><\/p>\n<p><span style=\"color: #000000\">Odpor\u00fa\u010dan\u00fd pr\u00edjem po\u010das prv\u00fdch mesiacov tehotenstva by mal by\u0165 mal\u00fd.<\/span><\/p>\n<p><span style=\"color: #000000\">D\u00f4le\u017eit\u00e9 je neu\u017e\u00edva\u0165 rakytn\u00edk s\u00fa\u010dasne s liekmi proti zr\u00e1\u017eaniu krvi.<\/span><\/p>\n<h2><span style=\"color: #000000\">Balenie<\/span><\/h2>\n<p><span style=\"color: #000000\">Vzduchotesn\u00e9 vrecko so zipsom, kde si produkt zachov\u00e1 v\u0161etku svoju \u010derstvos\u0165 a v\u00f4\u0148u. Obal chr\u00e1ni pred svetlom a vzduchom, ke\u010f\u017ee pozost\u00e1va z nieko\u013ek\u00fdch vrstiev ochrany, ktor\u00e9 zachov\u00e1vaj\u00fa vlastnosti obsahu.<\/span><\/p>\n<p><span style=\"color: #000000\">Obal je ve\u013emi praktick\u00fd a umo\u017e\u0148uje recykl\u00e1ciu.<\/span><\/p>\n<h2><span style=\"color: #000000\">P\u00f4vod<\/span><\/h2>\n<p><span class=\"jCAhz ChMk0b\"><span class=\"ryNqvb\">\u010c\u00edna.<\/span><\/span> <span class=\"jCAhz ChMk0b\"><span class=\"ryNqvb\">M\u00e1me ve\u013emi spo\u013eahliv\u00fdch dod\u00e1vate\u013eov, ktor\u00ed n\u00e1m ku ka\u017edej \u0161ar\u017ei posielaj\u00fa podrobn\u00fd chemick\u00fd rozbor potrav\u00edn.<\/span><\/span> <span class=\"jCAhz ChMk0b\"><span class=\"ryNqvb\">Za viac ako desa\u0165 rokov sme nemali \u017eiadne s\u0165ahovanie ani in\u00e9 probl\u00e9my s touto polo\u017ekou, ani s in\u00fdmi polo\u017ekami od rovnak\u00e9ho dod\u00e1vate\u013ea.<\/span><\/span><\/p>\n","protected":false},"excerpt":{"rendered":"<p><span style=\"color: #000000\">Rakytn\u00edk, alebo takzvan\u00fd ps\u00ed t\u0155\u0148, je opadav\u00fd ker s t\u0155\u0148mi. Plody rakytn\u00edka s\u00fa ve\u013emi d\u00f4le\u017eit\u00e9, preto\u017ee obsahuj\u00fa lie\u010div\u00fa \u0161\u0165avu s mno\u017estvom vitam\u00ednu C. Jeho chu\u0165 je \u0161\u0165avnat\u00e1 a jemne kysl\u00e1. V\u0161etku slne\u010dn\u00fa energiu uklad\u00e1 rakytn\u00edk do svojich plodov, ktor\u00e9 obsahuj\u00fa nespo\u010detn\u00e9 mno\u017estvo bioakt\u00edvnych l\u00e1tok, ako s\u00fa esenci\u00e1lne mastn\u00e9 kyseliny, vitam\u00edny, karotenoidy, fytosteroly, flavonoidy a tokotrienoly. Omega-7 mastn\u00e1 kyselina je mimoriadne d\u00f4le\u017eit\u00e1 pre regener\u00e1ciu tkan\u00edv, ako s\u00fa sliznice a poko\u017eka, preto\u017ee poko\u017eku hydratuje a spoma\u013euje starnutie. Olej nach\u00e1dzaj\u00faci sa v ovoc\u00ed m\u00e1 tie\u017e pozit\u00edvne \u00fa\u010dinky na na\u0161e zdravie, preto\u017ee obsahuje mno\u017estvo aminokysel\u00edn, miner\u00e1lov, esenci\u00e1lnych mastn\u00fdch kysel\u00edn a fotsterolu.<\/span><\/p>\n<p><span style=\"color: #000000\">\ud83d\udc9a M\u00e1 vysok\u00e9 protiz\u00e1palov\u00e9, protin\u00e1dorov\u00e9 a antioxida\u010dn\u00e9 vlastnosti.<\/span><br \/>\n<span style=\"color: #000000\">\ud83d\udc9aZni\u017euje hladinu cukru a cholesterolu v krvi a upravuje krvn\u00fd tlak.<\/span><br \/>\n<span style=\"color: #000000\">\ud83d\udc9a Zvy\u0161uje silu srdcov\u00e9ho svalu a z\u00e1rove\u0148 zlep\u0161uje prietok krvi.<\/span><br \/>\n<span style=\"color: #000000\">\ud83d\udc9a Chr\u00e1ni poko\u017eku pred nebezpe\u010dn\u00fdmi vo\u013en\u00fdmi radik\u00e1lmi (lie\u010di ko\u017en\u00e9 ochorenia a po\u0161kodenia ko\u017ee.)<\/span><br \/>\n<span style=\"color: #000000\">\ud83d\udc9a Chr\u00e1ni pred krv\u00e1can\u00edm \u010fasien.<\/span><\/p>\n","protected":false},"featured_media":6573,"comment_status":"open","ping_status":"closed","template":"","meta":{"_acf_changed":false},"product_brand":[],"product_cat":[15,205,224,225],"product_tag":[],"class_list":{"0":"post-6572","1":"product","2":"type-product","3":"status-publish","4":"has-post-thumbnail","6":"product_cat-uncategorized","7":"product_cat-caj-jedlo-a-koreniny","8":"product_cat-ponuka","9":"product_cat-vsetky-produkty","11":"first","12":"instock","13":"sale","14":"taxable","15":"shipping-taxable","16":"purchasable","17":"product-type-simple"},"acf":[],"_links":{"self":[{"href":"https:\/\/fengchashop.com\/sk\/wp-json\/wp\/v2\/product\/6572","targetHints":{"allow":["GET"]}}],"collection":[{"href":"https:\/\/fengchashop.com\/sk\/wp-json\/wp\/v2\/product"}],"about":[{"href":"https:\/\/fengchashop.com\/sk\/wp-json\/wp\/v2\/types\/product"}],"replies":[{"embeddable":true,"href":"https:\/\/fengchashop.com\/sk\/wp-json\/wp\/v2\/comments?post=6572"}],"wp:featuredmedia":[{"embeddable":true,"href":"https:\/\/fengchashop.com\/sk\/wp-json\/wp\/v2\/media\/6573"}],"wp:attachment":[{"href":"https:\/\/fengchashop.com\/sk\/wp-json\/wp\/v2\/media?parent=6572"}],"wp:term":[{"taxonomy":"product_brand","embeddable":true,"href":"https:\/\/fengchashop.com\/sk\/wp-json\/wp\/v2\/product_brand?post=6572"},{"taxonomy":"product_cat","embeddable":true,"href":"https:\/\/fengchashop.com\/sk\/wp-json\/wp\/v2\/product_cat?post=6572"},{"taxonomy":"product_tag","embeddable":true,"href":"https:\/\/fengchashop.com\/sk\/wp-json\/wp\/v2\/product_tag?post=6572"}],"curies":[{"name":"wp","href":"https:\/\/api.w.org\/{rel}","templated":true}]}}