{"id":6570,"date":"2025-05-30T12:55:17","date_gmt":"2025-05-30T10:55:17","guid":{"rendered":"https:\/\/fengchashop.com\/sk\/product\/kokosove-lupienky-bio-250-g\/"},"modified":"2026-02-02T14:06:16","modified_gmt":"2026-02-02T13:06:16","slug":"kokosove-lupienky-bio","status":"publish","type":"product","link":"https:\/\/fengchashop.com\/sk\/product\/kokosove-lupienky-bio\/","title":{"rendered":"Kokosov\u00e9 lupienky BIO 250 g"},"content":{"rendered":"<h2><span style=\"color: #000000;\">Kokosov\u00e9 lupienky BIO<\/span><\/h2>\n<p><span style=\"color: #000000;\">Lahodn\u00e1 superpotravina s n\u00e1zvom kokos (Cocos nucifera) v\u00e1s udr\u017e\u00ed \u0161\u0165astn\u00fdmi a zdrav\u00fdmi. Obsahuje bielkoviny, zdrav\u00e9 tuky, vitam\u00edny, miner\u00e1ly a \u010fal\u0161ie prvky, ktor\u00e9 s\u00fa dobr\u00e9 pre va\u0161e celkov\u00e9 zdravie. Kokos m\u00e1 navy\u0161e antiv\u00edrusov\u00e9 a antibakteri\u00e1lne vlastnosti, ktor\u00e9 posil\u0148uj\u00fa imunitn\u00fd syst\u00e9m a zabra\u0148uj\u00fa r\u00f4znym ochoreniam.<\/span><\/p>\n<p><span style=\"color: #000000;\">Obsah miner\u00e1lov v surovom kokose je ve\u013emi vysok\u00fd. Je bohat\u00e1 na drasl\u00edk, hor\u010d\u00edk, zinok a \u017eelezo. \u010ealej obsahuje vitam\u00edny B1, B2, B3 a B6.<\/span><\/p>\n<p><span style=\"color: #000000;\">Predpoklad\u00e1 sa, \u017ee kokosov\u00fd orech poch\u00e1dza z ostrova v juhoz\u00e1padnom Pacifiku, z ktor\u00e9ho poch\u00e1dza pr\u00edslovie: \u201eTen, kto zasad\u00ed kokosov\u00fa palmu, zasad\u00ed jedlo a pitie a vytvor\u00ed miesto pre seba a dedi\u010dstvo pre svojich potomkov\u201c.<\/span><\/p>\n<p><span style=\"color: #000000;\">Na Filip\u00ednach je kokosov\u00e1 palma zn\u00e1ma ako \u201estrom \u017eivota\u201c, v Mezopot\u00e1mii ako \u201estrom tis\u00edcich pou\u017eit\u00ed\u201c a v Indii ako \u201estrom, ktor\u00fd poskytuje v\u0161etko, \u010do k \u017eivotu potrebujeme\u201c.<\/span><\/p>\n<p><span style=\"color: #000000;\">Kokosov\u00e9 lupienky s\u00fa skvelou n\u00e1hradou v\u0161etk\u00fdch be\u017ene pou\u017e\u00edvan\u00fdch, no nezdrav\u00fdch zemiakov\u00fdch lupienkov. Ur\u010dite v\u00e1m pom\u00f4\u017ee uspokoji\u0165 va\u0161u n\u00e1hlu t\u00fa\u017ebu po ide\u00e1lnej zmesi v\u00fd\u017eivy a chuti. T\u00fato chrumkav\u00fa ma\u0161krtu si m\u00f4\u017eete dopria\u0165 bez v\u00fd\u010ditiek svedomia.<\/span><\/p>\n<p><span style=\"color: #000000;\">Kokosov\u00e9 lupienky s\u00fa skvelou rovnov\u00e1hou slan\u00e9ho a sladk\u00e9ho. S\u00fa vyroben\u00e9 z kr\u00e9mov\u00e9ho kokosov\u00e9ho m\u00e4sa s odstr\u00e1nenou vlhkos\u0165ou a prirodzene vysu\u0161en\u00e9.<\/span><\/p>\n<h2><span style=\"color: #000000;\">\u00da\u010dinky kokosov\u00fdch lupienkov<\/span><\/h2>\n<p><span style=\"color: #000000;\">Mnoh\u00e9 \u0161t\u00fadie ukazuj\u00fa, \u017ee antiv\u00edrusov\u00e9, antibakteri\u00e1lne, protiz\u00e1palov\u00e9 a antioxida\u010dn\u00e9 vlastnosti kokosu m\u00f4\u017eu pom\u00f4c\u0165 predch\u00e1dza\u0165 mnoh\u00fdm ochoreniam. Kokosov\u00e9 lupienky s\u00fa nielen mimoriadne chutn\u00e9, ale aj skvel\u00e9 na regul\u00e1ciu cholesterolu, cukru v krvi a krvn\u00e9ho tlaku. Tento vysokokalorick\u00fd snack zvy\u0161uje metabolizmus a energetick\u00fa hladinu v tele.<\/span><\/p>\n<p><span style=\"color: #000000;\">Kokosov\u00e9 orechy s\u00fa bohat\u00e9 na miner\u00e1ly, lipidy, vitam\u00edn B a \u010fal\u0161ie \u017eiviny. Kyselina laurov\u00e1, chlorid, \u017eelezo a k\u013e\u00fa\u010dov\u00e9 elektrolyty ako drasl\u00edk, hor\u010d\u00edk a v\u00e1pnik s\u00fa niektor\u00e9 zo z\u00e1kladn\u00fdch miner\u00e1lov, ktor\u00e9 sa nach\u00e1dzaj\u00fa v kokosov\u00fdch lupienkoch. Dobr\u00e1 rovnov\u00e1ha elektrolytov je rozhoduj\u00faca, preto\u017ee podporuje celkov\u00e9 zdravie.<\/span><\/p>\n<h2><span style=\"color: #000000;\">Skladovanie a upozornenia<\/span><\/h2>\n<p><span style=\"color: #000000;\">Skladujte na chladnom a suchom mieste. V\u00fd\u017eivov\u00fd doplnok uchov\u00e1vajte mimo dosahu det\u00ed!<\/span><\/p>\n<p><span style=\"color: #000000;\">Niektor\u00ed \u013eudia m\u00f4\u017eu by\u0165 alergick\u00ed na kokosov\u00e9 orechy, aj ke\u010f je to zriedkav\u00e9. V pr\u00edpade, \u017ee m\u00e1te pr\u00edznaky alergie vr\u00e1tane svrbenia ko\u017ee, zvierania hrdla, k\u00fdchania, sipotu, \u017eal\u00fado\u010dn\u00fdch probl\u00e9mov at\u010f., mali by ste zo svojho jed\u00e1lni\u010dka vyl\u00fa\u010di\u0165 v\u0161etky kokosov\u00e9 produkty.<\/span><\/p>\n<p><span style=\"color: #000000;\">Nezab\u00fadajte na d\u00f4le\u017eitos\u0165 pestrej stravy a zdrav\u00e9ho \u017eivotn\u00e9ho \u0161t\u00fdlu, v\u00fd\u017eivov\u00fd doplnok preto nie je n\u00e1hradou vyv\u00e1\u017eenej a pestrej stravy. Odpor\u00fa\u010dan\u00e9 denn\u00e9 mno\u017estvo alebo d\u00e1vka sa nesmie prekro\u010di\u0165.<\/span><\/p>\n<h2><span style=\"color: #000000;\">Balenie<\/span><\/h2>\n<p><span style=\"color: #000000;\">Vzduchotesn\u00e9 vrecko so zipsom, kde si produkt zachov\u00e1 v\u0161etku svoju \u010derstvos\u0165 a v\u00f4\u0148u. Obal chr\u00e1ni pred svetlom a vzduchom, ke\u010f\u017ee pozost\u00e1va z nieko\u013ek\u00fdch vrstiev ochrany, ktor\u00e9 zachov\u00e1vaj\u00fa vlastnosti obsahu.<\/span><\/p>\n<p><span style=\"color: #000000;\">Obal je ve\u013emi praktick\u00fd a umo\u017e\u0148uje recykl\u00e1ciu.<\/span><\/p>\n<h2><span style=\"color: #000000;\">P\u00f4vod<\/span><\/h2>\n<p><span style=\"color: #000000;\">Sr\u00ed Lanka<\/span><\/p>\n","protected":false},"excerpt":{"rendered":"<p>Lahodn\u00e1 superpotravina s n\u00e1zvom kokos (Cocos nucifera) sa postar\u00e1 o spokojnos\u0165 a zdravie. Predpoklad\u00e1 sa, \u017ee kokosov\u00fd orech poch\u00e1dza z ostrova v juhoz\u00e1padnom Pacifiku, z ktor\u00e9ho poch\u00e1dza pr\u00edslovie: \u201eTen, kto zasad\u00ed kokosov\u00fa palmu, zasad\u00ed jedlo a pitie a vytvor\u00ed miesto pre seba a dedi\u010dstvo pre svojich potomkov\u201c.<\/p>\n<p>\ud83d\udc9a Lahodn\u00e1 superpotravina zais\u0165uje spokojnos\u0165 a zdravie.<br \/>\n\ud83d\udc9a Z bioprodukcie.<br \/>\n\ud83d\udc9a Je to \u00fa\u017easn\u00e1 rovnov\u00e1ha slanej a sladkej chuti.<br \/>\n\ud83d\udc9a Zvy\u0161uje metabolizmus a hladinu energie v tele.<\/p>\n","protected":false},"featured_media":6571,"comment_status":"open","ping_status":"closed","template":"","meta":{"_acf_changed":false},"product_brand":[],"product_cat":[15,205,224,225],"product_tag":[],"class_list":{"0":"post-6570","1":"product","2":"type-product","3":"status-publish","4":"has-post-thumbnail","6":"product_cat-uncategorized","7":"product_cat-caj-jedlo-a-koreniny","8":"product_cat-ponuka","9":"product_cat-vsetky-produkty","11":"first","12":"outofstock","13":"taxable","14":"shipping-taxable","15":"purchasable","16":"product-type-simple"},"acf":[],"_links":{"self":[{"href":"https:\/\/fengchashop.com\/sk\/wp-json\/wp\/v2\/product\/6570","targetHints":{"allow":["GET"]}}],"collection":[{"href":"https:\/\/fengchashop.com\/sk\/wp-json\/wp\/v2\/product"}],"about":[{"href":"https:\/\/fengchashop.com\/sk\/wp-json\/wp\/v2\/types\/product"}],"replies":[{"embeddable":true,"href":"https:\/\/fengchashop.com\/sk\/wp-json\/wp\/v2\/comments?post=6570"}],"wp:featuredmedia":[{"embeddable":true,"href":"https:\/\/fengchashop.com\/sk\/wp-json\/wp\/v2\/media\/6571"}],"wp:attachment":[{"href":"https:\/\/fengchashop.com\/sk\/wp-json\/wp\/v2\/media?parent=6570"}],"wp:term":[{"taxonomy":"product_brand","embeddable":true,"href":"https:\/\/fengchashop.com\/sk\/wp-json\/wp\/v2\/product_brand?post=6570"},{"taxonomy":"product_cat","embeddable":true,"href":"https:\/\/fengchashop.com\/sk\/wp-json\/wp\/v2\/product_cat?post=6570"},{"taxonomy":"product_tag","embeddable":true,"href":"https:\/\/fengchashop.com\/sk\/wp-json\/wp\/v2\/product_tag?post=6570"}],"curies":[{"name":"wp","href":"https:\/\/api.w.org\/{rel}","templated":true}]}}