{"id":6561,"date":"2023-08-29T09:31:01","date_gmt":"2023-08-29T07:31:01","guid":{"rendered":"https:\/\/fengchashop.com\/sk\/product\/pupavovy-prasok-bio-250-g\/"},"modified":"2026-04-16T23:28:09","modified_gmt":"2026-04-16T21:28:09","slug":"pupavovy-prasok-bio","status":"publish","type":"product","link":"https:\/\/fengchashop.com\/sk\/product\/pupavovy-prasok-bio\/","title":{"rendered":"P\u00fapavov\u00fd pr\u00e1\u0161ok BIO 250 g"},"content":{"rendered":"<h2><span style=\"color: #000000\">P\u00fapavov\u00fd pr\u00e1\u0161ok BIO<\/span><\/h2>\n<p><span style=\"color: #000000\">P\u00fapava lek\u00e1rska (Taraxacum officinale), zn\u00e1ma aj ako p\u00fapava alebo p\u00fapava, je trv\u00e1ca rastlina z \u010de\u013eade Asteraceae. Rastlina je roz\u0161\u00edren\u00e1 po celom svete a be\u017ene sa vyskytuje na l\u00fakach, z\u00e1hrad\u00e1ch, pri cest\u00e1ch a in\u00fdch otvoren\u00fdch ploch\u00e1ch. Okrem dekorat\u00edvnej hodnoty m\u00e1 aj historick\u00fa a s\u00fa\u010dasn\u00fa \u00fa\u017eitkov\u00fa hodnotu v tradi\u010dnej a pr\u00edrodnej medic\u00edne, kde sa sk\u00famali jej potenci\u00e1lne zdravotn\u00e9 \u00fa\u010dinky.<\/span><\/p>\n<h2><span style=\"color: #000000\">Pre\u010do je p\u00fapava tak\u00e1 v\u00fdnimo\u010dn\u00e1 a tak\u00e1 odli\u0161n\u00e1?<\/span><\/h2>\n<p><span style=\"color: #000000\">Pr\u00e1\u0161ok z kore\u0148a p\u00fapavy je doplnok stravy z\u00edskan\u00fd z kore\u0148ov tejto rastliny. Pr\u00e1\u0161ok z kore\u0148a p\u00fapavy je cenen\u00fd pre mno\u017estvo potenci\u00e1lnych zdravotn\u00fdch v\u00fdhod. P\u00fapava sa pou\u017e\u00edva v tradi\u010dn\u00fdch lek\u00e1rskych syst\u00e9moch po celom svete na r\u00f4zne \u00fa\u010dely, vr\u00e1tane \u00fa\u010dinkov ako tonikum, diuretikum a \u010disti\u010d krvi.<\/span><\/p>\n<p><span style=\"color: #000000\">Kore\u0148 p\u00fapavy je bohat\u00fdm zdrojom mnoh\u00fdch \u017eiv\u00edn, vr\u00e1tane vitam\u00ednov (A, C a K), miner\u00e1lov (drasl\u00edk, v\u00e1pnik, \u017eelezo, hor\u010d\u00edk a fosfor) a \u010fal\u0161\u00edch zl\u00fa\u010den\u00edn, ktor\u00e9 m\u00f4\u017eu prospieva\u0165 zdraviu.<\/span><\/p>\n<p><span style=\"color: #000000\">P\u00fapava obsahuje antioxidanty, ktor\u00e9 chr\u00e1nia bunky pred po\u0161koden\u00edm vo\u013en\u00fdmi radik\u00e1lmi. Antioxidanty m\u00f4\u017eu prispieva\u0165 k celkov\u00e9mu zdraviu a zohr\u00e1vaj\u00fa \u00falohu pri zni\u017eovan\u00ed rizika chronick\u00fdch ochoren\u00ed. Flavonoidy s\u00fa antioxidanty, ktor\u00e9 zah\u0155\u0148aj\u00fa zl\u00fa\u010deniny ako kvercet\u00edn a luteol\u00edn, ktor\u00e9 m\u00f4\u017eu pom\u00f4c\u0165 chr\u00e1ni\u0165 bunky pred oxida\u010dn\u00fdm stresom.<\/span><\/p>\n<p><span style=\"color: #000000\">Kore\u0148 p\u00fapavy obsahuje aj vl\u00e1kninu, z ktorej najd\u00f4le\u017eitej\u0161\u00ed je inul\u00edn, preto\u017ee pom\u00e1ha regulova\u0165 hladinu cukru v krvi a tr\u00e1venie.<\/span><br \/>\n<span style=\"color: #000000\">\u010eal\u0161ie d\u00f4le\u017eit\u00e9 zl\u00fa\u010deniny nach\u00e1dzaj\u00face sa v koreni p\u00fapavy s\u00fa bitter\u00edn, ktor\u00fd stimuluje chu\u0165 do jedla a tr\u00e1viaci proces, a fytochemik\u00e1lie, ktor\u00e9 maj\u00fa r\u00f4zne zdravotn\u00e9 v\u00fdhody.<\/span><\/p>\n<h2><span style=\"color: #000000\">\u00da\u010dinky, ktor\u00e9 maj\u00fa pozit\u00edvny vplyv na na\u0161e zdravie a telo<\/span><\/h2>\n<p><span style=\"color: #000000\"><strong>P\u00fapava m\u00e1 mnoho potenci\u00e1lnych zdravotn\u00fdch v\u00fdhod a \u00fa\u010dinkov. Niektor\u00e9 z hlavn\u00fdch v\u00fdhod a \u00fa\u010dinkov s\u00fa:<\/strong><\/span><\/p>\n<p><span style=\"color: #000000\">\ud83d\udc9a je siln\u00fd antioxidant, ktor\u00fd odstra\u0148uje vo\u013en\u00e9 radik\u00e1ly,<\/span><br \/>\n<span style=\"color: #000000\">\ud83d\udc9am\u00e1 diuretick\u00fd \u00fa\u010dinok,<\/span><br \/>\n<span style=\"color: #000000\">\ud83d\udc9a pom\u00e1ha pri detoxik\u00e1cii a \u010disten\u00ed,<\/span><br \/>\n<span style=\"color: #000000\">\ud83d\udc9a prispieva k lep\u0161iemu tr\u00e1veniu a zdrav\u00e9mu tr\u00e1viacemu syst\u00e9mu,<\/span><br \/>\n<span style=\"color: #000000\">\ud83d\udc9a prispieva k lep\u0161iemu fungovaniu imunitn\u00e9ho syst\u00e9mu,<\/span><br \/>\n<span style=\"color: #000000\">\ud83d\udc9a pom\u00e1ha posil\u0148ova\u0165 prirodzen\u00fa odolnos\u0165 organizmu vo\u010di infekci\u00e1m a chorob\u00e1m,<\/span><br \/>\n<span style=\"color: #000000\">\ud83d\udc9a m\u00e1 protiz\u00e1palov\u00e9 vlastnosti,<\/span><br \/>\n<span style=\"color: #000000\">\ud83d\udc9a zlep\u0161uje stav poko\u017eky pri r\u00f4znych probl\u00e9moch,<\/span><br \/>\n<span style=\"color: #000000\">\ud83d\udc9apodporuje funkciu pe\u010dene,<\/span><br \/>\n<span style=\"color: #000000\">\ud83d\udc9a pom\u00e1ha regulova\u0165 hladinu cukru v krvi,<\/span><br \/>\n<span style=\"color: #000000\">\ud83d\udc9a prispieva k zlep\u0161eniu zdravia kost\u00ed.<\/span><\/p>\n<h2><span style=\"color: #000000\">Skladovanie a upozornenia<\/span><\/h2>\n<p><span style=\"color: #000000\">Skladujte na chladnom a suchom mieste. V\u00fd\u017eivov\u00fd doplnok uchov\u00e1vajte mimo dosahu det\u00ed!<\/span><br \/>\n<span style=\"color: #000000\">Pam\u00e4tajte na d\u00f4le\u017eitos\u0165 pestrej stravy a zdrav\u00e9ho \u017eivotn\u00e9ho \u0161t\u00fdlu, v\u00fd\u017eivov\u00fd doplnok nie je n\u00e1hradou vyv\u00e1\u017eenej a pestrej stravy. Odpor\u00fa\u010dan\u00e9 denn\u00e9 mno\u017estvo alebo d\u00e1vka by sa nemali prekro\u010di\u0165.<\/span><\/p>\n<p><span style=\"color: #000000\">Neodpor\u00fa\u010da sa u\u017e\u00edva\u0165 tehotn\u00fdm a doj\u010diacim matk\u00e1m a de\u0165om. Konzum\u00e1cia sa neodpor\u00fa\u010da osob\u00e1m precitliven\u00fdm na rastliny z \u010de\u013eade Asteraceae a \u013eu\u010fom, ktor\u00ed u\u017e\u00edvaj\u00fa lieky na riedenie krvi alebo maj\u00fa probl\u00e9my so \u017el\u010dn\u00edkom. V pr\u00edpade ak\u00fdchko\u013evek zdravotn\u00fdch probl\u00e9mov sa odpor\u00fa\u010da poradi\u0165 sa so svoj\u00edm lek\u00e1rom o \u010fal\u0161\u00edch inform\u00e1ci\u00e1ch.<\/span><\/p>\n<h2><span style=\"color: #000000\">Balenie<\/span><\/h2>\n<p><span style=\"color: #000000\">Nepriepustn\u00e9 vrecko so zipsom, v ktorom si produkt zachov\u00e1va svoju \u010derstvos\u0165 a v\u00f4\u0148u. Obal chr\u00e1ni pred svetlom a vzduchom, ke\u010f\u017ee sa sklad\u00e1 z nieko\u013ek\u00fdch ochrann\u00fdch vrstiev, ktor\u00e9 uchov\u00e1vaj\u00fa vlastnosti obsahu vn\u00fatri.<\/span><br \/>\n<span style=\"color: #000000\">Obal je ve\u013emi praktick\u00fd a recyklovate\u013en\u00fd.<\/span><\/p>\n<h2><span style=\"color: #000000\">P\u00f4vod<\/span><\/h2>\n<p><span style=\"color: #000000\">\u010c\u00edna. M\u00e1me ve\u013emi spo\u013eahliv\u00fdch dod\u00e1vate\u013eov, ktor\u00ed n\u00e1m posielaj\u00fa podrobn\u00fa chemick\u00fa anal\u00fdzu produktu pre ka\u017ed\u00fa \u0161ar\u017eu. Za viac ako 10 rokov sme s t\u00fdmto produktom, ani s in\u00fdm produktom od toho ist\u00e9ho dod\u00e1vate\u013ea, nikdy nemali \u017eiadne stiahnutie produktu \u010di in\u00fd probl\u00e9m.<\/span><\/p>\n<p><span style=\"color: #000000\">Tento produkt je 100% certifikovan\u00fd ako ekologick\u00fd.<\/span><\/p>\n","protected":false},"excerpt":{"rendered":"<p>P\u00fapava lek\u00e1rska (Taraxacum officinale), zn\u00e1ma aj ako p\u00fapava alebo Ve\u013ek\u00e1 noc, je trv\u00e1ca rastlina z \u010de\u013eade Asteraceae. Rastlina je roz\u0161\u00edren\u00e1 po celom svete a be\u017ene sa vyskytuje na l\u00fakach, z\u00e1hrad\u00e1ch, pri cest\u00e1ch a in\u00fdch otvoren\u00fdch ploch\u00e1ch. Okrem dekorat\u00edvnej hodnoty m\u00e1 aj historick\u00fa a s\u00fa\u010dasn\u00fa \u00fa\u017eitkov\u00fa hodnotu v tradi\u010dnej a pr\u00edrodnej medic\u00edne, kde sa sk\u00famali jej potenci\u00e1lne zdravotn\u00e9 \u00fa\u010dinky.<\/p>\n<p>\ud83d\udc9a Pom\u00e1ha posil\u0148ova\u0165 prirodzen\u00fa odolnos\u0165 organizmu vo\u010di infekci\u00e1m a chorob\u00e1m.<br \/>\n\ud83d\udc9a Prispieva k lep\u0161iemu tr\u00e1veniu a zdrav\u00e9mu tr\u00e1viacemu syst\u00e9mu.<br \/>\n\ud83d\udc9a Pom\u00e1ha regulova\u0165 hladinu cukru v krvi.<br \/>\n\ud83d\udc9a Je to siln\u00fd antioxidant, ktor\u00fd odstra\u0148uje vo\u013en\u00e9 radik\u00e1ly.<\/p>\n","protected":false},"featured_media":6562,"comment_status":"open","ping_status":"closed","template":"","meta":{"_acf_changed":false},"product_brand":[],"product_cat":[224,195,225],"product_tag":[],"class_list":{"0":"post-6561","1":"product","2":"type-product","3":"status-publish","4":"has-post-thumbnail","6":"product_cat-ponuka","7":"product_cat-superpotraviny","8":"product_cat-vsetky-produkty","10":"first","11":"instock","12":"sale","13":"taxable","14":"shipping-taxable","15":"purchasable","16":"product-type-simple"},"acf":[],"_links":{"self":[{"href":"https:\/\/fengchashop.com\/sk\/wp-json\/wp\/v2\/product\/6561","targetHints":{"allow":["GET"]}}],"collection":[{"href":"https:\/\/fengchashop.com\/sk\/wp-json\/wp\/v2\/product"}],"about":[{"href":"https:\/\/fengchashop.com\/sk\/wp-json\/wp\/v2\/types\/product"}],"replies":[{"embeddable":true,"href":"https:\/\/fengchashop.com\/sk\/wp-json\/wp\/v2\/comments?post=6561"}],"wp:featuredmedia":[{"embeddable":true,"href":"https:\/\/fengchashop.com\/sk\/wp-json\/wp\/v2\/media\/6562"}],"wp:attachment":[{"href":"https:\/\/fengchashop.com\/sk\/wp-json\/wp\/v2\/media?parent=6561"}],"wp:term":[{"taxonomy":"product_brand","embeddable":true,"href":"https:\/\/fengchashop.com\/sk\/wp-json\/wp\/v2\/product_brand?post=6561"},{"taxonomy":"product_cat","embeddable":true,"href":"https:\/\/fengchashop.com\/sk\/wp-json\/wp\/v2\/product_cat?post=6561"},{"taxonomy":"product_tag","embeddable":true,"href":"https:\/\/fengchashop.com\/sk\/wp-json\/wp\/v2\/product_tag?post=6561"}],"curies":[{"name":"wp","href":"https:\/\/api.w.org\/{rel}","templated":true}]}}