{"id":6559,"date":"2023-12-14T18:38:09","date_gmt":"2023-12-14T17:38:09","guid":{"rendered":"https:\/\/fengchashop.com\/sk\/product\/sango-koralovy-prasok-250-g\/"},"modified":"2026-04-09T16:11:33","modified_gmt":"2026-04-09T14:11:33","slug":"sango-koralovy-prasok","status":"publish","type":"product","link":"https:\/\/fengchashop.com\/sk\/product\/sango-koralovy-prasok\/","title":{"rendered":"Sango Koralov\u00fd pr\u00e1\u0161ok 250 g"},"content":{"rendered":"<h2><span style=\"color: #000000\">Sango Koralov\u00fd pr\u00e1\u0161ok <\/span><\/h2>\n<p><span style=\"color: #000000\">Morsk\u00fd koral Sango poch\u00e1dza z mili\u00f3n rokov star\u00e9ho koralov\u00e9ho \u00fatesu pri pobre\u017e\u00ed ostrova Okinawa v Japonsku. Dokonca aj samotn\u00fd ostrov Okinawa vznikol na koralovej skale \u2013 v\u010faka tomu da\u017e\u010fov\u00e1 voda presakuje cez zr\u00e1\u017eky a je obohaten\u00e1 o nespo\u010detn\u00e9 mno\u017estvo miner\u00e1lov a stopov\u00fdch prvkov, ktor\u00e9 sa nach\u00e1dzaj\u00fa vo fos\u00edlnych koraloch. Obyvatelia Okinavy, ktor\u00fdm sa \u010dasto pripisuje vek nad sto rokov, tak dost\u00e1vaj\u00fa mimoriadne bohat\u00fa a jedine\u010dn\u00fa vodu pln\u00fa miner\u00e1lov.<\/span><\/p>\n<h2><span style=\"color: #000000\">Pre\u010do je koralov\u00fd pr\u00e1\u0161ok Sango tak\u00fd \u0161peci\u00e1lny a tak\u00fd odli\u0161n\u00fd?<\/span><\/h2>\n<p><span style=\"color: #000000\">Koralov\u00fd pr\u00e1\u0161ok Sango je pr\u00edrodn\u00fdm zdrojom v\u00e1pnika a \u010fal\u0161\u00edch miner\u00e1lov, ktor\u00e9 s\u00fa prospe\u0161n\u00e9 pre zdravie. Koralov\u00fd prach obsahuje predov\u0161etk\u00fdm v\u00e1pnik a hor\u010d\u00edk, v pomere 2:1, \u010do m\u00e1 by\u0165 ide\u00e1lne pre \u013eudsk\u00fd organizmus, s vysokou biologickou dostupnos\u0165ou. Okrem toho m\u00f4\u017ee obsahova\u0165 aj in\u00e9 stopov\u00e9 miner\u00e1ly.<\/span><\/p>\n<h2><span style=\"color: #000000\">\u00da\u010dinky, ktor\u00e9 maj\u00fa pozit\u00edvny vplyv na na\u0161e zdravie a telo<\/span><\/h2>\n<p><span style=\"color: #000000\">Koralov\u00fd pr\u00e1\u0161ok Sango m\u00e1 mnoho potenci\u00e1lnych zdravotn\u00fdch v\u00fdhod a \u00fa\u010dinkov. Niektor\u00e9 z hlavn\u00fdch v\u00fdhod a \u00fa\u010dinkov s\u00fa:<\/span><\/p>\n<p><span style=\"color: #000000\">\ud83d\udc9apodporuje imunitn\u00fd syst\u00e9m,<\/span><br \/>\n<span style=\"color: #000000\">\ud83d\udc9a podporuje zdravie kost\u00ed, zubov a svalov,<\/span><br \/>\n<span style=\"color: #000000\">\ud83d\udc9a pom\u00e1ha predch\u00e1dza\u0165 chorob\u00e1m kost\u00ed, ako je osteopor\u00f3za,<\/span><br \/>\n<span style=\"color: #000000\">\ud83d\udc9a pom\u00e1ha regulova\u0165 pH v tele a zni\u017euje kyslos\u0165,<\/span><br \/>\n<span style=\"color: #000000\">\ud83d\udc9a prospieva zdraviu srdca a \u010dinnosti svalov,<\/span><br \/>\n<span style=\"color: #000000\">\ud83d\udc9a pom\u00e1ha pri tr\u00e1ven\u00ed a vstreb\u00e1van\u00ed \u017eiv\u00edn.<\/span><\/p>\n<h2><span style=\"color: #000000\">Balenie<\/span><\/h2>\n<p><span style=\"color: #000000\">Nepriepustn\u00e9 vrecko so zipsom, v ktorom si produkt zachov\u00e1va svoju \u010derstvos\u0165 a v\u00f4\u0148u. Obal chr\u00e1ni pred svetlom a vzduchom, ke\u010f\u017ee sa sklad\u00e1 z nieko\u013ek\u00fdch ochrann\u00fdch vrstiev, ktor\u00e9 uchov\u00e1vaj\u00fa vlastnosti obsahu vn\u00fatri.Obal je ve\u013emi praktick\u00fd a recyklovate\u013en\u00fd.<\/span><\/p>\n<h2><span style=\"color: #000000\">Skladovanie a upozornenia<\/span><\/h2>\n<p><span style=\"color: #000000\">Skladujte na chladnom a suchom mieste pri teplote do 25 \u00b0C. V\u00fd\u017eivov\u00fd doplnok uchov\u00e1vajte mimo dosahu det\u00ed!<\/span><br \/>\n<span style=\"color: #000000\">Ak s\u00fa\u010dasne u\u017e\u00edvate antibiotik\u00e1, lieky na osteopor\u00f3zu \u010di lieky na vysok\u00fd krvn\u00fd tlak, pora\u010fte sa so svoj\u00edm lek\u00e1rom, preto\u017ee hor\u010d\u00edk m\u00f4\u017ee ovplyvni\u0165 ich \u00fa\u010dinok.<\/span><br \/>\n<span style=\"color: #000000\">Pam\u00e4tajte na d\u00f4le\u017eitos\u0165 pestrej stravy a zdrav\u00e9ho \u017eivotn\u00e9ho \u0161t\u00fdlu, v\u00fd\u017eivov\u00fd doplnok nie je n\u00e1hradou vyv\u00e1\u017eenej a pestrej stravy. Odpor\u00fa\u010dan\u00e9 denn\u00e9 mno\u017estvo alebo d\u00e1vka by sa nemali prekro\u010di\u0165. Tehotn\u00fdm a doj\u010diacim \u017een\u00e1m sa odpor\u00fa\u010da, aby sa v\u017edy pred pou\u017eit\u00edm poradili s lek\u00e1rom. Nevhodn\u00e9 pre deti.<\/span><\/p>\n<h2><span style=\"color: #000000\">P\u00f4vod<\/span><\/h2>\n<p><span style=\"color: #000000\">Japonsko<\/span><\/p>\n","protected":false},"excerpt":{"rendered":"<p>Koralov\u00fd pr\u00e1\u0161ok Sango m\u00e1 mnoho potenci\u00e1lnych zdravotn\u00fdch v\u00fdhod a \u00fa\u010dinkov. Niektor\u00e9 z hlavn\u00fdch v\u00fdhod a \u00fa\u010dinkov s\u00fa:<\/p>\n<p>\ud83d\udc9apodporuje imunitn\u00fd syst\u00e9m,<br \/>\n\ud83d\udc9a podporuje zdravie kost\u00ed, zubov a svalov,<br \/>\n\ud83d\udc9a pom\u00e1ha predch\u00e1dza\u0165 chorob\u00e1m kost\u00ed, ako je osteopor\u00f3za,<br \/>\n\ud83d\udc9a pom\u00e1ha regulova\u0165 pH v tele a zni\u017euje kyslos\u0165.<\/p>\n","protected":false},"featured_media":6560,"comment_status":"open","ping_status":"closed","template":"","meta":{"_acf_changed":false},"product_brand":[],"product_cat":[15,203,224,225],"product_tag":[],"class_list":{"0":"post-6559","1":"product","2":"type-product","3":"status-publish","4":"has-post-thumbnail","6":"product_cat-uncategorized","7":"product_cat-mineraly-vitaminy","8":"product_cat-ponuka","9":"product_cat-vsetky-produkty","11":"first","12":"instock","13":"sale","14":"taxable","15":"shipping-taxable","16":"purchasable","17":"product-type-simple"},"acf":[],"_links":{"self":[{"href":"https:\/\/fengchashop.com\/sk\/wp-json\/wp\/v2\/product\/6559","targetHints":{"allow":["GET"]}}],"collection":[{"href":"https:\/\/fengchashop.com\/sk\/wp-json\/wp\/v2\/product"}],"about":[{"href":"https:\/\/fengchashop.com\/sk\/wp-json\/wp\/v2\/types\/product"}],"replies":[{"embeddable":true,"href":"https:\/\/fengchashop.com\/sk\/wp-json\/wp\/v2\/comments?post=6559"}],"wp:featuredmedia":[{"embeddable":true,"href":"https:\/\/fengchashop.com\/sk\/wp-json\/wp\/v2\/media\/6560"}],"wp:attachment":[{"href":"https:\/\/fengchashop.com\/sk\/wp-json\/wp\/v2\/media?parent=6559"}],"wp:term":[{"taxonomy":"product_brand","embeddable":true,"href":"https:\/\/fengchashop.com\/sk\/wp-json\/wp\/v2\/product_brand?post=6559"},{"taxonomy":"product_cat","embeddable":true,"href":"https:\/\/fengchashop.com\/sk\/wp-json\/wp\/v2\/product_cat?post=6559"},{"taxonomy":"product_tag","embeddable":true,"href":"https:\/\/fengchashop.com\/sk\/wp-json\/wp\/v2\/product_tag?post=6559"}],"curies":[{"name":"wp","href":"https:\/\/api.w.org\/{rel}","templated":true}]}}