{"id":6557,"date":"2023-12-07T18:37:57","date_gmt":"2023-12-07T17:37:57","guid":{"rendered":"https:\/\/fengchashop.com\/sk\/product\/nac-n-acetylcystein-v-kapsulach120-kapsul\/"},"modified":"2026-04-18T12:15:02","modified_gmt":"2026-04-18T10:15:02","slug":"nac-n-acetylcystein-v-kapsulach","status":"publish","type":"product","link":"https:\/\/fengchashop.com\/sk\/product\/nac-n-acetylcystein-v-kapsulach\/","title":{"rendered":"NAC (N-acetylcyste\u00edn) v kapsul\u00e1ch 120 kaps\u00fal"},"content":{"rendered":"<h2><span style=\"color: #000000\">NAC (N-acetylcyste\u00edn)<\/span><\/h2>\n<p><span style=\"color: #000000\">N-acetylcyste\u00edn (N-acetylcyste\u00edn alebo NAC) je doplnok stravy na b\u00e1ze aminokyseliny cyste\u00ednu. Cyste\u00edn je d\u00f4le\u017eit\u00fdm stavebn\u00fdm kame\u0148om bielkov\u00edn a m\u00e1 v tele mnoho d\u00f4le\u017eit\u00fdch \u00faloh. NAC m\u00e1 jedine\u010dn\u00e9 vlastnosti, v\u010faka ktor\u00fdm je popul\u00e1rny ako doplnok a je tie\u017e \u0161iroko pou\u017e\u00edvan\u00fd v medic\u00edne. Ide o l\u00e1tku, ktor\u00e1 v tele p\u00f4sob\u00ed ako prekurzor antioxida\u010dn\u00e9ho enz\u00fdmu glutati\u00f3nu.<\/span><\/p>\n<h2><span style=\"color: #000000\">\u010c\u00edm je NAC tak\u00fd v\u00fdnimo\u010dn\u00fd a odli\u0161n\u00fd?<\/span><\/h2>\n<p><span style=\"color: #000000\">N-acetylcyste\u00edn sa norm\u00e1lne vyr\u00e1ba z aminokyseliny L-cyste\u00edn, ktor\u00e1 sa nach\u00e1dza v mnoh\u00fdch bielkovinov\u00fdch potravin\u00e1ch, ako je hydina, ryby, vajcia a mlie\u010dne v\u00fdrobky. Cyste\u00edn je esenci\u00e1lna aminokyselina, \u010do znamen\u00e1, \u017ee ho telo potrebuje na norm\u00e1lne fungovanie, ale d\u00e1 sa z\u00edska\u0165 aj z in\u00fdch aminokysel\u00edn, ako je metion\u00edn.<\/span><\/p>\n<p><span style=\"color: #000000\">Cyste\u00edn je k\u013e\u00fa\u010dovou zlo\u017ekou, ktor\u00fa na\u0161e telo potrebuje, preto\u017ee hr\u00e1 d\u00f4le\u017eit\u00fa \u00falohu v nieko\u013ek\u00fdch k\u013e\u00fa\u010dov\u00fdch procesoch. Jednou z jeho \u00fastredn\u00fdch \u00faloh je podie\u013ea\u0165 sa na obnove glutati\u00f3nu, ktor\u00fd je najsilnej\u0161\u00edm antioxidantom v na\u0161om tele. Glutati\u00f3n je nevyhnutn\u00fd pre ochranu buniek tela pred po\u0161koden\u00edm vo\u013en\u00fdmi radik\u00e1lmi a pre udr\u017eanie cel\u00e9ho syst\u00e9mu obrann\u00fdch mechanizmov.<\/span><\/p>\n<h2><span style=\"color: #000000\">\u00da\u010dinky, ktor\u00e9 maj\u00fa pozit\u00edvny vplyv na na\u0161e zdravie a telo<\/span><\/h2>\n<p><span style=\"color: #000000\">NAC m\u00e1 mnoho potenci\u00e1lnych zdravotn\u00fdch v\u00fdhod a \u00fa\u010dinkov. Niektor\u00e9 z hlavn\u00fdch v\u00fdhod a \u00fa\u010dinkov s\u00fa:<\/span><\/p>\n<p><span style=\"color: #000000\">\ud83d\udc9a je siln\u00fd antioxidant, ktor\u00fd odstra\u0148uje vo\u013en\u00e9 radik\u00e1ly,<\/span><br \/>\n<span style=\"color: #000000\">\ud83d\udc9a priaznivo p\u00f4sob\u00ed na imunitn\u00fd syst\u00e9m a podporuje zdravie imunitn\u00e9ho syst\u00e9mu,<\/span><br \/>\n<span style=\"color: #000000\">\ud83d\udc9a zni\u017euje v\u00fdskyt a z\u00e1va\u017enos\u0165 pr\u00edznakov chr\u00edpky a prechladnutia a skracuje d\u013a\u017eku ochorenia,<\/span><br \/>\n<span style=\"color: #000000\">\ud83d\udc9a tie\u017e sa pou\u017e\u00edva na zriedenie hust\u00e9ho hlienu a zmiernenie d\u00fdchac\u00edch probl\u00e9mov u pacientov s respira\u010dn\u00fdmi ochoreniami, ako je chronick\u00e1 ob\u0161truk\u010dn\u00e1 choroba p\u013e\u00fac (CHOCHP) a cystick\u00e1 fibr\u00f3za,<\/span><br \/>\n<span style=\"color: #000000\">\ud83d\udc9a na lie\u010dbu otravy paracetamolom,<\/span><br \/>\n<span style=\"color: #000000\">\ud83d\udc9a ovplyv\u0148uje du\u0161evn\u00e9 zdravie, u\u017eito\u010dn\u00e9 pri lie\u010dbe por\u00fach, ako je obsedantno-kompulz\u00edvna porucha (OCD) a depresia,<\/span><br \/>\n<span style=\"color: #000000\">\ud83d\udc9a zni\u017euje pr\u00edznaky niektor\u00fdch neurologick\u00fdch por\u00fach, ako je schizofr\u00e9nia a poruchy n\u00e1lady,<\/span><br \/>\n<span style=\"color: #000000\">\ud83d\udc9a pom\u00e1ha pri lie\u010dbe z\u00e1vislost\u00ed, ako je alkoholizmus, faj\u010denie a drogov\u00e1 z\u00e1vislos\u0165,<\/span><br \/>\n<span style=\"color: #000000\">\ud83d\udc9a m\u00e1 priazniv\u00e9 \u00fa\u010dinky pri niektor\u00fdch ochoreniach pe\u010dene, ako je fibr\u00f3za pe\u010dene,<\/span><br \/>\n<span style=\"color: #000000\">\ud83d\udc9a pom\u00e1ha pri detoxik\u00e1cii a o\u010diste.<\/span><\/p>\n<h2><span style=\"color: #000000\">Balenie<\/span><\/h2>\n<p><span style=\"color: #000000\">Nepriepustn\u00e9 vrecko so zipsom, v ktorom si produkt zachov\u00e1va svoju \u010derstvos\u0165 a v\u00f4\u0148u. Obal chr\u00e1ni pred svetlom a vzduchom, ke\u010f\u017ee sa sklad\u00e1 z nieko\u013ek\u00fdch ochrann\u00fdch vrstiev, ktor\u00e9 uchov\u00e1vaj\u00fa vlastnosti obsahu vn\u00fatri.Obal je ve\u013emi praktick\u00fd a recyklovate\u013en\u00fd.<\/span><\/p>\n<h2><span style=\"color: #000000\">Skladovanie a upozornenia<\/span><\/h2>\n<p><span style=\"color: #000000\">Skladujte na chladnom a suchom mieste pri teplote do 25 \u00b0C. V\u00fd\u017eivov\u00fd doplnok uchov\u00e1vajte mimo dosahu det\u00ed!<\/span><br \/>\n<span style=\"color: #000000\">Ak s\u00fa\u010dasne u\u017e\u00edvate antibiotik\u00e1, lieky na osteopor\u00f3zu \u010di lieky na vysok\u00fd krvn\u00fd tlak, pora\u010fte sa so svoj\u00edm lek\u00e1rom, preto\u017ee hor\u010d\u00edk m\u00f4\u017ee ovplyvni\u0165 ich \u00fa\u010dinok.<\/span><br \/>\n<span style=\"color: #000000\">Pam\u00e4tajte na d\u00f4le\u017eitos\u0165 pestrej stravy a zdrav\u00e9ho \u017eivotn\u00e9ho \u0161t\u00fdlu, v\u00fd\u017eivov\u00fd doplnok nie je n\u00e1hradou vyv\u00e1\u017eenej a pestrej stravy. Odpor\u00fa\u010dan\u00e9 denn\u00e9 mno\u017estvo alebo d\u00e1vka by sa nemali prekro\u010di\u0165. Tehotn\u00fdm a doj\u010diacim \u017een\u00e1m sa odpor\u00fa\u010da, aby sa v\u017edy pred pou\u017eit\u00edm poradili s lek\u00e1rom. Nevhodn\u00e9 pre deti.<\/span><\/p>\n","protected":false},"excerpt":{"rendered":"<p>N-acetylcyste\u00edn (N-acetylcyste\u00edn alebo NAC) je doplnok stravy na b\u00e1ze aminokyseliny cyste\u00ednu. Cyste\u00edn je d\u00f4le\u017eit\u00fdm stavebn\u00fdm kame\u0148om bielkov\u00edn a m\u00e1 v tele mnoho d\u00f4le\u017eit\u00fdch \u00faloh. NAC m\u00e1 jedine\u010dn\u00e9 vlastnosti, v\u010faka ktor\u00fdm je popul\u00e1rny ako doplnok a je tie\u017e \u0161iroko pou\u017e\u00edvan\u00fd v medic\u00edne.<\/p>\n<p>\ud83d\udc9a Priaznivo p\u00f4sob\u00ed na imunitn\u00fd syst\u00e9m.<br \/>\n\ud83d\udc9a Zni\u017euje v\u00fdskyt a z\u00e1va\u017enos\u0165 pr\u00edznakov chr\u00edpky a prechladnutia.<br \/>\n\ud83d\udc9a Zni\u017euje pr\u00edznaky niektor\u00fdch neurologick\u00fdch por\u00fach.<br \/>\n\ud83d\udc9a Pom\u00e1ha pri lie\u010dbe z\u00e1vislost\u00ed.<br \/>\n\ud83d\udc9a Pom\u00e1ha pri detoxik\u00e1cii a \u010disten\u00ed.<\/p>\n","protected":false},"featured_media":6558,"comment_status":"open","ping_status":"closed","template":"","meta":{"_acf_changed":false},"product_brand":[],"product_cat":[15,203,228,224,195,225],"product_tag":[],"class_list":{"0":"post-6557","1":"product","2":"type-product","3":"status-publish","4":"has-post-thumbnail","6":"product_cat-uncategorized","7":"product_cat-mineraly-vitaminy","8":"product_cat-najpredavanejsie","9":"product_cat-ponuka","10":"product_cat-superpotraviny","11":"product_cat-vsetky-produkty","13":"first","14":"instock","15":"sale","16":"taxable","17":"shipping-taxable","18":"purchasable","19":"product-type-simple"},"acf":[],"_links":{"self":[{"href":"https:\/\/fengchashop.com\/sk\/wp-json\/wp\/v2\/product\/6557","targetHints":{"allow":["GET"]}}],"collection":[{"href":"https:\/\/fengchashop.com\/sk\/wp-json\/wp\/v2\/product"}],"about":[{"href":"https:\/\/fengchashop.com\/sk\/wp-json\/wp\/v2\/types\/product"}],"replies":[{"embeddable":true,"href":"https:\/\/fengchashop.com\/sk\/wp-json\/wp\/v2\/comments?post=6557"}],"wp:featuredmedia":[{"embeddable":true,"href":"https:\/\/fengchashop.com\/sk\/wp-json\/wp\/v2\/media\/6558"}],"wp:attachment":[{"href":"https:\/\/fengchashop.com\/sk\/wp-json\/wp\/v2\/media?parent=6557"}],"wp:term":[{"taxonomy":"product_brand","embeddable":true,"href":"https:\/\/fengchashop.com\/sk\/wp-json\/wp\/v2\/product_brand?post=6557"},{"taxonomy":"product_cat","embeddable":true,"href":"https:\/\/fengchashop.com\/sk\/wp-json\/wp\/v2\/product_cat?post=6557"},{"taxonomy":"product_tag","embeddable":true,"href":"https:\/\/fengchashop.com\/sk\/wp-json\/wp\/v2\/product_tag?post=6557"}],"curies":[{"name":"wp","href":"https:\/\/api.w.org\/{rel}","templated":true}]}}