{"id":6555,"date":"2023-12-09T07:51:00","date_gmt":"2023-12-09T06:51:00","guid":{"rendered":"https:\/\/fengchashop.com\/sk\/product\/guarana-bio-prasok-125-g\/"},"modified":"2025-07-14T17:00:42","modified_gmt":"2025-07-14T15:00:42","slug":"guarana-bio-prasok","status":"publish","type":"product","link":"https:\/\/fengchashop.com\/sk\/product\/guarana-bio-prasok\/","title":{"rendered":"Guarana pr\u00e1\u0161ok BIO 125 g"},"content":{"rendered":"<h2><span style=\"color: #000000;\">Guarana pr\u00e1\u0161ok BIO<\/span><\/h2>\n<p><span style=\"color: #000000;\">V Braz\u00edlii m\u00e1 guarana ve\u013ek\u00fd v\u00fdznam, ke\u010f\u017ee je pova\u017eovan\u00e1 za elix\u00edr \u017eivota, miestni si ju sp\u00e1jaj\u00fa so silou, odolnos\u0165ou a dlhovekos\u0165ou a \u017een\u00e1m pom\u00e1ha k hebkej poko\u017eke bez celulit\u00eddy a vr\u00e1sok.<\/span><\/p>\n<p><span style=\"color: #000000;\">Guarana je ve\u013emi bohat\u00e1 na \u017eiviny. Siln\u00e9 antioxidanty resp \u010dinidl\u00e1 proti starnutiu s\u00fa fytochemik\u00e1lie, ktor\u00e9 pom\u00e1haj\u00fa spomali\u0165, predch\u00e1dza\u0165 alebo dokonca zastavi\u0165 mnoh\u00e9 choroby. V guarane n\u00e1jdeme zlo\u017eku, ktor\u00e1 je n\u00e1pomocn\u00e1 pri spa\u013eovan\u00ed tukov a v niektor\u00fdch pr\u00edpravkoch aj na chudnutie a proti celulit\u00edde, touto zlo\u017ekou je teobrom\u00edn.<\/span><\/p>\n<p><span style=\"color: #000000;\">Guaran\u00edn je zlo\u017eka, ktor\u00e1 je ekvivalentn\u00e1 kofe\u00ednu, rozdiel medzi nimi je len ten, \u017ee nie je rozpustn\u00fd vo vode a do krvn\u00e9ho obehu sa uvo\u013e\u0148uje ve\u013emi pomaly, \u00fa\u010dinok trv\u00e1 cca 6 hod\u00edn, \u010do poskytuje pr\u00edjemnej\u0161\u00ed pocit a dlhotrvaj\u00faci efekt ako stimulant. Guaran\u00edn zni\u017euje chu\u0165 do jedla a fyzick\u00fa a psychick\u00fa \u00fanavu, p\u00f4sob\u00ed stimula\u010dne na n\u00e1\u0161 centr\u00e1lny nervov\u00fd syst\u00e9m a na rozdiel od kofe\u00ednu nem\u00e1 \u017eiadne ved\u013eaj\u0161ie \u00fa\u010dinky.<\/span><\/p>\n<p><span style=\"color: #000000;\">Guarana by sa mala konzumova\u0165 vo ve\u013emi mal\u00fdch d\u00e1vkach, ke\u010f\u017ee obsahuje dvakr\u00e1t viac kofe\u00ednu ako samotn\u00e1 k\u00e1va, \u010di\u017ee je aj v\u00fdbornou n\u00e1hradou k\u00e1vy.<\/span><\/p>\n<p><span style=\"color: #000000;\">Guarana je tie\u017e diuretikum, ktor\u00e9 pom\u00e1ha pri r\u00f4znych infekci\u00e1ch mo\u010dov\u00fdch ciest, bolestivej men\u0161tru\u00e1cii a bolestiach hlavy. Priaznivo p\u00f4sob\u00ed na hrub\u00e9 \u010drevo, pom\u00e1ha zni\u017eova\u0165 patologick\u00e9 a chronick\u00e9 prejavy z\u00e1palov\u00fdch ochoren\u00ed \u010driev.<\/span><\/p>\n<p><span style=\"color: #000000;\">Guarana (Paullinia cupana) je popul\u00e1rna p\u00f4vodn\u00e1 rastlina, ktorej sa dar\u00ed iba v oblastiach amazonsk\u00e9ho da\u017e\u010fov\u00e9ho pralesa, v Braz\u00edlii a Venezuele. Ide o plaziv\u00fd v\u017edyzelen\u00fd ker, ktor\u00fd je ob\u013e\u00faben\u00fd najm\u00e4 pre svoje \u010dervenohned\u00e9 plody, ktor\u00e9 tvarom aj farbou pripom\u00ednaj\u00fa k\u00e1vov\u00e9 zrn\u00e1 a vo vn\u00fatri obsahuj\u00fa \u010dierne semen\u00e1 obklopen\u00e9 bielym pl\u00e1\u0161\u0165om.<\/span><\/p>\n<h2><span style=\"color: #000000;\">Ak\u00e9 s\u00fa k\u013e\u00fa\u010dov\u00e9 vlastnosti, ktor\u00e9 n\u00e1m guarana pon\u00faka?<\/span><\/h2>\n<p><span style=\"color: #000000;\">\ud83d\udc9a zni\u017euje nap\u00e4tie a \u00fanavu,<\/span><br \/>\n<span style=\"color: #000000;\">\ud83d\udc9a zvy\u0161uje krvn\u00fd obeh,<\/span><br \/>\n<span style=\"color: #000000;\">\ud83d\udc9a zvy\u0161uje energiu,<\/span><br \/>\n<span style=\"color: #000000;\">\ud83d\udc9azr\u00fdch\u013euje metabolizmus,<\/span><br \/>\n<span style=\"color: #000000;\">\ud83d\udc9a podporuje chudnutie a pom\u00e1ha kontrolova\u0165 telesn\u00fa hmotnos\u0165,<\/span><br \/>\n<span style=\"color: #000000;\">\ud83d\udc9a zvy\u0161uje koncentr\u00e1ciu,<\/span><br \/>\n<span style=\"color: #000000;\">\ud83d\udc9a zmier\u0148uje migr\u00e9ny a bolesti hlavy,<\/span><br \/>\n<span style=\"color: #000000;\">\ud83d\udc9a zvy\u0161uje libido,<\/span><br \/>\n<span style=\"color: #000000;\">\ud83d\udc9a zvy\u0161uje n\u00edzky tlak,<\/span><br \/>\n<span style=\"color: #000000;\">\ud83d\udc9a pom\u00e1ha \u010disti\u0165 \u010drev\u00e1,<\/span><br \/>\n<span style=\"color: #000000;\">\ud83d\udc9a chr\u00e1ni telo pred mnoh\u00fdmi chorobami,<\/span><br \/>\n<span style=\"color: #000000;\">\ud83d\udc9a povzbudzuje telo.<\/span><\/p>\n<h2><span style=\"color: #000000;\">Balenie<\/span><\/h2>\n<p><span style=\"color: #000000;\">Nepriepustn\u00e9 vrecko na zips, v ktorom si produkt zachov\u00e1 svoju \u010derstvos\u0165 a v\u00f4\u0148u. Obal chr\u00e1ni pred svetlom a vzduchom, preto\u017ee pozost\u00e1va z nieko\u013ek\u00fdch ochrann\u00fdch vrstiev, ktor\u00e9 zachov\u00e1vaj\u00fa vlastnosti obsahu.<\/span><\/p>\n<p><span style=\"color: #000000;\">Obal je ve\u013emi praktick\u00fd a recyklovate\u013en\u00fd.<\/span><\/p>\n<h2><span style=\"color: #000000;\">Skladovanie a upozornenia<\/span><\/h2>\n<p><span style=\"color: #000000;\">Skladujte na chladnom a suchom mieste. V\u00fd\u017eivov\u00fd doplnok by sa mal skladova\u0165 mimo dosahu det\u00ed!<\/span><\/p>\n<p><span style=\"color: #000000;\">Nezab\u00fadajte na pestr\u00fa stravu a zdrav\u00fd \u017eivotn\u00fd \u0161t\u00fdl \u2013 doplnok stravy nem\u00f4\u017ee nahradi\u0165 vyv\u00e1\u017een\u00fa a pestr\u00fa stravu. Neprekra\u010dujte odpor\u00fa\u010dan\u00fa denn\u00fa d\u00e1vku. <\/span><\/p>\n<p><span style=\"color: #000000;\">Tehotn\u00e9 a doj\u010diace matky sa neodpor\u00fa\u010daj\u00fa pou\u017e\u00edva\u0165. Konzum\u00e1ciu guarany neodpor\u00fa\u010dame ani \u013eu\u010fom s vysok\u00fdm krvn\u00fdm tlakom a srdcov\u00fdmi chorobami.<\/span><\/p>\n<h2><span style=\"color: #000000;\">P\u00f4vod<\/span><\/h2>\n<p><span style=\"color: #000000;\">Braz\u00edlia<\/span><\/p>\n","protected":false},"excerpt":{"rendered":"<p>V Braz\u00edlii m\u00e1 guarana ve\u013ek\u00fd v\u00fdznam, ke\u010f\u017ee je pova\u017eovan\u00e1 za elix\u00edr \u017eivota, miestni si ju sp\u00e1jaj\u00fa so silou, odolnos\u0165ou a dlhovekos\u0165ou a \u017een\u00e1m pom\u00e1ha k hebkej poko\u017eke bez celulit\u00eddy a vr\u00e1sok. Siln\u00e9 antioxidanty resp \u010cinidl\u00e1 proti starnutiu s\u00fa fytochemik\u00e1lie, ktor\u00e9 pom\u00e1haj\u00fa spomali\u0165, predch\u00e1dza\u0165 alebo dokonca zastavi\u0165 mnoh\u00e9 choroby. V guarane n\u00e1jdeme zlo\u017eku, ktor\u00e1 pom\u00e1ha spa\u013eova\u0165 tuky a v niektor\u00fdch pr\u00edpravkoch aj na chudnutie a proti celulit\u00edde je touto zlo\u017ekou teobrom\u00edn.<\/p>\n<p>\ud83d\udc9a Podporuje chudnutie a pom\u00e1ha kontrolova\u0165 telesn\u00fa hmotnos\u0165.<br \/>\n\ud83d\udc9a Zmier\u0148uje migr\u00e9ny a bolesti hlavy.<br \/>\n\ud83d\udc9a Zni\u017euje nap\u00e4tie a \u00fanavu.<br \/>\n\ud83d\udc9a Zvy\u0161uje n\u00edzky krvn\u00fd tlak.<\/p>\n","protected":false},"featured_media":6556,"comment_status":"open","ping_status":"closed","template":"","meta":{"_acf_changed":false},"product_brand":[],"product_cat":[15,224,195,225],"product_tag":[],"class_list":{"0":"post-6555","1":"product","2":"type-product","3":"status-publish","4":"has-post-thumbnail","6":"product_cat-uncategorized","7":"product_cat-ponuka","8":"product_cat-superpotraviny","9":"product_cat-vsetky-produkty","11":"first","12":"outofstock","13":"sale","14":"taxable","15":"shipping-taxable","16":"purchasable","17":"product-type-simple"},"acf":[],"_links":{"self":[{"href":"https:\/\/fengchashop.com\/sk\/wp-json\/wp\/v2\/product\/6555","targetHints":{"allow":["GET"]}}],"collection":[{"href":"https:\/\/fengchashop.com\/sk\/wp-json\/wp\/v2\/product"}],"about":[{"href":"https:\/\/fengchashop.com\/sk\/wp-json\/wp\/v2\/types\/product"}],"replies":[{"embeddable":true,"href":"https:\/\/fengchashop.com\/sk\/wp-json\/wp\/v2\/comments?post=6555"}],"wp:featuredmedia":[{"embeddable":true,"href":"https:\/\/fengchashop.com\/sk\/wp-json\/wp\/v2\/media\/6556"}],"wp:attachment":[{"href":"https:\/\/fengchashop.com\/sk\/wp-json\/wp\/v2\/media?parent=6555"}],"wp:term":[{"taxonomy":"product_brand","embeddable":true,"href":"https:\/\/fengchashop.com\/sk\/wp-json\/wp\/v2\/product_brand?post=6555"},{"taxonomy":"product_cat","embeddable":true,"href":"https:\/\/fengchashop.com\/sk\/wp-json\/wp\/v2\/product_cat?post=6555"},{"taxonomy":"product_tag","embeddable":true,"href":"https:\/\/fengchashop.com\/sk\/wp-json\/wp\/v2\/product_tag?post=6555"}],"curies":[{"name":"wp","href":"https:\/\/api.w.org\/{rel}","templated":true}]}}