{"id":6553,"date":"2023-06-13T08:47:12","date_gmt":"2023-06-13T06:47:12","guid":{"rendered":"https:\/\/fengchashop.com\/sk\/product\/jiaogulan-zensen-patlisty-gynostemma-v-prasku-250g\/"},"modified":"2026-05-03T06:35:09","modified_gmt":"2026-05-03T04:35:09","slug":"jiaogulan-zensen-patlisty-gynostemma-v-prasku","status":"publish","type":"product","link":"https:\/\/fengchashop.com\/sk\/product\/jiaogulan-zensen-patlisty-gynostemma-v-prasku\/","title":{"rendered":"Jiaogulan-\u017den\u0161en p\u00e4\u0165list\u00fd (Gynostemma) v pr\u00e1\u0161ku 250g"},"content":{"rendered":"<h2><span style=\"color: #000000\">Jiaogulan-\u017den\u0161en p\u00e4\u0165list\u00fd (Gynostemma) v pr\u00e1\u0161ku<\/span><\/h2>\n<p><span style=\"color: #000000\">Jiaogulan, tie\u017e zn\u00e1my ako Gynostemma alebo Jiao Gu Lan, je rastlina p\u00f4vodom z \u010c\u00edny, Barmy, severn\u00e9ho Thajska, K\u00f3rey a Japonska. V tradi\u010dnej \u010d\u00ednskej medic\u00edne sa pou\u017e\u00edva u\u017e po st\u00e1ro\u010dia pre svoje lie\u010div\u00e9 vlastnosti. Hovor\u00ed sa jej aj \u201erastlina nesmrte\u013enosti\u201c, ke\u010f\u017ee obsahuje mno\u017estvo \u00fa\u010dinn\u00fdch l\u00e1tok d\u00f4le\u017eit\u00fdch pre dlh\u00fd \u017eivot.<\/span><\/p>\n<p><span style=\"color: #000000\">Jiaogulan Gynostemma je vedecky presk\u00faman\u00e1 bylina, ktorej sa pripisuj\u00fa mnoh\u00e9 pozit\u00edvne \u00fa\u010dinky. P\u00f4sob\u00ed predov\u0161etk\u00fdm proti z\u00e1palom, detoxikuje a p\u00f4sob\u00ed proti starnutiu. Okrem toho je jiaogulan tie\u017e siln\u00fdm antioxidantom. Ke\u010f\u017ee \u017een\u0161en zvy\u0161uje energiu, vyrovn\u00e1va telo a zlep\u0161uje celkov\u00fa pohodu. Pod\u013ea tradi\u010dnej \u010d\u00ednskej medic\u00edny priaznivo p\u00f4sob\u00ed pri chronickom \u00fanavovom syndr\u00f3me a b\u00fa\u0161en\u00ed srdca (pocit b\u00fa\u0161enia v hrudn\u00edku). \u010casto sa v\u0161ak pou\u017e\u00edva pri zdravotn\u00fdch probl\u00e9moch, ktor\u00e9 zah\u0155\u0148aj\u00fa prevenciu a zmiernenie cukrovky a vysok\u00e9ho cholesterolu, ako aj prevenciu \u00fa\u010dinkov stresu, ktor\u00e9 ved\u00fa k \u00fazkosti. Pri pravidelnom u\u017e\u00edvan\u00ed vyu\u017eijete jeho \u00fa\u010dinky naplno, pri\u010dom striedmos\u0165 prin\u00e1\u0161a aj bezpe\u010dn\u00fa konzum\u00e1ciu bez ved\u013eaj\u0161\u00edch a ne\u017eiaducich \u00fa\u010dinkov.<\/span><\/p>\n<p><span style=\"color: #000000\">Pom\u00e1ha n\u00e1\u0161mu telu vyrovn\u00e1va\u0165 sa.<\/span><\/p>\n<p><span style=\"color: #000000\">Jiaogulan je tie\u017e adapotog\u00e9nny. Adaptog\u00e9nne rastliny pom\u00e1haj\u00fa telu adaptova\u0165 sa na r\u00f4zne negat\u00edvne faktory prostredia. Maj\u00fa schopnos\u0165 regulova\u0165 a kontrolova\u0165 \u017e\u013eazov\u00fd a hormon\u00e1lny syst\u00e9m, nervov\u00fd a kardiovaskul\u00e1rny syst\u00e9m a svaly.<\/span><\/p>\n<p><span style=\"color: #000000\">Adaptog\u00e9ny sa staraj\u00fa o zdravie \u017eivotne d\u00f4le\u017eit\u00fdch org\u00e1nov a pom\u00e1haj\u00fa regulova\u0165 hladinu cukru v krvi, zlep\u0161uj\u00fa \u010dinnos\u0165 pe\u010dene, gastrointestin\u00e1lneho traktu a ko\u017ee. Posil\u0148uj\u00fa a posil\u0148uj\u00fa telo. Stimuluj\u00fa aj \u010dinnos\u0165 nadobli\u010diek a pom\u00e1haj\u00fa tak organizmu efekt\u00edvne zvl\u00e1da\u0165 stres, ktor\u00fd je d\u00f4sledkom fyzick\u00fdch faktorov (infekcie, \u00farazy, nedostato\u010dn\u00fd sp\u00e1nok) alebo psychick\u00fdch faktorov (\u00fazkos\u0165).<\/span><\/p>\n<h2><span style=\"color: #000000\">K\u013e\u00fa\u010dov\u00e9 vlastnosti, ktor\u00e9 n\u00e1m Jiaogulan Gynostemma pon\u00faka<\/span><\/h2>\n<p><span style=\"color: #000000\">V tradi\u010dnej \u010d\u00ednskej medic\u00edne sa jiaogulan pou\u017e\u00edva na r\u00f4zne \u00fa\u010dely, a to:<\/span><\/p>\n<p><span style=\"color: #000000\">\ud83d\udc9a posilnenie imunitn\u00e9ho syst\u00e9mu,<\/span><br \/>\n<span style=\"color: #000000\">\ud83d\udc9aregul\u00e1cia krvn\u00e9ho tlaku a cukru v krvi,<\/span><br \/>\n<span style=\"color: #000000\">\ud83d\udc9aregul\u00e1cia hladiny cholesterolu,<\/span><br \/>\n<span style=\"color: #000000\">\ud83d\udc9a zn\u00ed\u017eenie z\u00e1palu,<\/span><br \/>\n<span style=\"color: #000000\">\ud83d\udc9a zabra\u0148uje \u00fazkosti,<\/span><br \/>\n<span style=\"color: #000000\">\ud83d\udc9a zlep\u0161enie tr\u00e1venia a<\/span><br \/>\n<span style=\"color: #000000\">\ud83d\udc9a podpora zdravia srdca.<\/span><\/p>\n<p><span style=\"color: #000000\">Jiaogulan obsahuje mnoho bioakt\u00edvnych zl\u00fa\u010den\u00edn, ako s\u00fa glykozidy, flavonoidy, polysacharidy, vitam\u00edny a miner\u00e1ly, ktor\u00e9 prispievaj\u00fa k jeho lie\u010div\u00fdm \u00fa\u010dinkom.<\/span><\/p>\n<h2><span style=\"color: #000000\">Chu\u0165 a v\u00f4\u0148a<\/span><\/h2>\n<p><span style=\"color: #000000\">N\u00e1\u0161 jiaogulan sa zbiera z divok\u00fdch biotopov nedotknutej pr\u00edrody. M\u00e1 zauj\u00edmav\u00fa sladk\u00fa chu\u0165, ve\u013emi podobn\u00fa \u017een\u0161enu. Jiaogulan je ur\u010dite chutnou, no predov\u0161etk\u00fdm zdravou vo\u013ebou pre milovn\u00edkov bylinkov\u00fdch \u010dajov.<\/span><\/p>\n<h2><span style=\"color: #000000\">Balenie<\/span><\/h2>\n<p><span style=\"color: #000000\">Nepriepustn\u00e9 vrecko na zips, v ktorom si produkt zachov\u00e1 svoju \u010derstvos\u0165 a v\u00f4\u0148u. Obal chr\u00e1ni pred svetlom a vzduchom, preto\u017ee pozost\u00e1va z nieko\u013ek\u00fdch ochrann\u00fdch vrstiev, ktor\u00e9 zachov\u00e1vaj\u00fa vlastnosti obsahu.<\/span><\/p>\n<p><span style=\"color: #000000\">Obal je ve\u013emi praktick\u00fd a recyklovate\u013en\u00fd.<\/span><\/p>\n<h2><span style=\"color: #000000\">Skladovanie a upozornenia<\/span><\/h2>\n<p><span style=\"color: #000000\">Skladujte na suchom a chladnom mieste pri teplote do 25 \u00b0C. V\u00fd\u017eivov\u00fd doplnok by sa mal skladova\u0165 mimo dosahu det\u00ed!<\/span><\/p>\n<p><span style=\"color: #000000\">Nezab\u00fadajte na pestr\u00fa stravu a zdrav\u00fd \u017eivotn\u00fd \u0161t\u00fdl \u2013 doplnok stravy nem\u00f4\u017ee nahradi\u0165 vyv\u00e1\u017een\u00fa a pestr\u00fa stravu. Neprekra\u010dujte odpor\u00fa\u010dan\u00fa denn\u00fa d\u00e1vku. <\/span><\/p>\n<h2><span style=\"color: #000000\">P\u00f4vod<\/span><\/h2>\n<p><span style=\"color: #000000\">\u010c\u00edna<\/span><\/p>\n<p><span style=\"color: #000000\">M\u00e1me ve\u013emi spo\u013eahliv\u00fdch dod\u00e1vate\u013eov, ktor\u00ed n\u00e1m posielaj\u00fa podrobn\u00fa chemick\u00fa anal\u00fdzu produktu pre ka\u017ed\u00fa \u0161ar\u017eu. Za viac ako 10 rokov sme s t\u00fdmto produktom, ani s in\u00fdm produktom od toho ist\u00e9ho dod\u00e1vate\u013ea, nikdy nemali \u017eiadne stiahnutie produktu \u010di in\u00fd probl\u00e9m.<\/span><\/p>\n<p><span style=\"color: #000000\">Tento produkt je 100% certifikovan\u00fd ako ekologick\u00fd.<\/span><\/p>\n","protected":false},"excerpt":{"rendered":"<p>Jiaogulan, tie\u017e zn\u00e1my ako Gynostemma alebo Jiao Gu Lan, je rastlina p\u00f4vodom z \u010c\u00edny, Barmy, severn\u00e9ho Thajska, K\u00f3rey a Japonska. V tradi\u010dnej \u010d\u00ednskej medic\u00edne sa pou\u017e\u00edva u\u017e po st\u00e1ro\u010dia pre svoje lie\u010div\u00e9 vlastnosti. Hovor\u00ed sa jej aj \u201erastlina nesmrte\u013enosti\u201c, ke\u010f\u017ee obsahuje mno\u017estvo \u00fa\u010dinn\u00fdch l\u00e1tok d\u00f4le\u017eit\u00fdch pre dlh\u00fd \u017eivot.<\/p>\n<p>\ud83d\udc9aUpravuje hladinu cholesterolu.<br \/>\n\ud83d\udc9a Zabra\u0148uje \u00fazkosti.<br \/>\n\ud83d\udc9a Zni\u017euje z\u00e1pal.<br \/>\n\ud83d\udc9a Posil\u0148uje imunitn\u00fd syst\u00e9m.<br \/>\n\ud83d\udc9aUv\u00e1dza telo do rovnov\u00e1hy a zlep\u0161uje celkov\u00fa pohodu.<\/p>\n","protected":false},"featured_media":6554,"comment_status":"open","ping_status":"closed","template":"","meta":{"_acf_changed":false},"product_brand":[],"product_cat":[15,224,195,225],"product_tag":[],"class_list":{"0":"post-6553","1":"product","2":"type-product","3":"status-publish","4":"has-post-thumbnail","6":"product_cat-uncategorized","7":"product_cat-ponuka","8":"product_cat-superpotraviny","9":"product_cat-vsetky-produkty","11":"first","12":"instock","13":"sale","14":"taxable","15":"shipping-taxable","16":"purchasable","17":"product-type-simple"},"acf":[],"_links":{"self":[{"href":"https:\/\/fengchashop.com\/sk\/wp-json\/wp\/v2\/product\/6553","targetHints":{"allow":["GET"]}}],"collection":[{"href":"https:\/\/fengchashop.com\/sk\/wp-json\/wp\/v2\/product"}],"about":[{"href":"https:\/\/fengchashop.com\/sk\/wp-json\/wp\/v2\/types\/product"}],"replies":[{"embeddable":true,"href":"https:\/\/fengchashop.com\/sk\/wp-json\/wp\/v2\/comments?post=6553"}],"wp:featuredmedia":[{"embeddable":true,"href":"https:\/\/fengchashop.com\/sk\/wp-json\/wp\/v2\/media\/6554"}],"wp:attachment":[{"href":"https:\/\/fengchashop.com\/sk\/wp-json\/wp\/v2\/media?parent=6553"}],"wp:term":[{"taxonomy":"product_brand","embeddable":true,"href":"https:\/\/fengchashop.com\/sk\/wp-json\/wp\/v2\/product_brand?post=6553"},{"taxonomy":"product_cat","embeddable":true,"href":"https:\/\/fengchashop.com\/sk\/wp-json\/wp\/v2\/product_cat?post=6553"},{"taxonomy":"product_tag","embeddable":true,"href":"https:\/\/fengchashop.com\/sk\/wp-json\/wp\/v2\/product_tag?post=6553"}],"curies":[{"name":"wp","href":"https:\/\/api.w.org\/{rel}","templated":true}]}}