{"id":6549,"date":"2023-05-26T08:42:08","date_gmt":"2023-05-26T06:42:08","guid":{"rendered":"https:\/\/fengchashop.com\/sk\/product\/suma-root-brazilsky-zensen-prasok-250-g\/"},"modified":"2026-04-16T02:49:49","modified_gmt":"2026-04-16T00:49:49","slug":"suma-root-brazilsky-zensen-prasok","status":"publish","type":"product","link":"https:\/\/fengchashop.com\/sk\/product\/suma-root-brazilsky-zensen-prasok\/","title":{"rendered":"Suma Root (brazilsk\u00fd \u017een\u0161en) pr\u00e1\u0161ok 250g"},"content":{"rendered":"<h2><span style=\"color: #000000\">Suma Root (brazilsk\u00fd \u017een\u0161en) pr\u00e1\u0161ok<\/span><\/h2>\n<p><span style=\"color: #000000\">Kore\u0148 Suma je rastlina vedecky zn\u00e1ma ako Pfaffia paniculata, ktor\u00e1 poch\u00e1dza z Ju\u017enej Ameriky, najm\u00e4 z amazonsk\u00e9ho da\u017e\u010fov\u00e9ho pralesa. Zn\u00e1my je aj pod n\u00e1zvami \u201ebraz\u00edlsky \u017een\u0161en\u201c alebo \u201ePara Todo\u201c, \u010do v preklade znamen\u00e1 \u201epre ka\u017ed\u00e9ho\u201c. Kore\u0148 Suma je trv\u00e1ca rastlina, ktor\u00e1 m\u00e1 ve\u013ek\u00e9 korene a tradi\u010dne sa pou\u017e\u00edva v bylinnej medic\u00edne.<\/span><\/p>\n<p><span style=\"color: #000000\">Kore\u0148 Suma obsahuje mnoho biologicky akt\u00edvnych zl\u00fa\u010den\u00edn, ako s\u00fa ekdysteroidy, polysacharidy, fytosteroly, glykozidy a mnoho \u010fal\u0161\u00edch fytochemik\u00e1li\u00ed. V\u010faka svojmu zlo\u017eeniu sa pova\u017euje za adaptog\u00e9nnu rastlinu, \u010do znamen\u00e1, \u017ee pom\u00e1ha telu vyrovna\u0165 sa so stresom a obnovi\u0165 rovnov\u00e1hu.<\/span><\/p>\n<h2><span style=\"color: #000000\">Ak\u00e9 s\u00fa d\u00f4le\u017eit\u00e9 akt\u00edvne zlo\u017eky kore\u0148a Suma?<\/span><\/h2>\n<p><span style=\"color: #000000\">Kore\u0148 Suma obsahuje mnoho d\u00f4le\u017eit\u00fdch \u017eiv\u00edn a bioakt\u00edvnych zl\u00fa\u010den\u00edn, ktor\u00e9 m\u00f4\u017eu prospie\u0165 zdraviu.<\/span><\/p>\n<p><span style=\"color: #000000\">Ekdysteroidy s\u00fa zl\u00fa\u010deniny, ktor\u00e9 maj\u00fa podobn\u00fa \u0161trukt\u00faru ako prirodzen\u00fd ekdysteroidn\u00fd horm\u00f3n, ktor\u00fd sa nach\u00e1dza u niektor\u00fdch druhov hmyzu. Ekdysteroidy v koreni Suma sa pripisuj\u00fa mnoh\u00fdm priazniv\u00fdm \u00fa\u010dinkom na telo, vr\u00e1tane zv\u00fd\u0161enia vytrvalosti, zlep\u0161enia svalov\u00e9ho tonusu a podpory regener\u00e1cie po cvi\u010den\u00ed.<\/span><\/p>\n<p><span style=\"color: #000000\">Kore\u0148 Suma obsahuje polysacharidy, \u010do s\u00fa komplexn\u00e9 sacharidy. Polysacharidy m\u00f4\u017eu podporova\u0165 imunitn\u00fd syst\u00e9m, podporuj\u00fa zdravie tr\u00e1venia a prispievaj\u00fa k celkov\u00e9mu zdraviu tela.<\/span><\/p>\n<p><span style=\"color: #000000\">Kore\u0148 Suma obsahuje fytosteroly, ktor\u00e9 m\u00f4\u017eu pom\u00f4c\u0165 regulova\u0165 hladinu cholesterolu v tele a podporova\u0165 zdravie srdca.<\/span><\/p>\n<p><span style=\"color: #000000\">Kore\u0148 Suma obsahuje aj glykozidy, \u010do s\u00fa zl\u00fa\u010deniny zlo\u017een\u00e9 z cukru a \u010fal\u0161ej molekulovej \u010dasti. Niektor\u00e9 glykozidy v koreni Suma m\u00f4\u017eu ma\u0165 priazniv\u00e9 zdravotn\u00e9 \u00fa\u010dinky, ako je podpora zdrav\u00e9ho krvn\u00e9ho obehu.<\/span><\/p>\n<p><span style=\"color: #000000\">Okrem t\u00fdchto \u017eiv\u00edn a zl\u00fa\u010den\u00edn obsahuje kore\u0148 Suma aj miner\u00e1ly, vitam\u00edny a antioxidanty, ktor\u00e9 m\u00f4\u017eu podpori\u0165 celkov\u00e9 zdravie a pohodu.<\/span><\/p>\n<h2><span style=\"color: #000000\">\u00da\u010dinky, ktor\u00e9 maj\u00fa pozit\u00edvny vplyv na na\u0161e zdravie a telo<\/span><\/h2>\n<p><span style=\"color: #000000\">Kore\u0148 Suma je \u0161iroko pou\u017e\u00edvan\u00fd ako doplnok stravy pre svoje potenci\u00e1lne zdravotn\u00e9 pr\u00ednosy, ako je zv\u00fd\u0161enie energie, zlep\u0161enie v\u00fddr\u017ee, posilnenie imunitn\u00e9ho syst\u00e9mu, regul\u00e1cia horm\u00f3nov, podpora sexu\u00e1lneho zdravia a zlep\u0161enie celkovej pohody.<\/span><\/p>\n<p><span style=\"color: #000000\">Medzi \u00fa\u010dinky kore\u0148a Suma patria:<\/span><\/p>\n<p><span style=\"color: #000000\">\ud83d\udc9a zv\u00fd\u0161enie energie a zn\u00ed\u017eenie \u00fanavy a zlep\u0161enie vytrvalosti,<\/span><br \/>\n<span style=\"color: #000000\">\ud83d\udc9a pom\u00e1ha telu vyrovna\u0165 sa so stresom a obnovi\u0165 rovnov\u00e1hu,<\/span><br \/>\n<span style=\"color: #000000\">\ud83d\udc9a m\u00e1 upokojuj\u00face vlastnosti,<\/span><br \/>\n<span style=\"color: #000000\">\ud83d\udc9apodporuje \u010dinnos\u0165 imunitn\u00e9ho syst\u00e9mu,<\/span><br \/>\n<span style=\"color: #000000\">\ud83d\udc9a prispieva k lep\u0161iemu obrann\u00e9mu syst\u00e9mu organizmu,<\/span><br \/>\n<span style=\"color: #000000\">\ud83d\udc9a na podporu sexu\u00e1lneho zdravia a libida,<\/span><br \/>\n<span style=\"color: #000000\">\ud83d\udc9a na zlep\u0161enie celkovej pohody, koncentr\u00e1cie a vitality.<\/span><\/p>\n<h2><span style=\"color: #000000\">Balenie<\/span><\/h2>\n<p><span style=\"color: #000000\">Nepriepustn\u00e9 vrecko na zips, v ktorom si produkt zachov\u00e1 svoju \u010derstvos\u0165 a v\u00f4\u0148u. Obal chr\u00e1ni pred svetlom a vzduchom, preto\u017ee pozost\u00e1va z nieko\u013ek\u00fdch ochrann\u00fdch vrstiev, ktor\u00e9 zachov\u00e1vaj\u00fa vlastnosti obsahu.<\/span><\/p>\n<p><span style=\"color: #000000\">Obal je ve\u013emi praktick\u00fd a recyklovate\u013en\u00fd.<\/span><\/p>\n<h2><span style=\"color: #000000\">Skladovanie a upozornenia<\/span><\/h2>\n<p><span style=\"color: #000000\">Skladujte na chladnom a suchom mieste. V\u00fd\u017eivov\u00fd doplnok by sa mal skladova\u0165 mimo dosahu det\u00ed!<\/span><\/p>\n<p><span style=\"color: #000000\">Nezab\u00fadajte na pestr\u00fa stravu a zdrav\u00fd \u017eivotn\u00fd \u0161t\u00fdl \u2013 doplnok stravy nem\u00f4\u017ee nahradi\u0165 vyv\u00e1\u017een\u00fa a pestr\u00fa stravu. Neprekra\u010dujte odpor\u00fa\u010dan\u00fa denn\u00fa d\u00e1vku. <\/span><\/p>\n<p><span style=\"color: #000000\">Tehotn\u00e9 a doj\u010diace matky sa neodpor\u00fa\u010daj\u00fa pou\u017e\u00edva\u0165. Konzum\u00e1cia Suma Root sa neodpor\u00fa\u010da \u013eu\u010fom so \u0161pecifick\u00fdmi zdravotn\u00fdmi probl\u00e9mami, ako je hormon\u00e1lne z\u00e1visl\u00e1 rakovina, autoimunitn\u00e9 ochorenia, epilepsia, krv\u00e1canie alebo ak\u00fdko\u013evek in\u00fd z\u00e1va\u017en\u00fd zdravotn\u00fd stav. Tie\u017e, ak ste alergick\u00fd na in\u00e9 rastliny alebo m\u00e1te zn\u00e1mu precitlivenos\u0165, vyhnite sa pou\u017e\u00edvaniu Suma Root. V pr\u00edpade ak\u00fdchko\u013evek zdravotn\u00fdch probl\u00e9mov sa odpor\u00fa\u010da poradi\u0165 sa so svoj\u00edm lek\u00e1rom o \u010fal\u0161\u00edch inform\u00e1ci\u00e1ch.<\/span><\/p>\n<h2><span style=\"color: #000000\">P\u00f4vod<\/span><\/h2>\n<p><span style=\"color: #000000\">Braz\u00edlia<\/span><\/p>\n","protected":false},"excerpt":{"rendered":"<p>Suma je rastlina vedecky zn\u00e1ma ako Pfaffia paniculata, ktor\u00e1 poch\u00e1dza z Ju\u017enej Ameriky, najm\u00e4 z amazonsk\u00e9ho da\u017e\u010fov\u00e9ho pralesa. Zn\u00e1my je aj pod n\u00e1zvami \u201ebraz\u00edlsky \u017een\u0161en\u201c alebo \u201ePara Todo\u201c, \u010do v preklade znamen\u00e1 \u201epre ka\u017ed\u00e9ho\u201c. Suma Root je trv\u00e1ca rastlina, ktor\u00e1 m\u00e1 ve\u013ek\u00e9 korene a tradi\u010dne sa pou\u017e\u00edva v bylinnej medic\u00edne. \u010casto sa pou\u017e\u00edva ako doplnok stravy pre svoje potenci\u00e1lne zdravotn\u00e9 pr\u00ednosy, ako je zv\u00fd\u0161enie energie, zlep\u0161enie v\u00fddr\u017ee, posilnenie imunitn\u00e9ho syst\u00e9mu, regul\u00e1cia horm\u00f3nov, podpora sexu\u00e1lneho zdravia a zlep\u0161enie celkovej pohody.<\/p>\n<p>\ud83d\udc9a Na zlep\u0161enie celkovej pohody, koncentr\u00e1cie a vitality.<br \/>\n\ud83d\udc9a Pom\u00e1ha telu vyrovna\u0165 sa so stresom a obnovuje rovnov\u00e1hu.<br \/>\n\ud83d\udc9a Na podporu sexu\u00e1lneho zdravia a libida.<br \/>\n\ud83d\udc9a Zvy\u0161uje energiu a zni\u017euje \u00fanavu a zlep\u0161uje vytrvalos\u0165.<\/p>\n","protected":false},"featured_media":6550,"comment_status":"open","ping_status":"closed","template":"","meta":{"_acf_changed":false},"product_brand":[],"product_cat":[15,224,195,225],"product_tag":[],"class_list":{"0":"post-6549","1":"product","2":"type-product","3":"status-publish","4":"has-post-thumbnail","6":"product_cat-uncategorized","7":"product_cat-ponuka","8":"product_cat-superpotraviny","9":"product_cat-vsetky-produkty","11":"first","12":"instock","13":"sale","14":"taxable","15":"shipping-taxable","16":"purchasable","17":"product-type-simple"},"acf":[],"_links":{"self":[{"href":"https:\/\/fengchashop.com\/sk\/wp-json\/wp\/v2\/product\/6549","targetHints":{"allow":["GET"]}}],"collection":[{"href":"https:\/\/fengchashop.com\/sk\/wp-json\/wp\/v2\/product"}],"about":[{"href":"https:\/\/fengchashop.com\/sk\/wp-json\/wp\/v2\/types\/product"}],"replies":[{"embeddable":true,"href":"https:\/\/fengchashop.com\/sk\/wp-json\/wp\/v2\/comments?post=6549"}],"wp:featuredmedia":[{"embeddable":true,"href":"https:\/\/fengchashop.com\/sk\/wp-json\/wp\/v2\/media\/6550"}],"wp:attachment":[{"href":"https:\/\/fengchashop.com\/sk\/wp-json\/wp\/v2\/media?parent=6549"}],"wp:term":[{"taxonomy":"product_brand","embeddable":true,"href":"https:\/\/fengchashop.com\/sk\/wp-json\/wp\/v2\/product_brand?post=6549"},{"taxonomy":"product_cat","embeddable":true,"href":"https:\/\/fengchashop.com\/sk\/wp-json\/wp\/v2\/product_cat?post=6549"},{"taxonomy":"product_tag","embeddable":true,"href":"https:\/\/fengchashop.com\/sk\/wp-json\/wp\/v2\/product_tag?post=6549"}],"curies":[{"name":"wp","href":"https:\/\/api.w.org\/{rel}","templated":true}]}}