{"id":6538,"date":"2023-02-01T18:08:46","date_gmt":"2023-02-01T17:08:46","guid":{"rendered":"https:\/\/fengchashop.com\/sk\/product\/zihlava-prasok-urtica-dioica-bio-250-g\/"},"modified":"2026-04-15T19:36:56","modified_gmt":"2026-04-15T17:36:56","slug":"zihlava-prasok-urtica-dioica-bio","status":"publish","type":"product","link":"https:\/\/fengchashop.com\/sk\/product\/zihlava-prasok-urtica-dioica-bio\/","title":{"rendered":"\u017dih\u013eava pr\u00e1\u0161ok (Urtica dioica) BIO 250 g"},"content":{"rendered":"<h2><span style=\"color: #000000\">\u017dih\u013eava pr\u00e1\u0161ok (Urtica dioica) BIO<\/span><\/h2>\n<p><span style=\"color: #000000\">Kop\u0159iva dvoudom\u00e1 neboli Urtica dioica je rostlina (bylinn\u00e1 trvalka), kter\u00e1 se vyskytuje po cel\u00e9m sv\u011bt\u011b a je po stalet\u00ed pou\u017e\u00edv\u00e1na v r\u016fzn\u00fdch zem\u00edch a kultur\u00e1ch. P\u0159ed stalet\u00edmi se kop\u0159iva skl\u00edzela pro sv\u00e9 nutri\u010dn\u00ed vlastnosti, konzumovala se jako divok\u00fd dopln\u011bk stravy, aplikovala se lok\u00e1ln\u011b na poko\u017eku a pila jako bylinn\u00fd \u010daj.<\/span><\/p>\n<p><span style=\"color: #000000\">Listy kop\u0159ivy se sb\u00edraj\u00ed na ja\u0159e, kdy\u017e rostlina dozraje, ale je\u0161t\u011b p\u0159edt\u00edm, ne\u017e za\u010dne kv\u00e9st. Nasb\u00edran\u00e9 listy se pomalu su\u0161\u00ed a melou na jemn\u00fd pr\u00e1\u0161ek.<\/span><\/p>\n<h2><span style=\"color: #000000\">Kl\u00ed\u010dov\u00e9 vlastnosti kop\u0159ivy<\/span><\/h2>\n<p><span style=\"color: #000000\">Kop\u0159ivy maj\u00ed vysok\u00fd obsah antioxidant\u016f, b\u00edlkovin a vl\u00e1kniny. Kop\u0159iva je uzn\u00e1v\u00e1na tak\u00e9 jako dopln\u011bk stravy, proto\u017ee je extr\u00e9mn\u011b obohacena o v\u00e1pn\u00edk, \u017eelezo, ho\u0159\u010d\u00edk a drasl\u00edk. D\u00e1le obsahuje vitam\u00edny, A, C, K a hlavn\u011b hodn\u011b vitam\u00ednu B.<\/span><\/p>\n<p><span style=\"color: #000000\">V tradi\u010dn\u00ed medic\u00edn\u011b se u\u017e\u00edv\u00e1n\u00ed kop\u0159ivy doporu\u010duje jako sou\u010d\u00e1st jarn\u00edch k\u00far a diet p\u0159i detoxikaci a pro\u010di\u0161t\u011bn\u00ed, ale i p\u0159i \u00fanav\u011b a vy\u010derp\u00e1n\u00ed.<\/span><\/p>\n<p><span style=\"color: #000000\">Konzumace kop\u0159ivy podporuje zdravou funkci mo\u010dov\u00fdch cest a p\u016fsob\u00ed jako m\u00edrn\u00e9 diuretikum a z\u00e1rove\u0148 podporuje zdrav\u00ed horn\u00edch cest d\u00fdchac\u00edch.<\/span><\/p>\n<h2><span style=\"color: #000000\">\u00da\u010dinky kop\u0159ivy<\/span><\/h2>\n<p><span style=\"color: #000000\"><strong>\u00da\u010dinky, kter\u00e9 maj\u00ed pozitivn\u00ed vliv na na\u0161e zdrav\u00ed a t\u011blo:<\/strong><\/span><\/p>\n<p><span style=\"color: #000000\">\ud83d\udc9a siln\u00fd antioxidant,<\/span><br \/>\n<span style=\"color: #000000\">\ud83d\udc9a m\u00e1 diuretick\u00fd \u00fa\u010dinek,<\/span><br \/>\n<span style=\"color: #000000\">\ud83d\udc9a pom\u00e1h\u00e1 p\u0159i detoxikaci a \u010di\u0161t\u011bn\u00ed,<\/span><br \/>\n<span style=\"color: #000000\">\ud83d\udc9a stimuluje \u010dinnost mo\u010dov\u00e9ho syst\u00e9mu,<\/span><br \/>\n<span style=\"color: #000000\">\ud83d\udc9a pom\u00e1h\u00e1 odv\u00e1d\u011bt vodu,<\/span><br \/>\n<span style=\"color: #000000\">\ud83d\udc9a m\u00e1 protiz\u00e1n\u011btliv\u00fd \u00fa\u010dinek,<\/span><br \/>\n<span style=\"color: #000000\">\ud83d\udc9a pom\u00e1h\u00e1 p\u0159i \u00fanav\u011b a vy\u010derp\u00e1n\u00ed,<\/span><br \/>\n<span style=\"color: #000000\">\ud83d\udc9a p\u0159isp\u00edv\u00e1 ke zdrav\u00ed horn\u00edch cest d\u00fdchac\u00edch,<\/span><br \/>\n<span style=\"color: #000000\">\ud83d\udc9a obsahuje hodn\u011b vl\u00e1kniny,<\/span><br \/>\n<span style=\"color: #000000\">\ud83d\udc9a \u010dist\u00ed a hydratuje poko\u017eku,<\/span><br \/>\n<span style=\"color: #000000\">\ud83d\udc9a zm\u00edr\u0148uje ko\u017en\u00ed probl\u00e9my s ekz\u00e9my.<\/span><\/p>\n<h2><span style=\"color: #000000\">Balenie<\/span><\/h2>\n<p><span style=\"color: #000000\">Nepriepustn\u00e9 vrecko na zips, v ktorom si produkt zachov\u00e1 svoju \u010derstvos\u0165 a v\u00f4\u0148u. Obal chr\u00e1ni pred svetlom a vzduchom, preto\u017ee pozost\u00e1va z nieko\u013ek\u00fdch ochrann\u00fdch vrstiev, ktor\u00e9 zachov\u00e1vaj\u00fa vlastnosti obsahu.<\/span><\/p>\n<p><span style=\"color: #000000\">Obal je ve\u013emi praktick\u00fd a recyklovate\u013en\u00fd.<\/span><\/p>\n<h2><span style=\"color: #000000\">Skladovanie a upozornenia<\/span><\/h2>\n<p><span style=\"color: #000000\">Skladujte na chladnom a suchom mieste. V\u00fd\u017eivov\u00fd doplnok by sa mal skladova\u0165 mimo dosahu det\u00ed!<\/span><\/p>\n<p><span style=\"color: #000000\">Nezab\u00fadajte na pestr\u00fa stravu a zdrav\u00fd \u017eivotn\u00fd \u0161t\u00fdl \u2013 doplnok stravy nem\u00f4\u017ee nahradi\u0165 vyv\u00e1\u017een\u00fa a pestr\u00fa stravu. Neprekra\u010dujte odpor\u00fa\u010dan\u00fa denn\u00fa d\u00e1vku. Tehotn\u00fdm a doj\u010diacim \u017een\u00e1m sa v\u017edy odpor\u00fa\u010da konzultova\u0165 u\u017e\u00edvanie pr\u00edpravku s lek\u00e1rom.<\/span><\/p>\n<h2><span style=\"color: #000000\">P\u00f4vod<\/span><\/h2>\n<p><span style=\"color: #000000\">Bulharsko<\/span><\/p>\n","protected":false},"excerpt":{"rendered":"<p>\u017dih\u013eava m\u00e1 vysok\u00fd obsah antioxidantov, bielkov\u00edn a vl\u00e1kniny. \u017dih\u013eava je uzn\u00e1van\u00e1 aj ako doplnok stravy, preto\u017ee je mimoriadne obohaten\u00e1 o v\u00e1pnik, \u017eelezo, hor\u010d\u00edk a drasl\u00edk. Obsahuje aj vitam\u00edny A, C, K a najm\u00e4 ve\u013ea vitam\u00ednu B. V tradi\u010dnej medic\u00edne sa u\u017e\u00edvanie \u017eih\u013eavy odpor\u00fa\u010da v r\u00e1mci jarn\u00fdch k\u00far a di\u00e9t na detoxik\u00e1ciu a pre\u010distenie, ako aj pri \u00fanave a vy\u010derpan\u00ed.<\/p>\n<p>\ud83d\udc9a Pom\u00e1ha pri detoxik\u00e1cii a \u010disten\u00ed.<br \/>\n\ud83d\udc9a Prispieva k zdraviu horn\u00fdch d\u00fdchac\u00edch ciest.<br \/>\n\ud83d\udc9a Pom\u00e1ha odv\u00e1dza\u0165 vodu.<br \/>\n\ud83d\udc9a Pom\u00e1ha pri \u00fanave a vy\u010derpan\u00ed.<\/p>\n","protected":false},"featured_media":6539,"comment_status":"open","ping_status":"closed","template":"","meta":{"_acf_changed":false},"product_brand":[],"product_cat":[15,224,195,225],"product_tag":[],"class_list":{"0":"post-6538","1":"product","2":"type-product","3":"status-publish","4":"has-post-thumbnail","6":"product_cat-uncategorized","7":"product_cat-ponuka","8":"product_cat-superpotraviny","9":"product_cat-vsetky-produkty","11":"first","12":"instock","13":"taxable","14":"shipping-taxable","15":"purchasable","16":"product-type-simple"},"acf":[],"_links":{"self":[{"href":"https:\/\/fengchashop.com\/sk\/wp-json\/wp\/v2\/product\/6538","targetHints":{"allow":["GET"]}}],"collection":[{"href":"https:\/\/fengchashop.com\/sk\/wp-json\/wp\/v2\/product"}],"about":[{"href":"https:\/\/fengchashop.com\/sk\/wp-json\/wp\/v2\/types\/product"}],"replies":[{"embeddable":true,"href":"https:\/\/fengchashop.com\/sk\/wp-json\/wp\/v2\/comments?post=6538"}],"wp:featuredmedia":[{"embeddable":true,"href":"https:\/\/fengchashop.com\/sk\/wp-json\/wp\/v2\/media\/6539"}],"wp:attachment":[{"href":"https:\/\/fengchashop.com\/sk\/wp-json\/wp\/v2\/media?parent=6538"}],"wp:term":[{"taxonomy":"product_brand","embeddable":true,"href":"https:\/\/fengchashop.com\/sk\/wp-json\/wp\/v2\/product_brand?post=6538"},{"taxonomy":"product_cat","embeddable":true,"href":"https:\/\/fengchashop.com\/sk\/wp-json\/wp\/v2\/product_cat?post=6538"},{"taxonomy":"product_tag","embeddable":true,"href":"https:\/\/fengchashop.com\/sk\/wp-json\/wp\/v2\/product_tag?post=6538"}],"curies":[{"name":"wp","href":"https:\/\/api.w.org\/{rel}","templated":true}]}}