{"id":6536,"date":"2023-04-04T11:24:36","date_gmt":"2023-04-04T09:24:36","guid":{"rendered":"https:\/\/fengchashop.com\/sk\/product\/horny-goat-weed-krpciarka-velkokveta-prasok-bio-250-g\/"},"modified":"2026-04-18T00:56:13","modified_gmt":"2026-04-17T22:56:13","slug":"horny-goat-weed-krpciarka-velkokveta-prasok","status":"publish","type":"product","link":"https:\/\/fengchashop.com\/sk\/product\/horny-goat-weed-krpciarka-velkokveta-prasok\/","title":{"rendered":"Horny goat weed (krp\u010diarka ve\u013ekokvet\u00e1) pr\u00e1\u0161ok 250 g"},"content":{"rendered":"<h2><span style=\"color: #000000;\">Horny goat weed (krp\u010diarka ve\u013ekokvet\u00e1) pr\u00e1\u0161ok<\/span><\/h2>\n<p><span style=\"color: #000000;\">Epimedium brevicornum V angli\u010dtine sa t\u00e1to hu\u0148at\u00e1 rastlina naz\u00fdva Horny goat weed alebo Horny goat, \u010do v slovin\u010dine znamen\u00e1 \u201etr\u00e1va nevyhnutnej kozy\u201c. N\u00e1zov sa vz\u0165ahuje na zv\u00fd\u0161enie libida u k\u00f4z, ktor\u00e9 jedli kr\u00edky. Dorast\u00e1 do 30 cm a m\u00e1 ve\u013ea kvetov (fialov\u00e9, ru\u017eov\u00e9, \u017elt\u00e9 a biele), ktor\u00e9 s\u00fa zoskupen\u00e9 v strapcoch alebo strapcoch.<\/span><\/p>\n<p><span style=\"color: #000000;\">Horny koz\u00ed burina rastie v miernom a subtropickom podneb\u00ed a p\u00f4vodne poch\u00e1dza z \u010c\u00edny a K\u00f3rey. V tradi\u010dnej \u010d\u00ednskej medic\u00edne sa pou\u017e\u00edva u\u017e tis\u00edce rokov ako tradi\u010dn\u00fd liek na mnoh\u00e9 probl\u00e9my vr\u00e1tane dysfunkcie a menopauzy a pova\u017euje sa aj za afrodiziakum pre mu\u017eov aj \u017eeny.<\/span><\/p>\n<h2><span style=\"color: #000000;\">Ak\u00e9 s\u00fa d\u00f4le\u017eit\u00e9 \u00fa\u010dinn\u00e9 l\u00e1tky kozy rohatej?<\/span><\/h2>\n<p><span style=\"color: #000000;\">Bolo vedecky dok\u00e1zan\u00e9, \u017ee koza nadr\u017ean\u00e1 obsahuje zl\u00fa\u010deniny, ktor\u00e9 maj\u00fa farmakologick\u00e9 vlastnosti, ako je svalov\u00e1 relax\u00e1cia, zv\u00fd\u0161enie hladiny testoster\u00f3nu a prietok krvi.<\/span><\/p>\n<p><span style=\"color: #000000;\">Koza rohat\u00e1 je rastlina, ktor\u00e1 je obohaten\u00e1 o flavonoidy, fenolov\u00e9 zl\u00fa\u010deniny a \u010fal\u0161ie d\u00f4le\u017eit\u00e9 \u017eiviny, ktor\u00e9 m\u00f4\u017eu prospieva\u0165 zdraviu r\u00f4znymi sp\u00f4sobmi. Preto sa koza nadr\u017ean\u00e1 st\u00e1va \u010doraz ob\u013e\u00fabenej\u0161ou rastlinou, \u010di u\u017e ako doplnok stravy alebo ako bylinn\u00fd pr\u00edpravok na r\u00f4zne choroby a zlep\u0161enie zdravia.<\/span><\/p>\n<p><span style=\"color: #000000;\">Icariin je flavoidn\u00e1 zl\u00fa\u010denina a je hlavnou akt\u00edvnou zlo\u017ekou buriny nadr\u017ean\u00fdch k\u00f4z. Icariin p\u00f4sob\u00ed ako prirodzen\u00fd inhib\u00edtor enz\u00fdmu PDE5, ktor\u00fd m\u00f4\u017ee sp\u00f4sobi\u0165 erektiln\u00fa dysfunkciu. Pou\u017eitie icari\u00ednu zlep\u0161uje sexu\u00e1lne funkcie a lie\u010dbu erektilnej dysfunkcie. Icariin je v\u0161ak tie\u017e \u0161iroko pou\u017e\u00edvan\u00fd na zlep\u0161enie \u0161portov\u00e9ho v\u00fdkonu, preto\u017ee m\u00f4\u017ee zv\u00fd\u0161i\u0165 hladinu testoster\u00f3nu a zn\u00ed\u017ei\u0165 hladinu kortizolu, \u010do prispieva k zlep\u0161eniu svalovej hmoty a sily. Okrem toho m\u00f4\u017ee icari\u00edn tie\u017e podporova\u0165 obnovu hustoty kost\u00ed, \u010do m\u00f4\u017ee zn\u00ed\u017ei\u0165 riziko osteopor\u00f3zy a zlep\u0161i\u0165 zdravie kost\u00ed.<\/span><\/p>\n<h2><span style=\"color: #000000;\">K\u013e\u00fa\u010dov\u00e9 vlastnosti, ktor\u00e9 n\u00e1m Horny goat pon\u00faka?<\/span><\/h2>\n<p><span style=\"color: #000000;\">\u010coraz \u010dastej\u0161ie sa ako doplnok na r\u00f4zne \u00fa\u010dely vyu\u017e\u00edva burina kozliatka. V tradi\u010dnej \u010d\u00ednskej medic\u00edne sa pou\u017e\u00edva ako afrodiziakum, tonikum a antireumatikum.<\/span><\/p>\n<p><span style=\"color: #000000;\"><strong>\u00da\u010dinky, ktor\u00e9 maj\u00fa pozit\u00edvny vplyv na na\u0161e zdravie a telo:<\/strong><\/span><\/p>\n<p><span style=\"color: #000000;\">\ud83d\udc9a zlep\u0161uje funkciu pohlavn\u00fdch \u017eliaz,<\/span><br \/>\n<span style=\"color: #000000;\">\ud83d\udc9a zlep\u0161uje libido u mu\u017eov a erektiln\u00fa dysfunkciu,<\/span><br \/>\n<span style=\"color: #000000;\">\ud83d\udc9a pom\u00e1ha pri lie\u010dbe impotencie a mu\u017eskej neplodnosti,<\/span><br \/>\n<span style=\"color: #000000;\">\ud83d\udc9a pou\u017e\u00edva sa ako tonikum pre reproduk\u010dn\u00fd syst\u00e9m,<\/span><br \/>\n<span style=\"color: #000000;\">\ud83d\udc9a zvy\u0161uje energiu a vytrvalos\u0165,<\/span><br \/>\n<span style=\"color: #000000;\">\ud83d\udc9a zmier\u0148uje pr\u00edznaky menopauzy,<\/span><br \/>\n<span style=\"color: #000000;\">\ud83d\udc9a reguluje kardiovaskul\u00e1rny syst\u00e9m (pr\u00fad krvi),<\/span><br \/>\n<span style=\"color: #000000;\">\ud83d\udc9a zlep\u0161uje fungovanie imunitn\u00e9ho syst\u00e9mu,<\/span><br \/>\n<span style=\"color: #000000;\">\ud83d\udc9a zmier\u0148uje bolesti k\u013abov a artrit\u00eddu,<\/span><br \/>\n<span style=\"color: #000000;\">\ud83d\udc9a m\u00e1 antibakteri\u00e1lne, antiv\u00edrusov\u00e9 a protiz\u00e1palov\u00e9 \u00fa\u010dinky,<\/span><br \/>\n<span style=\"color: #000000;\">\ud83d\udc9a zni\u017euje \u00fazkos\u0165 a depresiu,<\/span><br \/>\n<span style=\"color: #000000;\">\ud83d\udc9a zlep\u0161uje metabolizmus tela a funkciu org\u00e1nov.<\/span><\/p>\n<h2><span style=\"color: #000000;\">Balenie<\/span><\/h2>\n<p><span style=\"color: #000000;\">Nepriepustn\u00e9 vrecko na zips, v ktorom si produkt zachov\u00e1 svoju \u010derstvos\u0165 a v\u00f4\u0148u. Obal chr\u00e1ni pred svetlom a vzduchom, preto\u017ee pozost\u00e1va z nieko\u013ek\u00fdch ochrann\u00fdch vrstiev, ktor\u00e9 zachov\u00e1vaj\u00fa vlastnosti obsahu.<\/span><\/p>\n<p><span style=\"color: #000000;\">Obal je ve\u013emi praktick\u00fd a recyklovate\u013en\u00fd.<\/span><\/p>\n<h2><span style=\"color: #000000;\">Skladovanie a upozornenia<\/span><\/h2>\n<p><span style=\"color: #000000;\">Skladujte na chladnom a suchom mieste. V\u00fd\u017eivov\u00fd doplnok by sa mal skladova\u0165 mimo dosahu det\u00ed!<\/span><\/p>\n<p><span style=\"color: #000000;\">Nezab\u00fadajte na pestr\u00fa stravu a zdrav\u00fd \u017eivotn\u00fd \u0161t\u00fdl \u2013 doplnok stravy nem\u00f4\u017ee nahradi\u0165 vyv\u00e1\u017een\u00fa a pestr\u00fa stravu. Neprekra\u010dujte odpor\u00fa\u010dan\u00fa denn\u00fa d\u00e1vku. Tehotn\u00fdm a doj\u010diacim \u017een\u00e1m sa v\u017edy odpor\u00fa\u010da konzultova\u0165 u\u017e\u00edvanie pr\u00edpravku s lek\u00e1rom.<\/span><\/p>\n<h2><span style=\"color: #000000;\">P\u00f4vod<\/span><\/h2>\n<p><span style=\"color: #000000;\">\u010c\u00edna<\/span><\/p>\n<p><span style=\"color: #000000;\">M\u00e1me ve\u013emi spo\u013eahliv\u00fdch dod\u00e1vate\u013eov, ktor\u00ed n\u00e1m posielaj\u00fa podrobn\u00fa chemick\u00fa anal\u00fdzu produktu pre ka\u017ed\u00fa \u0161ar\u017eu. Za viac ako 10 rokov sme s t\u00fdmto produktom, ani s in\u00fdm produktom od toho ist\u00e9ho dod\u00e1vate\u013ea, nikdy nemali \u017eiadne stiahnutie produktu \u010di in\u00fd probl\u00e9m.<\/span><\/p>\n","protected":false},"excerpt":{"rendered":"<p>Horny goat weed, zn\u00e1my aj pod vedeck\u00fdm n\u00e1zvom Epimedium brevicornum. V tradi\u010dnej \u010d\u00ednskej medic\u00edne sa u\u017e tis\u00edcro\u010dia pou\u017e\u00edva ako tradi\u010dn\u00fd liek na mnoh\u00e9 probl\u00e9my vr\u00e1tane dysfunkcie a menopauzy a pova\u017euje sa aj za afrodiziakum pre mu\u017eov aj \u017eeny.<\/p>\n<p><span style=\"color: #000000;\">\ud83d\udc9a <\/span>Pou\u017e\u00edva sa ako tonikum pre reproduk\u010dn\u00fd syst\u00e9m.<br \/>\n<span style=\"color: #000000;\">\ud83d\udc9a <\/span>Zmier\u0148uje pr\u00edznaky menopauzy.<br \/>\n<span style=\"color: #000000;\">\ud83d\udc9a <\/span>Pom\u00e1ha pri lie\u010dbe impotencie a mu\u017eskej neplodnosti.<br \/>\n<span style=\"color: #000000;\">\ud83d\udc9a <\/span>Zlep\u0161uje libido u mu\u017eov a lie\u010di erektiln\u00fa dysfunkciu.<\/p>\n","protected":false},"featured_media":7869,"comment_status":"open","ping_status":"closed","template":"","meta":{"_acf_changed":false},"product_brand":[],"product_cat":[15,224,195,225],"product_tag":[],"class_list":{"0":"post-6536","1":"product","2":"type-product","3":"status-publish","4":"has-post-thumbnail","6":"product_cat-uncategorized","7":"product_cat-ponuka","8":"product_cat-superpotraviny","9":"product_cat-vsetky-produkty","11":"first","12":"instock","13":"sale","14":"taxable","15":"shipping-taxable","16":"purchasable","17":"product-type-simple"},"acf":[],"_links":{"self":[{"href":"https:\/\/fengchashop.com\/sk\/wp-json\/wp\/v2\/product\/6536","targetHints":{"allow":["GET"]}}],"collection":[{"href":"https:\/\/fengchashop.com\/sk\/wp-json\/wp\/v2\/product"}],"about":[{"href":"https:\/\/fengchashop.com\/sk\/wp-json\/wp\/v2\/types\/product"}],"replies":[{"embeddable":true,"href":"https:\/\/fengchashop.com\/sk\/wp-json\/wp\/v2\/comments?post=6536"}],"wp:featuredmedia":[{"embeddable":true,"href":"https:\/\/fengchashop.com\/sk\/wp-json\/wp\/v2\/media\/7869"}],"wp:attachment":[{"href":"https:\/\/fengchashop.com\/sk\/wp-json\/wp\/v2\/media?parent=6536"}],"wp:term":[{"taxonomy":"product_brand","embeddable":true,"href":"https:\/\/fengchashop.com\/sk\/wp-json\/wp\/v2\/product_brand?post=6536"},{"taxonomy":"product_cat","embeddable":true,"href":"https:\/\/fengchashop.com\/sk\/wp-json\/wp\/v2\/product_cat?post=6536"},{"taxonomy":"product_tag","embeddable":true,"href":"https:\/\/fengchashop.com\/sk\/wp-json\/wp\/v2\/product_tag?post=6536"}],"curies":[{"name":"wp","href":"https:\/\/api.w.org\/{rel}","templated":true}]}}