{"id":6534,"date":"2022-11-25T07:45:21","date_gmt":"2022-11-25T06:45:21","guid":{"rendered":"https:\/\/fengchashop.com\/sk\/product\/dong-quai-angelika-cinska-prasok-bio-250-g\/"},"modified":"2026-04-06T20:57:51","modified_gmt":"2026-04-06T18:57:51","slug":"dong-quai-angelika-cinska-prasok-bio","status":"publish","type":"product","link":"https:\/\/fengchashop.com\/sk\/product\/dong-quai-angelika-cinska-prasok-bio\/","title":{"rendered":"Dong Quai (Angelika \u010d\u00ednska) pr\u00e1\u0161ok BIO 250 g"},"content":{"rendered":"<h2><span style=\"color: #000000\">Dong Quai (Angelika \u010d\u00ednska) pr\u00e1\u0161ok BIO<\/span><\/h2>\n<p><span style=\"color: #000000\">Dong Quai je starod\u00e1vna \u010d\u00ednska bylina, zn\u00e1ma aj ako Angelica sinensis (\u010d\u00ednska angelika), zn\u00e1ma aj ako Dang Gui (vyslovuje sa tang Kuei) a je jednou z najd\u00f4le\u017eitej\u0161\u00edch byl\u00edn v z\u00e1padnom svete.<\/span><\/p>\n<p><span style=\"color: #000000\">Dong Quia rastie na vyso\u010din\u00e1ch, v chladn\u00fdch a vlhk\u00fdch oblastiach Japonska, K\u00f3rey a \u010c\u00edny. Je to odoln\u00e1 trvalka, ktor\u00e1 m\u00f4\u017ee dosiahnu\u0165 v\u00fd\u0161ku a\u017e dva metre. M\u00e1 hladk\u00e9 fialov\u00e9 stonky, perovito rozmiestnen\u00e9 listy a drobn\u00e9 biele alebo zelen\u00e9 kvety usporiadan\u00e9 do strapcov. Lie\u010divou \u010das\u0165ou Dong Qui s\u00fa \u017eltohned\u00e9 rozkon\u00e1ren\u00e9 korene, ktor\u00e9 sa su\u0161ia a kr\u00e1jaj\u00fa a pou\u017e\u00edvaj\u00fa sa na lie\u010debn\u00e9 \u00fa\u010dely. Niektor\u00e9 \u010dasti kore\u0148a s\u00fa odli\u0161n\u00e9 a preto s\u00fa odli\u0161n\u00e9 aj ich \u00fa\u010dinky.<\/span><\/p>\n<p><span style=\"color: #000000\">Su\u0161en\u00e9 korene angeliky sa v tradi\u010dnej \u010d\u00ednskej medic\u00edne pou\u017e\u00edvaj\u00fa najm\u00e4 na lie\u010dbu gynekologick\u00fdch probl\u00e9mov, stredne \u0165a\u017ekej an\u00e9mie, vysok\u00e9ho krvn\u00e9ho tlaku a \u00fanavy.<\/span><\/p>\n<p><span style=\"color: #000000\">Bylina Dong Quai je v\u0161eobecne zn\u00e1ma aj ako \u201e\u017eensk\u00fd \u017een\u0161en\u201c a starovek\u00ed lie\u010ditelia ju vysoko cenili pre jej v\u00fdnimo\u010dn\u00e9 schopnosti pri lie\u010dbe \u017eien, ktor\u00e9 mali reproduk\u010dn\u00e9 probl\u00e9my. V \u00c1zii je Dong Quai na druhom mieste za \u017een\u0161enom z h\u013eadiska u\u017e\u00edvania a tradi\u010dne sa pou\u017e\u00edva na pomoc pri \u017eensk\u00fdch probl\u00e9moch a neduhoch.<\/span><\/p>\n<p><span style=\"color: #000000\">Dong Quai bol v skuto\u010dnosti propagovan\u00fd ako liek pre neplodn\u00fdch \u013eud\u00ed. Okrem toho, \u017ee Dong Quai pom\u00e1ha \u017een\u00e1m s probl\u00e9mami s neplodnos\u0165ou, pom\u00e1ha aj pri menopauze a men\u0161trua\u010dn\u00fdch probl\u00e9moch. Dobre p\u00f4sob\u00ed aj na mu\u017esk\u00fa plodnos\u0165.<\/span><\/p>\n<h2><span style=\"color: #000000\">Ak\u00e9 s\u00fa d\u00f4le\u017eit\u00e9 akt\u00edvne zlo\u017eky Dong Quai?<\/span><\/h2>\n<p><span style=\"color: #000000\">Dong Quai obsahuje ve\u013ea kyseliny listovej, fol\u00ednovej a nikot\u00ednovej, je obohaten\u00fd o vitam\u00edn B12 a z\u00e1rove\u0148 obsahuje aj ve\u013ea vitam\u00ednov A a E, karot\u00e9n, biot\u00edn a kyselinu pantot\u00e9nov\u00fa. Pou\u017e\u00edva sa na lie\u010dbu predmen\u0161trua\u010dn\u00fdch pr\u00edznakov a v klimakt\u00e9riu, preto\u017ee obsahuje l\u00e1tky, ktor\u00e9 dok\u00e1\u017eu zmierni\u0165 nepohodlie, roztiahnu\u0165 cievy a uvo\u013eni\u0165 svalstvo maternice. Kobalt, ktor\u00fd sa tie\u017e nach\u00e1dza v koreni angeliky, sa kombinuje s vitam\u00ednom B12, ktor\u00fd pom\u00e1ha posilni\u0165 krv.<\/span><\/p>\n<p><span style=\"color: #000000\">Najd\u00f4le\u017eitej\u0161\u00edm prvkom pre \u017eensk\u00fa hormon\u00e1lnu rovnov\u00e1hu je horm\u00f3n estrog\u00e9n, ktor\u00fd m\u00f4\u017ee by\u0165 nahraden\u00fd skupinou chemik\u00e1li\u00ed naz\u00fdvan\u00fdch fytoestrog\u00e9ny. Angelika v\u0161ak obsahuje ve\u013ea fytoestrog\u00e9nov. \u0160t\u00fadie navy\u0161e ukazuj\u00fa, \u017ee Dong Quai p\u00f4sob\u00ed ako obojsmern\u00fd regul\u00e1tor t\u00fdm, \u017ee inhibuje nadmern\u00fa sekr\u00e9ciu estrog\u00e9nu alebo stimuluje nedostato\u010dn\u00fa sekr\u00e9ciu estrog\u00e9nu.<\/span><\/p>\n<p><span style=\"color: #000000\">Dong Quai je tie\u017e \u201eskr\u00e1\u0161\u013euj\u00facim toniko0m\u201c pre poko\u017eku, preto\u017ee podporuje prietok krvi v poko\u017eke a pou\u017e\u00edva sa pre kr\u00e1snu a \u017eiariv\u00fa ple\u0165. Pom\u00e1ha pri lie\u010dbe neurodermatit\u00eddy, alop\u00e9cie, \u017eih\u013eavky, ekz\u00e9mov, svrbenia, odstra\u0148uje \u0161kvrny na ko\u017ei&#8230;<\/span><\/p>\n<p><span style=\"color: #000000\">\u0160t\u00fadie uk\u00e1zali, \u017ee kombin\u00e1cia Dong Quai a Astragalus m\u00e1 pozit\u00edvny \u00fa\u010dinok, preto\u017ee zni\u017euje hladinu zl\u00e9ho cholesterolu a celkov\u00fa hladinu zv\u00fd\u0161en\u00e9ho cholesterolu.<\/span><\/p>\n<h2><span style=\"color: #000000\">Ak\u00e9 s\u00fa k\u013e\u00fa\u010dov\u00e9 funkcie, ktor\u00e9 n\u00e1m Dong Quai pon\u00faka?<\/span><\/h2>\n<p><span style=\"color: #000000\">\ud83d\udc9a siln\u00fd antioxidant,<\/span><br \/>\n<span style=\"color: #000000\">\ud83d\udc9a p\u00f4sob\u00ed protiz\u00e1palovo,<\/span><br \/>\n<span style=\"color: #000000\">\ud83d\udc9areguluje \u017eensk\u00e9 horm\u00f3ny,<\/span><br \/>\n<span style=\"color: #000000\">\ud83d\udc9a zmier\u0148uje predmen\u0161trua\u010dn\u00e9 pr\u00edznaky,<\/span><br \/>\n<span style=\"color: #000000\">\ud83d\udc9a zlep\u0161uje krvn\u00fd obeh,<\/span><br \/>\n<span style=\"color: #000000\">\ud83d\udc9a p\u00f4sob\u00ed prevent\u00edvne proti srdcov\u00e9mu infarktu a hypertenzii,<\/span><br \/>\n<span style=\"color: #000000\">\ud83d\udc9a zni\u017euje riziko srdcov\u00fdch ochoren\u00ed,<\/span><br \/>\n<span style=\"color: #000000\">\ud83d\udc9areguluje cholesterol a krvn\u00fd tlak,<\/span><br \/>\n<span style=\"color: #000000\">\ud83d\udc9a pom\u00e1ha pri an\u00e9mii,<\/span><br \/>\n<span style=\"color: #000000\">\ud83d\udc9a pom\u00e1ha pri bolestiach hlavy,<\/span><br \/>\n<span style=\"color: #000000\">\ud83d\udc9a pom\u00e1ha pri detoxik\u00e1cii,<\/span><br \/>\n<span style=\"color: #000000\">\ud83d\udc9a je afrodiziakum,<\/span><br \/>\n<span style=\"color: #000000\">\ud83d\udc9a ur\u00fdch\u013euje mu\u017esk\u00fa plodnos\u0165,<\/span><br \/>\n<span style=\"color: #000000\">\ud83d\udc9a zvy\u0161uje energiu,<\/span><br \/>\n<span style=\"color: #000000\">\ud83d\udc9a zabra\u0148uje osteopor\u00f3ze, preto\u017ee posil\u0148uje kosti,<\/span><br \/>\n<span style=\"color: #000000\">\ud83d\udc9a zni\u017euje bolesti k\u013abov,<\/span><br \/>\n<span style=\"color: #000000\">\ud83d\udc9a zabra\u0148uje chronick\u00fdm z\u00e1palom tr\u00e1viaceho traktu,<\/span><br \/>\n<span style=\"color: #000000\">\ud83d\udc9a pom\u00e1ha zlep\u0161ova\u0165 stavy z\u00e1palov nervov\u00e9ho syst\u00e9mu (napr. neurodermatit\u00edda),<\/span><br \/>\n<span style=\"color: #000000\">\ud83d\udc9a zlep\u0161uje stav poko\u017eky.<\/span><\/p>\n<h2><span style=\"color: #000000\">Balenie<\/span><\/h2>\n<p><span style=\"color: #000000\">Nepriepustn\u00e9 vrecko na zips, v ktorom si produkt zachov\u00e1 svoju \u010derstvos\u0165 a v\u00f4\u0148u. Obal chr\u00e1ni pred svetlom a vzduchom, preto\u017ee pozost\u00e1va z nieko\u013ek\u00fdch ochrann\u00fdch vrstiev, ktor\u00e9 zachov\u00e1vaj\u00fa vlastnosti obsahu.<\/span><\/p>\n<p><span style=\"color: #000000\">Obal je ve\u013emi praktick\u00fd a recyklovate\u013en\u00fd.<\/span><\/p>\n<h2><span style=\"color: #000000\">Skladovanie a upozornenia<\/span><\/h2>\n<p><span style=\"color: #000000\">Skladujte na chladnom a suchom mieste. V\u00fd\u017eivov\u00fd doplnok by sa mal skladova\u0165 mimo dosahu det\u00ed!<\/span><\/p>\n<p><span style=\"color: #000000\">Nezab\u00fadajte na pestr\u00fa stravu a zdrav\u00fd \u017eivotn\u00fd \u0161t\u00fdl \u2013 doplnok stravy nem\u00f4\u017ee nahradi\u0165 vyv\u00e1\u017een\u00fa a pestr\u00fa stravu. Neprekra\u010dujte odpor\u00fa\u010dan\u00fa denn\u00fa d\u00e1vku. Tehotn\u00fdm a doj\u010diacim \u017een\u00e1m sa v\u017edy odpor\u00fa\u010da konzultova\u0165 u\u017e\u00edvanie pr\u00edpravku s lek\u00e1rom.<\/span><\/p>\n<h2><span style=\"color: #000000\">P\u00f4vod<\/span><\/h2>\n<p><span style=\"color: #000000\">\u010c\u00edna. <\/span><\/p>\n<p><span style=\"color: #000000\">M\u00e1me ve\u013emi spo\u013eahliv\u00fdch dod\u00e1vate\u013eov, ktor\u00ed n\u00e1m posielaj\u00fa podrobn\u00fa chemick\u00fa anal\u00fdzu produktu pre ka\u017ed\u00fa \u0161ar\u017eu. Za viac ako 10 rokov sme s t\u00fdmto produktom, ani s in\u00fdm produktom od toho ist\u00e9ho dod\u00e1vate\u013ea, nikdy nemali \u017eiadne stiahnutie produktu \u010di in\u00fd probl\u00e9m. <\/span><\/p>\n<p><span style=\"color: #000000\">Tento produkt je 100% certifikovan\u00fd ako ekologick\u00fd.<\/span><\/p>\n","protected":false},"excerpt":{"rendered":"<p>Dong Quai je starod\u00e1vna \u010d\u00ednska bylina, zn\u00e1ma aj ako Angelica sinensis (\u010d\u00ednska Angelika), zn\u00e1ma aj ako Dang Gui (vyslovuje sa tang Kuei) a je jednou z najd\u00f4le\u017eitej\u0161\u00edch byl\u00edn v z\u00e1padnom svete. Su\u0161en\u00e9 korene angeliky sa v tradi\u010dnej \u010d\u00ednskej medic\u00edne pou\u017e\u00edvaj\u00fa najm\u00e4 na lie\u010dbu gynekologick\u00fdch probl\u00e9mov, stredne \u0165a\u017ekej an\u00e9mie, vysok\u00e9ho krvn\u00e9ho tlaku a \u00fanavy.<\/p>\n<p>\ud83d\udc9a P\u00f4sob\u00ed protiz\u00e1palovo<br \/>\n\ud83d\udc9a Zni\u017euje riziko srdcov\u00fdch chor\u00f4b<br \/>\n\ud83d\udc9a Zlep\u0161uje stav poko\u017eky<br \/>\n\ud83d\udc9a Zabra\u0148uje chronick\u00fdm z\u00e1palom tr\u00e1viaceho traktu<br \/>\n\ud83d\udc9a Zmier\u0148uje predmen\u0161trua\u010dn\u00e9 pr\u00edznaky<\/p>\n","protected":false},"featured_media":6535,"comment_status":"open","ping_status":"closed","template":"","meta":{"_acf_changed":false},"product_brand":[],"product_cat":[224,195,225],"product_tag":[],"class_list":{"0":"post-6534","1":"product","2":"type-product","3":"status-publish","4":"has-post-thumbnail","6":"product_cat-ponuka","7":"product_cat-superpotraviny","8":"product_cat-vsetky-produkty","10":"first","11":"instock","12":"taxable","13":"shipping-taxable","14":"purchasable","15":"product-type-simple"},"acf":[],"_links":{"self":[{"href":"https:\/\/fengchashop.com\/sk\/wp-json\/wp\/v2\/product\/6534","targetHints":{"allow":["GET"]}}],"collection":[{"href":"https:\/\/fengchashop.com\/sk\/wp-json\/wp\/v2\/product"}],"about":[{"href":"https:\/\/fengchashop.com\/sk\/wp-json\/wp\/v2\/types\/product"}],"replies":[{"embeddable":true,"href":"https:\/\/fengchashop.com\/sk\/wp-json\/wp\/v2\/comments?post=6534"}],"wp:featuredmedia":[{"embeddable":true,"href":"https:\/\/fengchashop.com\/sk\/wp-json\/wp\/v2\/media\/6535"}],"wp:attachment":[{"href":"https:\/\/fengchashop.com\/sk\/wp-json\/wp\/v2\/media?parent=6534"}],"wp:term":[{"taxonomy":"product_brand","embeddable":true,"href":"https:\/\/fengchashop.com\/sk\/wp-json\/wp\/v2\/product_brand?post=6534"},{"taxonomy":"product_cat","embeddable":true,"href":"https:\/\/fengchashop.com\/sk\/wp-json\/wp\/v2\/product_cat?post=6534"},{"taxonomy":"product_tag","embeddable":true,"href":"https:\/\/fengchashop.com\/sk\/wp-json\/wp\/v2\/product_tag?post=6534"}],"curies":[{"name":"wp","href":"https:\/\/api.w.org\/{rel}","templated":true}]}}