{"id":6532,"date":"2023-02-01T18:28:33","date_gmt":"2023-02-01T17:28:33","guid":{"rendered":"https:\/\/fengchashop.com\/sk\/product\/sipkovy-prasok-bio-250-g\/"},"modified":"2026-05-03T09:40:48","modified_gmt":"2026-05-03T07:40:48","slug":"sipkovy-prasok-bio","status":"publish","type":"product","link":"https:\/\/fengchashop.com\/sk\/product\/sipkovy-prasok-bio\/","title":{"rendered":"\u0160\u00edpkov\u00fd pr\u00e1\u0161ok BIO 250 g"},"content":{"rendered":"<h2><span style=\"color: #000000\">\u0160\u00edpkov\u00fd pr\u00e1\u0161ok BIO<\/span><\/h2>\n<p><span style=\"color: #000000\">U\u017e Sumeri vo svojich z\u00e1znamoch spom\u00ednali \u0161\u00edpku alebo takzvan\u00fa divok\u00fa ru\u017eu (vedeck\u00fd n\u00e1zov Rosa canina), u n\u00e1s je zn\u00e1ma aj pod n\u00e1zvom babji zob, psie ru\u017ee \u010di div\u00e1 ru\u017ea. Za\u010dali ho pou\u017e\u00edva\u0165 okolo roku 3000 pred Kristom. \u0160\u00edpka je bujne rast\u00faci ker, ktor\u00fd m\u00f4\u017ee dor\u00e1s\u0165 a\u017e do v\u00fd\u0161ky 3 metrov, s ru\u017eov\u00fdmi kvetmi v tvare hviezdy. Plody, ktor\u00e9 sa pou\u017e\u00edvaj\u00fa na lie\u010debn\u00e9 \u00fa\u010dely, s\u00fa \u010dervenej farby, s tvrd\u0161ou \u0161upkou a naz\u00fdvaj\u00fa sa \u0161\u00edpkov\u00e9 bobule.<\/span><\/p>\n<p><span style=\"color: #000000\">\u0160\u00edpkov\u00fd pr\u00e1\u0161ok sa z\u00edskava zo su\u0161en\u00fdch plodov (plodov \u0161\u00edpky), ktor\u00e9 sa zbieraj\u00fa v okt\u00f3bri a novembri. Najd\u00f4le\u017eitej\u0161ie zlo\u017eky \u0161\u00edpky s\u00fa zachovan\u00e9, tak\u017ee plody sa su\u0161ia pomaly a pri teplote maxim\u00e1lne 40\u02daC. Po dokon\u010den\u00ed procesu su\u0161enia sa su\u0161en\u00e9 \u0161\u00edpky pomel\u00fa na jemn\u00fd pr\u00e1\u0161ok.<\/span><\/p>\n<h2><span style=\"color: #000000\">K\u013e\u00fa\u010dov\u00e9 vlastnosti \u0161\u00edpok<\/span><\/h2>\n<p><span style=\"color: #000000\">\u0160\u00edpka je zn\u00e1ma u\u017e ve\u013emi dlho a tak isto aj jej vyu\u017eitie v pr\u00edrodnej medic\u00edne. \u0160\u00edpka m\u00e1 60-kr\u00e1t viac vitam\u00ednu C ako citrusov\u00e9 plody, ke\u010f\u017ee patr\u00ed medzi ovocie s najvy\u0161\u0161\u00edm obsahom vitam\u00ednu C (kyseliny askorbovej).<\/span><\/p>\n<p><span style=\"color: #000000\">Okrem vitam\u00ednu C obsahuj\u00fa \u0161\u00edpky aj ve\u013ea vl\u00e1kniny (balastn\u00fdch l\u00e1tok). Je obohaten\u00fd o bioflavonoidy, ktor\u00fdch \u00falohou je napom\u00e1ha\u0165 vstreb\u00e1vaniu kyseliny askorbovej. Bioflavonoidy pom\u00e1haj\u00fa pri starostlivosti o po\u0161koden\u00fa poko\u017eku.<\/span><\/p>\n<h2><span style=\"color: #000000\">\u00da\u010dinky \u0161\u00edpky<\/span><\/h2>\n<p><span style=\"color: #000000\"><strong>\u00da\u010dinky, ktor\u00e9 maj\u00fa pozit\u00edvny vplyv na na\u0161e zdravie a telo:<\/strong><\/span><\/p>\n<p><span style=\"color: #000000\">\ud83d\udc9a siln\u00fd antioxidant,<\/span><br \/>\n<span style=\"color: #000000\">\ud83d\udc9a posil\u0148uje imunitn\u00fd syst\u00e9m,<\/span><br \/>\n<span style=\"color: #000000\">\ud83d\udc9a zlep\u0161uje odolnos\u0165,<\/span><br \/>\n<span style=\"color: #000000\">\ud83d\udc9a pom\u00e1ha pri prechladnut\u00ed a chr\u00edpke,<\/span><br \/>\n<span style=\"color: #000000\">\ud83d\udc9a pom\u00e1ha posil\u0148ova\u0165 prirodzen\u00fa obranu tela pred oxida\u010dn\u00fdm po\u0161koden\u00edm,<\/span><br \/>\n<span style=\"color: #000000\">\ud83d\udc9a p\u00f4sob\u00ed ako mierne preh\u00e1\u0148adlo,<\/span><br \/>\n<span style=\"color: #000000\">\ud83d\udc9a zlep\u0161uje tr\u00e1venie,<\/span><br \/>\n<span style=\"color: #000000\">\ud83d\udc9a p\u00f4sob\u00ed protiz\u00e1palovo,<\/span><br \/>\n<span style=\"color: #000000\">\ud83d\udc9a priaznivo p\u00f4sob\u00ed pri bolestiach k\u013abov,<\/span><br \/>\n<span style=\"color: #000000\">\ud83d\udc9a pom\u00e1ha pri po\u0161kodenej poko\u017eke,<\/span><br \/>\n<span style=\"color: #000000\">\ud83d\udc9a \u010dist\u00ed a hydratuje poko\u017eku,<\/span><br \/>\n<span style=\"color: #000000\">\ud83d\udc9a zmier\u0148uje ko\u017en\u00e9 probl\u00e9my s akn\u00e9.<\/span><\/p>\n<h2><span style=\"color: #000000\">Balenie<\/span><\/h2>\n<p><span style=\"color: #000000\">Nepriepustn\u00e9 vrecko na zips, v ktorom si produkt zachov\u00e1 svoju \u010derstvos\u0165 a v\u00f4\u0148u. Obal chr\u00e1ni pred svetlom a vzduchom, preto\u017ee pozost\u00e1va z nieko\u013ek\u00fdch ochrann\u00fdch vrstiev, ktor\u00e9 zachov\u00e1vaj\u00fa vlastnosti obsahu.<\/span><\/p>\n<p><span style=\"color: #000000\">Obal je ve\u013emi praktick\u00fd a recyklovate\u013en\u00fd.<\/span><\/p>\n<h2><span style=\"color: #000000\">Skladovanie a upozornenia<\/span><\/h2>\n<p><span style=\"color: #000000\">Skladujte na chladnom a suchom mieste. V\u00fd\u017eivov\u00fd doplnok by sa mal skladova\u0165 mimo dosahu det\u00ed!<\/span><\/p>\n<p><span style=\"color: #000000\">Nezab\u00fadajte na pestr\u00fa stravu a zdrav\u00fd \u017eivotn\u00fd \u0161t\u00fdl \u2013 doplnok stravy nem\u00f4\u017ee nahradi\u0165 vyv\u00e1\u017een\u00fa a pestr\u00fa stravu. Neprekra\u010dujte odpor\u00fa\u010dan\u00fa denn\u00fa d\u00e1vku. Tehotn\u00fdm a doj\u010diacim \u017een\u00e1m sa v\u017edy odpor\u00fa\u010da konzultova\u0165 u\u017e\u00edvanie pr\u00edpravku s lek\u00e1rom.<\/span><\/p>\n<h2><span style=\"color: #000000\">P\u00f4vod<\/span><\/h2>\n<p><span style=\"color: #000000\">Bulharsko<\/span><\/p>\n","protected":false},"excerpt":{"rendered":"<p>\u0160\u00edpka je zn\u00e1ma u\u017e ve\u013emi dlho a tak isto aj jej vyu\u017eitie v pr\u00edrodnej medic\u00edne. \u0160\u00edpka m\u00e1 60-kr\u00e1t viac vitam\u00ednu C ako citrusov\u00e9 plody, ke\u010f\u017ee patr\u00ed medzi ovocie s najvy\u0161\u0161\u00edm obsahom vitam\u00ednu C (kyseliny askorbovej). Okrem vitam\u00ednu C obsahuj\u00fa \u0161\u00edpky aj ve\u013ea vl\u00e1kniny (balastn\u00fdch l\u00e1tok). Je obohaten\u00fd o bioflavonoidy, ktor\u00fdch \u00falohou je napom\u00e1ha\u0165 vstreb\u00e1vaniu kyseliny askorbovej. Bioflavonoidy pom\u00e1haj\u00fa pri starostlivosti o po\u0161koden\u00fa poko\u017eku.<\/p>\n<p>\ud83d\udc9a Priaznivo p\u00f4sob\u00ed pri bolestiach k\u013abov.<br \/>\n\ud83d\udc9a Pom\u00e1ha pri prechladnut\u00ed a chr\u00edpke.<br \/>\n\ud83d\udc9a Zmier\u0148uje probl\u00e9my akn\u00f3znej pleti.<br \/>\n\ud83d\udc9a Siln\u00fd antioxidant.<\/p>\n","protected":false},"featured_media":6533,"comment_status":"open","ping_status":"closed","template":"","meta":{"_acf_changed":false},"product_brand":[],"product_cat":[224,195,225],"product_tag":[],"class_list":{"0":"post-6532","1":"product","2":"type-product","3":"status-publish","4":"has-post-thumbnail","6":"product_cat-ponuka","7":"product_cat-superpotraviny","8":"product_cat-vsetky-produkty","10":"first","11":"instock","12":"taxable","13":"shipping-taxable","14":"purchasable","15":"product-type-simple"},"acf":[],"_links":{"self":[{"href":"https:\/\/fengchashop.com\/sk\/wp-json\/wp\/v2\/product\/6532","targetHints":{"allow":["GET"]}}],"collection":[{"href":"https:\/\/fengchashop.com\/sk\/wp-json\/wp\/v2\/product"}],"about":[{"href":"https:\/\/fengchashop.com\/sk\/wp-json\/wp\/v2\/types\/product"}],"replies":[{"embeddable":true,"href":"https:\/\/fengchashop.com\/sk\/wp-json\/wp\/v2\/comments?post=6532"}],"wp:featuredmedia":[{"embeddable":true,"href":"https:\/\/fengchashop.com\/sk\/wp-json\/wp\/v2\/media\/6533"}],"wp:attachment":[{"href":"https:\/\/fengchashop.com\/sk\/wp-json\/wp\/v2\/media?parent=6532"}],"wp:term":[{"taxonomy":"product_brand","embeddable":true,"href":"https:\/\/fengchashop.com\/sk\/wp-json\/wp\/v2\/product_brand?post=6532"},{"taxonomy":"product_cat","embeddable":true,"href":"https:\/\/fengchashop.com\/sk\/wp-json\/wp\/v2\/product_cat?post=6532"},{"taxonomy":"product_tag","embeddable":true,"href":"https:\/\/fengchashop.com\/sk\/wp-json\/wp\/v2\/product_tag?post=6532"}],"curies":[{"name":"wp","href":"https:\/\/api.w.org\/{rel}","templated":true}]}}