{"id":6528,"date":"2023-04-05T07:55:40","date_gmt":"2023-04-05T05:55:40","guid":{"rendered":"https:\/\/fengchashop.com\/sk\/product\/bisglycinat-horecnaty-v-kapsulach-120-kapsul\/"},"modified":"2026-04-18T20:31:20","modified_gmt":"2026-04-18T18:31:20","slug":"bisglycinat-horecnaty-v-kapsulach","status":"publish","type":"product","link":"https:\/\/fengchashop.com\/sk\/product\/bisglycinat-horecnaty-v-kapsulach\/","title":{"rendered":"Bisglycin\u00e1t hore\u010dnat\u00fd v kapsul\u00e1ch 120 kaps\u00fal"},"content":{"rendered":"<h2><span style=\"color: #000000\">Bisglycin\u00e1t hore\u010dnat\u00fd<\/span><\/h2>\n<p><span style=\"color: #000000\">Hor\u010d\u00edk je ve\u013emi d\u00f4le\u017eit\u00fd <strong>miner\u00e1l<\/strong>, ktor\u00fd je zodpovedn\u00fd za viac ako 300 metabolick\u00fdch reakci\u00ed v \u013eudskom tele. Odborn\u00edci ho \u010dasto ozna\u010duj\u00fa za \u201ekr\u00e1\u013ea miner\u00e1lov\u201c. Zohr\u00e1va ve\u013emi d\u00f4le\u017eit\u00fa \u00falohu pri spr\u00e1vnom fungovan\u00ed kost\u00ed, svalov aj nervov\u00e9ho syst\u00e9mu. \u010casto sa u\u017e\u00edva na <strong>prevenciu k\u0155\u010dov (v l\u00fdtkach), \u00fanavy, vy\u010derpania a na norm\u00e1lne ment\u00e1lne fungovanie<\/strong>. Modern\u00fd \u017eivotn\u00fd \u0161t\u00fdl \u2013 nedostatok sp\u00e1nku, stres, strava \u2013 n\u00e1s \u010dasto vedie k u\u017e\u00edvaniu hor\u010d\u00edkov\u00fdch doplnkov. Hoci ho je ve\u013ea v zelenej zelenine, ryb\u00e1ch, slne\u010dnicov\u00fdch a tekvicov\u00fdch semienkach, ovoc\u00ed a orechoch, jednoducho ho viac spotrebujeme, ako skonzumujeme. \u0160portovci a ve\u013emi akt\u00edvni \u013eudia, ako aj tehotn\u00e9 \u017eeny a star\u0161\u00ed \u013eudia maj\u00fa zv\u00fd\u0161en\u00fa potrebu hor\u010d\u00edka. V pr\u00edrode je hor\u010d\u00edk v\u017edy viazan\u00fd na in\u00fa zl\u00fa\u010deninu, ktor\u00e1 mu d\u00e1va \u0161pecifick\u00e9 vlastnosti, najm\u00e4 pokia\u013e ide o vstreb\u00e1vanie a \u010fal\u0161ie \u00fa\u010dinky. Preto je d\u00f4le\u017eit\u00e9 vybra\u0165 si ten spr\u00e1vny hor\u010d\u00edk pre va\u0161e potreby.<\/span><br \/>\n<span style=\"color: #000000\">Hor\u010d\u00edk vo forme bisglycin\u00e1tu hore\u010dnat\u00e9ho je jednou z<strong> najnov\u0161\u00edch a najlep\u0161\u00edch foriem<\/strong> hor\u010d\u00edka dostupn\u00fdch na trhu. Existuje viac ako tucet r\u00f4znych foriem hor\u010d\u00edka a niektor\u00e9 formy sa dokonca neodpor\u00fa\u010daj\u00fa (napr\u00edklad aspart\u00e1t hore\u010dnat\u00fd a glutaman hore\u010dnat\u00fd). Tak\u017ee len tak ak\u00fdko\u013evek hor\u010d\u00edk ur\u010dite nebude sp\u013a\u0148a\u0165 na\u0161e potreby. Vyberte si kvalitn\u00e9 a predov\u0161etk\u00fdm pre v\u00e1s vhodn\u00e9 formy hor\u010d\u00edka.<\/span><br \/>\n<span style=\"color: #000000\">Nedostatok hor\u010d\u00edka sa sp\u00e1ja s mnoh\u00fdmi ochoreniami vr\u00e1tane migr\u00e9n, chronickej \u00fanavy, vysok\u00e9ho krvn\u00e9ho tlaku, \u00fazkosti a in\u00fdch du\u0161evn\u00fdch por\u00fach. Hor\u010d\u00edk nepriamo opravuje po\u0161koden\u00e9 bunky, \u010do br\u00e1ni vzniku ochoren\u00ed spojen\u00fdch s <strong>po\u0161koden\u00edm buniek<\/strong> \u2013 vr\u00e1tane napr\u00edklad rakoviny. Nedostatok hor\u010d\u00edka z\u00e1rove\u0148 zni\u017euje \u00fa\u010dinok d\u00f4le\u017eit\u00e9ho vitam\u00ednu D.<\/span><br \/>\n<span style=\"color: #000000\">N\u00e1\u0161 bisglycin\u00e1t hore\u010dnat\u00fd je prvotriednej kvality.<\/span><\/p>\n<h2><span style=\"color: #000000\">Pre\u010do si vybra\u0165 bisglycin\u00e1t hore\u010dnat\u00fd?<\/span><\/h2>\n<p><span style=\"color: #000000\">Hor\u010d\u00edk<strong> vo forme bisglycin\u00e1tu hore\u010dnat\u00e9ho<\/strong> sa hlavne<strong> vstreb\u00e1va r\u00fdchlej\u0161ie, \u013eah\u0161ie a lep\u0161ie<\/strong> ako in\u00e9 formy hor\u010d\u00edka. Ide o jednu z nov\u0161\u00edch foriem hor\u010d\u00edka ako v\u00fd\u017eivov\u00e9ho doplnku, ktorej cie\u013eom je poskytn\u00fa\u0165 \u010do najlep\u0161\u00ed \u00fa\u017eitok bez ved\u013eaj\u0161ieho laxat\u00edvneho \u00fa\u010dinku. V s\u00fa\u010dasnosti je to jeden z najlep\u0161\u00edch doplnkov hor\u010d\u00edka. Je to v\u00fdhoda najm\u00e4 pre \u013eud\u00ed, ktor\u00fdch tr\u00e1venie je citliv\u00e9 na hor\u010d\u00edkov\u00e9 doplnky, ale ktor\u00fdch telo ho potrebuje.<\/span><br \/>\n<span style=\"color: #000000\">Bisglycin\u00e1t hore\u010dnat\u00fd<strong> najlep\u0161ie vyu\u017e\u00edva hor\u010d\u00edk<\/strong> v tele, preto\u017ee sa vstreb\u00e1va z 80 % alebo viac. Ke\u010f\u017ee nesp\u00f4sobuje hna\u010dku ani nem\u00e1 laxat\u00edvny \u00fa\u010dinok, t\u00e1to verzia hor\u010d\u00edka je najvhodnej\u0161ia na<strong> dlhodob\u00e9 u\u017e\u00edvanie<\/strong>. Laxat\u00edvny \u00fa\u010dinok nie je v\u017edy prospe\u0161n\u00fd, preto\u017ee m\u00f4\u017ee zhor\u0161i\u0165 vstreb\u00e1vanie in\u00fdch \u017eiv\u00edn a podr\u00e1\u017edi\u0165 citliv\u00e9 \u010drev\u00e1.<\/span><br \/>\n<span style=\"color: #000000\">V bisglycin\u00e1te hore\u010dnatom s\u00fa v skuto\u010dnosti dve glycin\u00e1tov\u00e9 aminokyseliny namiesto jednej, \u010do znamen\u00e1 v\u00e4\u010d\u0161iu ochranu pred \u017eal\u00fado\u010dnou kyselinou. Takto sa dost\u00e1va do \u010driev, kde sa naozaj vstreb\u00e1va do krvn\u00e9ho obehu v \u010do najorganickej\u0161ej forme.<\/span><\/p>\n<h2><span style=\"color: #000000\">Ak\u00fd vplyv m\u00e1 pr\u00edjem hor\u010d\u00edka na na\u0161e telo?<\/span><\/h2>\n<p><span style=\"color: #000000\">Konzum\u00e1cia hor\u010d\u00edka m\u00e1 pre n\u00e1s nasleduj\u00face v\u00fdhody, ktor\u00e9 s\u00fa uzn\u00e1van\u00e9 odborn\u00edkmi:<\/span><br \/>\n<span style=\"color: #000000\">\ud83d\udc9a pom\u00e1ha zni\u017eova\u0165 \u00fanavu a vy\u010derpanie,<\/span><br \/>\n<span style=\"color: #000000\">\ud83d\udc9a podporuje elektrolytov\u00fa rovnov\u00e1hu, ktor\u00e1 je potrebn\u00e1 najm\u00e4 pri fyzickej z\u00e1\u0165a\u017ei,<\/span><br \/>\n<span style=\"color: #000000\">\ud83d\udc9a prispieva k uvo\u013e\u0148ovaniu energie po\u010das metabolizmu,<\/span><br \/>\n<span style=\"color: #000000\">\ud83d\udc9a m\u00e1 priazniv\u00fd \u00fa\u010dinok na nervov\u00fd syst\u00e9m,<\/span><br \/>\n<span style=\"color: #000000\">\ud83d\udc9a prispieva k norm\u00e1lnej funkcii svalov a norm\u00e1lnej psychologickej funkcii,<\/span><br \/>\n<span style=\"color: #000000\">\ud83d\udc9a zohr\u00e1va \u00falohu pri synt\u00e9ze bielkov\u00edn,<\/span><br \/>\n<span style=\"color: #000000\">\ud83d\udc9a udr\u017eiava kosti a zuby zdrav\u00e9,<\/span><br \/>\n<span style=\"color: #000000\">\ud83d\udc9a zohr\u00e1va \u00falohu pri de\u013ebe buniek.<\/span><br \/>\n<span style=\"color: #000000\">Spokojn\u00ed pou\u017e\u00edvatelia hovoria aj o \u010fal\u0161\u00edch v\u00fdhod\u00e1ch u\u017e\u00edvania hor\u010d\u00edka ako v\u00fd\u017eivov\u00e9ho doplnku prvotriednej kvality v najlep\u0161ej forme.<\/span><\/p>\n<h2><span style=\"color: #000000\">Balenie<\/span><\/h2>\n<p><span style=\"color: #000000\">Nepriepustn\u00e9 vrecko so zipsom, v ktorom si produkt zachov\u00e1va svoju \u010derstvos\u0165 a v\u00f4\u0148u. Obal chr\u00e1ni pred svetlom a vzduchom, ke\u010f\u017ee sa sklad\u00e1 z nieko\u013ek\u00fdch ochrann\u00fdch vrstiev, ktor\u00e9 uchov\u00e1vaj\u00fa vlastnosti obsahu vn\u00fatri.Obal je ve\u013emi praktick\u00fd a recyklovate\u013en\u00fd.<\/span><\/p>\n<h2><span style=\"color: #000000\">Skladovanie a upozornenia<\/span><\/h2>\n<p><span style=\"color: #000000\">Skladujte na chladnom a suchom mieste pri teplote do 25 \u00b0C. V\u00fd\u017eivov\u00fd doplnok uchov\u00e1vajte mimo dosahu det\u00ed!<\/span><br \/>\n<span style=\"color: #000000\">Ak s\u00fa\u010dasne u\u017e\u00edvate antibiotik\u00e1, lieky na osteopor\u00f3zu \u010di lieky na vysok\u00fd krvn\u00fd tlak, pora\u010fte sa so svoj\u00edm lek\u00e1rom, preto\u017ee hor\u010d\u00edk m\u00f4\u017ee ovplyvni\u0165 ich \u00fa\u010dinok.<\/span><br \/>\n<span style=\"color: #000000\">Pam\u00e4tajte na d\u00f4le\u017eitos\u0165 pestrej stravy a zdrav\u00e9ho \u017eivotn\u00e9ho \u0161t\u00fdlu, v\u00fd\u017eivov\u00fd doplnok nie je n\u00e1hradou vyv\u00e1\u017eenej a pestrej stravy. Odpor\u00fa\u010dan\u00e9 denn\u00e9 mno\u017estvo alebo d\u00e1vka by sa nemali prekro\u010di\u0165. Tehotn\u00fdm a doj\u010diacim \u017een\u00e1m sa odpor\u00fa\u010da, aby sa v\u017edy pred pou\u017eit\u00edm poradili s lek\u00e1rom. Nevhodn\u00e9 pre deti.<\/span><\/p>\n","protected":false},"excerpt":{"rendered":"<p align=\"JUSTIFY\">Hor\u010d\u00edk je ve\u013emi d\u00f4le\u017eit\u00fd miner\u00e1l, ktor\u00fd je zodpovedn\u00fd za viac ako 300 metabolick\u00fdch reakci\u00ed v \u013eudskom tele. Odborn\u00edci ho \u010dasto ozna\u010duj\u00fa za \u201ekr\u00e1\u013ea miner\u00e1lov\u201c. Zohr\u00e1va ve\u013emi d\u00f4le\u017eit\u00fa \u00falohu pri spr\u00e1vnom fungovan\u00ed kost\u00ed, svalov aj nervov\u00e9ho syst\u00e9mu.<\/p>\n<p>\ud83d\udc9a Pom\u00e1ha zni\u017eova\u0165 \u00fanavu a vy\u010derpanie.<br \/>\n\ud83d\udc9a Prispieva k uvo\u013e\u0148ovaniu energie po\u010das metabolizmu.<br \/>\n\ud83d\udc9a M\u00e1 priazniv\u00fd \u00fa\u010dinok na nervov\u00fd syst\u00e9m.<br \/>\n\ud83d\udc9a Prispieva k norm\u00e1lnej funkcii svalov a norm\u00e1lnej psychologickej funkcii.<br \/>\n\ud83d\udc9a Udr\u017eiava kosti a zuby zdrav\u00e9.<\/p>\n","protected":false},"featured_media":6529,"comment_status":"open","ping_status":"closed","template":"","meta":{"_acf_changed":false},"product_brand":[],"product_cat":[15,242,203,224,195,225],"product_tag":[],"class_list":{"0":"post-6528","1":"product","2":"type-product","3":"status-publish","4":"has-post-thumbnail","6":"product_cat-uncategorized","7":"product_cat-dobre-ponuky","8":"product_cat-mineraly-vitaminy","9":"product_cat-ponuka","10":"product_cat-superpotraviny","11":"product_cat-vsetky-produkty","13":"first","14":"instock","15":"sale","16":"taxable","17":"shipping-taxable","18":"purchasable","19":"product-type-simple"},"acf":[],"_links":{"self":[{"href":"https:\/\/fengchashop.com\/sk\/wp-json\/wp\/v2\/product\/6528","targetHints":{"allow":["GET"]}}],"collection":[{"href":"https:\/\/fengchashop.com\/sk\/wp-json\/wp\/v2\/product"}],"about":[{"href":"https:\/\/fengchashop.com\/sk\/wp-json\/wp\/v2\/types\/product"}],"replies":[{"embeddable":true,"href":"https:\/\/fengchashop.com\/sk\/wp-json\/wp\/v2\/comments?post=6528"}],"wp:featuredmedia":[{"embeddable":true,"href":"https:\/\/fengchashop.com\/sk\/wp-json\/wp\/v2\/media\/6529"}],"wp:attachment":[{"href":"https:\/\/fengchashop.com\/sk\/wp-json\/wp\/v2\/media?parent=6528"}],"wp:term":[{"taxonomy":"product_brand","embeddable":true,"href":"https:\/\/fengchashop.com\/sk\/wp-json\/wp\/v2\/product_brand?post=6528"},{"taxonomy":"product_cat","embeddable":true,"href":"https:\/\/fengchashop.com\/sk\/wp-json\/wp\/v2\/product_cat?post=6528"},{"taxonomy":"product_tag","embeddable":true,"href":"https:\/\/fengchashop.com\/sk\/wp-json\/wp\/v2\/product_tag?post=6528"}],"curies":[{"name":"wp","href":"https:\/\/api.w.org\/{rel}","templated":true}]}}