{"id":6515,"date":"2022-02-06T22:10:00","date_gmt":"2022-02-06T21:10:00","guid":{"rendered":"https:\/\/fengchashop.com\/sk\/product\/poradna-bachovych-kvapiek\/"},"modified":"2026-01-21T17:37:15","modified_gmt":"2026-01-21T16:37:15","slug":"poradna-bachovych-kvapiek","status":"publish","type":"product","link":"https:\/\/fengchashop.com\/sk\/product\/poradna-bachovych-kvapiek\/","title":{"rendered":"Porad\u0148a Bachov\u00fdch kvapiek."},"content":{"rendered":"<h2><span style=\"color: #000000;\">Bachove kvapky &#8211; individu\u00e1lne poradenstvo<\/span><\/h2>\n<p><span style=\"color: #000000;\">Chcete ovl\u00e1da\u0165 svoje em\u00f3cie, n\u00e1js\u0165 harm\u00f3niu a vn\u00fatorn\u00fd pokoj? Ak ste aspo\u0148 raz odpovedali \u00e1no, terapia Bachov\u00fdmi kvetov\u00fdmi esenciami m\u00f4\u017ee by\u0165 t\u00fdm spr\u00e1vnym rie\u0161en\u00edm pre va\u0161e probl\u00e9my.<\/span><\/p>\n<p><span style=\"color: #000000;\">Po\u0161lite n\u00e1m stru\u010dn\u00fd popis probl\u00e9mov, ktor\u00e9 chcete vyrie\u0161i\u0165.<\/span><\/p>\n<p><span style=\"color: #000000;\">Dr. Edvard Bach, lek\u00e1r a homeopat, objavil v 30. rokoch 20. storo\u010dia 38 kvetov\u00fdch esenci\u00ed na jednotliv\u00e9 emocion\u00e1lne stavy. Bachove kvapky \u00fa\u010dinne p\u00f4sobia proti r\u00f4znym emo\u010dn\u00fdm tiesniam jedinca. Nemaj\u00fa \u017eiadne ved\u013eaj\u0161ie \u00fa\u010dinky a \u013eahko sa pou\u017e\u00edvaj\u00fa. Pom\u00e1haj\u00fa v r\u00f4znych kr\u00edzach a \u0165a\u017ek\u00fdch \u017eivotn\u00fdch situ\u00e1ci\u00e1ch.<\/span><\/p>\n<p><span style=\"color: #000000;\">S\u00fa vhodn\u00e9 pre v\u0161etk\u00fdch \u013eud\u00ed (tehotn\u00e9 \u017eeny, seniori, deti,&#8230;) a zvierat\u00e1. Nemaj\u00fa ved\u013eaj\u0161ie \u00fa\u010dinky, nemo\u017eno sa nimi pred\u00e1vkova\u0165 a nie s\u00fa n\u00e1vykov\u00e9.<\/span><\/p>\n<p><span style=\"color: #000000;\">Prv\u00e9 v\u00fdsledky m\u00f4\u017eete spozorova\u0165 u\u017e po nieko\u013ek\u00fdch d\u0148och \u010di t\u00fd\u017ed\u0148och, z\u00e1le\u017e\u00ed na ka\u017edom jednotlivcovi.<\/span><\/p>\n<p><span style=\"color: #000000;\">Neovplyv\u0148uje in\u00e9 lieky.<\/span><\/p>\n<p><span style=\"color: #000000;\">Pomocou Bachov\u00fdch kvapiek prevezmeme kontrolu nad svojimi em\u00f3ciami, n\u00e1jdeme harm\u00f3niu a vn\u00fatorn\u00fd pokoj. Zmesi Bachov\u00fdch kvapiek sa pripravuj\u00fa pod\u013ea met\u00f3dy Dr. Bacha a pou\u017e\u00edvame len origin\u00e1lne Bachove esencie.<\/span><\/p>\n<h2><span style=\"color: #000000;\">V\u00fdber kvapiek<\/span><\/h2>\n<p><span style=\"color: #000000;\">Certifikovan\u00fd Bach konzultant V\u00e1m priprav\u00ed \u0161peci\u00e1lnu zmes pod\u013ea zaslan\u00e9ho popisu. Po\u0161lite n\u00e1m e-mail (info@fengcha.si) alebo vypl\u0148te pole vy\u0161\u0161ie a vlo\u017ete tovar do ko\u0161\u00edka. Po zadan\u00ed objedn\u00e1vky v\u00e1m priprav\u00edme zmes na mieru.<\/span><br \/>\n<span style=\"color: #000000;\">Kvapky sa pripravuj\u00fa ru\u010dne a za chodu v de\u0148 odoslania.<\/span><\/p>\n<h2><span style=\"color: #000000;\">Mno\u017estvo<\/span><\/h2>\n<p><span style=\"color: #000000;\">30 ml (sta\u010d\u00ed na 30 dn\u00ed pravideln\u00e9ho pr\u00edjmu)<\/span><\/p>\n","protected":false},"excerpt":{"rendered":"<p>Bachove kvapky \u00fa\u010dinne p\u00f4sobia proti r\u00f4znym emo\u010dn\u00fdm tiesniam jedinca. Pom\u00e1haj\u00fa v r\u00f4znych kr\u00edzach a \u0165a\u017ek\u00fdch \u017eivotn\u00fdch situ\u00e1ci\u00e1ch. Pri nich sa upokoj\u00edme a zachov\u00e1me pokojn\u00fa hlavu. P\u00f4sobia na n\u00e1\u0161 emocion\u00e1lny stav a pom\u00e1haj\u00fa ho harmonizova\u0165.<\/p>\n<p>\ud83d\udc9a Kvapky s\u00fa balen\u00e9 ru\u010dne, na mieste v de\u0148 odoslania.<br \/>\n\ud83d\udc9a S\u00fa vhodn\u00e9 pre v\u0161etk\u00fdch \u013eud\u00ed (tehotn\u00e9 \u017eeny, seniori, deti,&#8230;) a zvierat\u00e1.<br \/>\n\ud83d\udc9a Nemaj\u00fa \u017eiadne ved\u013eaj\u0161ie \u00fa\u010dinky, nevyvol\u00e1vaj\u00fa z\u00e1vislos\u0165 a nemo\u017eno sa nimi pred\u00e1vkova\u0165.<br \/>\n\ud83d\udc9a Prv\u00e9 v\u00fdsledky si m\u00f4\u017eete v\u0161imn\u00fa\u0165 u\u017e po nieko\u013ek\u00fdch d\u0148och \u010di t\u00fd\u017ed\u0148och, z\u00e1le\u017e\u00ed na ka\u017edom jednotlivcovi.<br \/>\n\ud83d\udc9aNeovplyv\u0148uje in\u00e9 lieky.<\/p>\n","protected":false},"featured_media":6487,"comment_status":"open","ping_status":"closed","template":"","meta":{"_acf_changed":false},"product_brand":[],"product_cat":[15,241,224,225],"product_tag":[],"class_list":{"0":"post-6515","1":"product","2":"type-product","3":"status-publish","4":"has-post-thumbnail","6":"product_cat-uncategorized","7":"product_cat-bachove-kvapky","8":"product_cat-ponuka","9":"product_cat-vsetky-produkty","11":"first","12":"instock","13":"taxable","14":"shipping-taxable","15":"purchasable","16":"product-type-simple"},"acf":[],"_links":{"self":[{"href":"https:\/\/fengchashop.com\/sk\/wp-json\/wp\/v2\/product\/6515","targetHints":{"allow":["GET"]}}],"collection":[{"href":"https:\/\/fengchashop.com\/sk\/wp-json\/wp\/v2\/product"}],"about":[{"href":"https:\/\/fengchashop.com\/sk\/wp-json\/wp\/v2\/types\/product"}],"replies":[{"embeddable":true,"href":"https:\/\/fengchashop.com\/sk\/wp-json\/wp\/v2\/comments?post=6515"}],"wp:featuredmedia":[{"embeddable":true,"href":"https:\/\/fengchashop.com\/sk\/wp-json\/wp\/v2\/media\/6487"}],"wp:attachment":[{"href":"https:\/\/fengchashop.com\/sk\/wp-json\/wp\/v2\/media?parent=6515"}],"wp:term":[{"taxonomy":"product_brand","embeddable":true,"href":"https:\/\/fengchashop.com\/sk\/wp-json\/wp\/v2\/product_brand?post=6515"},{"taxonomy":"product_cat","embeddable":true,"href":"https:\/\/fengchashop.com\/sk\/wp-json\/wp\/v2\/product_cat?post=6515"},{"taxonomy":"product_tag","embeddable":true,"href":"https:\/\/fengchashop.com\/sk\/wp-json\/wp\/v2\/product_tag?post=6515"}],"curies":[{"name":"wp","href":"https:\/\/api.w.org\/{rel}","templated":true}]}}