{"id":6514,"date":"2022-02-06T22:07:00","date_gmt":"2022-02-06T21:07:00","guid":{"rendered":"https:\/\/fengchashop.com\/sk\/product\/bachove-kapljice-stres\/"},"modified":"2026-01-28T17:39:34","modified_gmt":"2026-01-28T16:39:34","slug":"bachove-kvapky-stres","status":"publish","type":"product","link":"https:\/\/fengchashop.com\/sk\/product\/bachove-kvapky-stres\/","title":{"rendered":"Bachove kvapky Stres"},"content":{"rendered":"<h2 style=\"text-align: justify;\"><span style=\"color: #000000;\">Bachove kvapky Stres<\/span><\/h2>\n<p style=\"text-align: justify;\"><span style=\"color: #000000;\">Stres je pliagou dne\u0161nej doby, len m\u00e1lokto sa mu pri dne\u0161nom \u017eivotnom tempe dok\u00e1\u017ee \u0161ikovne vyhn\u00fa\u0165. Vedome \u010di nevedome takto denne pre\u017e\u00edvame stres a n\u00e1sledky stresuj\u00faceho ka\u017edodenn\u00e9ho \u017eivota s\u00fa \u010dasto znepokojuj\u00face. Najprv si v\u0161imneme, \u017ee n\u00e1s ovplyv\u0148uje psychicky a psychicky, no \u010doskoro sa u n\u00e1s za\u010dn\u00fa prejavova\u0165 aj v\u00fdraznej\u0161ie fyzick\u00e9 zn\u00e1mky stresu, od \u00fanavy a \u017eal\u00fado\u010dn\u00fdch probl\u00e9mov a\u017e po such\u00fa a starn\u00facu poko\u017eku. Dotkol sa stres aj v\u00e1s? Potrebujete aj vy prirodzen\u00fa pomoc pri odb\u00faravan\u00ed stresu a z\u00e1rove\u0148 sa chcete c\u00edti\u0165 pokojne a zlep\u0161i\u0165 si \u017eivotn\u00fa energiu? Potom pre v\u00e1s m\u00e1me rie\u0161enie.<\/span><\/p>\n<p style=\"text-align: justify;\"><span style=\"color: #000000;\">Prv\u00e9 v\u00fdsledky m\u00f4\u017eete zaznamena\u0165 po nieko\u013ek\u00fdch d\u0148och alebo t\u00fd\u017ed\u0148och, z\u00e1le\u017e\u00ed na ka\u017edom jednotlivcovi. Pripraven\u00e1 zmes vydr\u017e\u00ed 30 dn\u00ed, sta\u010d\u00ed ju aplikova\u0165 priamo do \u00fast alebo nakvapka\u0165 do poh\u00e1ra vody..\u00a0\u00a0<\/span><\/p>\n<h2><span style=\"color: #000000;\">Ako funguj\u00fa Bachove kvapky<\/span><\/h2>\n<p><span style=\"color: #000000;\">Bachove kvapky \u00fa\u010dinne p\u00f4sobia proti r\u00f4znym emocion\u00e1lnym \u0165a\u017ekostiam \u010dloveka. \u00dazkos\u0165 vo v\u0161etk\u00fdch jej form\u00e1ch je ur\u010dite jedn\u00fdm z t\u00fdchto stavov. Bachove kvapky n\u00e1m pom\u00e1haj\u00fa v r\u00f4znych kr\u00edzach a \u0165a\u017ek\u00fdch \u017eivotn\u00fdch situ\u00e1ci\u00e1ch, sk\u00fa\u0161kach. Pom\u00e1haj\u00fa n\u00e1m upokoji\u0165 sa a zachova\u0165 si pokojn\u00fa hlavu, preto\u017ee p\u00f4sobia na n\u00e1\u0161 emocion\u00e1lny stav a pom\u00e1haj\u00fa ho harmonizova\u0165. Pomocou Bachov\u00fdch kvapiek ovl\u00e1dneme svoje em\u00f3cie a len tak vytvor\u00edme harm\u00f3niu a n\u00e1jdeme svoj vn\u00fatorn\u00fd pokoj.<\/span><\/p>\n<p><span style=\"color: #000000;\">Bachova terapia podporuje samolie\u010dbu a duchovn\u00e9 uvo\u013enenie. Pod\u013ea te\u00f3rie doktora Bacha spo\u010d\u00edva pr\u00ed\u010dina choroby v neharmonickom stave alebo v nedostatku harm\u00f3nie medzi telom a du\u0161ou. Pomocou kvetinov\u00fdch esenci\u00ed sa sna\u017e\u00edme lie\u010di\u0165 choroby vyu\u017e\u00edvan\u00edm pozit\u00edvnych vlastnost\u00ed kvetov, ktor\u00e9 n\u00e1m pom\u00e1haj\u00fa obnovi\u0165 vn\u00fatorn\u00fa rovnov\u00e1hu.<\/span><\/p>\n<p><span style=\"color: #000000;\">Bachove kvapky s\u00fa pripraven\u00e9 pod\u013ea met\u00f3dy Dr. Bacha, pri\u010dom sa pou\u017e\u00edvaj\u00fa len origin\u00e1lne Bachove esencie.<\/span><\/p>\n<p><span style=\"color: #000000;\">Bachove kvapky sa d\u00e1vkuj\u00fa z f\u013ea\u0161ti\u010dky s prilo\u017eenou pipetou, v\u010faka \u010domu je d\u00e1vkovanie ve\u013emi jednoduch\u00e9. U\u017e\u00edvajte 4 kvapky 4-kr\u00e1t denne, rozlo\u017een\u00e9 po\u010das d\u0148a. F\u013ea\u0161ti\u010dka, ktor\u00fa dostanete, vysta\u010d\u00ed na 1 mesiac lie\u010dby.<\/span><\/p>\n<p><span style=\"color: #000000;\">Ka\u017ed\u00e1 f\u013ea\u0161a vybranej zmesi sa pripravuje ru\u010dne a v re\u00e1lnom \u010dase. Aby zmes zostala dlh\u0161ie \u010derstv\u00e1, pou\u017eijeme trochu alkoholu (ko\u0148aku). Zmes m\u00e1 trvanlivos\u0165 1 mesiac od d\u00e1tumu n\u00e1kupu.<\/span><\/p>\n<p><span style=\"color: #000000;\">Ke\u010f\u017ee Bachove kvapky nemaj\u00fa \u017eiadne ved\u013eaj\u0161ie \u00fa\u010dinky, nemo\u017eno sa nimi pred\u00e1vkova\u0165 a nie s\u00fa n\u00e1vykov\u00e9. S\u00fa vhodn\u00e9 pre v\u0161etk\u00fdch &#8211; tehotn\u00e9 \u017eeny, doj\u010diace matky, star\u0161\u00edch \u013eud\u00ed, deti aj zvierat\u00e1.<\/span><\/p>\n<p><span style=\"color: #000000;\">Neinteraguj\u00fa s in\u00fdmi liekmi.<\/span><\/p>\n<h2><span style=\"color: #000000;\">Skladovanie<\/span><\/h2>\n<p><span style=\"color: #000000;\">Skladujte na suchom a tmavom mieste pri teplote do +25 \u00b0C.<\/span><\/p>\n<h2><span style=\"color: #000000;\">Mno\u017estvo<\/span><\/h2>\n<p><span style=\"color: #000000;\">30 ml (posta\u010duje na 30 dn\u00ed pravideln\u00e9ho pou\u017e\u00edvania)<\/span><\/p>\n","protected":false},"excerpt":{"rendered":"<p>Bachove kvapky s\u00fa \u00fa\u010dinn\u00e9 pri r\u00f4znych emocion\u00e1lnych \u0165a\u017ekostiach. Pom\u00e1haj\u00fa v r\u00f4znych kr\u00edzach a \u0165a\u017ek\u00fdch \u017eivotn\u00fdch situ\u00e1ci\u00e1ch. Pom\u00e1haj\u00fa sa upokoji\u0165 a zachova\u0165 si pokojn\u00fa hlavu. P\u00f4sobia na n\u00e1\u0161 emocion\u00e1lny stav a pom\u00e1haj\u00fa ho harmonizova\u0165.<\/p>\n<p>\ud83d\udc9a Kvapky sa balia ru\u010dne v de\u0148 exped\u00edcie.<br \/>\n\ud83d\udc9a S\u00fa vhodn\u00e9 pre v\u0161etk\u00fdch \u013eud\u00ed (tehotn\u00e9 \u017eeny, star\u0161\u00edch \u013eud\u00ed, deti&#8230;) a zvierat\u00e1.<br \/>\n\ud83d\udc9a Nemaj\u00fa \u017eiadne ved\u013eaj\u0161ie \u00fa\u010dinky, nie s\u00fa n\u00e1vykov\u00e9 a nemo\u017eno sa nimi pred\u00e1vkova\u0165.<br \/>\n\ud83d\udc9a Prv\u00e9 v\u00fdsledky si m\u00f4\u017eete v\u0161imn\u00fa\u0165 po nieko\u013ek\u00fdch d\u0148och alebo t\u00fd\u017ed\u0148och, to z\u00e1vis\u00ed od ka\u017ed\u00e9ho jednotlivca.<br \/>\n\ud83d\udc9a Neinteraguj\u00fa s in\u00fdmi liekmi.<\/p>\n","protected":false},"featured_media":6487,"comment_status":"open","ping_status":"closed","template":"","meta":{"_acf_changed":false},"product_brand":[],"product_cat":[15,241,224,225],"product_tag":[],"class_list":{"0":"post-6514","1":"product","2":"type-product","3":"status-publish","4":"has-post-thumbnail","6":"product_cat-uncategorized","7":"product_cat-bachove-kvapky","8":"product_cat-ponuka","9":"product_cat-vsetky-produkty","11":"first","12":"instock","13":"sale","14":"taxable","15":"shipping-taxable","16":"purchasable","17":"product-type-simple"},"acf":[],"_links":{"self":[{"href":"https:\/\/fengchashop.com\/sk\/wp-json\/wp\/v2\/product\/6514","targetHints":{"allow":["GET"]}}],"collection":[{"href":"https:\/\/fengchashop.com\/sk\/wp-json\/wp\/v2\/product"}],"about":[{"href":"https:\/\/fengchashop.com\/sk\/wp-json\/wp\/v2\/types\/product"}],"replies":[{"embeddable":true,"href":"https:\/\/fengchashop.com\/sk\/wp-json\/wp\/v2\/comments?post=6514"}],"wp:featuredmedia":[{"embeddable":true,"href":"https:\/\/fengchashop.com\/sk\/wp-json\/wp\/v2\/media\/6487"}],"wp:attachment":[{"href":"https:\/\/fengchashop.com\/sk\/wp-json\/wp\/v2\/media?parent=6514"}],"wp:term":[{"taxonomy":"product_brand","embeddable":true,"href":"https:\/\/fengchashop.com\/sk\/wp-json\/wp\/v2\/product_brand?post=6514"},{"taxonomy":"product_cat","embeddable":true,"href":"https:\/\/fengchashop.com\/sk\/wp-json\/wp\/v2\/product_cat?post=6514"},{"taxonomy":"product_tag","embeddable":true,"href":"https:\/\/fengchashop.com\/sk\/wp-json\/wp\/v2\/product_tag?post=6514"}],"curies":[{"name":"wp","href":"https:\/\/api.w.org\/{rel}","templated":true}]}}