{"id":6501,"date":"2022-02-06T21:25:00","date_gmt":"2022-02-06T20:25:00","guid":{"rendered":"https:\/\/fengchashop.com\/sk\/product\/bachove-kapljice-prva-pomoc-za-zivali\/"},"modified":"2026-01-28T17:39:46","modified_gmt":"2026-01-28T16:39:46","slug":"bachove-kvapky-prva-pomoc-pre-zvierata","status":"publish","type":"product","link":"https:\/\/fengchashop.com\/sk\/product\/bachove-kvapky-prva-pomoc-pre-zvierata\/","title":{"rendered":"Bachove kvapky Prv\u00e1 pomoc pre zvierat\u00e1"},"content":{"rendered":"<h2 style=\"text-align: justify;\"><span style=\"color: #000000;\">Bach kvapky prvej pomoci pre zvierat\u00e1<\/span><\/h2>\n<p><span style=\"color: #000000;\">Mnoho dom\u00e1cich mil\u00e1\u010dikov m\u00e1 z toho \u010di onoho d\u00f4vodu probl\u00e9my zvl\u00e1da\u0165 inak \u00faplne be\u017en\u00e9 situ\u00e1cie. \u010ci u\u017e je to n\u00e1v\u0161teva veterin\u00e1ra, \u00fazkos\u0165 z osamelosti, praskaj\u00face petardy alebo jednoduch\u00e9 um\u00fdvanie a \u00faprava. Probl\u00e9m m\u00f4\u017ee by\u0165 \u010dasom \u010doraz hlb\u0161\u00ed. Aby sa to pre zviera a majite\u013ea nestalo nekontrolovate\u013en\u00fdm a zdrvuj\u00facim, pr\u00edprava Bachov\u00fdch kvetov\u00fdch esenci\u00ed je tou pravou prvou pomocou v ka\u017edej takejto situ\u00e1cii. Pomocou Bachov\u00fdch kvapiek zni\u017eujete nap\u00e4tie, stres, \u00fazkos\u0165 a lep\u0161ie kontrolujete spr\u00e1vanie v\u00e1\u0161ho mil\u00e1\u010dika.<\/span><\/p>\n<p><span style=\"color: #000000;\">\u0160peci\u00e1lnu zmes kvetov\u00fdch esenci\u00ed priprav\u00ed Bach terapeut po konzult\u00e1cii s majite\u013eom alebo o\u0161etrovate\u013eom zviera\u0165a. \u010ci\u017ee \u010derstv\u00e1 zmes na prv\u00fa pomoc (z\u00e1chrann\u00fd prostriedok). Zmes vysta\u010d\u00ed na 1 mesiac a je bez konzervantov. Bachove kvapky treba zviera\u0165u v kr\u00edzov\u00fdch situ\u00e1ci\u00e1ch aplikova\u0165 do jazyka alebo nosa.<\/span><\/p>\n<h2 style=\"text-align: justify;\"><span style=\"color: #000000;\">Ako funguj\u00fa Bachove kvapky<\/span><\/h2>\n<p><span style=\"color: #000000;\">Bachove kvapky \u00fa\u010dinne p\u00f4sobia proti r\u00f4znym emo\u010dn\u00fdm stresom u zvierat. Pom\u00e1haj\u00fa aj v r\u00f4znych kr\u00edzach a \u0165a\u017ek\u00fdch \u017eivotn\u00fdch situ\u00e1ci\u00e1ch, ako je choroba a \u010delenie nov\u00e9mu prostrediu, nov\u00fdm majite\u013eom. S nimi sa zviera upokoj\u00ed. Kvapky ovplyv\u0148uj\u00fa emocion\u00e1lny stav zviera\u0165a a pom\u00e1haj\u00fa ho harmonizova\u0165.<\/span><\/p>\n<p><span style=\"color: #000000;\">Prv\u00e1 pomoc pre zvierat\u00e1 je \u00fa\u010dinn\u00e1, ak zviera:<\/span><\/p>\n<p><span style=\"color: #000000;\">\ud83d\udc9a v panike alebo \u00fazkosti,<\/span><br \/>\n<span style=\"color: #000000;\">\ud83d\udc9a zrazu znepokojen\u00fd,<\/span><br \/>\n<span style=\"color: #000000;\">\ud83d\udc9a \u010deli\u0165 stresovej situ\u00e1cii (hluk, b\u00farka, praskanie, oh\u0148ostroj&#8230;) alebo,<\/span><br \/>\n<span style=\"color: #000000;\">\ud83d\udc9a mal traumatick\u00fd z\u00e1\u017eitok (s\u0165ahovanie, \u00fatok, n\u00e1v\u0161teva veterin\u00e1ra&#8230;).<\/span><\/p>\n<p><span style=\"color: #000000;\">Zmesi Bachov\u00fdch kvapiek sa pripravuj\u00fa pod\u013ea met\u00f3dy Dr. Bacha a pou\u017e\u00edvame len origin\u00e1lne Bachove esencie. Bachove kvapky sa odoberaj\u00fa z f\u013ea\u0161ti\u010dky pomocou pripojenej pipety, v\u010faka \u010domu je d\u00e1vkovanie mimoriadne jednoduch\u00e9. S\u00fa vhodn\u00e9 pre v\u0161etky zvierat\u00e1 (psy, ma\u010dky, kone, vt\u00e1ky, \u0161kre\u010dky&#8230;). Nemaj\u00fa \u017eiadne ved\u013eaj\u0161ie \u00fa\u010dinky a nemo\u017eno sa nimi pred\u00e1vkova\u0165.<\/span><\/p>\n<p><span style=\"color: #000000;\">Ka\u017ed\u00e1 f\u013ea\u0161a vybranej zmesi sa pripravuje ru\u010dne a za pochodu.<\/span><\/p>\n<h2><span style=\"color: #000000;\">Skladovanie<\/span><\/h2>\n<p><span style=\"color: #000000;\">Skladujte na suchom a tmavom mieste pri teplote do +25 \u00b0C.<\/span><\/p>\n<h2><span style=\"color: #000000;\">Mno\u017estvo<\/span><\/h2>\n<p><span style=\"color: #000000;\">30 ml (posta\u010duje na 30 dn\u00ed pravideln\u00e9ho pou\u017e\u00edvania)<\/span><\/p>\n","protected":false},"excerpt":{"rendered":"<p>Bachove kvapky s\u00fa \u00fa\u010dinn\u00e9 pri r\u00f4znych emocion\u00e1lnych \u0165a\u017ekostiach. Pom\u00e1haj\u00fa v r\u00f4znych kr\u00edzach a \u0165a\u017ek\u00fdch \u017eivotn\u00fdch situ\u00e1ci\u00e1ch. Pom\u00e1haj\u00fa sa upokoji\u0165 a zachova\u0165 si pokojn\u00fa hlavu. P\u00f4sobia na n\u00e1\u0161 emocion\u00e1lny stav a pom\u00e1haj\u00fa ho harmonizova\u0165.<\/p>\n<p>\ud83d\udc9a Kvapky sa balia ru\u010dne v de\u0148 exped\u00edcie.<br \/>\n\ud83d\udc9a S\u00fa vhodn\u00e9 pre v\u0161etk\u00fdch \u013eud\u00ed (tehotn\u00e9 \u017eeny, star\u0161\u00edch \u013eud\u00ed, deti&#8230;) a zvierat\u00e1.<br \/>\n\ud83d\udc9a Nemaj\u00fa \u017eiadne ved\u013eaj\u0161ie \u00fa\u010dinky, nie s\u00fa n\u00e1vykov\u00e9 a nemo\u017eno sa nimi pred\u00e1vkova\u0165.<br \/>\n\ud83d\udc9a Prv\u00e9 v\u00fdsledky si m\u00f4\u017eete v\u0161imn\u00fa\u0165 po nieko\u013ek\u00fdch d\u0148och alebo t\u00fd\u017ed\u0148och, to z\u00e1vis\u00ed od ka\u017ed\u00e9ho jednotlivca.<br \/>\n\ud83d\udc9a Neinteraguj\u00fa s in\u00fdmi liekmi.<\/p>\n","protected":false},"featured_media":6487,"comment_status":"open","ping_status":"closed","template":"","meta":{"_acf_changed":false},"product_brand":[],"product_cat":[15,241,224,225],"product_tag":[],"class_list":{"0":"post-6501","1":"product","2":"type-product","3":"status-publish","4":"has-post-thumbnail","6":"product_cat-uncategorized","7":"product_cat-bachove-kvapky","8":"product_cat-ponuka","9":"product_cat-vsetky-produkty","11":"first","12":"instock","13":"sale","14":"taxable","15":"shipping-taxable","16":"purchasable","17":"product-type-simple"},"acf":[],"_links":{"self":[{"href":"https:\/\/fengchashop.com\/sk\/wp-json\/wp\/v2\/product\/6501","targetHints":{"allow":["GET"]}}],"collection":[{"href":"https:\/\/fengchashop.com\/sk\/wp-json\/wp\/v2\/product"}],"about":[{"href":"https:\/\/fengchashop.com\/sk\/wp-json\/wp\/v2\/types\/product"}],"replies":[{"embeddable":true,"href":"https:\/\/fengchashop.com\/sk\/wp-json\/wp\/v2\/comments?post=6501"}],"wp:featuredmedia":[{"embeddable":true,"href":"https:\/\/fengchashop.com\/sk\/wp-json\/wp\/v2\/media\/6487"}],"wp:attachment":[{"href":"https:\/\/fengchashop.com\/sk\/wp-json\/wp\/v2\/media?parent=6501"}],"wp:term":[{"taxonomy":"product_brand","embeddable":true,"href":"https:\/\/fengchashop.com\/sk\/wp-json\/wp\/v2\/product_brand?post=6501"},{"taxonomy":"product_cat","embeddable":true,"href":"https:\/\/fengchashop.com\/sk\/wp-json\/wp\/v2\/product_cat?post=6501"},{"taxonomy":"product_tag","embeddable":true,"href":"https:\/\/fengchashop.com\/sk\/wp-json\/wp\/v2\/product_tag?post=6501"}],"curies":[{"name":"wp","href":"https:\/\/api.w.org\/{rel}","templated":true}]}}