{"id":6486,"date":"2022-02-06T20:15:00","date_gmt":"2022-02-06T19:15:00","guid":{"rendered":"https:\/\/fengchashop.com\/sk\/product\/bachove-kapljice\/"},"modified":"2026-01-21T17:37:40","modified_gmt":"2026-01-21T16:37:40","slug":"bachove-kvapky","status":"publish","type":"product","link":"https:\/\/fengchashop.com\/sk\/product\/bachove-kvapky\/","title":{"rendered":"Bachove kvapky"},"content":{"rendered":"<h2><span style=\"color: #000000;\">Bachove kvapky &#8211; urob si to s\u00e1m<\/span><\/h2>\n<p><span style=\"color: #000000;\">Chcete ovl\u00e1da\u0165 svoje em\u00f3cie, n\u00e1js\u0165 harm\u00f3niu a vn\u00fatorn\u00fd pokoj?<\/span><\/p>\n<p><span style=\"color: #000000;\">DR. Edvard Bach objavuje 38 kvetov\u00fdch esenci\u00ed pre jednotliv\u00e9 emocion\u00e1lne stavy. Bachove kvapky \u00fa\u010dinne p\u00f4sobia proti r\u00f4znym emo\u010dn\u00fdm tiesniam jedinca. Kvapky nemaj\u00fa \u017eiadne ved\u013eaj\u0161ie \u00fa\u010dinky a \u013eahko sa pou\u017e\u00edvaj\u00fa. Pom\u00e1haj\u00fa v r\u00f4znych kr\u00edzach a \u0165a\u017ek\u00fdch \u017eivotn\u00fdch situ\u00e1ci\u00e1ch. Pri nich sa upokoj\u00edme a zachov\u00e1me pokojn\u00fa hlavu. P\u00f4sobia na n\u00e1\u0161 emocion\u00e1lny stav a pom\u00e1haj\u00fa ho harmonizova\u0165.<\/span><\/p>\n<p><span style=\"color: #000000;\">&#8211; S\u00fa vhodn\u00e9 pre v\u0161etk\u00fdch \u013eud\u00ed (tehotn\u00e9 \u017eeny, seniori, deti,&#8230;) a zvierat\u00e1.<\/span><\/p>\n<p><span style=\"color: #000000;\">&#8211; Nemaj\u00fa ved\u013eaj\u0161ie \u00fa\u010dinky, nie s\u00fa n\u00e1vykov\u00e9 a nemo\u017eno sa nimi pred\u00e1vkova\u0165.<\/span><\/p>\n<p><span style=\"color: #000000;\">&#8211; Prv\u00e9 v\u00fdsledky m\u00f4\u017eete spozorova\u0165 u\u017e po nieko\u013ek\u00fdch d\u0148och \u010di t\u00fd\u017ed\u0148och, z\u00e1le\u017e\u00ed na ka\u017edom jednotlivcovi.<\/span><\/p>\n<p><span style=\"color: #000000;\">&#8211; Neovplyv\u0148uje in\u00e9 lieky.<\/span><\/p>\n<p><span style=\"color: #000000;\">&#8211; Kvapky s\u00fa balen\u00e9 ru\u010dne, na mieste v de\u0148 odoslania.<\/span><\/p>\n<p><span style=\"color: #000000;\">Pomocou Bachov\u00fdch kvapiek prevezmeme kontrolu nad svojimi em\u00f3ciami, n\u00e1jdeme harm\u00f3niu a vn\u00fatorn\u00fd pokoj. Zmesi Bachov\u00fdch kvapiek sa pripravuj\u00fa pod\u013ea met\u00f3dy Dr. Bacha a s origin\u00e1lnymi Bachov\u00fdmi esenciami.<\/span><\/p>\n<p>Ak neviete, ktor\u00e9 esencie s\u00fa pre v\u00e1s tie prav\u00e9, vyberte si slu\u017ebu <a href=\"https:\/\/sk.fengchashop.com\/product\/poradna-bachovych-kvapiek\/\">Bachovej konzult\u00e1cie<\/a>.<\/p>\n<h2><span style=\"color: #000000;\">Ako funguj\u00fa Bachove kvapky<\/span><\/h2>\n<p><span style=\"color: #000000;\">Bachove kvapky \u00fa\u010dinne p\u00f4sobia proti r\u00f4znym emocion\u00e1lnym \u0165a\u017ekostiam \u010dloveka. \u00dazkos\u0165 vo v\u0161etk\u00fdch jej form\u00e1ch je ur\u010dite jedn\u00fdm z t\u00fdchto stavov. Bachove kvapky n\u00e1m pom\u00e1haj\u00fa v r\u00f4znych kr\u00edzach a \u0165a\u017ek\u00fdch \u017eivotn\u00fdch situ\u00e1ci\u00e1ch, sk\u00fa\u0161kach. Pom\u00e1haj\u00fa n\u00e1m upokoji\u0165 sa a zachova\u0165 si pokojn\u00fa hlavu, preto\u017ee p\u00f4sobia na n\u00e1\u0161 emocion\u00e1lny stav a pom\u00e1haj\u00fa ho harmonizova\u0165. Pomocou Bachov\u00fdch kvapiek ovl\u00e1dneme svoje em\u00f3cie a len tak vytvor\u00edme harm\u00f3niu a n\u00e1jdeme svoj vn\u00fatorn\u00fd pokoj.<\/span><\/p>\n<p><span style=\"color: #000000;\">Bachova terapia podporuje samolie\u010dbu a duchovn\u00e9 uvo\u013enenie. Pod\u013ea te\u00f3rie doktora Bacha spo\u010d\u00edva pr\u00ed\u010dina choroby v neharmonickom stave alebo v nedostatku harm\u00f3nie medzi telom a du\u0161ou. Pomocou kvetinov\u00fdch esenci\u00ed sa sna\u017e\u00edme lie\u010di\u0165 choroby vyu\u017e\u00edvan\u00edm pozit\u00edvnych vlastnost\u00ed kvetov, ktor\u00e9 n\u00e1m pom\u00e1haj\u00fa obnovi\u0165 vn\u00fatorn\u00fa rovnov\u00e1hu.<\/span><\/p>\n<p><span style=\"color: #000000;\">Bachove kvapky s\u00fa pripraven\u00e9 pod\u013ea met\u00f3dy Dr. Bacha, pri\u010dom sa pou\u017e\u00edvaj\u00fa len origin\u00e1lne Bachove esencie.<\/span><\/p>\n<p><span style=\"color: #000000;\">Bachove kvapky sa d\u00e1vkuj\u00fa z f\u013ea\u0161ti\u010dky s prilo\u017eenou pipetou, v\u010faka \u010domu je d\u00e1vkovanie ve\u013emi jednoduch\u00e9. U\u017e\u00edvajte 4 kvapky 4-kr\u00e1t denne, rozlo\u017een\u00e9 po\u010das d\u0148a. F\u013ea\u0161ti\u010dka, ktor\u00fa dostanete, vysta\u010d\u00ed na 1 mesiac lie\u010dby.<\/span><\/p>\n<p><span style=\"color: #000000;\">Ka\u017ed\u00e1 f\u013ea\u0161a vybranej zmesi sa pripravuje ru\u010dne a v re\u00e1lnom \u010dase. Aby zmes zostala dlh\u0161ie \u010derstv\u00e1, pou\u017eijeme trochu alkoholu (ko\u0148aku). Zmes m\u00e1 trvanlivos\u0165 1 mesiac od d\u00e1tumu n\u00e1kupu.<\/span><\/p>\n<p><span style=\"color: #000000;\">Ke\u010f\u017ee Bachove kvapky nemaj\u00fa \u017eiadne ved\u013eaj\u0161ie \u00fa\u010dinky, nemo\u017eno sa nimi pred\u00e1vkova\u0165 a nie s\u00fa n\u00e1vykov\u00e9. S\u00fa vhodn\u00e9 pre v\u0161etk\u00fdch &#8211; tehotn\u00e9 \u017eeny, doj\u010diace matky, star\u0161\u00edch \u013eud\u00ed, deti aj zvierat\u00e1.<\/span><\/p>\n<p><span style=\"color: #000000;\">Neinteraguj\u00fa s in\u00fdmi liekmi.<\/span><\/p>\n<h2><strong data-start=\"1911\" data-end=\"1961\">Vami vybran\u00e1 zmes Bachov\u00fdch kvapiek<\/strong><\/h2>\n<p>M\u00f4\u017eete si vybra\u0165 vlastn\u00fa zmes Bachov\u00fdch kvapiek pod\u013ea aktu\u00e1lneho emocion\u00e1lneho stavu. Vyberte maxim\u00e1lne <strong data-start=\"2070\" data-end=\"2091\">7 r\u00f4znych esenci\u00ed<\/strong> zo zoznamu ni\u017e\u0161ie. Pros\u00edm, uve\u010fte ich do <strong data-start=\"2135\" data-end=\"2169\">po\u013ea pre pozn\u00e1mky k objedn\u00e1vke<\/strong> pri dokon\u010den\u00ed n\u00e1kupu. Po obdr\u017ean\u00ed objedn\u00e1vky priprav\u00edme va\u0161u personalizovan\u00fa zmes.<\/p>\n<h2><span style=\"color: #000000;\">Skladovanie<\/span><\/h2>\n<p><span style=\"color: #000000;\">Skladujte na suchom a tmavom mieste pri teplote do +25 \u00b0C.<\/span><\/p>\n<h2><span style=\"color: #000000;\">Mno\u017estvo<\/span><\/h2>\n<p><span style=\"color: #000000;\">30 ml (posta\u010duje na 30 dn\u00ed pravideln\u00e9ho pou\u017e\u00edvania)<\/span><\/p>\n<h2><span style=\"color: #000000;\">V\u00fdber kvapiek<\/span><\/h2>\n<p><span style=\"color: #000000;\">Zmes Bachov\u00fdch kvapiek si m\u00f4\u017eete sami zvoli\u0165 pod\u013ea aktu\u00e1lneho emo\u010dn\u00e9ho rozpolo\u017eenia. Vyberte si a\u017e 7 r\u00f4znych esenci\u00ed z ni\u017e\u0161ie uveden\u00e9ho zoznamu.<\/span><\/p>\n<h2><span style=\"color: #000000;\">Zoznam Bachov\u00fdch kvetov\u00fdch esenci\u00ed<\/span><\/h2>\n<p><span style=\"color: #000000;\"><strong>AGRIMONY:<\/strong> nap\u00e4tie a nepokoj v tele, hra \u00fasmev, maska, neprejavova\u0165 em\u00f3cie, z\u00e1vislos\u0165<\/span><\/p>\n<p><span style=\"color: #000000;\"><strong>ASPEN:<\/strong> na nezn\u00e1me obavy, zl\u00e9 predtuchy, no\u010dn\u00e9 mory, bojazliv\u00e9 osoby, \u00fazkos\u0165 a \u00fazkos\u0165<\/span><\/p>\n<p><span style=\"color: #000000;\"><strong>BEECH:<\/strong> nadmern\u00e1 kritika, netolerancia, arogancia, predsudky<\/span><\/p>\n<p><span style=\"color: #000000;\"><strong>CENTAURY:<\/strong> pr\u00edli\u0161 \u00fastretov\u00fd, neschopn\u00fd poveda\u0165 nie, neschopn\u00fd stanovi\u0165 hranice a neschopn\u00fd postavi\u0165 sa za seba<\/span><\/p>\n<p><span style=\"color: #000000;\"><strong>CERATO:<\/strong> nerozhodnos\u0165, kv\u00f4li nedostatku d\u00f4very vo vlastn\u00fd n\u00e1zor, neust\u00e1le \u017eiada druh\u00fdch o radu<br \/>\n<\/span><\/p>\n<p><span style=\"color: #000000;\"><strong>CHERRY PLUM:<\/strong> strach zo straty kontroly a urobenia nie\u010doho sebe alebo in\u00fdm, vn\u00fatorn\u00e9 nap\u00e4tie, v\u00fdbuchy hnevu a zlosti<\/span><\/p>\n<p><span style=\"color: #000000;\"><strong>CHESTNUT BUD:<\/strong> opakovanie t\u00fdch ist\u00fdch ch\u00fdb a n\u00e1vykov st\u00e1le dookola, nespokojnos\u0165<\/span><\/p>\n<p><span style=\"color: #000000;\"><strong>CHICORY:<\/strong> manipul\u00e1cia, vydieranie, majetn\u00edctvo, intenz\u00edvna \u017eiarlivos\u0165<br \/>\n<\/span><\/p>\n<p><span style=\"color: #000000;\"><strong>CLEMATIS:<\/strong> 0spalos\u0165, zm\u00e4tenos\u0165, nepozornos\u0165, roztr\u017eit\u00e9 myslenie, \u0165a\u017ekosti so s\u00fastreden\u00edm<\/span><\/p>\n<p><span style=\"color: #000000;\"><strong>CRAB APPLE:<\/strong> hanba, pocit \u0161pinavosti, perfekcionizmus, nutkav\u00e1 potreba \u010distoty<\/span><\/p>\n<p><span style=\"color: #000000;\"><strong>ELM:<\/strong> chv\u00ed\u013ekov\u00fd pokles energie pri vy\u010derpan\u00ed, pri pr\u00e1ci pre in\u00fdch \u013eud\u00ed, strese, pre\u0165a\u017een\u00ed<\/span><\/p>\n<p><span style=\"color: #000000;\"><strong>GENTIAN:<\/strong> pesimizmus, sm\u00fatok zn\u00e1meho p\u00f4vodu, mierna depresia<\/span><\/p>\n<p><span style=\"color: #000000;\"><strong>GORSE:<\/strong> z\u00fafalstvo, ni\u010d u\u017e ned\u00e1va zmysel<\/span><\/p>\n<p><span style=\"color: #000000;\"><strong>HEATHER:<\/strong> st\u00e1le hovor\u00ed o sebe a svojich probl\u00e9moch, monol\u00f3gy, seba\u013e\u00fatos\u0165, chce by\u0165 stredobodom pozornosti<\/span><\/p>\n<p><span style=\"color: #000000;\"><strong>HOLLY:<\/strong> \u017eiarlivos\u0165, akt\u00edvny hnev, vonkaj\u0161\u00ed hnev, ned\u00f4vera, nen\u00e1vis\u0165<\/span><\/p>\n<p><span style=\"color: #000000;\"><strong>HONEYSUCKLE:<\/strong> \u017eijete v minulosti, sm\u00fatku, nostalgii, melanch\u00f3lii<\/span><\/p>\n<p><span style=\"color: #000000;\"><strong>HORNBEAM:<\/strong> pri psychickej a psychickej vy\u010derpanosti, psychickej \u00fanave, nedostatku energie, rannej \u00fanave, nude a rutine<\/span><\/p>\n<p><span style=\"color: #000000;\"><strong>IMPATIENS: <\/strong>netrpezlivos\u0165, impulz\u00edvnos\u0165, netrpezlivos\u0165, nap\u00e4tie, podr\u00e1\u017edenos\u0165, intolerancia<\/span><\/p>\n<p><span style=\"color: #000000;\"><strong>LARCH:<\/strong> nedostatok sebavedomia, pocity menejcennosti, vzd\u00e1vanie sa pod tlakom, nervozita pred sk\u00fa\u0161kami a vyst\u00fapeniami<\/span><\/p>\n<p><span style=\"color: #000000;\"><strong>MIMULUS:<\/strong> na zn\u00e1me obavy, obavy, plachos\u0165, precitlivenos\u0165<\/span><\/p>\n<p><span style=\"color: #000000;\"><strong>MUSTARD:<\/strong> depresia z nezn\u00e1mej pr\u00ed\u010diny, obdobia opakuj\u00faceho sa sm\u00fatku bez pr\u00ed\u010diny<\/span><\/p>\n<p><span style=\"color: #000000;\"><strong>OAK: <\/strong>nikdy sa nezastav\u00ed\u0161, nevie\u0161 odpo\u010d\u00edva\u0165, vyhorenie, kladie\u0161 na seba bremen\u00e1 in\u00fdch, obetuje\u0161 sa<\/span><\/p>\n<p><span style=\"color: #000000;\"><strong>OLIVE:<\/strong> psychick\u00e9 a fyzick\u00e9 vy\u010derpanie, \u00fanava, pre\u0165a\u017eenie, slabos\u0165<\/span><\/p>\n<p><span style=\"color: #000000;\"><strong>PINE:<\/strong> pocit viny, v\u017edy sa pr\u00edli\u0161 \u010dasto ospravedl\u0148ujem a \u010fakujem, nadmern\u00e1 sebakritika<br \/>\n<\/span><\/p>\n<p><span style=\"color: #000000;\"><strong>RED CHESTNUT:<\/strong> staros\u0165 o bl\u00edzkych, nadmern\u00e9 sp\u00e1janie sa s bl\u00edzkymi \u013eu\u010fmi<\/span><\/p>\n<p><span style=\"color: #000000;\"><strong>ROCK ROSE:<\/strong> panika, hr\u00f4za, extr\u00e9mny strach<\/span><\/p>\n<p><span style=\"color: #000000;\"><strong>ROCK WATER:<\/strong> nap\u00e4tie, strnulos\u0165, perfekcionizmus<\/span><\/p>\n<p><span style=\"color: #000000;\"><strong>SCLERANTHUS:<\/strong> nerozhodnos\u0165, nest\u00e1los\u0165, du\u0161evn\u00e9 rozpoltenos\u0165 medzi dvoma mo\u017enos\u0165ami, neust\u00e1la zmena n\u00e1zorov a n\u00e1lad<\/span><\/p>\n<p><span style=\"color: #000000;\"><strong>STAR OF BETHLEHEM:<\/strong> na fyzick\u00e9 a du\u0161evn\u00e9 otrasy, \u0161oky, minul\u00e9 a s\u00fa\u010dasn\u00e9 traumy, pom\u00f4\u017ee v\u00e1m pozbiera\u0165 sa po v\u0161etk\u00fdch \u017eivotn\u00fdch sk\u00fa\u0161kach<\/span><\/p>\n<p><span style=\"color: #000000;\"><strong>SWEET CHESTNUT:<\/strong> \u0165a\u017ek\u00e1 \u017eivotn\u00e1 sk\u00fa\u0161ka, ktorou nem\u00f4\u017eeme prejs\u0165, sm\u00fatok<\/span><\/p>\n<p><span style=\"color: #000000;\"><strong>VERVAIN: <\/strong>nadmern\u00e9 nad\u0161enie, fanatizmus, presvied\u010da ostatn\u00fdch, \u017ee jeho n\u00e1pady s\u00fa najlep\u0161ie<\/span><\/p>\n<p><span style=\"color: #000000;\"><strong>VINE:<\/strong> vodca, pr\u00edkaz, tyrania, autorita, pr\u00edsnos\u0165<\/span><\/p>\n<p><span style=\"color: #000000;\"><strong>WALNUT:<\/strong> pre nov\u00e9 kroky v \u017eivote (rozvod, s\u0165ahovanie, odchod do d\u00f4chodku, puberta, kr\u00edza stredn\u00e9ho veku, menopauza&#8230;), pre lep\u0161\u00ed sp\u00e1nok, pom\u00e1ha n\u00e1js\u0165 svoj biorytmus<br \/>\n<\/span><\/p>\n<p><span style=\"color: #000000;\"><strong>WATER VIOLET:<\/strong> pre vzne\u0161en\u00fdch \u013eud\u00ed, ktor\u00ed s\u00fa radi sami<\/span><\/p>\n<p><span style=\"color: #000000;\"><strong>WHITE CHESTNUT:<\/strong> my\u0161lienky, ktor\u00e9 sa n\u00e1m neust\u00e1le preh\u00e1\u0148aj\u00fa hlavou, probl\u00e9my s koncentr\u00e1ciou a nespavos\u0165<\/span><\/p>\n<p><span style=\"color: #000000;\"><strong>WILD OAT:<\/strong> nevie n\u00e1js\u0165 zmysel svojho \u017eivota, nem\u00e1 cie\u013e<\/span><\/p>\n<p><span style=\"color: #000000;\"><strong>WILD ROSE:<\/strong> oddanos\u0165 osudu, \u013eahostajnos\u0165, apatia<\/span><\/p>\n<p><span style=\"color: #000000;\"><strong>WILLOW:<\/strong> potl\u00e1\u010dan\u00fd hnev, rola obete, v\u017edy obvi\u0148uje druh\u00fdch a nepreber\u00e1 zodpovednos\u0165 za ich \u010diny, je zatrpknut\u00e1, urazen\u00e1, nespokojn\u00e1 a rozhor\u010den\u00e1<\/span><\/p>\n","protected":false},"excerpt":{"rendered":"<p>Bachove kvapky s\u00fa \u00fa\u010dinn\u00e9 pri r\u00f4znych emocion\u00e1lnych \u0165a\u017ekostiach. Pom\u00e1haj\u00fa v r\u00f4znych kr\u00edzach a \u0165a\u017ek\u00fdch \u017eivotn\u00fdch situ\u00e1ci\u00e1ch. Pom\u00e1haj\u00fa sa upokoji\u0165 a zachova\u0165 si pokojn\u00fa hlavu. P\u00f4sobia na n\u00e1\u0161 emocion\u00e1lny stav a pom\u00e1haj\u00fa ho harmonizova\u0165.<\/p>\n<p>\ud83d\udc9a Kvapky sa balia ru\u010dne v de\u0148 exped\u00edcie.<br \/>\n\ud83d\udc9a S\u00fa vhodn\u00e9 pre v\u0161etk\u00fdch \u013eud\u00ed (tehotn\u00e9 \u017eeny, star\u0161\u00edch \u013eud\u00ed, deti&#8230;) a zvierat\u00e1.<br \/>\n\ud83d\udc9a Nemaj\u00fa \u017eiadne ved\u013eaj\u0161ie \u00fa\u010dinky, nie s\u00fa n\u00e1vykov\u00e9 a nemo\u017eno sa nimi pred\u00e1vkova\u0165.<br \/>\n\ud83d\udc9a Prv\u00e9 v\u00fdsledky si m\u00f4\u017eete v\u0161imn\u00fa\u0165 po nieko\u013ek\u00fdch d\u0148och alebo t\u00fd\u017ed\u0148och, to z\u00e1vis\u00ed od ka\u017ed\u00e9ho jednotlivca.<br \/>\n\ud83d\udc9a Neinteraguj\u00fa s in\u00fdmi liekmi.<\/p>\n","protected":false},"featured_media":6487,"comment_status":"open","ping_status":"closed","template":"","meta":{"_acf_changed":false},"product_brand":[],"product_cat":[15,241,224,225],"product_tag":[],"class_list":{"0":"post-6486","1":"product","2":"type-product","3":"status-publish","4":"has-post-thumbnail","6":"product_cat-uncategorized","7":"product_cat-bachove-kvapky","8":"product_cat-ponuka","9":"product_cat-vsetky-produkty","11":"first","12":"instock","13":"taxable","14":"shipping-taxable","15":"purchasable","16":"product-type-simple"},"acf":[],"_links":{"self":[{"href":"https:\/\/fengchashop.com\/sk\/wp-json\/wp\/v2\/product\/6486","targetHints":{"allow":["GET"]}}],"collection":[{"href":"https:\/\/fengchashop.com\/sk\/wp-json\/wp\/v2\/product"}],"about":[{"href":"https:\/\/fengchashop.com\/sk\/wp-json\/wp\/v2\/types\/product"}],"replies":[{"embeddable":true,"href":"https:\/\/fengchashop.com\/sk\/wp-json\/wp\/v2\/comments?post=6486"}],"wp:featuredmedia":[{"embeddable":true,"href":"https:\/\/fengchashop.com\/sk\/wp-json\/wp\/v2\/media\/6487"}],"wp:attachment":[{"href":"https:\/\/fengchashop.com\/sk\/wp-json\/wp\/v2\/media?parent=6486"}],"wp:term":[{"taxonomy":"product_brand","embeddable":true,"href":"https:\/\/fengchashop.com\/sk\/wp-json\/wp\/v2\/product_brand?post=6486"},{"taxonomy":"product_cat","embeddable":true,"href":"https:\/\/fengchashop.com\/sk\/wp-json\/wp\/v2\/product_cat?post=6486"},{"taxonomy":"product_tag","embeddable":true,"href":"https:\/\/fengchashop.com\/sk\/wp-json\/wp\/v2\/product_tag?post=6486"}],"curies":[{"name":"wp","href":"https:\/\/api.w.org\/{rel}","templated":true}]}}