{"id":6332,"date":"2025-06-09T10:06:38","date_gmt":"2025-06-09T08:06:38","guid":{"rendered":"https:\/\/fengchashop.com\/sk\/product\/sladki-koren-125-g\/"},"modified":"2026-04-18T16:18:12","modified_gmt":"2026-04-18T14:18:12","slug":"sladke-drievko-koren-liquorice-v-prasku-bio","status":"publish","type":"product","link":"https:\/\/fengchashop.com\/sk\/product\/sladke-drievko-koren-liquorice-v-prasku-bio\/","title":{"rendered":"Sladk\u00e9 drievko kore\u0148 (Liquorice) v pr\u00e1\u0161ku BIO 250 g"},"content":{"rendered":"<h2><strong>\u010co je sladk\u00e9 drievko?<\/strong><\/h2>\n<p><strong>Sladk\u00e9 drievko (Glycyrrhiza glabra)<\/strong> je trv\u00e1ca rastlina z \u010de\u013eade b\u00f4bovit\u00fdch, zn\u00e1ma svojou charakteristicky sladkou chu\u0165ou. Rastlina ka\u017edoro\u010dne vytv\u00e1ra drevnat\u00e9 stonky, ktor\u00e9 dorastaj\u00fa do v\u00fd\u0161ky jedn\u00e9ho a\u017e dvoch metrov. Naj\u010dastej\u0161ie sa pou\u017e\u00edva jej kore\u0148, ktor\u00fd obsahuje mnoho \u00fa\u010dinn\u00fdch l\u00e1tok, z ktor\u00fdch najzn\u00e1mej\u0161ia je glycyrhiz\u00edn, ktor\u00fd je 50-kr\u00e1t slad\u0161\u00ed ako sachar\u00f3za (stolov\u00fd cukor). Su\u0161en\u00fd a mlet\u00fd kore\u0148 sa pou\u017e\u00edva ako pr\u00e1\u0161ok zo sladk\u00e9ho drievka, ktor\u00fd je ob\u013e\u00faben\u00fd vo v\u00fd\u017eive, pr\u00edrodnej medic\u00edne a kozmetike.<\/p>\n<p>Sladk\u00e9 drievko m\u00e1 dlh\u00fa hist\u00f3riu pou\u017e\u00edvania, zn\u00e1mu u\u017e od \u010dias starovek\u00fdch Egyp\u0165anov. M\u00e1 protiz\u00e1palov\u00e9, spazmolytick\u00e9 \u00fa\u010dinky, zmier\u0148uje \u017eal\u00fado\u010dn\u00e9 probl\u00e9my (kyslos\u0165, plynatos\u0165, tr\u00e1viace \u0165a\u017ekosti) a dok\u00e1\u017ee inhibova\u0165 rast bakt\u00e9rie <em>Helicobacter pylori<\/em>, ktor\u00e1 sp\u00f4sobuje \u017eal\u00fado\u010dn\u00e9 vredy. Okrem tr\u00e1viacich v\u00fdhod sa pou\u017e\u00edva aj pri respira\u010dn\u00fdch probl\u00e9moch (n\u00e1dcha, boles\u0165 hrdla a bronchit\u00edda), preto\u017ee u\u013eah\u010duje vyka\u0161liavanie a uvo\u013e\u0148uje d\u00fdchacie cesty. Hovor\u00ed sa tie\u017e, \u017ee m\u00e1 pozit\u00edvny vplyv na funkciu pe\u010dene, imunitn\u00fd syst\u00e9m a \u017eensk\u00e9 probl\u00e9my po\u010das menopauzy. M\u00f4\u017ee ma\u0165 aj mo\u010dopudn\u00fd a laxat\u00edvny \u00fa\u010dinok.<\/p>\n<p>V tradi\u010dnej \u010d\u00ednskej medic\u00edne a ajurv\u00e9de sa pou\u017e\u00edva ako tonikum na omladenie srdca a sleziny, ako aj proti vredom a ko\u017en\u00fdm probl\u00e9mom. Preto\u017ee hydratuje such\u00e9 hrdlo, \u010dasto ho pou\u017e\u00edvaj\u00fa faj\u010diari, spev\u00e1ci a re\u010dn\u00edci.<\/p>\n<p>Je tie\u017e be\u017enou zlo\u017ekou v\u00fd\u017eivov\u00fdch doplnkov a bylinn\u00fdch recept\u00far, kde p\u00f4sob\u00ed ako spojovac\u00ed prvok medzi bylinkami a posil\u0148uje ich \u00fa\u010dinok.<\/p>\n<h2><strong>Lie\u010div\u00e9 \u00fa\u010dinky<\/strong><\/h2>\n<p>Pr\u00e1\u0161ok zo sladk\u00e9ho drievka m\u00e1 \u0161irok\u00fa \u0161k\u00e1lu priazniv\u00fdch \u00fa\u010dinkov na organizmus, a preto sa \u010dasto pou\u017e\u00edva v ajurv\u00e9de a tradi\u010dnej \u010d\u00ednskej medic\u00edne:<\/p>\n<p><strong>\ud83d\udc9a\u00a0 Protiz\u00e1palov\u00fd \u00fa\u010dinok: <\/strong>\u00da\u010dinn\u00e9 l\u00e1tky pom\u00e1haj\u00fa potl\u00e1\u010da\u0165 z\u00e1pal, najm\u00e4 pri z\u00e1paloch gastrointestin\u00e1lneho traktu, ko\u017ee a d\u00fdchac\u00edch ciest.<\/p>\n<p><strong>\ud83d\udc9a Podpora d\u00fdchac\u00edch ciest: <\/strong> Tradi\u010dne sa pou\u017e\u00edva na zmiernenie ka\u0161\u013ea, bolesti hrdla, bronchit\u00eddy a astmy. P\u00f4sob\u00ed ako expektorans (u\u013eah\u010duje vyka\u0161liavanie) a upokojuje podr\u00e1\u017edenie sliznice.<\/p>\n<p><strong>\ud83d\udc9a Ochrana \u017eal\u00fado\u010dnej sliznice: <\/strong> Glycyrhiz\u00edn a flavonoidy chr\u00e1nia stenu \u017eal\u00fadka pred po\u0161koden\u00edm a pom\u00e1haj\u00fa pri probl\u00e9moch, ako s\u00fa vredy, gastrit\u00edda, reflux a infekcia sp\u00f4soben\u00e1 <em>Helicobacter pylori<\/em>.<\/p>\n<p><strong>\ud83d\udc9a Podpora nadobli\u010diek<\/strong>: Reguluje hladinu kortizolu, zvy\u0161uje energiu a p\u00f4sob\u00ed ako adaptog\u00e9n, \u010do znamen\u00e1, \u017ee podporuje telo pri zvl\u00e1dan\u00ed stresu, vyhorenia a \u00fanavy.<\/p>\n<p><strong>\ud83d\udc9a Antiv\u00edrusov\u00fd a antibakteri\u00e1lny \u00fa\u010dinok:<\/strong> M\u00e1 prirodzen\u00e9 antimikrobi\u00e1lne vlastnosti a pou\u017e\u00edva sa ako podpora pri infekci\u00e1ch (napr. herpes, chr\u00edpka, hepatit\u00edda B a C).<\/p>\n<p><strong>\ud83d\udc9a Hormon\u00e1lna rovnov\u00e1ha:<\/strong> Tradi\u010dne sa pou\u017e\u00edva na zmiernenie pr\u00edznakov PMS a menopauzy, preto\u017ee ovplyv\u0148uje rovnov\u00e1hu estrog\u00e9nu.<\/p>\n<h2><strong>Skladovanie a upozornenia<\/strong><\/h2>\n<p>Skladujte na suchom a chladnom mieste pri teplote do 25 \u00b0C. Doplnok stravy uchov\u00e1vajte mimo dosahu det\u00ed!<\/p>\n<p>Pam\u00e4tajte na d\u00f4le\u017eitos\u0165 pestrej stravy a zdrav\u00e9ho \u017eivotn\u00e9ho \u0161t\u00fdlu, preto doplnok stravy nie je n\u00e1hradou vyv\u00e1\u017eenej a pestrej stravy. Odpor\u00fa\u010dan\u00e9 denn\u00e9 mno\u017estvo alebo d\u00e1vka by sa nemala prekro\u010di\u0165.<\/p>\n<p>Neodpor\u00fa\u010dame konzumova\u0165 sladk\u00e9 drievko tehotn\u00fdm \u017een\u00e1m, doj\u010diacim matk\u00e1m, de\u0165om do 12 rokov, diabetikom, \u013eu\u010fom s vysok\u00fdm krvn\u00fdm tlakom a srdcov\u00fdm pacientom.<\/p>\n<p>Sladk\u00e9 drievko je prospe\u0161n\u00e9 aj v mal\u00fdch mno\u017estv\u00e1ch. Preto to nepreh\u00e1\u0148ajme. Maxim\u00e1lne denn\u00e9 mno\u017estvo by malo by\u0165 od 4 do 8 gramov (teda od 1 do 2 \u010dajov\u00fdch ly\u017ei\u010diek). Sladk\u00e9 drievko m\u00e1 siln\u00fd fyziologick\u00fd \u00fa\u010dinok (napr. m\u00f4\u017ee ovplyvni\u0165 krvn\u00fd tlak), preto sa odpor\u00fa\u010da za\u010da\u0165 s ni\u017e\u0161ou d\u00e1vkou (napr. 1\/2 \u010dajovej ly\u017ei\u010dky) a skontrolova\u0165 reakciu tela, potom v pr\u00edpade potreby zv\u00fd\u0161i\u0165 po\u010det d\u00e1vok, ale nezvy\u0161ova\u0165 mno\u017estvo naraz. Optim\u00e1lne mno\u017estvo na jednu \u0161\u00e1lku \u010daju (cca 200\u2013250 ml) je 1\/2 \u010dajovej ly\u017ei\u010dky. V\u00e4\u010d\u0161ie mno\u017estvo by mohlo by\u0165 pr\u00edli\u0161 siln\u00e9, hustej\u0161ie alebo nepr\u00edjemn\u00e9 na pitie.<\/p>\n<p>Neodpor\u00fa\u010dame u\u017e\u00edva\u0165 ho dlhodobo bez prest\u00e1vok. Najlep\u0161ie je po 4 a\u017e 6 t\u00fd\u017ed\u0148och u\u017e\u00edvania urobi\u0165 si prest\u00e1vku aspo\u0148 na dva t\u00fd\u017edne.<\/p>\n<p>Sladk\u00e9 drievko zni\u017euje obsah drasl\u00edka v krvi, preto je pri dlhodobej konzum\u00e1cii sladk\u00e9ho drievka potrebn\u00e9 ho nahradi\u0165 potravinami (napr. ban\u00e1ny, su\u0161en\u00e9 marhule, datle, \u0161pen\u00e1t, mangold, fazu\u013ea, \u0161o\u0161ovica&#8230;).<\/p>\n<h2><strong>Balenie<\/strong><\/h2>\n<p>Vzdu\u0161ne uzatv\u00e1rate\u013en\u00e9 vrecko na zips, kde si produkt zachov\u00e1va v\u0161etku svoju \u010derstvos\u0165 a ar\u00f3mu. Balenie chr\u00e1ni pred svetlom a vzduchom, preto\u017ee pozost\u00e1va z nieko\u013ek\u00fdch ochrann\u00fdch vrstiev, ktor\u00e9 zachov\u00e1vaj\u00fa vlastnosti obsahu.<\/p>\n<p>Balenie je ve\u013emi praktick\u00e9 a umo\u017e\u0148uje recykl\u00e1ciu.<\/p>\n<h2><strong>P\u00f4vod<\/strong><\/h2>\n<p>India<\/p>\n","protected":false},"excerpt":{"rendered":"<p>Sladk\u00e9 drievko zmier\u0148uje \u017eal\u00fado\u010dn\u00e9 probl\u00e9my sp\u00f4soben\u00e9 kyselinou, nad\u00favan\u00edm, tr\u00e1viacimi \u0165a\u017ekos\u0165ami a m\u00f4\u017ee zabr\u00e1ni\u0165 rastu heliobakt\u00e9ri\u00ed, ktor\u00e9 sp\u00f4sobuj\u00fa \u017eal\u00fado\u010dn\u00e9 vredy. Okrem \u017eal\u00fado\u010dn\u00fdch probl\u00e9mov sa sladk\u00e9 drievko pou\u017e\u00edva aj pri d\u00fdchac\u00edch probl\u00e9moch. Zmier\u0148uje ka\u0161e\u013e a uvo\u013e\u0148uje d\u00fdchacie cesty. Hovor\u00ed sa tie\u017e, \u017ee m\u00e1 pozit\u00edvny vplyv na pe\u010de\u0148, imunitn\u00fd syst\u00e9m a \u017eensk\u00e9 probl\u00e9my po\u010das menopauzy. Pou\u017e\u00edva sa aj proti \u017eal\u00fado\u010dn\u00fdm vredom a ko\u017en\u00fdm probl\u00e9mom. Preto\u017ee hydratuje such\u00e9 hrdlo, \u010dasto ho pou\u017e\u00edvaj\u00fa faj\u010diari a profesion\u00e1lni re\u010dn\u00edci a spev\u00e1ci.<\/p>\n<p>\ud83d\udc9a V tradi\u010dnej \u010d\u00ednskej medic\u00edne sa pou\u017e\u00edva ako tonikum na omladenie srdca a sleziny.<\/p>\n<p>\ud83d\udc9a Sladk\u00e9 drievko m\u00e1 protiz\u00e1palov\u00e9 a antispazmodick\u00e9 vlastnosti.<\/p>\n<p>&nbsp;<\/p>\n","protected":false},"featured_media":6660,"comment_status":"open","ping_status":"closed","template":"","meta":{"_acf_changed":false},"product_brand":[],"product_cat":[15,205,224,225],"product_tag":[],"class_list":{"0":"post-6332","1":"product","2":"type-product","3":"status-publish","4":"has-post-thumbnail","6":"product_cat-uncategorized","7":"product_cat-caj-jedlo-a-koreniny","8":"product_cat-ponuka","9":"product_cat-vsetky-produkty","11":"first","12":"instock","13":"taxable","14":"shipping-taxable","15":"purchasable","16":"product-type-simple"},"acf":[],"_links":{"self":[{"href":"https:\/\/fengchashop.com\/sk\/wp-json\/wp\/v2\/product\/6332","targetHints":{"allow":["GET"]}}],"collection":[{"href":"https:\/\/fengchashop.com\/sk\/wp-json\/wp\/v2\/product"}],"about":[{"href":"https:\/\/fengchashop.com\/sk\/wp-json\/wp\/v2\/types\/product"}],"replies":[{"embeddable":true,"href":"https:\/\/fengchashop.com\/sk\/wp-json\/wp\/v2\/comments?post=6332"}],"wp:featuredmedia":[{"embeddable":true,"href":"https:\/\/fengchashop.com\/sk\/wp-json\/wp\/v2\/media\/6660"}],"wp:attachment":[{"href":"https:\/\/fengchashop.com\/sk\/wp-json\/wp\/v2\/media?parent=6332"}],"wp:term":[{"taxonomy":"product_brand","embeddable":true,"href":"https:\/\/fengchashop.com\/sk\/wp-json\/wp\/v2\/product_brand?post=6332"},{"taxonomy":"product_cat","embeddable":true,"href":"https:\/\/fengchashop.com\/sk\/wp-json\/wp\/v2\/product_cat?post=6332"},{"taxonomy":"product_tag","embeddable":true,"href":"https:\/\/fengchashop.com\/sk\/wp-json\/wp\/v2\/product_tag?post=6332"}],"curies":[{"name":"wp","href":"https:\/\/api.w.org\/{rel}","templated":true}]}}