{"id":6269,"date":"2022-05-24T09:40:12","date_gmt":"2022-05-24T07:40:12","guid":{"rendered":"https:\/\/fengchashop.com\/sk\/product\/cimet-cejlonski-celi-125-g\/"},"modified":"2026-04-14T18:08:43","modified_gmt":"2026-04-14T16:08:43","slug":"cela-cejlonska-skorica-bio","status":"publish","type":"product","link":"https:\/\/fengchashop.com\/sk\/product\/cela-cejlonska-skorica-bio\/","title":{"rendered":"Cel\u00e1 cejl\u00f3nska \u0161korica BIO 125 g"},"content":{"rendered":"<h2 style=\"text-align: justify\"><span style=\"color: #000000\">Cejl\u00f3nska \u0161korica cel\u00e1 BIO<\/span><\/h2>\n<p style=\"text-align: justify\"><span style=\"color: #000000\">Vlasti cejl\u00f3nskej \u0161korice je Sr\u00ed Lanka (kedysi naz\u00fdvan\u00e1 Cejl\u00f3n, pod\u013ea ktorej \u0161korica dostala svoje meno). T\u00e1to <strong>prav\u00e1 \u0161korica<\/strong> je vz\u00e1cnej\u0161ia a preto ove\u013ea cennej\u0161ia ako <strong>\u010d\u00ednska \u0161korica<\/strong> alebo kasia, ktor\u00fa v\u00e4\u010d\u0161ina z n\u00e1s pozn\u00e1 lep\u0161ie a je dostupn\u00e1 vo v\u00e4\u010d\u0161ine obchodov. Sr\u00ed Lanka produkuje r\u00f4zne druhy \u0161korice, pri\u010dom na\u0161a vybran\u00e1 cejl\u00f3nska \u0161korica sa vyzna\u010duje rafinovanou a jemnou ar\u00f3mou. M\u00e1 jemn\u00fa sladk\u00fa chu\u0165 a pou\u017e\u00edva sa ako pr\u00edsada do dezertov, komp\u00f3tov, pe\u010diva, kol\u00e1\u010dov a su\u0161ienok, pun\u010du a varen\u00e9ho v\u00edna. Pou\u017e\u00edva sa na dochucovanie medu, \u010dokol\u00e1dy, orechov, \u010dili, mlie\u010dnych v\u00fdrobkov, brusn\u00edc, pe\u010den\u00fdch jab\u013ak a ban\u00e1nov. \u0160koricov\u00fdm pr\u00e1\u0161kom m\u00f4\u017eete posypa\u0165 ovocie (ovocn\u00e9 \u0161al\u00e1ty, komp\u00f3ty) a cere\u00e1lie, prida\u0165 ho do jogurtu, ry\u017eov\u00e9ho n\u00e1kypu, tvarohu a r\u00f4znych mlie\u010dnych a ovocn\u00fdch n\u00e1pojov. Hod\u00ed sa aj k \u010daju a k\u00e1ve, ako aj do kakaa a hor\u00facej \u010dokol\u00e1dy. \u0160korica je tie\u017e najob\u013e\u00fabenej\u0161\u00edm viano\u010dn\u00fdm koren\u00edm. V skuto\u010dnosti je \u0161korica jedn\u00fdm z najuniverz\u00e1lnej\u0161\u00edch koren\u00edn, ktor\u00e9 sa hod\u00ed do r\u00f4znych, niekedy a\u017e nezvy\u010dajn\u00fdch kombin\u00e1ci\u00ed, najm\u00e4 v orient\u00e1lnej a mexickej kuchyni (napr\u00edklad do kari). Tradi\u010dne sa pou\u017e\u00edva na vylep\u0161enie jed\u00e1l. <\/span><\/p>\n<h2 style=\"text-align: justify\"><span style=\"color: #000000\">Skladovanie<\/span><\/h2>\n<p style=\"text-align: justify\"><span style=\"color: #000000\">Skladujte na suchom, tmavom a chladnom mieste. Uistite sa, \u017ee vrecko alebo krabica je pevne uzavret\u00e1.<\/span><\/p>\n<h2 style=\"text-align: justify\"><span style=\"color: #000000\">Obal<\/span><\/h2>\n<p style=\"text-align: justify\"><span style=\"color: #000000\">Hermetick\u00e9 vrecko so zipsom, v ktorom si produkt zachov\u00e1va v\u0161etku svoju \u010derstvos\u0165 a ar\u00f3mu. Obal chr\u00e1ni pred svetlom a vzduchom, preto\u017ee pozost\u00e1va z nieko\u013ek\u00fdch ochrann\u00fdch vrstiev, ktor\u00e9 zachov\u00e1vaj\u00fa vlastnosti obsahu.<\/span><\/p>\n<p style=\"text-align: justify\"><span style=\"color: #000000\">Obal je ve\u013emi praktick\u00fd a umo\u017e\u0148uje recykl\u00e1ciu.<\/span><\/p>\n<h2><span style=\"color: #000000\">P\u00f4vod<\/span><\/h2>\n<p><span style=\"color: #000000\">Sr\u00ed Lanka<\/span><\/p>\n","protected":false},"excerpt":{"rendered":"<p>\u0160koricu mo\u017eno kombinova\u0165 s vanilkou, koriandrom a mu\u0161k\u00e1tov\u00fdm orie\u0161kom a obzvl\u00e1\u0161\u0165 chutn\u00e1 a prospe\u0161n\u00e1 pre na\u0161e zdravie je v kombin\u00e1cii s klin\u010dekmi alebo kurkumou. M\u00f4\u017ee sa pou\u017ei\u0165 aj v dom\u00e1cej kozmetike a ako doplnok stravy, preto\u017ee obsahuje mnoho d\u00f4le\u017eit\u00fdch a prospe\u0161n\u00fdch zlo\u017eiek pre \u010dloveka, a pou\u017e\u00edva sa aj v aromaterapii a na prevo\u0148anie miestnost\u00ed. Ke\u010f\u017ee cejl\u00f3nska \u0161korica obsahuje najmenej kumar\u00ednu, o ktorom sa hovor\u00ed, \u017ee m\u00e1 zl\u00fd vplyv na na\u0161u pe\u010de\u0148 a riedi krv, je ove\u013ea vhodnej\u0161ia na pravideln\u00fa konzum\u00e1ciu.<\/p>\n<p>\ud83d\udc9a Siln\u00fd antioxidant.<br \/>\n\ud83d\udc9a Reguluje hladinu cukru v krvi.<br \/>\n\ud83d\udc9a M\u00e1 protiples\u0148ov\u00e9 a antimikrobi\u00e1lne vlastnosti.<br \/>\n\ud83d\udc9a Z ekologick\u00e9ho po\u013enohospod\u00e1rstva.<\/p>\n<p>&nbsp;<\/p>\n","protected":false},"featured_media":6270,"comment_status":"open","ping_status":"closed","template":"","meta":{"_acf_changed":false},"product_brand":[],"product_cat":[15,205,224,225],"product_tag":[],"class_list":{"0":"post-6269","1":"product","2":"type-product","3":"status-publish","4":"has-post-thumbnail","6":"product_cat-uncategorized","7":"product_cat-caj-jedlo-a-koreniny","8":"product_cat-ponuka","9":"product_cat-vsetky-produkty","11":"first","12":"instock","13":"taxable","14":"shipping-taxable","15":"purchasable","16":"product-type-simple"},"acf":[],"_links":{"self":[{"href":"https:\/\/fengchashop.com\/sk\/wp-json\/wp\/v2\/product\/6269","targetHints":{"allow":["GET"]}}],"collection":[{"href":"https:\/\/fengchashop.com\/sk\/wp-json\/wp\/v2\/product"}],"about":[{"href":"https:\/\/fengchashop.com\/sk\/wp-json\/wp\/v2\/types\/product"}],"replies":[{"embeddable":true,"href":"https:\/\/fengchashop.com\/sk\/wp-json\/wp\/v2\/comments?post=6269"}],"wp:featuredmedia":[{"embeddable":true,"href":"https:\/\/fengchashop.com\/sk\/wp-json\/wp\/v2\/media\/6270"}],"wp:attachment":[{"href":"https:\/\/fengchashop.com\/sk\/wp-json\/wp\/v2\/media?parent=6269"}],"wp:term":[{"taxonomy":"product_brand","embeddable":true,"href":"https:\/\/fengchashop.com\/sk\/wp-json\/wp\/v2\/product_brand?post=6269"},{"taxonomy":"product_cat","embeddable":true,"href":"https:\/\/fengchashop.com\/sk\/wp-json\/wp\/v2\/product_cat?post=6269"},{"taxonomy":"product_tag","embeddable":true,"href":"https:\/\/fengchashop.com\/sk\/wp-json\/wp\/v2\/product_tag?post=6269"}],"curies":[{"name":"wp","href":"https:\/\/api.w.org\/{rel}","templated":true}]}}