{"id":6259,"date":"2022-05-23T16:36:27","date_gmt":"2022-05-23T14:36:27","guid":{"rendered":"https:\/\/fengchashop.com\/sk\/product\/kajenski-poper-v-prahu-bio-125-g\/"},"modified":"2026-04-17T23:58:57","modified_gmt":"2026-04-17T21:58:57","slug":"kajenske-korenie-prasok-bio-250-g","status":"publish","type":"product","link":"https:\/\/fengchashop.com\/sk\/product\/kajenske-korenie-prasok-bio-250-g\/","title":{"rendered":"Kajensk\u00e9 korenie pr\u00e1\u0161ok BIO 250 g"},"content":{"rendered":"<div class=\"std\">\n<h2 style=\"text-align: justify\">Kajensk\u00e9 korenie pr\u00e1\u0161ok bio<\/h2>\n<p style=\"text-align: justify\">Kajensk\u00e9 korenie poch\u00e1dza z Ju\u017enej Ameriky. Do Eur\u00f3py ho priviezli \u0161panielski dobyvatelia a pre nen\u00e1ro\u010dn\u00e9 pestovanie si ho ob\u013e\u00fabili najm\u00e4 v ju\u017enej a juhov\u00fdchodnej \u00c1zii a hlboko sa tak zakorenili v ich kuchyni. Aj ke\u010f to vol\u00e1me paprika, nem\u00e1 s paprikou ni\u010d spolo\u010dn\u00e9 okrem \u0161tip\u013eavosti. Kajensk\u00e9 korenie je vlastne zmes r\u00f4znych druhov \u010dili plodov, ktor\u00e9 sa su\u0161ia a mel\u00fa na pr\u00e1\u0161ok. Su\u0161en\u00e9 kajensk\u00e9 korenie je jemnej\u0161ie ako \u010derstv\u00e9, ale tieto rozdiely sa pri varen\u00ed v\u00fdrazne zmen\u0161uj\u00fa. Kajensk\u00e9 korenie je tie\u017e d\u00f4le\u017eitou zlo\u017ekou \u010dili, tabasca a in\u00fdch indick\u00fdch zmes\u00ed korenia.<\/p>\n<h2>Skladovanie<\/h2>\n<p style=\"text-align: justify\">Skladujte na suchom, tmavom a chladnom mieste. Uistite sa, \u017ee je vrecko dobre utesnen\u00e9.<\/p>\n<h2>Balenie<\/h2>\n<p>Vzduchotesn\u00e9 vrecko so zipsom, kde si produkt zachov\u00e1 v\u0161etku svoju \u010derstvos\u0165 a v\u00f4\u0148u. Obal chr\u00e1ni pred svetlom a vzduchom, ke\u010f\u017ee pozost\u00e1va z nieko\u013ek\u00fdch vrstiev ochrany, ktor\u00e9 zachov\u00e1vaj\u00fa vlastnosti obsahu.<\/p>\n<p>Obal je ve\u013emi praktick\u00fd a umo\u017e\u0148uje recykl\u00e1ciu.<\/p>\n<h2>P\u00f4vod<\/h2>\n<p><span style=\"color: #000000\">\u0160panielsko<\/span><\/p>\n<\/div>\n","protected":false},"excerpt":{"rendered":"<p>L\u00e1tka sp\u00f4sobuj\u00faca p\u00e1liv\u00fa chu\u0165 sa naz\u00fdva kapsaic\u00edn, ktor\u00fd m\u00e1 mno\u017estvo lie\u010div\u00fdch \u00fa\u010dinkov. Scovilleho jednotkou na stupnici ozna\u010dujeme pikantnos\u0165 pod\u013ea obsahu kapsaic\u00ednu, \u010do je vlastne alkaloid, ktor\u00fd \u010dili \u201ep\u00e1li\u201c. Do n\u00e1\u0161ho mozgu vysiela rovnak\u00fa spr\u00e1vu, ak\u00fa dostaneme, ke\u010f zjeme nie\u010do hor\u00face. Kajensk\u00fdm koren\u00edm zmier\u0148ujeme a odstra\u0148ujeme ur\u010dit\u00e9 probl\u00e9my, toti\u017e preuk\u00e1zate\u013ene pom\u00e1ha pri tr\u00e1ven\u00ed, preto\u017ee ur\u00fdch\u013euje metabolizmus, krvn\u00fd obeh a potenie a m\u00f4\u017ee by\u0165 skvelou pomocou aj pri d\u00fdchac\u00edch probl\u00e9moch. Obsahuje ve\u013ea vitam\u00ednu C, tak\u017ee je skvel\u00fd pri prechladnut\u00ed a chr\u00edpke. Okrem toho posil\u0148uje imunitn\u00fd syst\u00e9m, p\u00f4sob\u00ed protiz\u00e1palovo a antibakteri\u00e1lne. Ak si ho prid\u00e1me do \u010daju, zahreje n\u00e1s a za\u017eenie depresie.<\/p>\n<p>\ud83d\udc9a Z bioprodukcie.<br \/>\n\ud83d\udc9a Pom\u00e1ha aj pri chudnut\u00ed.<br \/>\n\ud83d\udc9a M\u00e1 protiz\u00e1palov\u00e9 a antibakteri\u00e1lne \u00fa\u010dinky.<br \/>\n\ud83d\udc9a Obsahuje kapsaic\u00edn, ktor\u00fd m\u00e1 mno\u017estvo lie\u010div\u00fdch \u00fa\u010dinkov.<\/p>\n","protected":false},"featured_media":6260,"comment_status":"open","ping_status":"closed","template":"","meta":{"_acf_changed":false},"product_brand":[],"product_cat":[15,194,205,224,225],"product_tag":[],"class_list":{"0":"post-6259","1":"product","2":"type-product","3":"status-publish","4":"has-post-thumbnail","6":"product_cat-uncategorized","7":"product_cat-ajurveda","8":"product_cat-caj-jedlo-a-koreniny","9":"product_cat-ponuka","10":"product_cat-vsetky-produkty","12":"first","13":"instock","14":"sale","15":"taxable","16":"shipping-taxable","17":"purchasable","18":"product-type-simple"},"acf":[],"_links":{"self":[{"href":"https:\/\/fengchashop.com\/sk\/wp-json\/wp\/v2\/product\/6259","targetHints":{"allow":["GET"]}}],"collection":[{"href":"https:\/\/fengchashop.com\/sk\/wp-json\/wp\/v2\/product"}],"about":[{"href":"https:\/\/fengchashop.com\/sk\/wp-json\/wp\/v2\/types\/product"}],"replies":[{"embeddable":true,"href":"https:\/\/fengchashop.com\/sk\/wp-json\/wp\/v2\/comments?post=6259"}],"wp:featuredmedia":[{"embeddable":true,"href":"https:\/\/fengchashop.com\/sk\/wp-json\/wp\/v2\/media\/6260"}],"wp:attachment":[{"href":"https:\/\/fengchashop.com\/sk\/wp-json\/wp\/v2\/media?parent=6259"}],"wp:term":[{"taxonomy":"product_brand","embeddable":true,"href":"https:\/\/fengchashop.com\/sk\/wp-json\/wp\/v2\/product_brand?post=6259"},{"taxonomy":"product_cat","embeddable":true,"href":"https:\/\/fengchashop.com\/sk\/wp-json\/wp\/v2\/product_cat?post=6259"},{"taxonomy":"product_tag","embeddable":true,"href":"https:\/\/fengchashop.com\/sk\/wp-json\/wp\/v2\/product_tag?post=6259"}],"curies":[{"name":"wp","href":"https:\/\/api.w.org\/{rel}","templated":true}]}}