{"id":6252,"date":"2022-05-23T16:14:27","date_gmt":"2022-05-23T14:14:27","guid":{"rendered":"https:\/\/fengchashop.com\/sk\/product\/grsko-seno-fenugreek-bio-500-g\/"},"modified":"2026-04-17T11:32:44","modified_gmt":"2026-04-17T09:32:44","slug":"senovka-grecka-triplat-bio-500-g","status":"publish","type":"product","link":"https:\/\/fengchashop.com\/sk\/product\/senovka-grecka-triplat-bio-500-g\/","title":{"rendered":"Senovka gr\u00e9cka (Triplat) BIO 500 g"},"content":{"rendered":"<h2 style=\"text-align: justify\"><span style=\"color: #000000\">Senovka gr\u00e9cka (Triplat) BIO<\/span><\/h2>\n<p>Senovka gr\u00e9cka je jednoro\u010dn\u00e1 rastlina, ktor\u00e1 dorast\u00e1 do v\u00fd\u0161ky asi pol metra. Semen\u00e1, ktor\u00e9 sa pou\u017e\u00edvaj\u00fa ako korenie, sa nach\u00e1dzaj\u00fa v strukoch spom\u00ednanej rastliny. Hovor\u00ed sa mu aj triplat alebo \u0161ab\u013eov\u00fd triplat a z angli\u010dtiny aj senovka gr\u00e9cka.<\/p>\n<p>Senovka gr\u00e9cka je bohat\u00e1 na bielkoviny, vitam\u00edny (najm\u00e4 vitam\u00edn D) a miner\u00e1ly, ako aj fenolov\u00e9 a flavonoidov\u00e9 zl\u00fa\u010deniny. M\u00e1 ostr\u00fa chu\u0165 a v\u00fdrazn\u00fa v\u00f4\u0148u. Je pova\u017eovan\u00e1 za jednu z najstar\u0161\u00edch rastl\u00edn pou\u017e\u00edvan\u00fdch v medic\u00edne a kuchyni. Tradi\u010dne sa triplat pou\u017e\u00edva na lie\u010dbu cukrovky, cholesterolu, an\u00e9mie, ako aj bru\u0161n\u00fdch a tr\u00e1viacich por\u00fach a chronick\u00e9ho ka\u0161\u013ea. Pou\u017e\u00edva sa v tradi\u010dnej \u010d\u00ednskej medic\u00edne a ajurv\u00e9de. Triplat mal pozit\u00edvny vplyv aj na tvorbu mlieka po\u010das doj\u010denia.<\/p>\n<p>Naj\u010dastej\u0161ie sa zara\u010fuje do juho\u00e1zijskej a egyptskej kuchyne.<\/p>\n<p>Chu\u0165 semienok je sladk\u00e1 a pripom\u00edna orie\u0161ky.<\/p>\n<p>Na\u0161e gr\u00e9cke seno je z ekologickej produkcie.<\/p>\n<h2>Skladovanie<\/h2>\n<p style=\"text-align: justify\">Skladujte na suchom, tmavom a chladnom mieste. Uistite sa, \u017ee vrecko alebo krabica s\u00fa dobre uzavret\u00e9.<\/p>\n<h2>Balenie<\/h2>\n<p>Nepriepustn\u00e9 vrecko so zipsom, v ktorom si produkt zachov\u00e1va svoju \u010derstvos\u0165 a v\u00f4\u0148u. Obal chr\u00e1ni pred svetlom a vzduchom, ke\u010f\u017ee sa sklad\u00e1 z nieko\u013ek\u00fdch ochrann\u00fdch vrstiev, ktor\u00e9 uchov\u00e1vaj\u00fa vlastnosti obsahu vn\u00fatri.<br \/>\nObal je ve\u013emi praktick\u00fd a recyklovate\u013en\u00fd.<\/p>\n<h2>P\u00f4vod<\/h2>\n<p>India alebo Sr\u00ed Lanka<\/p>\n","protected":false},"excerpt":{"rendered":"<p>Senovka gr\u00e9cka je bohat\u00e1 na bielkoviny, vitam\u00edny (najm\u00e4 vitam\u00edn D) a miner\u00e1ly, ako aj fenolov\u00e9 a flavonoidov\u00e9 zl\u00fa\u010deniny. M\u00e1 ostr\u00fa chu\u0165 a v\u00fdrazn\u00fa v\u00f4\u0148u. Je pova\u017eovan\u00e1 za jednu z najstar\u0161\u00edch rastl\u00edn pou\u017e\u00edvan\u00fdch v medic\u00edne a kuchyni. Tradi\u010dne sa triplat pou\u017e\u00edva na lie\u010dbu cukrovky, cholesterolu, an\u00e9mie, ako aj bru\u0161n\u00fdch a tr\u00e1viacich por\u00fach a chronick\u00e9ho ka\u0161\u013ea. Pou\u017e\u00edva sa v tradi\u010dnej \u010d\u00ednskej medic\u00edne a ajurv\u00e9de.<\/p>\n<p>\ud83d\udc9a Pom\u00e1ha zv\u00fd\u0161i\u0165 tvorbu mlieka po\u010das doj\u010denia.<br \/>\n\ud83d\udc9a Reguluje hladinu cukru v krvi.<br \/>\n\ud83d\udc9a Reguluje cholesterol.<br \/>\n\ud83d\udc9a Zlep\u0161uje tr\u00e1venie.<\/p>\n","protected":false},"featured_media":6253,"comment_status":"open","ping_status":"closed","template":"","meta":{"_acf_changed":false},"product_brand":[],"product_cat":[15,205,224,225],"product_tag":[],"class_list":{"0":"post-6252","1":"product","2":"type-product","3":"status-publish","4":"has-post-thumbnail","6":"product_cat-uncategorized","7":"product_cat-caj-jedlo-a-koreniny","8":"product_cat-ponuka","9":"product_cat-vsetky-produkty","11":"first","12":"instock","13":"sale","14":"taxable","15":"shipping-taxable","16":"purchasable","17":"product-type-simple"},"acf":[],"_links":{"self":[{"href":"https:\/\/fengchashop.com\/sk\/wp-json\/wp\/v2\/product\/6252","targetHints":{"allow":["GET"]}}],"collection":[{"href":"https:\/\/fengchashop.com\/sk\/wp-json\/wp\/v2\/product"}],"about":[{"href":"https:\/\/fengchashop.com\/sk\/wp-json\/wp\/v2\/types\/product"}],"replies":[{"embeddable":true,"href":"https:\/\/fengchashop.com\/sk\/wp-json\/wp\/v2\/comments?post=6252"}],"wp:featuredmedia":[{"embeddable":true,"href":"https:\/\/fengchashop.com\/sk\/wp-json\/wp\/v2\/media\/6253"}],"wp:attachment":[{"href":"https:\/\/fengchashop.com\/sk\/wp-json\/wp\/v2\/media?parent=6252"}],"wp:term":[{"taxonomy":"product_brand","embeddable":true,"href":"https:\/\/fengchashop.com\/sk\/wp-json\/wp\/v2\/product_brand?post=6252"},{"taxonomy":"product_cat","embeddable":true,"href":"https:\/\/fengchashop.com\/sk\/wp-json\/wp\/v2\/product_cat?post=6252"},{"taxonomy":"product_tag","embeddable":true,"href":"https:\/\/fengchashop.com\/sk\/wp-json\/wp\/v2\/product_tag?post=6252"}],"curies":[{"name":"wp","href":"https:\/\/api.w.org\/{rel}","templated":true}]}}