{"id":6249,"date":"2022-05-23T15:45:25","date_gmt":"2022-05-23T13:45:25","guid":{"rendered":"https:\/\/fengchashop.com\/sk\/product\/cimet-cejlonski-v-prahu-bio-250-g\/"},"modified":"2026-04-18T17:07:18","modified_gmt":"2026-04-18T15:07:18","slug":"cejlonsky-skoricovy-prasok-bio","status":"publish","type":"product","link":"https:\/\/fengchashop.com\/sk\/product\/cejlonsky-skoricovy-prasok-bio\/","title":{"rendered":"Cejl\u00f3nsky \u0161koricov\u00fd pr\u00e1\u0161ok BIO 250 g"},"content":{"rendered":"<h2 style=\"text-align: justify\"><span style=\"color: #000000\">Cejl\u00f3nsky \u0161koricov\u00fd pr\u00e1\u0161ok BIO<\/span><\/h2>\n<p><span style=\"color: #000000\">Vlas\u0165ou cejl\u00f3nskej \u0161korice je Sr\u00ed Lanka (kedysi naz\u00fdvan\u00e1 Cejl\u00f3n, pod\u013ea ktorej dostala \u0161korica svoje meno). V porovnan\u00ed s \u010d\u00ednskou \u0161koricou alebo kasiou, ktor\u00fa v\u00e4\u010d\u0161ina z n\u00e1s pozn\u00e1 a je dostupn\u00e1 vo v\u00e4\u010d\u0161ine obchodov, je t\u00e1to prav\u00e1 \u0161korica vz\u00e1cnej\u0161ia, a teda ove\u013ea hodnotnej\u0161ia. Na Sr\u00ed Lanke sa vyr\u00e1baj\u00fa r\u00f4zne kvality \u0161korice a na\u0161a vybran\u00e1 cejl\u00f3nska \u0161korica m\u00e1 rafinovan\u00fa a jemn\u00fa v\u00f4\u0148u. M\u00e1 jemn\u00fa sladk\u00fa chu\u0165 a pou\u017e\u00edva sa ako pr\u00edsada do dezertov, komp\u00f3tov, pe\u010diva, kol\u00e1\u010dov a kol\u00e1\u010dikov, pun\u010du a varen\u00e9ho v\u00edna. Korenie sa n\u00edm med, \u010dokol\u00e1da, orechy, \u010dili, mlie\u010dne v\u00fdrobky, brusnice, pe\u010den\u00e9 jablk\u00e1 a ban\u00e1ny. \u0160koricu m\u00f4\u017eete posypa\u0165 ovoc\u00edm (ovocn\u00e9 \u0161al\u00e1ty, dusen\u00e9 ovocie) a cere\u00e1liami, prida\u0165 ju do jogurtu, ry\u017eov\u00e9ho mlieka, tvarohu a r\u00f4znych mlie\u010dnych a ovocn\u00fdch n\u00e1pojov. Hod\u00ed sa aj do \u010daju a k\u00e1vy, ale aj kakaa a horkej \u010dokol\u00e1dy. \u0160korica je aj najob\u013e\u00fabenej\u0161\u00edm viano\u010dn\u00fdm koren\u00edm. V skuto\u010dnosti je \u0161korica jedn\u00fdm z najv\u0161estrannej\u0161\u00edch koren\u00ed, ktor\u00e9 mo\u017eno pou\u017ei\u0165 v r\u00f4znych, niekedy nezvy\u010dajn\u00fdch kombin\u00e1ci\u00e1ch, najm\u00e4 v orient\u00e1lnej a mexickej kuchyni (napr\u00edklad v kari). Tradi\u010dne sa pou\u017e\u00edva na vylep\u0161enie jed\u00e1l.<\/span><\/p>\n<p><span style=\"color: #000000\">Na\u0161a \u0161korica je z bio produkcie.<\/span><\/p>\n<h2><span style=\"color: #000000\">Skladovanie<\/span><\/h2>\n<p style=\"text-align: justify\"><span style=\"color: #000000\">Skladujte na suchom, tmavom a chladnom mieste. Uistite sa, \u017ee je vrecko dobre utesnen\u00e9.<\/span><\/p>\n<h2><span style=\"color: #000000\">Balenie<\/span><\/h2>\n<p><span style=\"color: #000000\">Vzduchotesn\u00e9 vrecko so zipsom, kde si produkt zachov\u00e1 v\u0161etku svoju \u010derstvos\u0165 a v\u00f4\u0148u. Obal chr\u00e1ni pred svetlom a vzduchom, ke\u010f\u017ee pozost\u00e1va z nieko\u013ek\u00fdch vrstiev ochrany, ktor\u00e9 zachov\u00e1vaj\u00fa vlastnosti obsahu.<\/span><\/p>\n<p><span style=\"color: #000000\">Obal je ve\u013emi praktick\u00fd a umo\u017e\u0148uje recykl\u00e1ciu.<\/span><\/p>\n<h2><span style=\"color: #000000\">P\u00f4vod<\/span><\/h2>\n<p><span style=\"color: #000000\">Sr\u00ed Lanka<\/span><\/p>\n","protected":false},"excerpt":{"rendered":"<p>\u0160koricu mo\u017eno kombinova\u0165 s vanilkou, koriandrom a mu\u0161k\u00e1tov\u00fdm orie\u0161kom a obzvl\u00e1\u0161\u0165 chutn\u00e1 a prospe\u0161n\u00e1 pre na\u0161e zdravie v spojen\u00ed s klin\u010dekmi alebo kurkumou. Vyu\u017eitie n\u00e1jde aj v dom\u00e1cej kozmetike a ako doplnok stravy, ke\u010f\u017ee obsahuje ve\u013ea d\u00f4le\u017eit\u00fdch a pre \u010dloveka u\u017eito\u010dn\u00fdch zlo\u017eiek, vyu\u017e\u00edva sa aj v aromaterapii a na prevo\u0148anie miestnost\u00ed. Ke\u010f\u017ee cejl\u00f3nska \u0161korica obsahuje najmenej kumar\u00ednu, ktor\u00fd vraj zle vpl\u00fdva na na\u0161u pe\u010de\u0148 a riedi krv, je ove\u013ea vhodnej\u0161ia na pravideln\u00fa konzum\u00e1ciu.<\/p>\n<p>\ud83d\udc9a Z ekologickej produkcie.<br \/>\n\ud83d\udc9a Regul\u00e1cia cukru v krvi.<br \/>\n\ud83d\udc9a Siln\u00fd antioxidant.<br \/>\n\ud83d\udc9a M\u00e1 antifung\u00e1lne a antimikrobi\u00e1lne vlastnosti.<\/p>\n<p>&nbsp;<\/p>\n","protected":false},"featured_media":6250,"comment_status":"open","ping_status":"closed","template":"","meta":{"_acf_changed":false},"product_brand":[],"product_cat":[15,205,242,224,225],"product_tag":[],"class_list":{"0":"post-6249","1":"product","2":"type-product","3":"status-publish","4":"has-post-thumbnail","6":"product_cat-uncategorized","7":"product_cat-caj-jedlo-a-koreniny","8":"product_cat-dobre-ponuky","9":"product_cat-ponuka","10":"product_cat-vsetky-produkty","12":"first","13":"instock","14":"sale","15":"taxable","16":"shipping-taxable","17":"purchasable","18":"product-type-simple"},"acf":[],"_links":{"self":[{"href":"https:\/\/fengchashop.com\/sk\/wp-json\/wp\/v2\/product\/6249","targetHints":{"allow":["GET"]}}],"collection":[{"href":"https:\/\/fengchashop.com\/sk\/wp-json\/wp\/v2\/product"}],"about":[{"href":"https:\/\/fengchashop.com\/sk\/wp-json\/wp\/v2\/types\/product"}],"replies":[{"embeddable":true,"href":"https:\/\/fengchashop.com\/sk\/wp-json\/wp\/v2\/comments?post=6249"}],"wp:featuredmedia":[{"embeddable":true,"href":"https:\/\/fengchashop.com\/sk\/wp-json\/wp\/v2\/media\/6250"}],"wp:attachment":[{"href":"https:\/\/fengchashop.com\/sk\/wp-json\/wp\/v2\/media?parent=6249"}],"wp:term":[{"taxonomy":"product_brand","embeddable":true,"href":"https:\/\/fengchashop.com\/sk\/wp-json\/wp\/v2\/product_brand?post=6249"},{"taxonomy":"product_cat","embeddable":true,"href":"https:\/\/fengchashop.com\/sk\/wp-json\/wp\/v2\/product_cat?post=6249"},{"taxonomy":"product_tag","embeddable":true,"href":"https:\/\/fengchashop.com\/sk\/wp-json\/wp\/v2\/product_tag?post=6249"}],"curies":[{"name":"wp","href":"https:\/\/api.w.org\/{rel}","templated":true}]}}