{"id":6238,"date":"2022-05-23T14:49:05","date_gmt":"2022-05-23T12:49:05","guid":{"rendered":"https:\/\/fengchashop.com\/sk\/product\/organicky-ibistek-250-g\/"},"modified":"2026-04-18T17:51:29","modified_gmt":"2026-04-18T15:51:29","slug":"organicky-ibistek","status":"publish","type":"product","link":"https:\/\/fengchashop.com\/sk\/product\/organicky-ibistek\/","title":{"rendered":"Organick\u00fd ibi\u0161tek 250 g"},"content":{"rendered":"<h2 style=\"text-align: justify\"><span style=\"color: #000000\">Bio ibi\u0161teka<\/span><\/h2>\n<p style=\"text-align: justify\"><span style=\"color: #000000\">Ibi\u0161ek je rastlina s ve\u013ek\u00fdmi \u010derven\u00fdmi kvetmi. Ibi\u0161ek <strong>je mimoriadne prospe\u0161n\u00fd pre zdravie<\/strong>. Obsahuje vitam\u00edn A, vitam\u00edn C, zinok, vitam\u00edn B, vl\u00e1kninu, me\u010f, bielkoviny a vitam\u00edn B2. Je mimoriadne ob\u013e\u00faben\u00fd ako <strong>okrasn\u00e1 rastlina<\/strong> a kvety ibi\u0161teka s\u00fa <strong>hlavnou zlo\u017ekou<\/strong> v\u00e4\u010d\u0161iny ovocn\u00fdch \u010dajov na pultoch obchodov s potravinami.<\/span><\/p>\n<p style=\"text-align: justify\"><span style=\"color: #000000\">Hoci v\u00e4\u010d\u0161inou mysl\u00edme na \u010daj, v kuchyni m\u00f4\u017eete s kvetmi ibi\u0161teka robi\u0165 aj mnoho in\u00fdch vec\u00ed.<\/span><\/p>\n<h2 style=\"text-align: justify\"><span style=\"color: #000000\">Skladovanie<\/span><\/h2>\n<p style=\"text-align: justify\"><span style=\"color: #000000\">Skladujte na suchom, tmavom a chladnom mieste. Uistite sa, \u017ee vrecko alebo \u0161katu\u013ea je pevne uzavret\u00e1.<\/span><\/p>\n<h2 style=\"text-align: justify\"><span style=\"color: #000000\">Balenie<\/span><\/h2>\n<p><span style=\"color: #000000\">Nepriepustn\u00e9 vrecko na zips, v ktorom si v\u00fdrobok zachov\u00e1 v\u0161etku \u010derstvos\u0165 a ar\u00f3mu. Obal chr\u00e1ni pred svetlom a vzduchom, preto\u017ee je zlo\u017een\u00fd z nieko\u013ek\u00fdch ochrann\u00fdch vrstiev na zachovanie vlastnost\u00ed obsahu.<\/span><\/p>\n<p><span style=\"color: #000000\">Obal je ve\u013emi praktick\u00fd a recyklovate\u013en\u00fd.<\/span><\/p>\n<h2><span style=\"color: #000000\">P\u00f4vod<\/span><\/h2>\n<p><span style=\"color: #000000\">Niger<\/span><\/p>\n","protected":false},"excerpt":{"rendered":"<p style=\"text-align: justify\">Kvety ibi\u0161teka s\u00fa hlavnou zlo\u017ekou v\u00e4\u010d\u0161iny ovocn\u00fdch \u010dajov. Kvety ibi\u0161teka sa m\u00f4\u017eu prid\u00e1va\u0165 aj do r\u00f4znych alkoholick\u00fdch a nealkoholick\u00fdch n\u00e1pojov. Z ibi\u0161teka sa d\u00e1 vyrobi\u0165 gin, ktor\u00fd je v\u010faka ibi\u0161teku sfarben\u00fd do kr\u00e1snej ru\u017eovej farby a m\u00e1 v\u00fdrazn\u00fa chu\u0165. Ibi\u0161ek mo\u017eno pou\u017ei\u0165 aj do zmes\u00ed koren\u00edn, \u0161al\u00e1tov, zeleninov\u00fdch a m\u00e4sov\u00fdch jed\u00e1l, dezertov a kr\u00e9mov.<\/p>\n<p>\ud83d\udc9a Ibi\u0161ek je vynikaj\u00faci na zn\u00ed\u017eenie vysok\u00e9ho krvn\u00e9ho tlaku.<\/p>\n<p>\ud83d\udc9a Pom\u00e1ha zmier\u0148ova\u0165 pr\u00edznaky depresie a nervozity.<\/p>\n<p>\ud83d\udc9a V\u010faka vitam\u00ednu C a A je v\u00fdborn\u00fd na ple\u0165.<\/p>\n<p>\ud83d\udc9a M\u00e1 antioxida\u010dn\u00e9 vlastnosti.<\/p>\n","protected":false},"featured_media":6239,"comment_status":"open","ping_status":"closed","template":"","meta":{"_acf_changed":false},"product_brand":[],"product_cat":[15,239,205,224,225],"product_tag":[],"class_list":{"0":"post-6238","1":"product","2":"type-product","3":"status-publish","4":"has-post-thumbnail","6":"product_cat-uncategorized","7":"product_cat-caj","8":"product_cat-caj-jedlo-a-koreniny","9":"product_cat-ponuka","10":"product_cat-vsetky-produkty","12":"first","13":"instock","14":"sale","15":"taxable","16":"shipping-taxable","17":"purchasable","18":"product-type-simple"},"acf":[],"_links":{"self":[{"href":"https:\/\/fengchashop.com\/sk\/wp-json\/wp\/v2\/product\/6238","targetHints":{"allow":["GET"]}}],"collection":[{"href":"https:\/\/fengchashop.com\/sk\/wp-json\/wp\/v2\/product"}],"about":[{"href":"https:\/\/fengchashop.com\/sk\/wp-json\/wp\/v2\/types\/product"}],"replies":[{"embeddable":true,"href":"https:\/\/fengchashop.com\/sk\/wp-json\/wp\/v2\/comments?post=6238"}],"wp:featuredmedia":[{"embeddable":true,"href":"https:\/\/fengchashop.com\/sk\/wp-json\/wp\/v2\/media\/6239"}],"wp:attachment":[{"href":"https:\/\/fengchashop.com\/sk\/wp-json\/wp\/v2\/media?parent=6238"}],"wp:term":[{"taxonomy":"product_brand","embeddable":true,"href":"https:\/\/fengchashop.com\/sk\/wp-json\/wp\/v2\/product_brand?post=6238"},{"taxonomy":"product_cat","embeddable":true,"href":"https:\/\/fengchashop.com\/sk\/wp-json\/wp\/v2\/product_cat?post=6238"},{"taxonomy":"product_tag","embeddable":true,"href":"https:\/\/fengchashop.com\/sk\/wp-json\/wp\/v2\/product_tag?post=6238"}],"curies":[{"name":"wp","href":"https:\/\/api.w.org\/{rel}","templated":true}]}}