{"id":6163,"date":"2022-05-21T06:15:13","date_gmt":"2022-05-21T04:15:13","guid":{"rendered":"https:\/\/fengchashop.com\/sk\/product\/rooibos-bio-200-g\/"},"modified":"2026-04-17T06:04:05","modified_gmt":"2026-04-17T04:04:05","slug":"rooibos-bio-200-g","status":"publish","type":"product","link":"https:\/\/fengchashop.com\/sk\/product\/rooibos-bio-200-g\/","title":{"rendered":"Rooibos BIO 200 g"},"content":{"rendered":"<h2><span style=\"color: #000000\">Rooibos BIO<\/span><\/h2>\n<p><span style=\"color: #000000\">Rooibos je bylinn\u00fd ker, ktor\u00e9mu sa dar\u00ed v Juhoafrickej republike. Miestni ho volaj\u00fa \u010derven\u00fd ker. Let\u00e1ky s vetvi\u010dkami sa zbieraj\u00fa a su\u0161ia na slnku. Prebieha tu kvasenie, kde sa zelen\u00e9 listy sfarbuj\u00fa do \u010dervena. \u010caj neobsahuje kofe\u00edn a mo\u017eno ho pi\u0165 aj ve\u010der.<\/span><\/p>\n<p><span style=\"color: #000000\">Ide o mimoriadne ob\u013e\u00faben\u00fd n\u00e1poj po celom svete, preto\u017ee zaujme svojou prirodzenou sladkou chu\u0165ou a mnoh\u00fdmi blahodarn\u00fdmi \u00fa\u010dinkami. \u010caj rooibos obsahuje mno\u017estvo antioxidantov, miner\u00e1lov a miner\u00e1lov. N\u00e1\u0161 \u010daj rooibos poch\u00e1dza z ekologick\u00e9ho pestovania.<\/span><\/p>\n<h2><span style=\"color: #000000\">Balenie<\/span><\/h2>\n<p><span style=\"color: #000000\">Nepriepustn\u00e9 vrecko na zips, v ktorom si produkt zachov\u00e1 svoju \u010derstvos\u0165 a v\u00f4\u0148u. Obal chr\u00e1ni pred svetlom a vzduchom, preto\u017ee pozost\u00e1va z nieko\u013ek\u00fdch ochrann\u00fdch vrstiev, ktor\u00e9 zachov\u00e1vaj\u00fa vlastnosti obsahu.<\/span><\/p>\n<p><span style=\"color: #000000\">Obal je ve\u013emi praktick\u00fd a recyklovate\u013en\u00fd.<\/span><\/p>\n<h2><span style=\"color: #000000\">Skladovanie a upozornenia<\/span><\/h2>\n<p><span style=\"color: #000000\">Skladujte na chladnom a suchom mieste. V\u00fd\u017eivov\u00fd doplnok by sa mal skladova\u0165 mimo dosahu det\u00ed!<\/span><\/p>\n<p><span style=\"color: #000000\">Nezab\u00fadajte na pestr\u00fa stravu a zdrav\u00fd \u017eivotn\u00fd \u0161t\u00fdl \u2013 doplnok stravy nem\u00f4\u017ee nahradi\u0165 vyv\u00e1\u017een\u00fa a pestr\u00fa stravu. Neprekra\u010dujte odpor\u00fa\u010dan\u00fa denn\u00fa d\u00e1vku. Tehotn\u00fdm a doj\u010diacim \u017een\u00e1m sa v\u017edy odpor\u00fa\u010da konzultova\u0165 u\u017e\u00edvanie pr\u00edpravku s lek\u00e1rom.<\/span><\/p>\n<h2><span style=\"color: #000000\">Krajina p\u00f4vodu<\/span><\/h2>\n<p><span style=\"color: #000000\">Juhoafrick\u00e1 republika<\/span><\/p>\n","protected":false},"excerpt":{"rendered":"<p>Rooibos je mimoriadne ob\u013e\u00faben\u00fd n\u00e1poj po celom svete, preto\u017ee zaujme svojou prirodzenou sladkou chu\u0165ou a mnoh\u00fdmi blahodarn\u00fdmi \u00fa\u010dinkami.<\/p>\n<p>\ud83d\udc9a Obsahuje ve\u013ea antioxidantov, miner\u00e1lov a stopov\u00fdch prvkov.<br \/>\n\ud83d\udc9a Je z ekologickej produkcie.<\/p>\n","protected":false},"featured_media":6164,"comment_status":"open","ping_status":"closed","template":"","meta":{"_acf_changed":false},"product_brand":[],"product_cat":[15,239,205,224,225],"product_tag":[],"class_list":{"0":"post-6163","1":"product","2":"type-product","3":"status-publish","4":"has-post-thumbnail","6":"product_cat-uncategorized","7":"product_cat-caj","8":"product_cat-caj-jedlo-a-koreniny","9":"product_cat-ponuka","10":"product_cat-vsetky-produkty","12":"first","13":"instock","14":"sale","15":"taxable","16":"shipping-taxable","17":"purchasable","18":"product-type-simple"},"acf":[],"_links":{"self":[{"href":"https:\/\/fengchashop.com\/sk\/wp-json\/wp\/v2\/product\/6163","targetHints":{"allow":["GET"]}}],"collection":[{"href":"https:\/\/fengchashop.com\/sk\/wp-json\/wp\/v2\/product"}],"about":[{"href":"https:\/\/fengchashop.com\/sk\/wp-json\/wp\/v2\/types\/product"}],"replies":[{"embeddable":true,"href":"https:\/\/fengchashop.com\/sk\/wp-json\/wp\/v2\/comments?post=6163"}],"wp:featuredmedia":[{"embeddable":true,"href":"https:\/\/fengchashop.com\/sk\/wp-json\/wp\/v2\/media\/6164"}],"wp:attachment":[{"href":"https:\/\/fengchashop.com\/sk\/wp-json\/wp\/v2\/media?parent=6163"}],"wp:term":[{"taxonomy":"product_brand","embeddable":true,"href":"https:\/\/fengchashop.com\/sk\/wp-json\/wp\/v2\/product_brand?post=6163"},{"taxonomy":"product_cat","embeddable":true,"href":"https:\/\/fengchashop.com\/sk\/wp-json\/wp\/v2\/product_cat?post=6163"},{"taxonomy":"product_tag","embeddable":true,"href":"https:\/\/fengchashop.com\/sk\/wp-json\/wp\/v2\/product_tag?post=6163"}],"curies":[{"name":"wp","href":"https:\/\/api.w.org\/{rel}","templated":true}]}}