{"id":6144,"date":"2022-05-20T18:33:35","date_gmt":"2022-05-20T16:33:35","guid":{"rendered":"https:\/\/fengchashop.com\/sk\/product\/dmso-100-ml\/"},"modified":"2026-04-18T20:31:20","modified_gmt":"2026-04-18T18:31:20","slug":"dmso","status":"publish","type":"product","link":"https:\/\/fengchashop.com\/sk\/product\/dmso\/","title":{"rendered":"DMSO 100 ml"},"content":{"rendered":"<h2>DMSO<\/h2>\n<p>Dimetylsulfoxid, tie\u017e zn\u00e1my ako DMSO, m\u00e1 zvl\u00e1\u0161tnu hist\u00f3riu. Tento ved\u013eaj\u0161\u00ed produkt v\u00fdroby papiera, ktor\u00fd sa na\u0161iel v Nemecku na konci 19. storo\u010dia, sa pou\u017e\u00edva ako rozp\u00fa\u0161\u0165adlo a poch\u00e1dza z chemickej l\u00e1tky nach\u00e1dzaj\u00facej sa v dreve.<\/p>\n<p>Ide o pr\u00edrodn\u00fd produkt vyroben\u00fd z drevnej buni\u010diny a pri spr\u00e1vnom pou\u017e\u00edvan\u00ed nepredstavuje zdravotn\u00e9 riziko. DMSO je organick\u00e1, bezfarebn\u00e1, pr\u00edrodn\u00e1, nesyntetizovan\u00e1 kvapalina odvoden\u00e1 od lign\u00ednu, ktor\u00e1 sa presl\u00e1vila svojou schopnos\u0165ou prech\u00e1dza\u0165 biologick\u00fdmi membr\u00e1nami, ako je ko\u017ea.<\/p>\n<p>Vedci za\u010dali sk\u00fama\u0165 protiz\u00e1palov\u00e9 \u00fa\u010dinky tejto l\u00e1tky v polovici 20. storo\u010dia. DMSO je liek na predpis schv\u00e1len\u00fd FDA (Food and Drug Administration) na lie\u010dbu pr\u00edznakov a sympt\u00f3mov syndr\u00f3mu bolestiv\u00e9ho mo\u010dov\u00e9ho mech\u00fara. Pod\u013ea potreby sa pou\u017e\u00edva aj na lie\u010dbu r\u00f4znych in\u00fdch zdravotn\u00fdch por\u00fach. Je dostupn\u00fd bez lek\u00e1rskeho predpisu a naj\u010dastej\u0161ie sa vyskytuje vo forme g\u00e9lu alebo kr\u00e9mu.<\/p>\n<p>DMSO je v\u0161estrann\u00e9 rozp\u00fa\u0161\u0165adlo. M\u00f4\u017ee sa pod\u00e1va\u0165 intraven\u00f3zne aj peror\u00e1lne, a preto\u017ee r\u00fdchlo prenik\u00e1, dobre sa vstreb\u00e1va do poko\u017eky. \u010casto sa pou\u017e\u00edva na zlep\u0161enie absorpcie in\u00fdch liekov v tele a na lie\u010dbu amyloid\u00f3zy, choroby, pri ktorej sa ur\u010dit\u00e9 prote\u00edny ukladaj\u00fa do tkan\u00edv a org\u00e1nov.<\/p>\n<h2>Ak\u00e9 zdravotn\u00e9 stavy mo\u017eno lie\u010di\u0165 pomocou DMSO?<\/h2>\n<p>\ud83d\udc9a Pri lok\u00e1lnom pou\u017eit\u00ed: na rany, pop\u00e1leniny a poranenia pohybov\u00e9ho apar\u00e1tu sa zni\u017euje nepohodlie a ur\u00fdch\u013euje sa hojenie, \u010d\u00edm sa zni\u017euje v\u00fdskyt jaziev.<\/p>\n<p>\ud83d\udc9a Na lie\u010dbu: z\u00e1palov, reumatoidnej artrit\u00eddy, osteoartrit\u00eddy, \u0161ed\u00e9ho z\u00e1kalu, glauk\u00f3mu, nechtov\u00fdch plesn\u00ed, ko\u017en\u00fdch ochoren\u00ed (lie\u010dba sklerodermie &#8211; ochorenie, ktor\u00e9 sp\u00f4sobuje zjazvenie na ko\u017ei), ved\u013eaj\u0161\u00edch \u00fa\u010dinkov chemoterapie a bolesti hlavy.<\/p>\n<p>Vzh\u013eadom na to, \u017ee DMSO dok\u00e1\u017ee zn\u00ed\u017ei\u0165 alebo odstr\u00e1ni\u0165 boles\u0165 u\u017e v priebehu nieko\u013ek\u00fdch min\u00fat po aplik\u00e1cii, \u010do bolo dok\u00e1zan\u00e9 mnoh\u00fdmi \u0161t\u00fadiami, jeho pou\u017e\u00edvanie narast\u00e1. \u013dudia, ktor\u00ed sa lie\u010dia DMSO sa v\u0161ak s\u0165a\u017euj\u00fa najm\u00e4 na prenikav\u00fd z\u00e1pach l\u00e1tky, ktor\u00e1 pripom\u00edna cesnak.<\/p>\n<p>U\u017e\u00edvanie DMSO pod\u013ea n\u00e1vodu je bezpe\u010dn\u00e9, ke\u010f\u017ee v organizme p\u00f4sob\u00ed ako antioxidant, ktor\u00fd je \u00faplne netoxick\u00fd.<\/p>\n<h2>Ako funguje DMSO?<\/h2>\n<p>\ud83d\udc9a proti zr\u00e1\u017eaniu krvi,<br \/>\n\ud83d\udc9a protiz\u00e1palov\u00e9,<br \/>\n\ud83d\udc9a antiv\u00edrusov\u00e9 a antibakteri\u00e1lne,<br \/>\n\ud83d\udc9a antimykotikum,<br \/>\n\ud83d\udc9a stimuluj\u00faci (stimul\u00e1ciou imunitn\u00e9ho syst\u00e9mu),<br \/>\n\ud83d\udc9a vazodilata\u010dn\u00e9 a<br \/>\n\ud83d\udc9a liek proti bolesti resp analgetikum.<\/p>\n<h2>Drobnosti<\/h2>\n<p>Koncom sedemdesiatych rokov FDA schv\u00e1lila DMSO na pomoc pri lie\u010dbe interstici\u00e1lnej cystit\u00eddy (ochorenie mo\u010dov\u00e9ho mech\u00fara). Zost\u00e1va jedin\u00fdm sp\u00f4sobom schv\u00e1len\u00fdm FDA, ako prepl\u00e1chnu\u0165 (alebo umiestni\u0165) mo\u010dov\u00fd mech\u00far pri tejto chorobe. \u00da\u010dinky DMSO na \u013eud\u00ed s interstici\u00e1lnou cystit\u00eddou zah\u0155\u0148aj\u00fa nasledovn\u00e9:<\/p>\n<p>\ud83d\udc9a zni\u017euje boles\u0165 pri tomto stave,<br \/>\n\ud83d\udc9a uvo\u013e\u0148uje mo\u010dov\u00fd mech\u00far a<br \/>\n\ud83d\udc9a zvy\u0161uje kapacitu mo\u010dov\u00e9ho mech\u00fara.<\/p>\n<p>Molekul\u00e1rna \u0161trukt\u00fara DMSO umo\u017e\u0148uje mnoh\u00fdm molekul\u00e1m, aby sa v \u0148om \u00faplne rozpustili a pre\u0161li tak cez bunkov\u00e9 membr\u00e1ny bez toho, aby ich po\u0161kodili, aj ke\u010f samotn\u00e9 zl\u00fa\u010deniny cez membr\u00e1nu prejs\u0165 nem\u00f4\u017eu. To je d\u00f4vod, pre\u010do sa DMSO \u010dasto nach\u00e1dza v antibakteri\u00e1lnych kr\u00e9moch, protiples\u0148ov\u00fdch o\u0161etreniach o\u010d\u00ed a dokonca aj v steroidoch na cielen\u00fa protiz\u00e1palov\u00fa lie\u010dbu.<\/p>\n<h2><span style=\"color: #000000\">Balenie<\/span><\/h2>\n<p><span style=\"color: #000000\">Obsah balenia: 100 ml<\/span><\/p>\n<p><span style=\"color: #000000\">Zlo\u017eenie: 99,9% Dimethylsulfoxid<\/span><\/p>\n<p><span style=\"color: #000000\">Vo f\u013ea\u0161ti\u010dke s kvapkadlom na \u013eahk\u00e9 d\u00e1vkovanie.<\/span><\/p>\n<h2><span style=\"color: #000000\">Skladovanie a upozornenia<\/span><\/h2>\n<p><span style=\"color: #000000\">Skladujte na chladnom a suchom mieste. V\u00fd\u017eivov\u00fd doplnok by sa mal skladova\u0165 mimo dosahu det\u00ed!<\/span><\/p>\n<p><span style=\"color: #000000\">Nezab\u00fadajte na pestr\u00fa stravu a zdrav\u00fd \u017eivotn\u00fd \u0161t\u00fdl \u2013 doplnok stravy nem\u00f4\u017ee nahradi\u0165 vyv\u00e1\u017een\u00fa a pestr\u00fa stravu. Neprekra\u010dujte odpor\u00fa\u010dan\u00fa denn\u00fa d\u00e1vku. Tehotn\u00fdm a doj\u010diacim \u017een\u00e1m sa v\u017edy odpor\u00fa\u010da konzultova\u0165 u\u017e\u00edvanie pr\u00edpravku s lek\u00e1rom.<\/span><\/p>\n<h2><span style=\"color: #000000\">Krajina p\u00f4vodu<\/span><\/h2>\n<p><span style=\"color: #000000\">Nemecko<\/span><\/p>\n","protected":false},"excerpt":{"rendered":"<p>Super kvalitn\u00e9 DMSO. \u010casto sa pou\u017e\u00edva na zlep\u0161enie vstreb\u00e1vania in\u00fdch lie\u010div v tele a na lie\u010dbu amyloid\u00f3zy, ochorenia, pri ktorom sa niektor\u00e9 prote\u00edny nespr\u00e1vne ukladaj\u00fa v tkaniv\u00e1ch a org\u00e1noch. Vedci za\u010dali sk\u00fama\u0165 protiz\u00e1palov\u00e9 \u00fa\u010dinky tejto l\u00e1tky v polovici 20. storo\u010dia.<\/p>\n<p>\ud83d\udc9a Je z pr\u00edrodnej produkcie.<br \/>\n\ud83d\udc9a M\u00f4\u017ee sa pod\u00e1va\u0165 intraven\u00f3zne aj peror\u00e1lne.<br \/>\n\ud83d\udc9a P\u00f4sob\u00ed proti zr\u00e1\u017eaniu krvi.<br \/>\n\ud83d\udc9a Zvy\u0161uje kapacitu mo\u010dov\u00e9ho mech\u00fara.<\/p>\n","protected":false},"featured_media":6145,"comment_status":"open","ping_status":"closed","template":"","meta":{"_acf_changed":false},"product_brand":[],"product_cat":[15,208,224,234,225],"product_tag":[],"class_list":{"0":"post-6144","1":"product","2":"type-product","3":"status-publish","4":"has-post-thumbnail","6":"product_cat-uncategorized","7":"product_cat-ostatne","8":"product_cat-ponuka","9":"product_cat-spat-na-sklade","10":"product_cat-vsetky-produkty","12":"first","13":"instock","14":"taxable","15":"shipping-taxable","16":"purchasable","17":"product-type-simple"},"acf":[],"_links":{"self":[{"href":"https:\/\/fengchashop.com\/sk\/wp-json\/wp\/v2\/product\/6144","targetHints":{"allow":["GET"]}}],"collection":[{"href":"https:\/\/fengchashop.com\/sk\/wp-json\/wp\/v2\/product"}],"about":[{"href":"https:\/\/fengchashop.com\/sk\/wp-json\/wp\/v2\/types\/product"}],"replies":[{"embeddable":true,"href":"https:\/\/fengchashop.com\/sk\/wp-json\/wp\/v2\/comments?post=6144"}],"wp:featuredmedia":[{"embeddable":true,"href":"https:\/\/fengchashop.com\/sk\/wp-json\/wp\/v2\/media\/6145"}],"wp:attachment":[{"href":"https:\/\/fengchashop.com\/sk\/wp-json\/wp\/v2\/media?parent=6144"}],"wp:term":[{"taxonomy":"product_brand","embeddable":true,"href":"https:\/\/fengchashop.com\/sk\/wp-json\/wp\/v2\/product_brand?post=6144"},{"taxonomy":"product_cat","embeddable":true,"href":"https:\/\/fengchashop.com\/sk\/wp-json\/wp\/v2\/product_cat?post=6144"},{"taxonomy":"product_tag","embeddable":true,"href":"https:\/\/fengchashop.com\/sk\/wp-json\/wp\/v2\/product_tag?post=6144"}],"curies":[{"name":"wp","href":"https:\/\/api.w.org\/{rel}","templated":true}]}}