{"id":6112,"date":"2022-05-20T16:26:40","date_gmt":"2022-05-20T14:26:40","guid":{"rendered":"https:\/\/fengchashop.com\/sk\/product\/drvene-kakaove-boby-bio-250-g\/"},"modified":"2026-04-14T21:31:27","modified_gmt":"2026-04-14T19:31:27","slug":"drvene-kakaove-boby-bio","status":"publish","type":"product","link":"https:\/\/fengchashop.com\/sk\/product\/drvene-kakaove-boby-bio\/","title":{"rendered":"Drven\u00e9 kakaov\u00e9 b\u00f4by BIO 250 g"},"content":{"rendered":"<h2><span style=\"color: #000000\">Drven\u00e9 kakaov\u00e9 b\u00f4by BIO<\/span><\/h2>\n<p><span style=\"color: #000000\">Kakaov\u00e9 b\u00f4by alebo semen\u00e1, z ktor\u00fdch sa kakao z\u00edskava, rast\u00fa v strukoch na strome zvanom kakaovn\u00edk. Kakaovn\u00edk Theobroma. Kakao je ob\u013e\u00fabenou potravinou u\u017e tis\u00edce rokov. P\u00f4vodne rastie v Ju\u017enej a Strednej Amerike. Je z\u00e1kladnou surovinou na pr\u00edpravu v\u0161etk\u00fdch druhov \u010dokol\u00e1dy.<\/span><\/p>\n<p><span style=\"color: #000000\">Kakao obsahuje z\u010faleka najviac antioxidantov zo v\u0161etk\u00fdch potrav\u00edn. Obsahuje trikr\u00e1t viac ako zelen\u00fd \u010daj. Okrem toho obsahuje aj mno\u017estvo miner\u00e1lov ako drasl\u00edk, zinok, hor\u010d\u00edk, \u017eelezo a v\u00e1pnik. Z\u00e1rove\u0148 je aj zdrojom bielkov\u00edn a vl\u00e1kniny. To v\u0161etko je d\u00f4le\u017eit\u00e9 pre udr\u017eanie n\u00e1\u0161ho zdravia. Obsahuje aj \u017eiviny, ktor\u00e9 priaznivo p\u00f4sobia na n\u00e1\u0161 obehov\u00fd syst\u00e9m, ke\u010f\u017ee riedia krv a zabra\u0148uj\u00fa tvorbe zrazen\u00edn. V\u010faka zv\u00fd\u0161eniu hladiny seroton\u00ednu v mozgu zlep\u0161uje n\u00e1ladu. V skuto\u010dnosti obsahuje a\u017e 300 r\u00f4znych zl\u00fa\u010den\u00edn, ktor\u00e9 m\u00f4\u017eu ma\u0165 vplyv na zlep\u0161enie na\u0161ej n\u00e1lady.<\/span><\/p>\n<p><span style=\"color: #000000\">Kakaov\u00e9 b\u00f4by tohto kakaa s\u00fa ru\u010dne zbieran\u00e9. Vybran\u00e9 zrn\u00e1 sa najsk\u00f4r fermentuj\u00fa, aby sa mierne zjemnila charakteristick\u00e1 horkos\u0165. Kakaov\u00e9 b\u00f4by si tak zachovaj\u00fa svoju nutri\u010dn\u00fa hodnotu bez prid\u00e1vania zbyto\u010dn\u00fdch pr\u00edsad. Aby ste vyu\u017eili v\u0161etky pozit\u00edvne \u00fa\u010dinky, posta\u010d\u00ed skonzumova\u0165 25-30 gramov kakaa denne.<\/span><\/p>\n<p><span style=\"color: #000000\">Kakao Criollo je najcennej\u0161ie kakao na svete. Tieto kakaov\u00e9 b\u00f4by s\u00fa tie\u017e organick\u00e9.<\/span><\/p>\n<p><span style=\"color: #000000\">Pre \u013eah\u0161iu konzum\u00e1ciu sa tvrd\u00e9 kakaov\u00e9 b\u00f4by rozdrvia na men\u0161ie k\u00fasky.<\/span><\/p>\n<p><span style=\"color: #000000\">Chutia ako \u010dokol\u00e1da, no z\u00e1rove\u0148 ako orie\u0161ky.<\/span><\/p>\n<h2><span style=\"color: #000000\">Pre\u010do kupova\u0165 na\u0161e drven\u00e9 kakaov\u00e9 b\u00f4by?<\/span><\/h2>\n<p><span style=\"color: #000000\">Jednoducho preto:<\/span><\/p>\n<p><span style=\"color: #000000\">1. S\u00fa z kontrolovanej ekologickej produkcie a teda to najlep\u0161ie, \u010do v\u00e1m m\u00f4\u017eeme pon\u00faknu\u0165.<\/span><\/p>\n<p><span style=\"color: #000000\">2. S\u00fa z cel\u00fdch z\u0155n. \u010co to vlastne znamen\u00e1? Znamen\u00e1 to, \u017ee kakaov\u00e9 b\u00f4by resp po zbere sa semen\u00e1 iba fermentuj\u00fa a su\u0161ia pri n\u00edzkych teplot\u00e1ch. Ale nie s\u00fa pra\u017een\u00e9 ani nijak chemicky upravovan\u00e9. Takto si toto jedlo bohov, ako sa \u010dasto hovor\u00ed, zachov\u00e1va v\u00e4\u010d\u0161inu svojich nutri\u010dn\u00fdch hodn\u00f4t, vr\u00e1tane antioxidantov, ktor\u00e9 s\u00fa pre n\u00e1s tak\u00e9 d\u00f4le\u017eit\u00e9.<\/span><\/p>\n<p><span style=\"color: #000000\">3. S\u00fa bez pr\u00edsad a in\u00fdch nepotrebn\u00fdch pr\u00edsad.<\/span><\/p>\n<p><span style=\"color: #000000\">4. Criollo cacao je najlep\u0161ia a najcennej\u0161ia odroda kakaa na svete.<\/span><\/p>\n<p><span style=\"color: #000000\">V\u00fdhern\u00e1 kombin\u00e1cia, ktor\u00e1 uspokoj\u00ed aj t\u00fdch najn\u00e1ro\u010dnej\u0161\u00edch.<\/span><\/p>\n<h2><span style=\"color: #000000\">Skladovanie<\/span><\/h2>\n<p><span style=\"color: #000000\">Skladujte na suchom, tmavom a chladnom mieste. Uistite sa, \u017ee je vrecko dobre utesnen\u00e9.<\/span><\/p>\n<h2><span style=\"color: #000000\">Balenie<\/span><\/h2>\n<p><span style=\"color: #000000\">Vzduchotesn\u00e9 vrecko so zipsom, kde si produkt zachov\u00e1 v\u0161etku svoju \u010derstvos\u0165 a v\u00f4\u0148u. Obal chr\u00e1ni pred svetlom a vzduchom, ke\u010f\u017ee pozost\u00e1va z nieko\u013ek\u00fdch vrstiev ochrany, ktor\u00e9 zachov\u00e1vaj\u00fa vlastnosti obsahu.<\/span><\/p>\n<p><span style=\"color: #000000\">Obal je ve\u013emi praktick\u00fd a umo\u017e\u0148uje recykl\u00e1ciu.<\/span><\/p>\n<h2><span style=\"color: #000000\">P\u00f4vod<\/span><\/h2>\n<p><span style=\"color: #000000\">Peru<\/span><\/p>\n","protected":false},"excerpt":{"rendered":"<p>Kakao obsahuje z\u010faleka najviac antioxidantov zo v\u0161etk\u00fdch potrav\u00edn a tie\u017e ve\u013ea miner\u00e1lov, ako je drasl\u00edk, zinok, hor\u010d\u00edk, \u017eelezo a v\u00e1pnik. Z\u00e1rove\u0148 je tie\u017e bohat\u00fdm zdrojom bielkov\u00edn a vl\u00e1kniny. To v\u0161etko je d\u00f4le\u017eit\u00e9 pre udr\u017eanie n\u00e1\u0161ho zdravia. Obsahuje tie\u017e ve\u013ea \u017eiv\u00edn, ktor\u00e9 priaznivo vpl\u00fdvaj\u00fa na n\u00e1\u0161 obehov\u00fd syst\u00e9m, ke\u010f\u017ee riedi krv a zabra\u0148uje tvorbe zrazen\u00edn. Zlep\u0161uje n\u00e1ladu v\u010faka zv\u00fd\u0161eniu hlad\u00edn seroton\u00ednu v mozgu. V skuto\u010dnosti obsahuje a\u017e 300 r\u00f4znych zl\u00fa\u010den\u00edn, ktor\u00e9 m\u00f4\u017eu ovplyvni\u0165 na\u0161u n\u00e1ladu. Ke\u010f\u017ee kakao je surov\u00e9, je o nie\u010do horkej\u0161ie, ako sme zvyknut\u00ed, no pr\u00e1ve preto je ove\u013ea zdrav\u0161ie. Aby ste vyu\u017eili v\u0161etky pozit\u00edvne \u00fa\u010dinky, posta\u010d\u00ed skonzumova\u0165 25-30 gramov kakaa denne.<\/p>\n<p>\ud83d\udc9a Je z kontrolovanej bio produkcie.<br \/>\n\ud83d\udc9a S\u00fa bez pr\u00edsad.<br \/>\n\ud83d\udc9a Kakao Criollo je najcennej\u0161ie kakao na svete.<\/p>\n","protected":false},"featured_media":6113,"comment_status":"open","ping_status":"closed","template":"","meta":{"_acf_changed":false},"product_brand":[],"product_cat":[15,224,225],"product_tag":[],"class_list":{"0":"post-6112","1":"product","2":"type-product","3":"status-publish","4":"has-post-thumbnail","6":"product_cat-uncategorized","7":"product_cat-ponuka","8":"product_cat-vsetky-produkty","10":"first","11":"instock","12":"sale","13":"taxable","14":"shipping-taxable","15":"purchasable","16":"product-type-simple"},"acf":[],"_links":{"self":[{"href":"https:\/\/fengchashop.com\/sk\/wp-json\/wp\/v2\/product\/6112","targetHints":{"allow":["GET"]}}],"collection":[{"href":"https:\/\/fengchashop.com\/sk\/wp-json\/wp\/v2\/product"}],"about":[{"href":"https:\/\/fengchashop.com\/sk\/wp-json\/wp\/v2\/types\/product"}],"replies":[{"embeddable":true,"href":"https:\/\/fengchashop.com\/sk\/wp-json\/wp\/v2\/comments?post=6112"}],"wp:featuredmedia":[{"embeddable":true,"href":"https:\/\/fengchashop.com\/sk\/wp-json\/wp\/v2\/media\/6113"}],"wp:attachment":[{"href":"https:\/\/fengchashop.com\/sk\/wp-json\/wp\/v2\/media?parent=6112"}],"wp:term":[{"taxonomy":"product_brand","embeddable":true,"href":"https:\/\/fengchashop.com\/sk\/wp-json\/wp\/v2\/product_brand?post=6112"},{"taxonomy":"product_cat","embeddable":true,"href":"https:\/\/fengchashop.com\/sk\/wp-json\/wp\/v2\/product_cat?post=6112"},{"taxonomy":"product_tag","embeddable":true,"href":"https:\/\/fengchashop.com\/sk\/wp-json\/wp\/v2\/product_tag?post=6112"}],"curies":[{"name":"wp","href":"https:\/\/api.w.org\/{rel}","templated":true}]}}