{"id":6103,"date":"2022-05-20T15:37:07","date_gmt":"2022-05-20T13:37:07","guid":{"rendered":"https:\/\/fengchashop.com\/sk\/product\/kakaovy-prasok-bio-250-g\/"},"modified":"2026-04-18T16:12:31","modified_gmt":"2026-04-18T14:12:31","slug":"kakaovy-prasok-bio","status":"publish","type":"product","link":"https:\/\/fengchashop.com\/sk\/product\/kakaovy-prasok-bio\/","title":{"rendered":"Kakaov\u00fd pr\u00e1\u0161ok BIO 250 g"},"content":{"rendered":"<h2 style=\"text-align: justify\"><span style=\"color: #000000\">Kakaov\u00fd pr\u00e1\u0161ok BIO<\/span><\/h2>\n<p>Kakaov\u00e9 b\u00f4by alebo semen\u00e1, z ktor\u00fdch sa kakao z\u00edskava, rast\u00fa v strukoch na strome zvanom kakaovn\u00edk. Kakaovn\u00edk Theobroma. Kakao je ob\u013e\u00fabenou potravinou u\u017e tis\u00edce rokov. P\u00f4vodne rastie v Ju\u017enej a Strednej Amerike. Je z\u00e1kladnou surovinou na pr\u00edpravu v\u0161etk\u00fdch druhov \u010dokol\u00e1dy.<\/p>\n<p>Kakao obsahuje z\u010faleka najviac antioxidantov zo v\u0161etk\u00fdch potrav\u00edn. Obsahuje trikr\u00e1t viac ako zelen\u00fd \u010daj. Okrem toho obsahuje aj mno\u017estvo miner\u00e1lov ako drasl\u00edk, zinok, hor\u010d\u00edk, \u017eelezo a v\u00e1pnik. Z\u00e1rove\u0148 je aj zdrojom bielkov\u00edn a vl\u00e1kniny. To v\u0161etko je d\u00f4le\u017eit\u00e9 pre udr\u017eanie n\u00e1\u0161ho zdravia. Obsahuje aj \u017eiviny, ktor\u00e9 priaznivo p\u00f4sobia na n\u00e1\u0161 obehov\u00fd syst\u00e9m, ke\u010f\u017ee riedia krv a zabra\u0148uj\u00fa tvorbe zrazen\u00edn. V\u010faka zv\u00fd\u0161eniu hladiny seroton\u00ednu v mozgu zlep\u0161uje n\u00e1ladu. V skuto\u010dnosti obsahuje a\u017e 300 r\u00f4znych zl\u00fa\u010den\u00edn, ktor\u00e9 m\u00f4\u017eu ma\u0165 vplyv na zlep\u0161enie na\u0161ej n\u00e1lady.<\/p>\n<p>Kakaov\u00e9 b\u00f4by tohto kakaa s\u00fa ru\u010dne zbieran\u00e9. Vybran\u00e9 zrn\u00e1 sa najsk\u00f4r fermentuj\u00fa, aby sa mierne zjemnila charakteristick\u00e1 horkos\u0165. Kakaov\u00e9 b\u00f4by si tak zachovaj\u00fa svoju nutri\u010dn\u00fa hodnotu bez prid\u00e1vania zbyto\u010dn\u00fdch pr\u00edsad. Aby ste vyu\u017eili v\u0161etky pozit\u00edvne \u00fa\u010dinky, posta\u010d\u00ed skonzumova\u0165 25-30 gramov kakaa denne.<\/p>\n<h2>Skladovanie<\/h2>\n<p>Skladujte na suchom, tmavom a chladnom mieste. Uistite sa, \u017ee je vrecko dobre utesnen\u00e9.<\/p>\n<h2>Balenie<\/h2>\n<p>Vzduchotesn\u00e9 vrecko so zipsom, kde si produkt zachov\u00e1 v\u0161etku svoju \u010derstvos\u0165 a v\u00f4\u0148u. Obal chr\u00e1ni pred svetlom a vzduchom, ke\u010f\u017ee pozost\u00e1va z nieko\u013ek\u00fdch vrstiev ochrany, ktor\u00e9 zachov\u00e1vaj\u00fa vlastnosti obsahu.<\/p>\n<p>Obal je ve\u013emi praktick\u00fd a umo\u017e\u0148uje recykl\u00e1ciu.<\/p>\n<h2>P\u00f4vod<\/h2>\n<p style=\"text-align: justify\"><span style=\"color: #000000\">Afrika<\/span><\/p>\n","protected":false},"excerpt":{"rendered":"<p>Kakao obsahuje z\u010faleka najviac antioxidantov zo v\u0161etk\u00fdch potrav\u00edn. Obsahuje trikr\u00e1t viac ako zelen\u00fd \u010daj. Okrem toho obsahuje aj mno\u017estvo miner\u00e1lov ako drasl\u00edk, zinok, hor\u010d\u00edk, \u017eelezo a v\u00e1pnik. Z\u00e1rove\u0148 je aj zdrojom bielkov\u00edn a vl\u00e1kniny. To v\u0161etko je d\u00f4le\u017eit\u00e9 pre udr\u017eanie n\u00e1\u0161ho zdravia. Obsahuje aj \u017eiviny, ktor\u00e9 priaznivo p\u00f4sobia na n\u00e1\u0161 obehov\u00fd syst\u00e9m, ke\u010f\u017ee riedia krv a zabra\u0148uj\u00fa tvorbe zrazen\u00edn. V\u010faka zv\u00fd\u0161eniu hladiny seroton\u00ednu v mozgu zlep\u0161uje n\u00e1ladu. V skuto\u010dnosti obsahuje a\u017e 300 r\u00f4znych zl\u00fa\u010den\u00edn, ktor\u00e9 m\u00f4\u017eu ma\u0165 vplyv na zlep\u0161enie na\u0161ej n\u00e1lady.<\/p>\n<p>\ud83d\udc9a M\u00e1 vysok\u00fd obsah antioxidantov.<br \/>\n\ud83d\udc9a Je bez pr\u00edsad.<br \/>\n\ud83d\udc9a Zlep\u0161uje n\u00e1m n\u00e1ladu.<br \/>\n\ud83d\udc9a Je z kontrolovanej ekologickej v\u00fdroby.<\/p>\n","protected":false},"featured_media":6104,"comment_status":"open","ping_status":"closed","template":"","meta":{"_acf_changed":false},"product_brand":[],"product_cat":[15,205,242,224,225],"product_tag":[],"class_list":{"0":"post-6103","1":"product","2":"type-product","3":"status-publish","4":"has-post-thumbnail","6":"product_cat-uncategorized","7":"product_cat-caj-jedlo-a-koreniny","8":"product_cat-dobre-ponuky","9":"product_cat-ponuka","10":"product_cat-vsetky-produkty","12":"first","13":"instock","14":"sale","15":"taxable","16":"shipping-taxable","17":"purchasable","18":"product-type-simple"},"acf":[],"_links":{"self":[{"href":"https:\/\/fengchashop.com\/sk\/wp-json\/wp\/v2\/product\/6103","targetHints":{"allow":["GET"]}}],"collection":[{"href":"https:\/\/fengchashop.com\/sk\/wp-json\/wp\/v2\/product"}],"about":[{"href":"https:\/\/fengchashop.com\/sk\/wp-json\/wp\/v2\/types\/product"}],"replies":[{"embeddable":true,"href":"https:\/\/fengchashop.com\/sk\/wp-json\/wp\/v2\/comments?post=6103"}],"wp:featuredmedia":[{"embeddable":true,"href":"https:\/\/fengchashop.com\/sk\/wp-json\/wp\/v2\/media\/6104"}],"wp:attachment":[{"href":"https:\/\/fengchashop.com\/sk\/wp-json\/wp\/v2\/media?parent=6103"}],"wp:term":[{"taxonomy":"product_brand","embeddable":true,"href":"https:\/\/fengchashop.com\/sk\/wp-json\/wp\/v2\/product_brand?post=6103"},{"taxonomy":"product_cat","embeddable":true,"href":"https:\/\/fengchashop.com\/sk\/wp-json\/wp\/v2\/product_cat?post=6103"},{"taxonomy":"product_tag","embeddable":true,"href":"https:\/\/fengchashop.com\/sk\/wp-json\/wp\/v2\/product_tag?post=6103"}],"curies":[{"name":"wp","href":"https:\/\/api.w.org\/{rel}","templated":true}]}}