{"id":6096,"date":"2022-05-20T14:55:43","date_gmt":"2022-05-20T12:55:43","guid":{"rendered":"https:\/\/fengchashop.com\/sk\/product\/golden-latte-bio-250-g\/"},"modified":"2026-04-18T12:15:02","modified_gmt":"2026-04-18T10:15:02","slug":"golden-latte-bio","status":"publish","type":"product","link":"https:\/\/fengchashop.com\/sk\/product\/golden-latte-bio\/","title":{"rendered":"Golden latte BIO 250 g"},"content":{"rendered":"<h2><span style=\"color: #000000\">Golden latte BIO<\/span><\/h2>\n<p><span style=\"color: #000000\">Golden latte je lahodn\u00fd a osvie\u017euj\u00faci n\u00e1poj vyroben\u00fd z <strong>piatich jednoduch\u00fdch ingredienci\u00ed<\/strong>, pri\u010dom hlavnou zlo\u017ekou je <strong>kurkuma<\/strong>. M\u00f4\u017eete prida\u0165 aj \u010fal\u0161ie pr\u00edsady, ktor\u00e9 m\u00e1te radi a s\u00fa v\u00e1m bl\u00edzke. Konzum\u00e1cia kurkumov\u00e9ho mlieka m\u00f4\u017ee ma\u0165 mnoho priazniv\u00fdch \u00fa\u010dinkov na n\u00e1\u0161 organizmus a navy\u0161e pr\u00edjemne chut\u00ed. Golden Latte BIO je hotov\u00e1 zmes, ktor\u00e1 v\u00e1m u\u0161etr\u00ed \u010das pri pr\u00edprave n\u00e1poja, preto\u017ee sa nemus\u00edte stara\u0165 o odmeriavanie mno\u017estva v\u0161etk\u00fdch ingredienci\u00ed. \u013dahko sa pou\u017e\u00edva a v\u00fdborne chut\u00ed. Zmes sa sklad\u00e1 <strong>z kurkumy a pr\u00eddavku cejl\u00f3nskej \u0161korice (10 %) a z\u00e1zvoru (10 %)<\/strong>.<\/span><\/p>\n<p><span style=\"color: #000000\">Vyberaj\u00fa sa len tie najkvalitnej\u0161ie organick\u00e9 zlo\u017eky.<\/span><\/p>\n<p><span style=\"color: #000000\">Do zmesi sa prid\u00e1va aj <strong>\u0161tipka mlet\u00e9ho \u010dierneho korenia<\/strong>, preto\u017ee v\u010faka nemu sa \u00fa\u010dinn\u00e9 l\u00e1tky kurkumy, najm\u00e4 kurkum\u00edn, \u013eah\u0161ie a lep\u0161ie vstreb\u00e1vaj\u00fa do organizmu.<\/span><\/p>\n<p><span style=\"color: #000000\">N\u00e1poj je mo\u017en\u00e9 pripravi\u0165 <strong>s mliekom, rastlinn\u00fdmi n\u00e1pojmi<\/strong> alebo in\u00fdmi tekutinami. M\u00f4\u017ee sa pi\u0165 <strong>r\u00e1no<\/strong> alebo <strong>ve\u010der<\/strong>, ale zvy\u010dajne je najlep\u0161ie u\u017e\u00edva\u0165 ho ve\u010der pred span\u00edm. Zme\u0148te svoj ritu\u00e1l a <strong>doprajte si lie\u010div\u00e9 \u00fa\u010dinky kurkumy<\/strong>. Kurkumov\u00e9 n\u00e1poje s\u00fa trendov\u00fdm n\u00e1pojom na celom svete, <strong>sp\u00e1jaj\u00fa v sebe zdravie a dobr\u00fa chu\u0165<\/strong>.<\/span><\/p>\n<p><span style=\"color: #000000\">A na\u0161a zmes je v\u00fdnimo\u010dn\u00e1 t\u00fdm, \u017ee sme do nej nepridali cukor ani \u017eiadne in\u00e9 sladidlo. M\u00f4\u017eete ho prida\u0165 pod\u013ea chuti alebo n\u00e1poj v\u00f4bec nesladi\u0165, preto\u017ee \u0161korica a kurkuma mu samy o sebe dod\u00e1vaj\u00fa pr\u00edjemn\u00fa sladkos\u0165.<\/span><\/p>\n<h2><span style=\"color: #000000\">Pre\u010do pr\u00e1ve kurkuma?<\/span><\/h2>\n<p><span style=\"color: #000000\">Lie\u010div\u00e9 \u00fa\u010dinky kurkumy v tradi\u010dnej medic\u00edne \u010ealek\u00e9ho v\u00fdchodu s\u00fa neocenite\u013en\u00e9. Okrem in\u00e9ho sa pou\u017e\u00edva na \u010distenie krvi a tr\u00e1viaceho traktu, detoxik\u00e1ciu pe\u010dene a \u017el\u010dn\u00edka, preto\u017ee jej hlavn\u00e1 \u00fa\u010dinn\u00e1 l\u00e1tka, kurkum\u00edn, ur\u00fdch\u013euje vylu\u010dovanie \u017el\u010de, bilirub\u00ednu a cholesterolu. Mnoh\u00ed \u013eudia ju pou\u017e\u00edvaj\u00fa v boji proti v\u00edrusovej hepatit\u00edde, rakovine, psori\u00e1ze, Alzheimerovej chorobe, depresii a v kozmetick\u00fdch pr\u00edpravkoch.<\/span><\/p>\n<p><span style=\"color: #000000\">Priazniv\u00e9 \u00fa\u010dinky kurkumy <strong>preuk\u00e1zali aj vedci<\/strong>, ktor\u00ed tvrdia, \u017ee jej pravideln\u00e1 konzum\u00e1cia m\u00f4\u017ee zabr\u00e1ni\u0165 \u0161kodliv\u00fdm \u00fa\u010dinkom karcinog\u00e9nnych l\u00e1tok z potrav\u00edn na organizmus. Okrem toho sa predpoklad\u00e1, \u017ee kurkum\u00edn zabra\u0148uje oxid\u00e1cii cholesterolu, ktor\u00e1 svoj\u00edm negat\u00edvnym p\u00f4soben\u00edm sp\u00f4sobuje progresiu \u017eivot ohrozuj\u00facej ateroskler\u00f3zy.<\/span><\/p>\n<p><span style=\"color: #000000\">Kurkuma ako siln\u00fd antioxidant chr\u00e1ni \u010drev\u00e1 pred vo\u013en\u00fdmi radik\u00e1lmi a \u00faspe\u0161ne eliminuje kyslos\u0165 v organizme. Ajurv\u00e9dski lek\u00e1ri ju pou\u017e\u00edvaj\u00fa ako antiseptick\u00fd a antibakteri\u00e1lny prostriedok na dezinfekciu r\u00e1n a pop\u00e1len\u00edn. Niektor\u00e9 \u017eeny veria, \u017ee pom\u00e1ha ur\u00fdch\u013eova\u0165 tr\u00e1venie a regulova\u0165 metabolizmus, a preto je \u00fa\u010dinn\u00e1 pri topen\u00ed nadbyto\u010dn\u00fdch kilogramov.<\/span><\/p>\n<p><span style=\"color: #000000\">\u0160korica dod\u00e1va n\u00e1poju pr\u00edjemn\u00fa chu\u0165. V kombin\u00e1cii s mliekom sa z\u00faro\u010dia v\u0161etky jej v\u00fdhody vr\u00e1tane zn\u00ed\u017eenia hladiny cukru a cholesterolu v krvi a regul\u00e1cie krvn\u00e9ho tlaku. \u0160korica tie\u017e pom\u00e1ha pri tr\u00e1ven\u00ed tukov a tr\u00e1viacich probl\u00e9moch, ako je napr\u00edklad hna\u010dka. Z\u00e1zvor stimuluje tr\u00e1venie, zahrieva zvn\u00fatra, zlep\u0161uje imunitu a podporuje metabolizmus. Oba tie\u017e zmier\u0148uj\u00fa pr\u00edznaky PMS a men\u0161trua\u010dn\u00e9 bolesti.<\/span><\/p>\n<h2><span style=\"color: #000000\">Ak\u00e9 s\u00fa \u010fal\u0161ie v\u00fdhody pitia kurkum\u00ednov\u00e9ho mlieka?<\/span><\/h2>\n<p><span style=\"color: #000000\">Kurkuma je celosvetovo vysoko cenen\u00e9 korenie. V ajurv\u00e9de sa pou\u017e\u00edva <strong>pre viac ako 150 potenci\u00e1lnych lie\u010debn\u00fdch \u00fa\u010dinkov<\/strong>. V modernej vede bola predmetom mnoh\u00fdch \u0161t\u00fadi\u00ed, z ktor\u00fdch niektor\u00e9 u\u017e boli potvrden\u00e9, a pou\u017e\u00edva sa ako terapeutick\u00fd prostriedok pri z\u00e1palov\u00fdch ochoreniach \u010driev a artrit\u00edde. Pozit\u00edvne \u00fa\u010dinky, ktor\u00e9 m\u00f4\u017ee prinies\u0165 pravideln\u00e1 konzum\u00e1cia kurkumov\u00e9ho mlieka alebo kurkumy, s\u00fa:<\/span><\/p>\n<p><span style=\"color: #000000\">\ud83d\udc9a pom\u00e1ha pri lie\u010dbe \u010drevn\u00fdch por\u00fach,<\/span><br \/>\n<span style=\"color: #000000\">\ud83d\udc9a zni\u017euje hladinu cholesterolu,<\/span><br \/>\n<span style=\"color: #000000\">\ud83d\udc9a je v\u00fdborn\u00e1 ako ve\u010dern\u00fd n\u00e1poj pred span\u00edm, preto\u017ee n\u00e1s upokojuje,<\/span><br \/>\n<span style=\"color: #000000\">\ud83d\udc9a Pom\u00e1ha aj pri bolestiach hlavy a bolesti,<\/span><br \/>\n<span style=\"color: #000000\">\ud83d\udc9a pom\u00e1ha pri tr\u00e1ven\u00ed,<\/span><br \/>\n<span style=\"color: #000000\">\ud83d\udc9a \u010dist\u00ed pe\u010de\u0148,<\/span><br \/>\n<span style=\"color: #000000\">\ud83d\udc9a pom\u00e1ha pri men\u0161trua\u010dn\u00fdch k\u0155\u010doch,<\/span><br \/>\n<span style=\"color: #000000\">\ud83d\udc9a p\u00f4sob\u00ed protiz\u00e1palovo.<\/span><\/p>\n<h2><span style=\"color: #000000\">Balenie<\/span><\/h2>\n<p><span style=\"color: #000000\">Nepriepustn\u00e9 vrecko na zips, v ktorom si produkt zachov\u00e1 svoju \u010derstvos\u0165 a v\u00f4\u0148u. Obal chr\u00e1ni pred svetlom a vzduchom, preto\u017ee pozost\u00e1va z nieko\u013ek\u00fdch ochrann\u00fdch vrstiev, ktor\u00e9 zachov\u00e1vaj\u00fa vlastnosti obsahu.<\/span><\/p>\n<p><span style=\"color: #000000\">Obal je ve\u013emi praktick\u00fd a recyklovate\u013en\u00fd.<\/span><\/p>\n<h2><span style=\"color: #000000\">Skladovanie a upozornenia<\/span><\/h2>\n<p><span style=\"color: #000000\">Skladujte na chladnom a suchom mieste. V\u00fd\u017eivov\u00fd doplnok by sa mal skladova\u0165 mimo dosahu det\u00ed!<\/span><\/p>\n<h2><span style=\"color: #000000\">Krajina p\u00f4vodu<\/span><\/h2>\n<p><span style=\"color: #000000\">Slovinsko<\/span><\/p>\n","protected":false},"excerpt":{"rendered":"<p>Golden latt\u00e9 je lahodn\u00fd a osvie\u017euj\u00faci n\u00e1poj, ktor\u00fd sa vyr\u00e1ba <strong>z piatich jednoduch\u00fdch ingredienci\u00ed<\/strong>, pri\u010dom hlavnou zlo\u017ekou je <strong>kurkuma<\/strong>. M\u00f4\u017eete prida\u0165 aj \u010fal\u0161ie pr\u00edsady, ktor\u00e9 m\u00e1te radi a s\u00fa v\u00e1m bl\u00edzke. Konzum\u00e1cia kurkumov\u00e9ho mlieka m\u00f4\u017ee ma\u0165 mnoho priazniv\u00fdch \u00fa\u010dinkov na n\u00e1\u0161 organizmus a navy\u0161e pr\u00edjemne chut\u00ed. Golden latt\u00e9 BIO je hotov\u00e1 zmes, ktor\u00e1 v\u00e1m u\u0161etr\u00ed \u010das pri pr\u00edprave n\u00e1poja, preto\u017ee sa nemus\u00edte stara\u0165 o odmeriavanie mno\u017estva v\u0161etk\u00fdch ingredienci\u00ed. \u013dahko sa pou\u017e\u00edva a v\u00fdborne chut\u00ed. Zmes sa sklad\u00e1<strong> z kurkumy a pr\u00eddavku cejl\u00f3nskej \u0161korice (10 %) a z\u00e1zvoru (10 %)<\/strong>. Do zmesi sa prid\u00e1va aj <strong>\u0161tipka mlet\u00e9ho \u010dierneho korenia<\/strong>, preto\u017ee v\u010faka nemu sa \u00fa\u010dinn\u00e9 l\u00e1tky kurkumy, najm\u00e4 kurkum\u00edn, \u013eah\u0161ie a lep\u0161ie vstreb\u00e1vaj\u00fa do organizmu. Pozit\u00edvne \u00fa\u010dinky, ktor\u00e9 m\u00f4\u017ee prinies\u0165 pravideln\u00e1 konzum\u00e1cia kurkum\u00ednov\u00e9ho mlieka, s\u00fa:<\/p>\n<p>\ud83d\udc9a pom\u00e1ha pri lie\u010dbe \u010drevn\u00fdch por\u00fach,<br \/>\n\ud83d\udc9a zni\u017euje hladinu cholesterolu,<br \/>\n\ud83d\udc9a \u010dist\u00ed pe\u010de\u0148,<br \/>\n\ud83d\udc9a pom\u00e1ha pri men\u0161trua\u010dn\u00fdch k\u0155\u010doch,<br \/>\n\ud83d\udc9a p\u00f4sob\u00ed protiz\u00e1palovo.<\/p>\n<p>&nbsp;<\/p>\n","protected":false},"featured_media":6097,"comment_status":"open","ping_status":"closed","template":"","meta":{"_acf_changed":false},"product_brand":[],"product_cat":[15,224,195,225],"product_tag":[],"class_list":{"0":"post-6096","1":"product","2":"type-product","3":"status-publish","4":"has-post-thumbnail","6":"product_cat-uncategorized","7":"product_cat-ponuka","8":"product_cat-superpotraviny","9":"product_cat-vsetky-produkty","11":"first","12":"instock","13":"sale","14":"taxable","15":"shipping-taxable","16":"purchasable","17":"product-type-simple"},"acf":[],"_links":{"self":[{"href":"https:\/\/fengchashop.com\/sk\/wp-json\/wp\/v2\/product\/6096","targetHints":{"allow":["GET"]}}],"collection":[{"href":"https:\/\/fengchashop.com\/sk\/wp-json\/wp\/v2\/product"}],"about":[{"href":"https:\/\/fengchashop.com\/sk\/wp-json\/wp\/v2\/types\/product"}],"replies":[{"embeddable":true,"href":"https:\/\/fengchashop.com\/sk\/wp-json\/wp\/v2\/comments?post=6096"}],"wp:featuredmedia":[{"embeddable":true,"href":"https:\/\/fengchashop.com\/sk\/wp-json\/wp\/v2\/media\/6097"}],"wp:attachment":[{"href":"https:\/\/fengchashop.com\/sk\/wp-json\/wp\/v2\/media?parent=6096"}],"wp:term":[{"taxonomy":"product_brand","embeddable":true,"href":"https:\/\/fengchashop.com\/sk\/wp-json\/wp\/v2\/product_brand?post=6096"},{"taxonomy":"product_cat","embeddable":true,"href":"https:\/\/fengchashop.com\/sk\/wp-json\/wp\/v2\/product_cat?post=6096"},{"taxonomy":"product_tag","embeddable":true,"href":"https:\/\/fengchashop.com\/sk\/wp-json\/wp\/v2\/product_tag?post=6096"}],"curies":[{"name":"wp","href":"https:\/\/api.w.org\/{rel}","templated":true}]}}