{"id":6079,"date":"2022-05-20T08:51:51","date_gmt":"2022-05-20T06:51:51","guid":{"rendered":"https:\/\/fengchashop.com\/sk\/product\/atraktilis-v-prahu-250-g\/"},"modified":"2026-04-18T03:55:41","modified_gmt":"2026-04-18T01:55:41","slug":"atractilis-v-prasku","status":"publish","type":"product","link":"https:\/\/fengchashop.com\/sk\/product\/atractilis-v-prasku\/","title":{"rendered":"Atractilis v pr\u00e1\u0161ku 250 g"},"content":{"rendered":"<h2><span style=\"color: #000000\"><strong>Pr\u00e1\u0161ok Atractilis<\/strong><\/span><\/h2>\n<p><span style=\"color: #000000\">Atractylodes macrocephala (Atractylodes) je trv\u00e1ca bylina, ktor\u00e1 dorast\u00e1 do v\u00fd\u0161ky pribli\u017ene pol metra. M\u00e1 m\u00e4sit\u00e9 korene a \u00fazku stonku s rozvetven\u00fdmi listami. Plod\u00ed koncom leta alebo na jese\u0148. V \u010c\u00edne je zn\u00e1ma aj pod n\u00e1zvom bai zhu. Korene, ktor\u00e9 sa pou\u017e\u00edvaj\u00fa na lie\u010debn\u00e9 \u00fa\u010dely, sa v zime vykop\u00e1vaj\u00fa a su\u0161ia, aby sa pripravili na konzum\u00e1ciu. V \u010c\u00edne sa tradi\u010dne pou\u017e\u00edva na <strong>posilnenie energie Qi, na posilnenie organizmu a zv\u00fd\u0161enie odolnosti vo\u010di chorob\u00e1m.<\/strong> V tradi\u010dnom \u010d\u00ednskom bylink\u00e1rstve sa pova\u017euje za jednu z<strong> najd\u00f4le\u017eitej\u0161\u00edch zlo\u017eiek mnoh\u00fdch bylinn\u00fdch zmes\u00ed.<\/strong> Obzvl\u00e1\u0161\u0165 r\u00e1d sa kombinuje so \u017een\u0161enom.<\/span><\/p>\n<h2><span style=\"color: #000000\"><strong>Komu sa odpor\u00fa\u010da u\u017e\u00edva\u0165<\/strong><\/span><\/h2>\n<p><span style=\"color: #000000\">Naj\u010dastej\u0161ie sa pou\u017e\u00edva<strong> na posilnenie sleziny a \u017eal\u00fadka.<\/strong> Atractylus dok\u00e1\u017ee zefekt\u00edvni\u0165 tr\u00e1venie a predpoklad\u00e1 sa, \u017ee <strong>reguluje<\/strong> aj <strong>chu\u0165 do jedla a pom\u00e1ha chudn\u00fa\u0165 alebo chudn\u00fa\u0165<\/strong>. Ak je sprev\u00e1dzan\u00fd fyzickou aktivitou, pom\u00e1ha zvy\u0161ova\u0165 svalov\u00fa hmotu, a t\u00fdm zlep\u0161ova\u0165 fyzick\u00fa zdatnos\u0165 a vytrvalos\u0165.<\/span><\/p>\n<p><span style=\"color: #000000\">Atractilis je obzvl\u00e1\u0161\u0165<strong> prospe\u0161n\u00fd pre tr\u00e1venie a pom\u00e1ha \u013eu\u010fom, ktor\u00ed trpia \u010dast\u00fdm nad\u00favan\u00edm, boles\u0165ami \u017eal\u00fadka, hna\u010dkou a vracan\u00edm, ako aj an\u00e9miou a mdlobami.<\/strong> P\u00f4sob\u00ed tie\u017e ako diuretikum a podporuje vylu\u010dovanie prebyto\u010dnej vody z tela. Predpoklad\u00e1 sa, \u017ee je \u00fa\u010dinn\u00fd aj pri prevencii potratov.<\/span><\/p>\n<p><span style=\"color: #000000\">Atractilis m\u00e1 sladk\u00fa chu\u0165, ktor\u00e1 je z\u00e1rove\u0148 mierne s\u0165ahuj\u00faca a korenist\u00e1.<\/span><\/p>\n<h2><span style=\"color: #000000\"><strong>Ak\u00e9 s\u00fa \u010fal\u0161ie v\u00fdhody u\u017e\u00edvania<\/strong><\/span><\/h2>\n<p><span style=\"color: #000000\">Atractilis je v \u010d\u00ednskej medic\u00edne mimoriadne ob\u013e\u00faben\u00fd, preto\u017ee obnovuje silu, energiu, obnovuje imunitu a podporuje zdravie \u010driev. \u010casto sa kombinuje s in\u00fdmi bylinami, najm\u00e4 so \u017een\u0161enom, astragalom a ru\u017ei\u010dkou lie\u010divej huby. Predpoklad\u00e1 sa, \u017ee atrakttilis:<\/span><\/p>\n<p><span style=\"color: #000000\">\ud83d\udc9a poskytuje dobr\u00fa <strong>ochranu pe\u010dene<\/strong>,<\/span><br \/>\n<span style=\"color: #000000\">\ud83d\udc9a<strong> chr\u00e1ni pred chorobami kr\u010dka maternice, prsn\u00edkov a \u017eal\u00fadka<\/strong>,<\/span><br \/>\n<span style=\"color: #000000\">\ud83d\udc9a <strong>zlep\u0161uje fyzick\u00fa kond\u00edciu<\/strong>,<\/span><br \/>\n<span style=\"color: #000000\">\ud83d\udc9a podporuje <strong>imunitn\u00fd syst\u00e9m<\/strong>,<\/span><br \/>\n<span style=\"color: #000000\">\ud83d\udc9a predpoklad\u00e1 sa, \u017ee zni\u017euje alebo kontroluje hladinu cukru v krvi,<\/span><br \/>\n<span style=\"color: #000000\">\ud83d\udc9a pom\u00e1ha pri <strong>plynatosti, bolestiach \u017eal\u00fadka<\/strong> a z\u00e1vratoch,<\/span><br \/>\n<span style=\"color: #000000\">\ud83d\udc9a <strong>zvy\u0161uje hladinu energie<\/strong> a zni\u017euje \u00fanavu.<\/span><\/p>\n<h2><span style=\"color: #000000\">V\u00fd\u017eivov\u00e9 hodnoty<\/span><\/h2>\n<p><span style=\"color: #000000\">Priemern\u00e9 v\u00fd\u017eivov\u00e9 hodnoty na 100 g: Energia: 1150 kJ \/ 278 kcal; Tuky: 6,5 g, z toho nas\u00fdten\u00e9 mastn\u00e9 kyseliny: 1,1 g; Sacharidy: 25,1 g, z toho cukry: 6,4 g; Vl\u00e1knina: 45,1 g, Bielkoviny: 7,5 g; So\u013e: &lt;0,1 g.<\/span><\/p>\n<h2><span style=\"color: #000000\">Skladovanie a upozornenia<\/span><\/h2>\n<p><span style=\"color: #000000\">Skladujte na chladnom a suchom mieste pri teplote do 25 \u00b0C. Doplnok stravy uchov\u00e1vajte mimo dosahu det\u00ed!<\/span><\/p>\n<p><span style=\"color: #000000\">Nezab\u00fadajte na d\u00f4le\u017eitos\u0165 pestrej stravy a zdrav\u00e9ho \u017eivotn\u00e9ho \u0161t\u00fdlu, doplnok stravy preto nenahr\u00e1dza vyv\u00e1\u017een\u00fa a pestr\u00fa stravu. Odpor\u00fa\u010dan\u00e9 denn\u00e9 mno\u017estvo alebo d\u00e1vka by sa nemali prekra\u010dova\u0165. Tehotn\u00fdm a doj\u010diacim \u017een\u00e1m sa v\u017edy odpor\u00fa\u010da, aby sa pred u\u017e\u00edvan\u00edm poradili s lek\u00e1rom.<\/span><\/p>\n<h2><span style=\"color: #000000\">Balenie<\/span><\/h2>\n<p><span style=\"color: #000000\">Nepriepustn\u00e9 vrecko na zips, v ktorom si v\u00fdrobok zachov\u00e1va v\u0161etku svoju \u010derstvos\u0165 a ar\u00f3mu. Obal chr\u00e1ni v\u00fdrobok pred svetlom a vzduchom, preto\u017ee je zlo\u017een\u00fd z nieko\u013ek\u00fdch ochrann\u00fdch vrstiev na zachovanie vlastnost\u00ed obsahu.<\/span><\/p>\n<p><span style=\"color: #000000\">Obal je ve\u013emi praktick\u00fd a recyklovate\u013en\u00fd.<\/span><\/p>\n<h2><span style=\"color: #000000\">P\u00f4vod<\/span><\/h2>\n<p><span style=\"color: #000000\">\u010c\u00edna. M\u00e1me ve\u013emi spo\u013eahliv\u00fdch dod\u00e1vate\u013eov, ktor\u00ed n\u00e1m pre ka\u017ed\u00fa \u0161ar\u017eu posielaj\u00fa podrobn\u00fa chemick\u00fa anal\u00fdzu potrav\u00edn. Za viac ako desa\u0165 rokov sme nezaznamenali \u017eiadne stiahnutie z trhu ani in\u00e9 probl\u00e9my s t\u00fdmto v\u00fdrobkom, ani s in\u00fdmi v\u00fdrobkami od toho ist\u00e9ho dod\u00e1vate\u013ea.<\/span><\/p>\n","protected":false},"excerpt":{"rendered":"<p>Atraktilis je v \u010d\u00ednskej medic\u00edne ve\u013emi ob\u013e\u00faben\u00fd, preto\u017ee obnovuje silu, energiu, imunitu a podporuje zdravie \u010driev. \u010casto sa kombinuje s in\u00fdmi bylinami, najm\u00e4 so \u017een\u0161enom, astragalom a ru\u017ei\u010dkou lie\u010divej huby. Predpoklad\u00e1 sa, \u017ee atrakttilis:<\/p>\n<p>\ud83d\udc9a poskytuje dobr\u00fa ochranu pe\u010dene,<br \/>\n\ud83d\udc9a chr\u00e1ni pred chorobami kr\u010dka maternice, prsn\u00edkov a \u017eal\u00fadka,<br \/>\n\ud83d\udc9a podporuje imunitn\u00fd syst\u00e9m,<br \/>\n\ud83d\udc9a pom\u00e1ha pri plynatosti, bolestiach \u017eal\u00fadka a z\u00e1vratoch,<br \/>\n\ud83d\udc9a zvy\u0161uje hladinu energie a zni\u017euje \u00fanavu.<\/p>\n","protected":false},"featured_media":6080,"comment_status":"open","ping_status":"closed","template":"","meta":{"_acf_changed":false},"product_brand":[],"product_cat":[195],"product_tag":[],"class_list":{"0":"post-6079","1":"product","2":"type-product","3":"status-publish","4":"has-post-thumbnail","6":"product_cat-superpotraviny","8":"first","9":"instock","10":"sale","11":"taxable","12":"shipping-taxable","13":"purchasable","14":"product-type-simple"},"acf":[],"_links":{"self":[{"href":"https:\/\/fengchashop.com\/sk\/wp-json\/wp\/v2\/product\/6079","targetHints":{"allow":["GET"]}}],"collection":[{"href":"https:\/\/fengchashop.com\/sk\/wp-json\/wp\/v2\/product"}],"about":[{"href":"https:\/\/fengchashop.com\/sk\/wp-json\/wp\/v2\/types\/product"}],"replies":[{"embeddable":true,"href":"https:\/\/fengchashop.com\/sk\/wp-json\/wp\/v2\/comments?post=6079"}],"wp:featuredmedia":[{"embeddable":true,"href":"https:\/\/fengchashop.com\/sk\/wp-json\/wp\/v2\/media\/6080"}],"wp:attachment":[{"href":"https:\/\/fengchashop.com\/sk\/wp-json\/wp\/v2\/media?parent=6079"}],"wp:term":[{"taxonomy":"product_brand","embeddable":true,"href":"https:\/\/fengchashop.com\/sk\/wp-json\/wp\/v2\/product_brand?post=6079"},{"taxonomy":"product_cat","embeddable":true,"href":"https:\/\/fengchashop.com\/sk\/wp-json\/wp\/v2\/product_cat?post=6079"},{"taxonomy":"product_tag","embeddable":true,"href":"https:\/\/fengchashop.com\/sk\/wp-json\/wp\/v2\/product_tag?post=6079"}],"curies":[{"name":"wp","href":"https:\/\/api.w.org\/{rel}","templated":true}]}}