{"id":6067,"date":"2022-03-15T11:18:31","date_gmt":"2022-03-15T10:18:31","guid":{"rendered":"https:\/\/fengchashop.com\/sk\/product\/kurkuma-v-kapsulach-bio-240-kapsul\/"},"modified":"2026-04-17T11:30:03","modified_gmt":"2026-04-17T09:30:03","slug":"kurkuma-v-kapsulach-bio","status":"publish","type":"product","link":"https:\/\/fengchashop.com\/sk\/product\/kurkuma-v-kapsulach-bio\/","title":{"rendered":"Kurkuma v kapsul\u00e1ch BIO 240 kaps\u00fal"},"content":{"rendered":"<h2 style=\"text-align: justify\"><span style=\"color: #000000\">Kurkuma BIO<\/span><\/h2>\n<p style=\"text-align: justify\"><span style=\"color: #000000\">Kurkuma je rastlina, ktor\u00e1 je v Eur\u00f3pe zn\u00e1ma u\u017e od staroveku, v domovine u\u017e minim\u00e1lne 4000 rokov. P\u00f4vodne sa pou\u017e\u00edvala ako lie\u010div\u00e1 rastlina a farbivo, no nesk\u00f4r sa presadilo ako korenie. Kurkuma je podobne ako z\u00e1zvor korenie z\u00edskavan\u00e9 z podzemnej zhrubnutej stonky \u00e1zijskej trv\u00e1cej rastliny. V ajurv\u00e9de sa kurkuma tradi\u010dne pou\u017e\u00edva na lie\u010dbu rakoviny a psori\u00e1zy. Je zn\u00e1my aj ako pr\u00edsada do kozmetick\u00fdch pr\u00edpravkov. Hoci ju niektor\u00ed \u013eudia v z\u00e1padnom svete poznaj\u00fa len ako korenie, skr\u00fdva sa za t\u00fdm ove\u013ea viac. Kurkuma okrem miner\u00e1lov, vitam\u00ednov B6 a B3, kyseliny listovej, drasl\u00edka, \u017eeleza a mang\u00e1nu a omega 3 mastn\u00fdch kysel\u00edn obsahuje aj polyfenol kurkum\u00edn, ktor\u00fd je ve\u013emi siln\u00fdm antioxidantom a \u00fa\u010dinnou protiz\u00e1palovou zl\u00fa\u010deninou. Je dok\u00e1zan\u00e9, \u017ee kurkum\u00edn m\u00e1 pozit\u00edvny vplyv na pe\u010de\u0148 a cievy, zmier\u0148uje z\u00e1paly pri artrit\u00edde a zni\u017euje rizikov\u00e9 faktory cukrovky. Pozit\u00edvne vpl\u00fdva aj na zdravie mozgu a zni\u017euje riziko rakoviny. Kurkum\u00edn \u00faspe\u0161ne predch\u00e1dza v\u0161etk\u00fdm chronick\u00fdm z\u00e1palom v na\u0161om tele \u2013 a v\u0161etky chorobn\u00e9 stavy vlastne za\u010d\u00ednaj\u00fa z\u00e1palom. Svoj\u00edm antibakteri\u00e1lnym p\u00f4soben\u00edm tie\u017e br\u00e1ni rastu zl\u00fdch bakt\u00e9ri\u00ed v na\u0161om tr\u00e1viacom trakte, ako je Heliobacter pylori v na\u0161om \u017eal\u00fadku a candida v \u00fastach a \u010drev\u00e1ch.<\/span><\/p>\n<p><span style=\"color: #000000\">Kurkum\u00edn v kurkume m\u00e1 tie\u017e pozit\u00edvny vplyv na prevenciu vzniku chor\u00f4b spojen\u00fdch so starnut\u00edm (Alzheimerova choroba)<\/span><\/p>\n<p><span style=\"color: #000000\">Chu\u0165 kurkumy je jemne horkast\u00e1, korenist\u00e1, no z\u00e1rove\u0148 sladk\u00e1 a pripom\u00ednaj\u00faca z\u00e1zvor, pomaran\u010d a korenie.<\/span><\/p>\n<p style=\"text-align: justify\"><span style=\"color: #000000\">Pre kurkumu je typick\u00e9:<\/span><\/p>\n<p><span style=\"color: #000000\">\ud83d\udc9a m\u00e1 protiz\u00e1palov\u00fd, protiples\u0148ov\u00fd a antimikrobi\u00e1lny \u00fa\u010dinok, \u010d\u00edm zni\u017euje z\u00e1pal;<\/span><br \/>\n<span style=\"color: #000000\">\ud83d\udc9a \u010dist\u00ed pe\u010de\u0148, preto\u017ee m\u00e1 \u010distiaci \u00fa\u010dinok a zabra\u0148uje hromadeniu mastn\u00fdch kysel\u00edn v pe\u010deni;<\/span><br \/>\n<span style=\"color: #000000\">\ud83d\udc9a zmier\u0148uje men\u0161trua\u010dn\u00e9 probl\u00e9my a probl\u00e9my s\u00favisiace s tr\u00e1ven\u00edm;<\/span><br \/>\n<span style=\"color: #000000\">\ud83d\udc9a pravideln\u00e1 konzum\u00e1cia zabra\u0148uje vzniku cukrovky 2. typu v t. i. prediabetikov;<\/span><br \/>\n<span style=\"color: #000000\">\ud83d\udc9a vo forme pasty zmier\u0148uje z\u00e1paly a podr\u00e1\u017edenie poko\u017eky;<\/span><br \/>\n<span style=\"color: #000000\">\ud83d\udc9a podporuje r\u00fdchlej\u0161ie tr\u00e1venie tukov, \u010do m\u00f4\u017ee pom\u00f4c\u0165 pri chudnut\u00ed;<\/span><br \/>\n<span style=\"color: #000000\">\ud83d\udc9a prispieva k v\u00e4\u010d\u0161ej \u00fa\u010dinnosti mozgu a predch\u00e1dza s\u00favisiacim ochoreniam, ako je Alzheimerova choroba;<\/span><br \/>\n<span style=\"color: #000000\">\ud83d\udc9a zlep\u0161uje n\u00e1ladu;<\/span><br \/>\n<span style=\"color: #000000\">\ud83d\udc9a zmier\u0148uje bolesti svalov a k\u013abov;<\/span><br \/>\n<span style=\"color: #000000\">\ud83d\udc9a p\u00f4sob\u00ed proti z\u00e1pachu z \u00fast a je u\u017eito\u010dn\u00fd pri paradent\u00f3ze;<\/span><br \/>\n<span style=\"color: #000000\">\ud83d\udc9a vraj m\u00e1 aj protirakovinov\u00e9 \u00fa\u010dinky.<\/span><\/p>\n<h2 style=\"text-align: justify\"><span style=\"color: #000000\">Balenie<\/span><\/h2>\n<p><span style=\"color: #000000\">Vzduchotesn\u00e9 vrecko so zipsom, kde si produkt zachov\u00e1 v\u0161etku svoju \u010derstvos\u0165 a v\u00f4\u0148u. Obal chr\u00e1ni pred svetlom a vzduchom, ke\u010f\u017ee pozost\u00e1va z nieko\u013ek\u00fdch vrstiev ochrany, ktor\u00e9 zachov\u00e1vaj\u00fa vlastnosti obsahu.<\/span><\/p>\n<p><span style=\"color: #000000\">Obal je ve\u013emi praktick\u00fd a umo\u017e\u0148uje recykl\u00e1ciu.<\/span><\/p>\n<h2><span style=\"color: #000000\">P\u00f4vod<\/span><\/h2>\n<p><span style=\"color: #000000\">India<\/span><\/p>\n","protected":false},"excerpt":{"rendered":"<p>Kurkuma okrem miner\u00e1lov, vitam\u00ednov B6 a B3, kyseliny listovej, drasl\u00edka, \u017eeleza a mang\u00e1nu a omega 3 mastn\u00fdch kysel\u00edn obsahuje aj polyfenol kurkum\u00edn, ktor\u00fd je ve\u013emi siln\u00fdm antioxidantom a \u00fa\u010dinnou protiz\u00e1palovou zl\u00fa\u010deninou. Je dok\u00e1zan\u00e9, \u017ee kurkum\u00edn m\u00e1 pozit\u00edvny vplyv na pe\u010de\u0148 a cievy, zmier\u0148uje z\u00e1paly pri artrit\u00edde a zni\u017euje rizikov\u00e9 faktory cukrovky. Pozit\u00edvne vpl\u00fdva aj na zdravie mozgu a zni\u017euje riziko rakoviny. Kurkum\u00edn \u00faspe\u0161ne predch\u00e1dza v\u0161etk\u00fdm chronick\u00fdm z\u00e1palom v na\u0161om tele \u2013 a v\u0161etky chorobn\u00e9 stavy vlastne za\u010d\u00ednaj\u00fa z\u00e1palom. Svoj\u00edm antibakteri\u00e1lnym p\u00f4soben\u00edm tie\u017e br\u00e1ni rastu zl\u00fdch bakt\u00e9ri\u00ed v na\u0161om tr\u00e1viacom trakte, ako je Heliobacter pylori v na\u0161om \u017eal\u00fadku a candida v \u00fastach a \u010drev\u00e1ch. Kurkum\u00edn v kurkume m\u00e1 tie\u017e pozit\u00edvny vplyv na prevenciu vzniku chor\u00f4b spojen\u00fdch so starnut\u00edm (Alzheimerova choroba).<\/p>\n<p>\ud83d\udc9a P\u00f4sob\u00ed protiz\u00e1palovo.<br \/>\n\ud83d\udc9a \u010cist\u00ed pe\u010de\u0148.<br \/>\n\ud83d\udc9a Zmier\u0148uje men\u0161trua\u010dn\u00e9 probl\u00e9my.<br \/>\n\ud83d\udc9a Siln\u00fd antioxidant.<\/p>\n","protected":false},"featured_media":6068,"comment_status":"open","ping_status":"closed","template":"","meta":{"_acf_changed":false},"product_brand":[],"product_cat":[15,194,224,195,225],"product_tag":[],"class_list":{"0":"post-6067","1":"product","2":"type-product","3":"status-publish","4":"has-post-thumbnail","6":"product_cat-uncategorized","7":"product_cat-ajurveda","8":"product_cat-ponuka","9":"product_cat-superpotraviny","10":"product_cat-vsetky-produkty","12":"first","13":"instock","14":"sale","15":"taxable","16":"shipping-taxable","17":"purchasable","18":"product-type-simple"},"acf":[],"_links":{"self":[{"href":"https:\/\/fengchashop.com\/sk\/wp-json\/wp\/v2\/product\/6067","targetHints":{"allow":["GET"]}}],"collection":[{"href":"https:\/\/fengchashop.com\/sk\/wp-json\/wp\/v2\/product"}],"about":[{"href":"https:\/\/fengchashop.com\/sk\/wp-json\/wp\/v2\/types\/product"}],"replies":[{"embeddable":true,"href":"https:\/\/fengchashop.com\/sk\/wp-json\/wp\/v2\/comments?post=6067"}],"wp:featuredmedia":[{"embeddable":true,"href":"https:\/\/fengchashop.com\/sk\/wp-json\/wp\/v2\/media\/6068"}],"wp:attachment":[{"href":"https:\/\/fengchashop.com\/sk\/wp-json\/wp\/v2\/media?parent=6067"}],"wp:term":[{"taxonomy":"product_brand","embeddable":true,"href":"https:\/\/fengchashop.com\/sk\/wp-json\/wp\/v2\/product_brand?post=6067"},{"taxonomy":"product_cat","embeddable":true,"href":"https:\/\/fengchashop.com\/sk\/wp-json\/wp\/v2\/product_cat?post=6067"},{"taxonomy":"product_tag","embeddable":true,"href":"https:\/\/fengchashop.com\/sk\/wp-json\/wp\/v2\/product_tag?post=6067"}],"curies":[{"name":"wp","href":"https:\/\/api.w.org\/{rel}","templated":true}]}}