{"id":6055,"date":"2022-03-11T20:09:14","date_gmt":"2022-03-11T19:09:14","guid":{"rendered":"https:\/\/fengchashop.com\/sk\/product\/kolagenovy-komplex-prasok-200-g\/"},"modified":"2026-04-17T09:15:12","modified_gmt":"2026-04-17T07:15:12","slug":"kolagenovy-komplex-prasok","status":"publish","type":"product","link":"https:\/\/fengchashop.com\/sk\/product\/kolagenovy-komplex-prasok\/","title":{"rendered":"Kolag\u00e9nov\u00fd komplex pr\u00e1\u0161ok 200 g"},"content":{"rendered":"<h2><span style=\"color: #000000\"><b>Kolag\u00e9nov\u00fd komplex v pr\u00e1\u0161ku<\/b><\/span><\/h2>\n<p><span style=\"color: #000000\">Kolag\u00e9nov\u00fd komplex je v\u00fd\u017eivov\u00fd doplnok, ktor\u00fd obsahuje kombin\u00e1ciu r\u00f4znych zlo\u017eiek na <b>podporu tela pri tvorbe a udr\u017eiavan\u00ed kolag\u00e9nu<\/b>. Kolag\u00e9n je k\u013e\u00fa\u010dov\u00fd prote\u00edn, ktor\u00fd tvor\u00ed v\u00e4\u010d\u0161inu spojivov\u00fdch tkan\u00edv v tele, vr\u00e1tane ko\u017ee, kost\u00ed, k\u013abov, svalov, v\u00e4zov a chrupaviek. S prib\u00fadaj\u00facim vekom sa jeho prirodzen\u00e1 produkcia zni\u017euje, \u010do m\u00f4\u017ee vies\u0165 k r\u00f4znym probl\u00e9mom, ako s\u00fa vr\u00e1sky, strata elasticity poko\u017eky, bolesti k\u013abov a slab\u0161ie nechty a vlasy. Pravidelnou konzum\u00e1ciou m\u00f4\u017eete \u00fa\u010dinne podpori\u0165 prirodzen\u00fa produkciu kolag\u00e9nu a poskytn\u00fa\u0165 telu potrebn\u00e9 \u017eiviny na optim\u00e1lne zdravie a pohodu<b>.<\/b><\/span><\/p>\n<h2><span style=\"color: #000000\"><b>Kto potrebuje kolag\u00e9nov\u00fd komplex?<\/b><\/span><\/h2>\n<p><span style=\"color: #000000\">Kolag\u00e9nov\u00fd komplex je odpor\u00fa\u010dan\u00fd pre v\u0161etk\u00fdch, ktor\u00ed si chc\u00fa udr\u017ea\u0165 mladistv\u00fd vzh\u013ead a dobr\u00e9 telesn\u00e9 zdravie, najm\u00e4 v\u0161ak:<\/span><\/p>\n<ul>\n<li><span style=\"color: #000000\">Osoby po 25. roku \u017eivota, ke\u010f za\u010d\u00edna klesa\u0165 prirodzen\u00e1 produkcia kolag\u00e9nu.<\/span><\/li>\n<li><span style=\"color: #000000\">\u0160portovcov, ktor\u00ed chc\u00fa posilni\u0165 k\u013aby a svaly.<\/span><\/li>\n<li><span style=\"color: #000000\">Osoby s probl\u00e9mami s k\u013abmi, chrupavkou alebo osteopor\u00f3zou.<\/span><\/li>\n<li><span style=\"color: #000000\">T\u00fdch, ktor\u00ed maj\u00fa probl\u00e9my so suchou, zv\u00e4dnutou poko\u017ekou, vypad\u00e1van\u00edm vlasov alebo l\u00e1mav\u00fdmi nechtami.<\/span><\/li>\n<\/ul>\n<h2><span style=\"color: #000000\"><b>Pre\u010do je d\u00f4le\u017eit\u00e9 u\u017e\u00edva\u0165 kolag\u00e9n?<\/b><\/span><\/h2>\n<p><span style=\"color: #000000\">Po 25. roku \u017eivota telo postupne zni\u017euje produkciu vlastn\u00e9ho kolag\u00e9nu, \u010do sa m\u00f4\u017ee prejavi\u0165 prv\u00fdmi vr\u00e1skami, menej pevnou poko\u017ekou, rednut\u00edm vlasov, l\u00e1mav\u00fdmi nechtami a probl\u00e9mami s k\u013abmi a svalmi. Nedostatok kolag\u00e9nu m\u00f4\u017eeme doplni\u0165 vyv\u00e1\u017eenou stravou a kvalitn\u00fdmi v\u00fd\u017eivov\u00fdmi doplnkami.<\/span><\/p>\n<p><span style=\"color: #000000\">Kolag\u00e9nov\u00fd komplex obsahuje iba starostlivo vybran\u00e9 pr\u00edrodn\u00e9 zlo\u017eky, ktor\u00e9 poskytuj\u00fa telu optim\u00e1lnu podporu.<\/span><\/p>\n<h2><span style=\"color: #000000\"><b>V\u00fdhody pravideln\u00e9ho u\u017e\u00edvania kolag\u00e9nu:<\/b><\/span><\/h2>\n<p><span style=\"color: #000000\"><b>Vitam\u00edn C<\/b><\/span><\/p>\n<ul>\n<li><span style=\"color: #000000\">zohr\u00e1va \u00falohu pri tvorbe kolag\u00e9nu pre norm\u00e1lnu funkciu ciev, kost\u00ed, chrupaviek, \u010fasien, poko\u017eky a zubov<\/span><\/li>\n<li><span style=\"color: #000000\">prispieva k uvo\u013e\u0148ovaniu energie pri metabolizme, k spr\u00e1vnej \u010dinnosti nervov\u00e9ho syst\u00e9mu a norm\u00e1lnemu psychologick\u00e9mu fungovaniu<\/span><\/li>\n<li><span style=\"color: #000000\">zohr\u00e1va \u00falohu pri fungovan\u00ed imunitn\u00e9ho syst\u00e9mu<\/span><\/li>\n<li><span style=\"color: #000000\">zvy\u0161uje absorpciu \u017eeleza<\/span><\/li>\n<li><span style=\"color: #000000\">prispieva k zni\u017eovaniu \u00fanavy a vy\u010derpania<\/span><\/li>\n<li><span style=\"color: #000000\">zohr\u00e1va \u00falohu pri ochrane buniek pred oxida\u010dn\u00fdm stresom<\/span><\/li>\n<li><span style=\"color: #000000\">prispieva k obnove redukovanej formy vitam\u00ednu E<\/span><\/li>\n<\/ul>\n<p><span style=\"color: #000000\"><b>Biot\u00edn<\/b><\/span><\/p>\n<ul>\n<li><span style=\"color: #000000\">prispieva k uvo\u013e\u0148ovaniu energie pri metabolizme<\/span><\/li>\n<li><span style=\"color: #000000\">prispieva k spr\u00e1vnej \u010dinnosti nervov\u00e9ho syst\u00e9mu<\/span><\/li>\n<li><span style=\"color: #000000\">prispieva k norm\u00e1lnemu psychologick\u00e9mu fungovaniu<\/span><\/li>\n<li><span style=\"color: #000000\">prispieva k metabolizmu makro\u017eiv\u00edn<\/span><\/li>\n<li><span style=\"color: #000000\">prispieva k udr\u017eiavaniu zdrav\u00fdch vlasov<\/span><\/li>\n<li><span style=\"color: #000000\">prispieva k udr\u017eiavaniu zdrav\u00fdch slizn\u00edc a poko\u017eky<\/span><\/li>\n<\/ul>\n<p><span style=\"color: #000000\"><b>Vitam\u00edn D<\/b><\/span><\/p>\n<ul>\n<li><span style=\"color: #000000\">prispieva k norm\u00e1lnej absorpcii\/vyu\u017eitiu v\u00e1pnika a fosforu<\/span><\/li>\n<li><span style=\"color: #000000\">prispieva k norm\u00e1lnej hladine v\u00e1pnika v krvi<\/span><\/li>\n<li><span style=\"color: #000000\">prispieva k udr\u017eiavaniu zdrav\u00fdch kost\u00ed a zubov<\/span><\/li>\n<li><span style=\"color: #000000\">prispieva k fungovaniu svalov<\/span><\/li>\n<li><span style=\"color: #000000\">prispieva k fungovaniu imunitn\u00e9ho syst\u00e9mu<\/span><\/li>\n<li><span style=\"color: #000000\">zohr\u00e1va \u00falohu pri delen\u00ed buniek<\/span><\/li>\n<\/ul>\n<h2><span style=\"color: #000000\"><b>Skladovanie a upozornenia<\/b><\/span><\/h2>\n<p><span style=\"color: #000000\">Skladujte na suchom mieste pri teplote do 25 \u00b0C, chr\u00e1nen\u00e9 pred vlhkos\u0165ou a svetlom. Uistite sa, \u017ee vrecko alebo d\u00f3za s\u00fa dobre uzavret\u00e9.<\/span><\/p>\n<p><span style=\"color: #000000\">V\u00fdrobok nie je vhodn\u00fd pre deti, ml\u00e1de\u017e, tehotn\u00e9 a doj\u010diace \u017eeny. Diabetici, osoby s gluk\u00f3zovou intoleranciou, osoby u\u017e\u00edvaj\u00face kumar\u00ednov\u00e9 antikoagulanci\u00e1 a osoby so zn\u00e1mymi kardiovaskul\u00e1rnymi ochoreniami alebo astmatici by sa mali pred u\u017eit\u00edm v\u00fdrobku poradi\u0165 s lek\u00e1rom. V pr\u00edpade nevo\u013enosti, bolest\u00ed brucha, zlej tr\u00e1venia, hna\u010dky, z\u00e1pchy, z\u00e1vratov, ospalosti, bolesti hlavy, vyr\u00e1\u017eok, svrbenia alebo za\u010dervenania poko\u017eky presta\u0148te v\u00fdrobok u\u017e\u00edva\u0165.<\/span><\/p>\n<h2><span style=\"color: #000000\"><b>Balenie<\/b><\/span><\/h2>\n<p><span style=\"color: #000000\">Vzduchotesn\u00e9 vrecko so zipsom alebo d\u00f3za, ktor\u00e1 udr\u017euje v\u00fdrobok \u010derstv\u00fd a aromatick\u00fd. Obal chr\u00e1ni pred svetlom a vzduchom. Sklad\u00e1 sa z viacer\u00fdch ochrann\u00fdch vrstiev, ktor\u00e9 zachov\u00e1vaj\u00fa vlastnosti v\u00fdrobku.<\/span><\/p>\n<p><span style=\"color: #000000\">Obal je ve\u013emi praktick\u00fd a umo\u017e\u0148uje recykl\u00e1ciu.<\/span><\/p>\n<h2><span style=\"color: #000000\"><b>P\u00f4vod<\/b><\/span><\/h2>\n<p><span style=\"color: #000000\">Zlo\u017eky kolag\u00e9nov\u00e9ho komplexu poch\u00e1dzaj\u00fa z E\u00da aj mimo E\u00da, starostlivo vybran\u00e9 na zabezpe\u010denie najvy\u0161\u0161ej kvality.<\/span><\/p>\n","protected":false},"excerpt":{"rendered":"<p>Kolag\u00e9nov\u00fd komplex obsahuje len starostlivo vybran\u00e9 pr\u00edrodn\u00e9 zlo\u017eky, ktor\u00e9 poskytuj\u00fa telu optim\u00e1lnu podporu:<\/p>\n<p>\ud83d\udc9a zlep\u0161uje zdravie poko\u017eky, obnovuje a podporuje pru\u017enos\u0165 a eliminuje vr\u00e1sky<br \/>\n\ud83d\udc9a regener\u00e1ciu po\u0161koden\u00fdch buniek a tkan\u00edv,<br \/>\n\ud83d\udc9a pom\u00e1ha zmierni\u0165 bolesti k\u013abov,<br \/>\n\ud83d\udc9a p\u00f4sob\u00ed na pevnej\u0161ie kosti a hydratuje vlasy,<br \/>\n\ud83d\udc9a p\u00f4sob\u00ed proti starnutiu, hydratuje vlasy .<\/p>\n","protected":false},"featured_media":6057,"comment_status":"open","ping_status":"closed","template":"","meta":{"_acf_changed":false},"product_brand":[],"product_cat":[15,203,228,224,195,225],"product_tag":[],"class_list":{"0":"post-6055","1":"product","2":"type-product","3":"status-publish","4":"has-post-thumbnail","6":"product_cat-uncategorized","7":"product_cat-mineraly-vitaminy","8":"product_cat-najpredavanejsie","9":"product_cat-ponuka","10":"product_cat-superpotraviny","11":"product_cat-vsetky-produkty","13":"first","14":"instock","15":"sale","16":"taxable","17":"shipping-taxable","18":"purchasable","19":"product-type-simple"},"acf":[],"_links":{"self":[{"href":"https:\/\/fengchashop.com\/sk\/wp-json\/wp\/v2\/product\/6055","targetHints":{"allow":["GET"]}}],"collection":[{"href":"https:\/\/fengchashop.com\/sk\/wp-json\/wp\/v2\/product"}],"about":[{"href":"https:\/\/fengchashop.com\/sk\/wp-json\/wp\/v2\/types\/product"}],"replies":[{"embeddable":true,"href":"https:\/\/fengchashop.com\/sk\/wp-json\/wp\/v2\/comments?post=6055"}],"wp:featuredmedia":[{"embeddable":true,"href":"https:\/\/fengchashop.com\/sk\/wp-json\/wp\/v2\/media\/6057"}],"wp:attachment":[{"href":"https:\/\/fengchashop.com\/sk\/wp-json\/wp\/v2\/media?parent=6055"}],"wp:term":[{"taxonomy":"product_brand","embeddable":true,"href":"https:\/\/fengchashop.com\/sk\/wp-json\/wp\/v2\/product_brand?post=6055"},{"taxonomy":"product_cat","embeddable":true,"href":"https:\/\/fengchashop.com\/sk\/wp-json\/wp\/v2\/product_cat?post=6055"},{"taxonomy":"product_tag","embeddable":true,"href":"https:\/\/fengchashop.com\/sk\/wp-json\/wp\/v2\/product_tag?post=6055"}],"curies":[{"name":"wp","href":"https:\/\/api.w.org\/{rel}","templated":true}]}}