{"id":6046,"date":"2022-03-11T19:29:12","date_gmt":"2022-03-11T18:29:12","guid":{"rendered":"https:\/\/fengchashop.com\/sk\/product\/omega-3-mastne-kyseliny-v-kapsuliach-180-kapsul\/"},"modified":"2026-04-18T21:22:33","modified_gmt":"2026-04-18T19:22:33","slug":"omega-3-mastne-kyseliny-v-kapsuliach","status":"publish","type":"product","link":"https:\/\/fengchashop.com\/sk\/product\/omega-3-mastne-kyseliny-v-kapsuliach\/","title":{"rendered":"Omega 3 mastn\u00e9 kyseliny v kapsuliach 180 kaps\u00fal"},"content":{"rendered":"<h2><span style=\"color: #000000\">Omega-3 mastn\u00e9 kyseliny<\/span><\/h2>\n<p><span style=\"color: #000000\">Omega-3 mastn\u00e9 kyseliny s\u00fa pre \u010dloveka<strong> nevyhnutn\u00e9<\/strong>, ale telo si ich nedok\u00e1\u017ee samo vyrobi\u0165. Ke\u010f\u017ee s\u00fa nevyhnutn\u00e9 pre<strong> spr\u00e1vne fungovanie viacer\u00fdch procesov v tele<\/strong>, musia sa prij\u00edma\u0165 v strave bohatej na tieto cenn\u00e9 tuky. Ak v\u0161ak strava neposkytuje dostatok omega-3 mastn\u00fdch kysel\u00edn, jedn\u00fdm z naj\u00fa\u010dinnej\u0161\u00edch a najjednoduch\u0161\u00edch sp\u00f4sobov je u\u017e\u00edvanie v\u00fd\u017eivov\u00e9ho doplnku. Mali by sme si uvedomi\u0165, \u017ee na trhu je obrovsk\u00e1 ponuka doplnkov, ale nie ka\u017ed\u00fd doplnok s ryb\u00edm tukom (alebo z rastlinn\u00fdch zdrojov) je dostato\u010dne dobr\u00fd. Opatrn\u00ed mus\u00edme by\u0165 najm\u00e4 vtedy, ak m\u00e1me v \u00famysle u\u017e\u00edva\u0165 doplnok stravy dlhodobo. Ne\u010distoty a zbyto\u010dn\u00e9, dokonca \u0161kodliv\u00e9 pr\u00eddavn\u00e9 l\u00e1tky m\u00f4\u017eu narobi\u0165 viac \u0161kody ako \u00fa\u017eitku.<\/span><\/p>\n<p><span style=\"color: #000000\">Na\u0161e kapsuly s omega-3 mastn\u00fdmi kyselinami <strong>s\u00fa vyroben\u00e9 z naj\u010distej\u0161ieho rybieho oleja.<\/strong> Z vo\u013ene \u017eij\u00facich r\u00fdb, spr\u00e1vne spracovan\u00fd a zachyten\u00fd v m\u00e4kk\u00fdch g\u00e9lov\u00fdch kapsul\u00e1ch, ktor\u00e9 s\u00fa men\u0161\u00edch rozmerov, ale z\u00e1rove\u0148 tvarovan\u00e9 pre \u013eah\u0161ie preh\u013atanie. S\u00fa vynikaj\u00facim potravinov\u00fdm doplnkom vyroben\u00fdm z t\u00fdch najkvalitnej\u0161\u00edch surov\u00edn. <strong>Nesp\u00f4sobuj\u00fa plynatos\u0165 a nemaj\u00fa ru\u0161iv\u00fa rybiu chu\u0165.<\/strong><\/span><\/p>\n<h2><span style=\"color: #000000\">Ak\u00e9 s\u00fa v\u00fdhody u\u017e\u00edvania omega-3 mastn\u00fdch kysel\u00edn?<\/span><\/h2>\n<p><span style=\"color: #000000\">Omega-3 mastn\u00e9 kyseliny zohr\u00e1vaj\u00fa v na\u0161om tele minim\u00e1lne dve d\u00f4le\u017eit\u00e9 \u00falohy. V\u00fdskum uk\u00e1zal, \u017ee ovplyv\u0148uj\u00fa<strong> spr\u00e1vne fungovanie kardiovaskul\u00e1rneho syst\u00e9mu<\/strong> a <strong>zni\u017euj\u00fa z\u00e1pal<\/strong>. Ak teda zhrnieme niektor\u00e9 \u00fa\u010dinky konzum\u00e1cie omega-3 mastn\u00fdch kysel\u00edn, m\u00f4\u017eeme vidie\u0165, \u017ee:<\/span><\/p>\n<p><span style=\"color: #000000\">\ud83d\udc9a Prispievaj\u00fa k <em>norm\u00e1lnemu fungovaniu srdca a kardiovaskul\u00e1rneho syst\u00e9mu<\/em> vr\u00e1tane regul\u00e1cie srdcov\u00e9ho rytmu a pom\u00e1haj\u00fa<strong> kontrolova\u0165 krvn\u00fd tlak a cholesterol.<\/strong><\/span><br \/>\n<span style=\"color: #000000\">\ud83d\udc9a Prispievaj\u00fa k <strong>udr\u017eaniu norm\u00e1lneho zraku.<\/strong><\/span><br \/>\n<span style=\"color: #000000\">\ud83d\udc9a Prispievaj\u00fa k<strong> udr\u017eaniu norm\u00e1lnej funkcie mozgu<\/strong> vr\u00e1tane funkcie pam\u00e4te a regul\u00e1cie n\u00e1lady a emocion\u00e1lnej rovnov\u00e1hy.<\/span><br \/>\n<span style=\"color: #000000\">\ud83d\udc9a Prispievaj\u00fa k udr\u017eaniu<strong> norm\u00e1lnej hladiny triglyceridov v krvi.<\/strong><\/span><br \/>\n<span style=\"color: #000000\">\ud83d\udc9a Podporuj\u00fa <strong>spr\u00e1vne fungovanie imunitn\u00e9ho syst\u00e9mu.<\/strong><\/span><br \/>\n<span style=\"color: #000000\">\ud83d\udc9a Reguluj\u00fa n\u00e1ladu a kognit\u00edvne (behavior\u00e1lne) funkcie.<\/span><br \/>\n<span style=\"color: #000000\">\ud83d\udc9a S\u00fa mimoriadne<strong> d\u00f4le\u017eit\u00e9 pre zdrav\u00e9 tehotenstvo a zdrav\u00fd v\u00fdvoj nenaroden\u00e9ho a doj\u010den\u00e9ho die\u0165a\u0165a.<\/strong> Podporuj\u00fa silnej\u0161ie intelektu\u00e1lne, motorick\u00e9 a zrakov\u00e9 schopnosti \ud83d\udc9a die\u0165a\u0165a, zlep\u0161uj\u00fa pam\u00e4\u0165 a pozornos\u0165 a zabra\u0148uj\u00fa poruch\u00e1m spr\u00e1vania a vzniku potravinov\u00fdch alergi\u00ed.<\/span><br \/>\n<span style=\"color: #000000\">\ud83d\udc9a <strong>Pom\u00f4c\u0165 zlep\u0161i\u0165 pr\u00edznaky autoimunitn\u00fdch ochoren\u00ed<\/strong> a ADHD u det\u00ed.<\/span><br \/>\n<span style=\"color: #000000\">\ud83d\udc9a Prirodzene hydratuj\u00fa na\u0161u poko\u017eku a vlasy a dod\u00e1vaj\u00fa im zdrav\u00fd vzh\u013ead.<\/span><br \/>\n<span style=\"color: #000000\">\ud83d\udc9a <strong>Zmier\u0148uj\u00fa z\u00e1paly;<\/strong> zmier\u0148uj\u00fa aj ko\u017en\u00e9 probl\u00e9my, ako s\u00fa ekz\u00e9my, akn\u00e9, rosacea a psori\u00e1za.<\/span><br \/>\n<span style=\"color: #000000\"> <strong>\ud83d\udc9a Umo\u017e\u0148uj\u00fa r\u00fdchlej\u0161iu regener\u00e1ciu svalov<\/strong> po n\u00e1ro\u010dnom \u0161portovom tr\u00e9ningu alebo in\u00fdch fyzick\u00fdch aktivit\u00e1ch; zabra\u0148uj\u00fa tie\u017e \u00fabytku svalovej hmoty a z\u00e1rove\u0148 zvy\u0161uj\u00fa \u00fabytok tukov\u00fdch z\u00e1sob.<\/span><\/p>\n<h2><span style=\"color: #000000\">Pre\u010do si vybra\u0165 na\u0161e Omega 3 kapsuly?<\/span><\/h2>\n<p><span style=\"color: #000000\">Konzum\u00e1cia omega 3 mastn\u00fdch kysel\u00edn je sama o sebe dobrou invest\u00edciou pre na\u0161e fyzick\u00e9 a du\u0161evn\u00e9 zdravie. V\u00fdberom \u010dist\u00e9ho a \u010do najprirodzenej\u0161ieho doplnku, ako je ten n\u00e1\u0161, v\u0161ak m\u00f4\u017eeme vyu\u017ei\u0165 aj \u010fal\u0161ie v\u00fdhody, ako napr:<\/span><\/p>\n<p><span style=\"color: #000000\">\ud83d\udc9a Doplnok stravy <strong>nie je vyroben\u00fd zahusten\u00edm rybieho oleja<\/strong> a pridan\u00edm umel\u00fdch pr\u00edsad. N\u00e1\u0161 doplnok stravy je minim\u00e1lne spracovan\u00fd, ove\u013ea prirodzenej\u0161\u00ed a na\u0161e telo \u013eah\u0161ie vyu\u017e\u00edva jeho v\u00fdhody.<\/span><br \/>\n<span style=\"color: #000000\">\ud83d\udc9a <strong>S\u00fa to kapsule bez typickej chuti a v\u00f4ne<\/strong>. A nesp\u00f4sobia n\u00e1m pocit na omdletie.<\/span><br \/>\n<span style=\"color: #000000\">\ud83d\udc9a Men\u0161ie<strong>softg\u00e9lov\u00e9 kapsuly<\/strong> u\u013eah\u010duj\u00fa preh\u013atanie.<\/span><br \/>\n<span style=\"color: #000000\">\ud83d\udc9a Obsahuj\u00fa minim\u00e1lne <strong>90 % pr\u00edrodn\u00fdch triglyceridov<\/strong>, bez etylesterov, ktor\u00e9 sa inak pou\u017e\u00edvaj\u00fa pri v\u00fdrobe koncentrovan\u00e9ho rybieho oleja &#8211; aby sa zabezpe\u010dili vy\u0161\u0161ie hladiny DHA \ud83d\udc9a a EPA ako v be\u017enom rybom oleji. Tak\u00fdto doplnok stravy je umelo vylep\u0161en\u00fd, a preto je \u0165a\u017e\u0161ie str\u00e1vite\u013en\u00fd, menej prirodzen\u00fd a pri dlhodobom u\u017e\u00edvan\u00ed m\u00f4\u017ee by\u0165 pre organizmus dokonca za\u0165a\u017euj\u00faci.<\/span><br \/>\n<span style=\"color: #000000\">\ud83d\udc9a Olej je extra<strong> \u010dist\u00fd<\/strong>, vyroben\u00fd \u0161peci\u00e1lnym procesom filtr\u00e1cie, destil\u00e1cie a rafin\u00e1cie.<\/span><br \/>\n<span style=\"color: #000000\">\ud83d\udc9a Obsahuje minim\u00e1lne<strong> 65 % kyseliny dokosahexaenovej (DHA) a kyseliny eikosapentaenovej (EPA<\/strong>).<\/span><br \/>\n<span style=\"color: #000000\">\ud83d\udc9a Pre lep\u0161iu trvanlivos\u0165 je do v\u00fdrobku pridan\u00fd pr\u00edrodn\u00fd antioxidant vo forme tokoferolu (vitam\u00edn E).<\/span><br \/>\n<span style=\"color: #000000\">\ud83d\udc9a Okrem toho s\u00fa ryby loven\u00e9 v s\u00falade so z\u00e1sadami udr\u017eate\u013en\u00e9ho rybolovu. <\/span><\/p>\n<p><span style=\"color: #000000\">Balenie ka\u017ed\u00e9ho dod\u00e1vate\u013ea je tie\u017e ozna\u010den\u00e9 \u010d\u00edslom sledovate\u013enosti. Zaru\u010den\u00fd je aj st\u00e1ly pr\u00edsun olejov najvy\u0161\u0161ej kvality. Tie s\u00fa trvalo \u010dist\u00e9, bezpe\u010dn\u00e9 a bezprobl\u00e9mov\u00e9. Z\u00e1v\u00e4zok k \u010distote, kvalite a inov\u00e1ci\u00e1m v\u00fdrobkov zaru\u010duje, \u017ee v\u00fdrobky sp\u013a\u0148aj\u00fa najvy\u0161\u0161ie priemyseln\u00e9 normy bezpe\u010dnosti, vysledovate\u013enosti a udr\u017eate\u013enosti. Minim\u00e1lne limity \u0161pecifik\u00e1cie zabezpe\u010duj\u00fa, \u017ee v\u00fdrobky sp\u013a\u0148aj\u00fa alebo prekra\u010duj\u00fa v\u0161etky zn\u00e1me svetov\u00e9 normy \u010distoty. Bezpodmiene\u010dne garantujeme konzistenciu, bezpe\u010dnos\u0165 a \u010distotu ka\u017ed\u00e9ho v\u00fdrobku.<\/span><\/p>\n<h2><span style=\"color: #000000\">Skladovanie a upozornenia<\/span><\/h2>\n<p><span style=\"color: #000000\">Skladujte na chladnom a suchom mieste pri teplote do 25 \u00b0C. V\u00fd\u017eivov\u00fd doplnok uchov\u00e1vajte mimo dosahu det\u00ed!<\/span><\/p>\n<p><span style=\"color: #000000\">Pam\u00e4tajte na d\u00f4le\u017eitos\u0165 pestrej stravy a zdrav\u00e9ho \u017eivotn\u00e9ho \u0161t\u00fdlu, doplnok stravy preto nenahr\u00e1dza vyv\u00e1\u017een\u00fa a pestr\u00fa stravu. Odpor\u00fa\u010dan\u00e9 denn\u00e9 mno\u017estvo alebo d\u00e1vka by sa nemali prekra\u010dova\u0165.<\/span><\/p>\n<h2><span style=\"color: #000000\">Balenie<\/span><\/h2>\n<p><span style=\"color: #000000\">Nepriepustn\u00e9 vrecko na zips, v ktorom si v\u00fdrobok zachov\u00e1 v\u0161etku svoju \u010derstvos\u0165 a ar\u00f3mu. Obal chr\u00e1ni v\u00fdrobok pred svetlom a vzduchom, preto\u017ee je zlo\u017een\u00fd z nieko\u013ek\u00fdch ochrann\u00fdch vrstiev, ktor\u00e9 zachov\u00e1vaj\u00fa vlastnosti obsahu.<\/span><\/p>\n<p><span style=\"color: #000000\">Obal je ve\u013emi praktick\u00fd a recyklovate\u013en\u00fd.<\/span><\/p>\n<h2><span style=\"color: #000000\">P\u00f4vod<\/span><\/h2>\n<p><span style=\"color: #000000\">N\u00f3rsko<\/span><\/p>\n","protected":false},"excerpt":{"rendered":"<p>Omega-3 mastn\u00e9 kyseliny zohr\u00e1vaj\u00fa v na\u0161om tele minim\u00e1lne dve d\u00f4le\u017eit\u00e9 \u00falohy. V\u00fdskum uk\u00e1zal, \u017ee ovplyv\u0148uj\u00fa spr\u00e1vne fungovanie kardiovaskul\u00e1rneho syst\u00e9mu a zni\u017euj\u00fa z\u00e1pal. Omega-3 mastn\u00e9 kyseliny:<\/p>\n<p>\ud83d\udc9a prispievaj\u00fa k norm\u00e1lnemu fungovaniu srdca a kardiovaskul\u00e1rneho syst\u00e9mu vr\u00e1tane regul\u00e1cie srdcov\u00e9ho tepu a pom\u00e1haj\u00fa regulova\u0165 krvn\u00fd tlak a cholesterol,<br \/>\n\ud83d\udc9a prispievaj\u00fa k udr\u017eaniu norm\u00e1lnej funkcie mozgu vr\u00e1tane funkcie pam\u00e4te a regul\u00e1cie n\u00e1lady a emocion\u00e1lnej rovnov\u00e1hy,<br \/>\n\ud83d\udc9a prispievaj\u00fa k udr\u017eaniu norm\u00e1lnej hladiny triglyceridov v krvi,<br \/>\n\ud83d\udc9a podporuj\u00fa spr\u00e1vne fungovanie imunitn\u00e9ho syst\u00e9mu,<br \/>\n\ud83d\udc9a zni\u017euj\u00fa z\u00e1pal.<\/p>\n","protected":false},"featured_media":6047,"comment_status":"open","ping_status":"closed","template":"","meta":{"_acf_changed":false},"product_brand":[],"product_cat":[15,203,224,225],"product_tag":[],"class_list":{"0":"post-6046","1":"product","2":"type-product","3":"status-publish","4":"has-post-thumbnail","6":"product_cat-uncategorized","7":"product_cat-mineraly-vitaminy","8":"product_cat-ponuka","9":"product_cat-vsetky-produkty","11":"first","12":"instock","13":"taxable","14":"shipping-taxable","15":"purchasable","16":"product-type-simple"},"acf":[],"_links":{"self":[{"href":"https:\/\/fengchashop.com\/sk\/wp-json\/wp\/v2\/product\/6046","targetHints":{"allow":["GET"]}}],"collection":[{"href":"https:\/\/fengchashop.com\/sk\/wp-json\/wp\/v2\/product"}],"about":[{"href":"https:\/\/fengchashop.com\/sk\/wp-json\/wp\/v2\/types\/product"}],"replies":[{"embeddable":true,"href":"https:\/\/fengchashop.com\/sk\/wp-json\/wp\/v2\/comments?post=6046"}],"wp:featuredmedia":[{"embeddable":true,"href":"https:\/\/fengchashop.com\/sk\/wp-json\/wp\/v2\/media\/6047"}],"wp:attachment":[{"href":"https:\/\/fengchashop.com\/sk\/wp-json\/wp\/v2\/media?parent=6046"}],"wp:term":[{"taxonomy":"product_brand","embeddable":true,"href":"https:\/\/fengchashop.com\/sk\/wp-json\/wp\/v2\/product_brand?post=6046"},{"taxonomy":"product_cat","embeddable":true,"href":"https:\/\/fengchashop.com\/sk\/wp-json\/wp\/v2\/product_cat?post=6046"},{"taxonomy":"product_tag","embeddable":true,"href":"https:\/\/fengchashop.com\/sk\/wp-json\/wp\/v2\/product_tag?post=6046"}],"curies":[{"name":"wp","href":"https:\/\/api.w.org\/{rel}","templated":true}]}}