{"id":6044,"date":"2022-03-11T17:52:40","date_gmt":"2022-03-11T16:52:40","guid":{"rendered":"https:\/\/fengchashop.com\/sk\/product\/vitamin-c-v-prahu-500-g\/"},"modified":"2026-04-18T00:21:04","modified_gmt":"2026-04-17T22:21:04","slug":"vitamin-c-v-prasku","status":"publish","type":"product","link":"https:\/\/fengchashop.com\/sk\/product\/vitamin-c-v-prasku\/","title":{"rendered":"Vitam\u00edn C v pr\u00e1\u0161ku 500 g"},"content":{"rendered":"<h2><span style=\"color: #000000\">Vitam\u00edn C v pr\u00e1\u0161ku<\/span><\/h2>\n<p><span style=\"color: #000000\">Vitam\u00edn C alebo chemick\u00e1 kyselina askorbov\u00e1 je pre \u010dloveka nevyhnutn\u00fdm vitam\u00ednom, \u010do znamen\u00e1, \u017ee je absol\u00fatne nevyhnutn\u00fd pre spr\u00e1vne fungovanie n\u00e1\u0161ho tela, no na\u0161e telo si ho vie iba syntetizova\u0165 alebo vyrobi\u0165, preto je mimoriadne d\u00f4le\u017eit\u00e9 konzumova\u0165 ho spolu s jedlom. . Vitam\u00edn C je pr\u00edtomn\u00fd vo v\u00e4\u010d\u0161ine ovocia a zeleniny, tak\u017ee ten, kto pravidelne konzumuje aspo\u0148 5 jednotiek ovocia a\/alebo zeleniny denne, sa do tela dostane v dostato\u010dnom mno\u017estve. Niekedy m\u00e1 v\u0161ak zmysel prida\u0165 aj tento mimoriadne d\u00f4le\u017eit\u00fd vitam\u00edn, ktor\u00fd je zodpovedn\u00fd za mnoh\u00e9 procesy v na\u0161om tele, ke\u010f\u017ee je to aj antioxidant, ktor\u00fd chr\u00e1ni na\u0161e bunky pred oxida\u010dn\u00fdm stresom, ktor\u00fd je naj\u010dastej\u0161ie vidie\u0165 na na\u0161ej poko\u017eke. Nedostatok vitam\u00ednu C m\u00f4\u017ee vies\u0165 k starnutiu poko\u017eky a tvorbe vr\u00e1sok, preto\u017ee vitam\u00edn C je do zna\u010dnej miery zodpovedn\u00fd za tvorbu kolag\u00e9nu, a tak hr\u00e1 d\u00f4le\u017eit\u00fa \u00falohu pri norm\u00e1lnom fungovan\u00ed poko\u017eky, kost\u00ed a ciev. . V ka\u017edom pr\u00edpade m\u00e1 dobr\u00fd vplyv aj na n\u00e1\u0161 imunitn\u00fd syst\u00e9m, prevent\u00edvnou konzum\u00e1ciou m\u00f4\u017eeme pred\u00eds\u0165 alebo ur\u00fdchli\u0165 zotavenie zo sez\u00f3nnych prechladnut\u00ed a v\u00edrusov\u00fdch infekci\u00ed d\u00fdchac\u00edch ciest.<\/span><\/p>\n<p><span style=\"color: #000000\">Ovocie a zelenina na na\u0161ich tanieroch s\u00fa \u010doraz viac ochudobnen\u00e9 o vitam\u00edny v d\u00f4sledku sp\u00f4sobu pestovania, prepravy a \u010dasu od zberu po konzum\u00e1ciu. Nedostatok vitam\u00ednu C sa m\u00f4\u017ee prejavi\u0165 ako celkov\u00e1 fyzick\u00e1 a psychick\u00e1 \u00fanava, hor\u0161ie hojenie r\u00e1n, krv\u00e1canie, pomal\u0161ie zotavovanie sa z choroby, oslaben\u00fd imunitn\u00fd syst\u00e9m a pod. Vtedy je dobr\u00e9 zabezpe\u010di\u0165 telu zv\u00fd\u0161en\u00fd pr\u00edjem vitam\u00ednov pomocou doplnkov v\u00fd\u017eivy. Ove\u013ea viac vitam\u00ednu C potrebuj\u00fa vo v\u0161eobecnosti faj\u010diari, manu\u00e1lne pracuj\u00faci a \u0161portovci, ako aj tehotn\u00e9 a doj\u010diace matky, ktor\u00e9 by sa mali u\u017e\u00edvanie v\u00fd\u017eivov\u00fdch doplnkov v\u017edy poradi\u0165 s lek\u00e1rom.<\/span><\/p>\n<p><span style=\"color: #000000\">Na\u0161e telo si vitam\u00edn C neuklad\u00e1 do z\u00e1soby, preto je bezpodmiene\u010dne nutn\u00e9 denne konzumova\u0165 ovocie a zeleninu a v pr\u00edpade potreby prida\u0165 doplnky stravy s kyselinou L-askorbovou.<\/span><\/p>\n<h2><span style=\"color: #000000\">Pre\u010do si vybra\u0165 vitam\u00edn C vo forme pr\u00e1\u0161ku kyseliny L-askorbovej?<\/span><\/h2>\n<p><span style=\"color: #000000\">Na\u0161a \u010dist\u00e1 kyselina L-askorbov\u00e1 je v skuto\u010dnosti pr\u00edrodnou formou vitam\u00ednu C, ktor\u00fd m\u00f4\u017ee by\u0165 prirodzene sa vyskytuj\u00faci alebo syntetick\u00fd, ale tieto dve formy s\u00fa si nato\u013eko podobn\u00e9 \u2013 \u0161trukt\u00farou a \u00fa\u010dinnos\u0165ou \u2013, \u017ee struk ich prirovn\u00e1va (\u010do nie je pr\u00edpad syntetick\u00e9ho D &#8211; kyselina askorbov\u00e1, ktor\u00fa si telo nevie syntetizova\u0165, a preto sa nepou\u017e\u00edva v potravinov\u00fdch doplnkoch).<\/span><\/p>\n<p><span style=\"color: #000000\">U\u017e\u00edvanie kyseliny L-askorbovej alebo vitam\u00ednu C tak pom\u00f4\u017ee (nasledovn\u00e9 v\u00fdhody vitam\u00ednu C boli schv\u00e1len\u00e9 aj EFSA alebo Eur\u00f3pskou agent\u00farou pre bezpe\u010dnos\u0165 potrav\u00edn):<\/span><\/p>\n<p><span style=\"color: #000000\">\ud83d\udc9a k lep\u0161iemu vstreb\u00e1vaniu \u017eeleza, ktor\u00e9 je pre dobr\u00fa krv absol\u00fatne nevyhnutn\u00e9;<\/span><br \/>\n<span style=\"color: #000000\">\ud83d\udc9a na zlep\u0161enie tvorby kolag\u00e9nu a t\u00fdm aj norm\u00e1lneho fungovania kost\u00ed, ko\u017ee, zubov, \u017e\u00edl, chrupaviek a \u010fasien;<\/span><br \/>\n<span style=\"color: #000000\">\ud83d\udc9a k norm\u00e1lnemu fungovaniu psychiky;<\/span><br \/>\n<span style=\"color: #000000\">\ud83d\udc9a chr\u00e1ni\u0165 bunky pred oxida\u010dn\u00fdm stresom;<\/span><br \/>\n<span style=\"color: #000000\">\ud83d\udc9a lep\u0161ie fungovanie imunitn\u00e9ho syst\u00e9mu;<\/span><br \/>\n<span style=\"color: #000000\">\ud83d\udc9a na zn\u00ed\u017eenie \u00fanavy a vy\u010derpania at\u010f.<\/span><\/p>\n<p><span style=\"color: #000000\">V\u00fd\u017eivov\u00fd doplnok v pr\u00e1\u0161ku je praktick\u00fd aj na pou\u017eitie a pripraven\u00fd n\u00e1poj je chutn\u00fd a osvie\u017euj\u00faci.<\/span><\/p>\n<h2><span style=\"color: #000000\">Ukladanie a varovania<\/span><\/h2>\n<p><span style=\"color: #000000\">Skladujte na chladnom a suchom mieste pri teplote do 25 \u00b0C. Doplnok stravy uchov\u00e1vajte mimo dosahu det\u00ed!<\/span><\/p>\n<p><span style=\"color: #000000\">Nezab\u00fadajte na d\u00f4le\u017eitos\u0165 pestrej stravy a zdrav\u00e9ho \u017eivotn\u00e9ho \u0161t\u00fdlu, doplnok stravy preto nenahr\u00e1dza vyv\u00e1\u017een\u00fa a pestr\u00fa stravu. Odpor\u00fa\u010dan\u00e9 denn\u00e9 mno\u017estvo alebo d\u00e1vka by sa nemali prekro\u010di\u0165. Tehotn\u00fdm a doj\u010diacim \u017een\u00e1m sa v\u017edy odpor\u00fa\u010da, aby sa pred pou\u017eit\u00edm poradili s lek\u00e1rom.<span style=\"font-size: 16px\"> Nevhodn\u00e9 pre deti do 14 rokov.<\/span><\/span><\/p>\n<h2><span style=\"color: #000000\">Balenie<\/span><\/h2>\n<p><span style=\"color: #000000\">Nepriepustn\u00e9 vrecko na zips, v ktorom si v\u00fdrobok zachov\u00e1 v\u0161etku svoju \u010derstvos\u0165 a v\u00f4\u0148u. Obal chr\u00e1ni v\u00fdrobok pred svetlom a vzduchom, preto\u017ee sa sklad\u00e1 z nieko\u013ek\u00fdch ochrann\u00fdch vrstiev, ktor\u00e9 zachov\u00e1vaj\u00fa vlastnosti obsahu.<\/span><\/p>\n<p><span style=\"color: #000000\">Obal je ve\u013emi praktick\u00fd a recyklovate\u013en\u00fd.<\/span><\/p>\n<h2><span style=\"color: #000000\">P\u00f4vod<\/span><\/h2>\n<p><span style=\"color: #000000\">\u010c\u00edna.<\/span><\/p>\n<p><span style=\"color: #000000\">M\u00e1me ve\u013emi spo\u013eahliv\u00fdch dod\u00e1vate\u013eov, ktor\u00ed n\u00e1m ku ka\u017edej \u0161ar\u017ei posielaj\u00fa podrobn\u00fd chemick\u00fd rozbor potrav\u00edn. Za viac ako desa\u0165 rokov sme nemali \u017eiadne s\u0165ahovanie ani in\u00e9 probl\u00e9my s touto polo\u017ekou, ani s in\u00fdmi polo\u017ekami od rovnak\u00e9ho dod\u00e1vate\u013ea.<\/span><\/p>\n","protected":false},"excerpt":{"rendered":"<p>U\u017e\u00edvanie kyseliny L-askorbovej alebo vitam\u00ednu C tak pom\u00f4\u017ee (nasledovn\u00e9 v\u00fdhody vitam\u00ednu C boli schv\u00e1len\u00e9 aj EFSA alebo Eur\u00f3pskou agent\u00farou pre bezpe\u010dnos\u0165 potrav\u00edn):<\/p>\n<p>\ud83d\udc9a k lep\u0161iemu vstreb\u00e1vaniu \u017eeleza, ktor\u00e9 je absol\u00fatne nevyhnutn\u00e9 pre dobr\u00fa krv,<br \/>\n\ud83d\udc9a k zlep\u0161eniu tvorby kolag\u00e9nu a t\u00fdm k norm\u00e1lnej funkcii kost\u00ed, ko\u017ee, zubov, \u017e\u00edl, chrupaviek a \u010fasien,<br \/>\n\ud83d\udc9a k norm\u00e1lnemu fungovaniu psychiky,<br \/>\n\ud83d\udc9a na ochranu buniek pred oxida\u010dn\u00fdm stresom,<br \/>\n\ud83d\udc9a lep\u0161ie fungovanie imunitn\u00e9ho syst\u00e9mu,<br \/>\n\ud83d\udc9a na zn\u00ed\u017eenie \u00fanavy a vy\u010derpania.<\/p>\n","protected":false},"featured_media":6045,"comment_status":"open","ping_status":"closed","template":"","meta":{"_acf_changed":false},"product_brand":[],"product_cat":[15,203,224,225],"product_tag":[],"class_list":{"0":"post-6044","1":"product","2":"type-product","3":"status-publish","4":"has-post-thumbnail","6":"product_cat-uncategorized","7":"product_cat-mineraly-vitaminy","8":"product_cat-ponuka","9":"product_cat-vsetky-produkty","11":"first","12":"instock","13":"taxable","14":"shipping-taxable","15":"purchasable","16":"product-type-simple"},"acf":[],"_links":{"self":[{"href":"https:\/\/fengchashop.com\/sk\/wp-json\/wp\/v2\/product\/6044","targetHints":{"allow":["GET"]}}],"collection":[{"href":"https:\/\/fengchashop.com\/sk\/wp-json\/wp\/v2\/product"}],"about":[{"href":"https:\/\/fengchashop.com\/sk\/wp-json\/wp\/v2\/types\/product"}],"replies":[{"embeddable":true,"href":"https:\/\/fengchashop.com\/sk\/wp-json\/wp\/v2\/comments?post=6044"}],"wp:featuredmedia":[{"embeddable":true,"href":"https:\/\/fengchashop.com\/sk\/wp-json\/wp\/v2\/media\/6045"}],"wp:attachment":[{"href":"https:\/\/fengchashop.com\/sk\/wp-json\/wp\/v2\/media?parent=6044"}],"wp:term":[{"taxonomy":"product_brand","embeddable":true,"href":"https:\/\/fengchashop.com\/sk\/wp-json\/wp\/v2\/product_brand?post=6044"},{"taxonomy":"product_cat","embeddable":true,"href":"https:\/\/fengchashop.com\/sk\/wp-json\/wp\/v2\/product_cat?post=6044"},{"taxonomy":"product_tag","embeddable":true,"href":"https:\/\/fengchashop.com\/sk\/wp-json\/wp\/v2\/product_tag?post=6044"}],"curies":[{"name":"wp","href":"https:\/\/api.w.org\/{rel}","templated":true}]}}